{"id":9533,"date":"2026-05-07T04:01:28","date_gmt":"2026-05-07T04:01:28","guid":{"rendered":"http:\/\/kangmaiaxle.com\/?post_type=product&#038;p=9533"},"modified":"2026-05-07T05:36:43","modified_gmt":"2026-05-07T05:36:43","slug":"bogie-suspension-series","status":"publish","type":"product","link":"https:\/\/kangmaiaxle.com\/fr\/produit\/serie-de-suspension-de-bogies\/","title":{"rendered":"S\u00e9rie Suspension Bogie"},"content":{"rendered":"<p>La s\u00e9rie de suspension Bogie est un syst\u00e8me de suspension pour charges lourdes largement utilis\u00e9 dans les semi-remorques, les v\u00e9hicules de transport minier, les transporteurs d'\u00e9quipements techniques et les applications de transport de charges ultra-lourdes. Dot\u00e9 d'une structure de poutre d'\u00e9galisation \u00e0 plusieurs essieux, ce syst\u00e8me r\u00e9partit la charge uniform\u00e9ment entre les essieux, ce qui am\u00e9liore consid\u00e9rablement la stabilit\u00e9, la durabilit\u00e9 et les performances tout-terrain.<\/p>\n<p><img alt=\"\" fetchpriority=\"high\" decoding=\"async\" class=\"size-full wp-image-9540 aligncenter\" src=\"http:\/\/kangmaiaxle.com\/wp-content\/uploads\/2026\/05\/4-3.png\" width=\"649\" height=\"217\" srcset=\"https:\/\/kangmaiaxle.com\/wp-content\/uploads\/2026\/05\/4-3.png 649w, https:\/\/kangmaiaxle.com\/wp-content\/uploads\/2026\/05\/4-3-300x100.png 300w, https:\/\/kangmaiaxle.com\/wp-content\/uploads\/2026\/05\/4-3-18x6.png 18w, https:\/\/kangmaiaxle.com\/wp-content\/uploads\/2026\/05\/4-3-600x201.png 600w\" sizes=\"(max-width: 649px) 100vw, 649px\" \/><\/p>\n<div id='gallery-1' class='gallery galleryid-9533 gallery-columns-2 gallery-size-full'><figure class='gallery-item'>\n\t\t\t<div class='gallery-icon landscape'>\n\t\t\t\t<a href='https:\/\/kangmaiaxle.com\/fr\/?attachment_id=9538'><img decoding=\"async\" width=\"507\" height=\"436\" src=\"https:\/\/kangmaiaxle.com\/wp-content\/uploads\/2026\/05\/1-4.png\" class=\"attachment-full size-full\" alt=\"\" srcset=\"https:\/\/kangmaiaxle.com\/wp-content\/uploads\/2026\/05\/1-4.png 507w, https:\/\/kangmaiaxle.com\/wp-content\/uploads\/2026\/05\/1-4-300x258.png 300w, https:\/\/kangmaiaxle.com\/wp-content\/uploads\/2026\/05\/1-4-14x12.png 14w\" sizes=\"(max-width: 507px) 100vw, 507px\" \/><\/a>\n\t\t\t<\/div><\/figure><figure class='gallery-item'>\n\t\t\t<div class='gallery-icon landscape'>\n\t\t\t\t<a href='https:\/\/kangmaiaxle.com\/fr\/?attachment_id=9539'><img decoding=\"async\" width=\"535\" height=\"435\" src=\"https:\/\/kangmaiaxle.com\/wp-content\/uploads\/2026\/05\/2-2.png\" class=\"attachment-full size-full\" alt=\"\" srcset=\"https:\/\/kangmaiaxle.com\/wp-content\/uploads\/2026\/05\/2-2.png 535w, https:\/\/kangmaiaxle.com\/wp-content\/uploads\/2026\/05\/2-2-300x244.png 300w, https:\/\/kangmaiaxle.com\/wp-content\/uploads\/2026\/05\/2-2-15x12.png 15w\" sizes=\"(max-width: 535px) 100vw, 535px\" \/><\/a>\n\t\t\t<\/div><\/figure>\n\t\t<\/div>\n\n<div class=\"table-wrap\">\n<table>\n<tbody>\n<tr>\n<td width=\"82\">Mod\u00e8le<\/td>\n<td width=\"81\">Charge nominale<\/td>\n<td width=\"82\">Sp\u00e9cifications des ressorts \u00e0 lames<\/td>\n<td width=\"86\">Entraxe des ressorts \u00e0 lames<\/td>\n<td width=\"82\">empattement<\/td>\n<td width=\"81\">Empattement<\/td>\n<td width=\"88\">Diam\u00e8tre du cercle de distribution<\/td>\n<td width=\"84\">Anneau d'arr\u00eat en acier<\/td>\n<\/tr>\n<tr>\n<td width=\"82\">ZYQA24<\/td>\n<td width=\"81\">24000<\/td>\n<td width=\"82\">90*18<\/td>\n<td width=\"86\">905<\/td>\n<td width=\"82\">1400<\/td>\n<td width=\"81\">1840<\/td>\n<td width=\"88\">335<\/td>\n<td width=\"84\">\u03c6280.8<\/td>\n<\/tr>\n<tr>\n<td width=\"82\">ZYQA28<\/td>\n<td width=\"81\">28000<\/td>\n<td width=\"82\">120*18<\/td>\n<td width=\"86\">900<\/td>\n<td width=\"82\">1550<\/td>\n<td width=\"81\">1850<\/td>\n<td width=\"88\">335<\/td>\n<td width=\"84\">\u03c6280.8<\/td>\n<\/tr>\n<tr>\n<td width=\"82\">ZYQA32<\/td>\n<td width=\"81\">32000<\/td>\n<td width=\"82\">120*17<\/td>\n<td width=\"86\">900<\/td>\n<td width=\"82\">1550<\/td>\n<td width=\"81\">1850<\/td>\n<td width=\"88\">335<\/td>\n<td width=\"84\">\u03c6280.8<\/td>\n<\/tr>\n<\/tbody>\n<\/table>\n<\/div>\n<h3 data-section-id=\"erbofp\" data-start=\"1203\" data-end=\"1225\">Avantages du produit<\/h3>\n<h4 data-start=\"1227\" data-end=\"1256\">1. Capacit\u00e9 de charge extr\u00eame<\/h4>\n<p data-start=\"1257\" data-end=\"1353\">Con\u00e7u pour le transport ultra-lourd tel que l'\u00e9quipement minier et les cargaisons industrielles surdimensionn\u00e9es.<\/p>\n<h4 data-start=\"1355\" data-end=\"1392\">2. Adaptation sup\u00e9rieure au terrain<\/h4>\n<p data-start=\"1393\" data-end=\"1476\">Excellente performance sur les routes accident\u00e9es, les chantiers de construction et les environnements hors route.<\/p>\n<h4 data-start=\"1478\" data-end=\"1512\">3. R\u00e9partition \u00e9quilibr\u00e9e de la charge<\/h4>\n<p data-start=\"1513\" data-end=\"1599\">Le syst\u00e8me Equalizer r\u00e9duit les contraintes sur les essieux simples, am\u00e9liorant ainsi la s\u00e9curit\u00e9 et la durabilit\u00e9.<\/p>\n<h4 data-start=\"1601\" data-end=\"1635\">4. Durabilit\u00e9 structurelle \u00e9lev\u00e9e<\/h4>\n<p data-start=\"1636\" data-end=\"1715\">La construction en acier renforc\u00e9 garantit une longue dur\u00e9e de vie dans des conditions difficiles.<\/p>\n<h4 data-start=\"1717\" data-end=\"1741\">5. Fonctionnement stable<\/h4>\n<p data-start=\"1742\" data-end=\"1827\">Maintient la stabilit\u00e9 du v\u00e9hicule m\u00eame en cas de charge et de conditions de terrain irr\u00e9guli\u00e8res.<\/p>","protected":false},"excerpt":{"rendered":"<p>Fabriqu\u00e9e avec des composants en acier \u00e0 haute r\u00e9sistance et une conception structurelle renforc\u00e9e, la s\u00e9rie de suspensions pour bogies garantit une excellente r\u00e9partition des charges, une forte r\u00e9sistance aux chocs et des performances fiables dans des conditions de travail extr\u00eames.<\/p>","protected":false},"featured_media":9536,"template":"","meta":{"_seopress_robots_primary_cat":"none","_seopress_titles_title":"Bogie Suspension Series for Heavy Duty Trailers | Multi Axle Equalizer Suspension System","_seopress_titles_desc":"Bogie Suspension Series designed for mining transport, heavy-duty trailers, and oversized cargo vehicles. Features multi-axle equalizer beam design, strong load capacity, excellent stability, and superior performance in extreme off-road conditions.","_seopress_robots_index":"","site-sidebar-layout":"default","site-content-layout":"","ast-site-content-layout":"default","site-content-style":"default","site-sidebar-style":"default","ast-global-header-display":"","ast-banner-title-visibility":"","ast-main-header-display":"","ast-hfb-above-header-display":"","ast-hfb-below-header-display":"","ast-hfb-mobile-header-display":"","site-post-title":"","ast-breadcrumbs-content":"","ast-featured-img":"","footer-sml-layout":"","ast-disable-related-posts":"","theme-transparent-header-meta":"default","adv-header-id-meta":"","stick-header-meta":"default","header-above-stick-meta":"","header-main-stick-meta":"","header-below-stick-meta":"","astra-migrate-meta-layouts":"set","ast-page-background-enabled":"default","ast-page-background-meta":{"desktop":{"background-color":"var(--ast-global-color-4)","background-image":"","background-repeat":"repeat","background-position":"center center","background-size":"auto","background-attachment":"scroll","background-type":"","background-media":"","overlay-type":"","overlay-color":"","overlay-opacity":"","overlay-gradient":""},"tablet":{"background-color":"","background-image":"","background-repeat":"repeat","background-position":"center center","background-size":"auto","background-attachment":"scroll","background-type":"","background-media":"","overlay-type":"","overlay-color":"","overlay-opacity":"","overlay-gradient":""},"mobile":{"background-color":"","background-image":"","background-repeat":"repeat","background-position":"center center","background-size":"auto","background-attachment":"scroll","background-type":"","background-media":"","overlay-type":"","overlay-color":"","overlay-opacity":"","overlay-gradient":""}},"ast-content-background-meta":{"desktop":{"background-color":"var(--ast-global-color-5)","background-image":"","background-repeat":"repeat","background-position":"center center","background-size":"auto","background-attachment":"scroll","background-type":"","background-media":"","overlay-type":"","overlay-color":"","overlay-opacity":"","overlay-gradient":""},"tablet":{"background-color":"var(--ast-global-color-5)","background-image":"","background-repeat":"repeat","background-position":"center center","background-size":"auto","background-attachment":"scroll","background-type":"","background-media":"","overlay-type":"","overlay-color":"","overlay-opacity":"","overlay-gradient":""},"mobile":{"background-color":"var(--ast-global-color-5)","background-image":"","background-repeat":"repeat","background-position":"center center","background-size":"auto","background-attachment":"scroll","background-type":"","background-media":"","overlay-type":"","overlay-color":"","overlay-opacity":"","overlay-gradient":""}}},"product_brand":[],"product_cat":[99],"product_tag":[],"class_list":{"0":"post-9533","1":"product","2":"type-product","3":"status-publish","4":"has-post-thumbnail","6":"product_cat-bogie","7":"desktop-align-center","8":"tablet-align-left","9":"mobile-align-left","10":"ast-product-gallery-layout-horizontal-slider","11":"ast-product-gallery-with-no-image","12":"ast-product-tabs-layout-horizontal","14":"first","15":"instock","16":"shipping-taxable","17":"product-type-simple"},"_links":{"self":[{"href":"https:\/\/kangmaiaxle.com\/fr\/wp-json\/wp\/v2\/product\/9533","targetHints":{"allow":["GET"]}}],"collection":[{"href":"https:\/\/kangmaiaxle.com\/fr\/wp-json\/wp\/v2\/product"}],"about":[{"href":"https:\/\/kangmaiaxle.com\/fr\/wp-json\/wp\/v2\/types\/product"}],"wp:featuredmedia":[{"embeddable":true,"href":"https:\/\/kangmaiaxle.com\/fr\/wp-json\/wp\/v2\/media\/9536"}],"wp:attachment":[{"href":"https:\/\/kangmaiaxle.com\/fr\/wp-json\/wp\/v2\/media?parent=9533"}],"wp:term":[{"taxonomy":"product_brand","embeddable":true,"href":"https:\/\/kangmaiaxle.com\/fr\/wp-json\/wp\/v2\/product_brand?post=9533"},{"taxonomy":"product_cat","embeddable":true,"href":"https:\/\/kangmaiaxle.com\/fr\/wp-json\/wp\/v2\/product_cat?post=9533"},{"taxonomy":"product_tag","embeddable":true,"href":"https:\/\/kangmaiaxle.com\/fr\/wp-json\/wp\/v2\/product_tag?post=9533"}],"curies":[{"name":"wp","href":"https:\/\/api.w.org\/{rel}","templated":true}]}}