{"id":9527,"date":"2026-05-07T03:59:01","date_gmt":"2026-05-07T03:59:01","guid":{"rendered":"http:\/\/kangmaiaxle.com\/?post_type=product&#038;p=9527"},"modified":"2026-05-07T03:59:02","modified_gmt":"2026-05-07T03:59:02","slug":"air-suspension-series","status":"publish","type":"product","link":"https:\/\/kangmaiaxle.com\/fr\/produit\/serie-de-suspensions-pneumatiques\/","title":{"rendered":"S\u00e9rie suspension pneumatique"},"content":{"rendered":"<p>La s\u00e9rie de suspension pneumatique est un syst\u00e8me de suspension avanc\u00e9 largement utilis\u00e9 dans les semi-remorques, les camions frigorifiques, les remorques porte-conteneurs et les v\u00e9hicules logistiques haut de gamme. En rempla\u00e7ant les ressorts \u00e0 lames traditionnels par des ressorts pneumatiques, ce syst\u00e8me permet une meilleure absorption des chocs, un confort de conduite am\u00e9lior\u00e9 et une meilleure protection de la cargaison pendant le transport.<\/p>\n<p><img alt=\"\" fetchpriority=\"high\" decoding=\"async\" class=\"size-full wp-image-9530 aligncenter\" src=\"http:\/\/kangmaiaxle.com\/wp-content\/uploads\/2026\/05\/7.png\" width=\"804\" height=\"434\" srcset=\"https:\/\/kangmaiaxle.com\/wp-content\/uploads\/2026\/05\/7.png 804w, https:\/\/kangmaiaxle.com\/wp-content\/uploads\/2026\/05\/7-300x162.png 300w, https:\/\/kangmaiaxle.com\/wp-content\/uploads\/2026\/05\/7-768x415.png 768w, https:\/\/kangmaiaxle.com\/wp-content\/uploads\/2026\/05\/7-18x10.png 18w, https:\/\/kangmaiaxle.com\/wp-content\/uploads\/2026\/05\/7-600x324.png 600w\" sizes=\"(max-width: 804px) 100vw, 804px\" \/><\/p>\n<div class=\"table-wrap\">\n<table>\n<tbody>\n<tr>\n<td width=\"87\">mod\u00e8le<\/td>\n<td width=\"87\">H1<\/td>\n<td width=\"87\">H2<\/td>\n<td width=\"87\">H3<\/td>\n<td width=\"88\">L1<\/td>\n<td width=\"88\">L2<\/td>\n<td width=\"88\">Charge nominale<\/td>\n<\/tr>\n<tr>\n<td width=\"87\">ZYRA010<\/td>\n<td width=\"87\">280<\/td>\n<td width=\"87\">475<\/td>\n<td width=\"87\">420<\/td>\n<td width=\"88\">500<\/td>\n<td width=\"88\">380<\/td>\n<td width=\"88\">11000<\/td>\n<\/tr>\n<\/tbody>\n<\/table>\n<\/div>\n<h3 data-section-id=\"erbofp\" data-start=\"1194\" data-end=\"1216\">Avantages du produit<\/h3>\n<h4 data-start=\"1218\" data-end=\"1247\">1. Confort de conduite sup\u00e9rieur<\/h4>\n<p data-start=\"1248\" data-end=\"1339\">Les ressorts pneumatiques r\u00e9duisent consid\u00e9rablement l'impact sur la route, garantissant des performances de transport plus souples.<\/p>\n<h4 data-start=\"1341\" data-end=\"1374\">2. Protection renforc\u00e9e de la cargaison<\/h4>\n<p data-start=\"1375\" data-end=\"1446\">Minimise les vibrations et les chocs, prot\u00e9geant ainsi les biens fragiles et de grande valeur.<\/p>\n<h4 data-start=\"1448\" data-end=\"1481\">3. Contr\u00f4le de la hauteur r\u00e9glable<\/h4>\n<p data-start=\"1482\" data-end=\"1563\">Permet le r\u00e9glage automatique ou manuel de la hauteur du v\u00e9hicule en fonction des conditions de charge.<\/p>\n<h4 data-start=\"1565\" data-end=\"1599\">4. Am\u00e9lioration de la stabilit\u00e9 du v\u00e9hicule<\/h4>\n<p data-start=\"1600\" data-end=\"1673\">Maintient un meilleur \u00e9quilibre de l'essieu et un meilleur contact avec la route, ce qui am\u00e9liore la s\u00e9curit\u00e9 de la conduite.<\/p>\n<h4 data-start=\"1675\" data-end=\"1700\">5. R\u00e9duction de l'usure des pneus<\/h4>\n<p data-start=\"1701\" data-end=\"1776\">La r\u00e9partition uniforme de la charge permet de prolonger la dur\u00e9e de vie des pneus et de r\u00e9duire les co\u00fbts d'entretien.<\/p>","protected":false},"excerpt":{"rendered":"<p>Fabriqu\u00e9e avec des composants en acier \u00e0 haute r\u00e9sistance et une technologie de contr\u00f4le de l'air de pr\u00e9cision, la s\u00e9rie de suspensions pneumatiques garantit un alignement stable des essieux, une hauteur de conduite r\u00e9glable et une durabilit\u00e9 \u00e0 long terme, ce qui en fait la solution id\u00e9ale pour les applications de transport commercial modernes.<\/p>","protected":false},"featured_media":9531,"template":"","meta":{"_seopress_robots_primary_cat":"","_seopress_titles_title":"Air Suspension Series for Semi Trailers | Advanced Trailer Air Suspension System","_seopress_titles_desc":"Air Suspension Series designed for semi trailers, container trucks, and refrigerated vehicles. Features advanced air spring technology, adjustable height, excellent shock absorption, improved stability, and superior cargo protection for long-distance transport.","_seopress_robots_index":"","site-sidebar-layout":"default","site-content-layout":"","ast-site-content-layout":"default","site-content-style":"default","site-sidebar-style":"default","ast-global-header-display":"","ast-banner-title-visibility":"","ast-main-header-display":"","ast-hfb-above-header-display":"","ast-hfb-below-header-display":"","ast-hfb-mobile-header-display":"","site-post-title":"","ast-breadcrumbs-content":"","ast-featured-img":"","footer-sml-layout":"","ast-disable-related-posts":"","theme-transparent-header-meta":"default","adv-header-id-meta":"","stick-header-meta":"default","header-above-stick-meta":"","header-main-stick-meta":"","header-below-stick-meta":"","astra-migrate-meta-layouts":"set","ast-page-background-enabled":"default","ast-page-background-meta":{"desktop":{"background-color":"var(--ast-global-color-4)","background-image":"","background-repeat":"repeat","background-position":"center center","background-size":"auto","background-attachment":"scroll","background-type":"","background-media":"","overlay-type":"","overlay-color":"","overlay-opacity":"","overlay-gradient":""},"tablet":{"background-color":"","background-image":"","background-repeat":"repeat","background-position":"center center","background-size":"auto","background-attachment":"scroll","background-type":"","background-media":"","overlay-type":"","overlay-color":"","overlay-opacity":"","overlay-gradient":""},"mobile":{"background-color":"","background-image":"","background-repeat":"repeat","background-position":"center center","background-size":"auto","background-attachment":"scroll","background-type":"","background-media":"","overlay-type":"","overlay-color":"","overlay-opacity":"","overlay-gradient":""}},"ast-content-background-meta":{"desktop":{"background-color":"var(--ast-global-color-5)","background-image":"","background-repeat":"repeat","background-position":"center center","background-size":"auto","background-attachment":"scroll","background-type":"","background-media":"","overlay-type":"","overlay-color":"","overlay-opacity":"","overlay-gradient":""},"tablet":{"background-color":"var(--ast-global-color-5)","background-image":"","background-repeat":"repeat","background-position":"center center","background-size":"auto","background-attachment":"scroll","background-type":"","background-media":"","overlay-type":"","overlay-color":"","overlay-opacity":"","overlay-gradient":""},"mobile":{"background-color":"var(--ast-global-color-5)","background-image":"","background-repeat":"repeat","background-position":"center center","background-size":"auto","background-attachment":"scroll","background-type":"","background-media":"","overlay-type":"","overlay-color":"","overlay-opacity":"","overlay-gradient":""}}},"product_brand":[],"product_cat":[98],"product_tag":[],"class_list":{"0":"post-9527","1":"product","2":"type-product","3":"status-publish","4":"has-post-thumbnail","6":"product_cat-air-suspension","7":"desktop-align-center","8":"tablet-align-left","9":"mobile-align-left","10":"ast-product-gallery-layout-horizontal-slider","11":"ast-product-gallery-with-no-image","12":"ast-product-tabs-layout-horizontal","14":"first","15":"instock","16":"shipping-taxable","17":"product-type-simple"},"_links":{"self":[{"href":"https:\/\/kangmaiaxle.com\/fr\/wp-json\/wp\/v2\/product\/9527","targetHints":{"allow":["GET"]}}],"collection":[{"href":"https:\/\/kangmaiaxle.com\/fr\/wp-json\/wp\/v2\/product"}],"about":[{"href":"https:\/\/kangmaiaxle.com\/fr\/wp-json\/wp\/v2\/types\/product"}],"wp:featuredmedia":[{"embeddable":true,"href":"https:\/\/kangmaiaxle.com\/fr\/wp-json\/wp\/v2\/media\/9531"}],"wp:attachment":[{"href":"https:\/\/kangmaiaxle.com\/fr\/wp-json\/wp\/v2\/media?parent=9527"}],"wp:term":[{"taxonomy":"product_brand","embeddable":true,"href":"https:\/\/kangmaiaxle.com\/fr\/wp-json\/wp\/v2\/product_brand?post=9527"},{"taxonomy":"product_cat","embeddable":true,"href":"https:\/\/kangmaiaxle.com\/fr\/wp-json\/wp\/v2\/product_cat?post=9527"},{"taxonomy":"product_tag","embeddable":true,"href":"https:\/\/kangmaiaxle.com\/fr\/wp-json\/wp\/v2\/product_tag?post=9527"}],"curies":[{"name":"wp","href":"https:\/\/api.w.org\/{rel}","templated":true}]}}