{"id":9512,"date":"2026-05-07T03:44:13","date_gmt":"2026-05-07T03:44:13","guid":{"rendered":"http:\/\/kangmaiaxle.com\/?post_type=product&#038;p=9512"},"modified":"2026-05-07T05:41:13","modified_gmt":"2026-05-07T05:41:13","slug":"american-type-suspension-series","status":"publish","type":"product","link":"https:\/\/kangmaiaxle.com\/fr\/produit\/serie-de-suspension-de-type-americain\/","title":{"rendered":"S\u00e9rie de suspension de type am\u00e9ricain"},"content":{"rendered":"<p>La s\u00e9rie de suspensions de type am\u00e9ricain est un syst\u00e8me de suspension m\u00e9canique \u00e0 usage intensif largement utilis\u00e9 dans les semi-remorques, les remorques de marchandises et les v\u00e9hicules de transport industriel. Dot\u00e9 d'une conception traditionnelle de ressorts \u00e0 lames (ressorts en acier), ce syst\u00e8me de suspension offre une excellente capacit\u00e9 de charge, une grande durabilit\u00e9 et des performances fiables dans des conditions routi\u00e8res difficiles.<\/p>\n<p><img alt=\"\" fetchpriority=\"high\" decoding=\"async\" class=\"size-full wp-image-9517 aligncenter\" src=\"http:\/\/kangmaiaxle.com\/wp-content\/uploads\/2026\/05\/4-2.png\" width=\"760\" height=\"242\" srcset=\"https:\/\/kangmaiaxle.com\/wp-content\/uploads\/2026\/05\/4-2.png 760w, https:\/\/kangmaiaxle.com\/wp-content\/uploads\/2026\/05\/4-2-300x96.png 300w, https:\/\/kangmaiaxle.com\/wp-content\/uploads\/2026\/05\/4-2-18x6.png 18w, https:\/\/kangmaiaxle.com\/wp-content\/uploads\/2026\/05\/4-2-600x191.png 600w\" sizes=\"(max-width: 760px) 100vw, 760px\" \/><\/p>\n<div class=\"table-wrap\">\n<table>\n<tbody>\n<tr>\n<td width=\"87\">mod\u00e8le<\/td>\n<td width=\"86\">H(mm)<\/td>\n<td width=\"74\">A1(mm)<\/td>\n<td width=\"74\">B1(mm)<\/td>\n<td width=\"73\">A2(mm)<\/td>\n<td width=\"74\">B2(mm)<\/td>\n<td width=\"75\">Capacit\u00e9 de charge<\/td>\n<\/tr>\n<tr>\n<td width=\"87\">ZY13AZ2-1 1<\/td>\n<td width=\"86\">110<\/td>\n<td width=\"74\">399<\/td>\n<td width=\"74\">369<\/td>\n<td width=\"73\">390<\/td>\n<td width=\"74\">360<\/td>\n<td width=\"75\">13000*3<\/td>\n<\/tr>\n<tr>\n<td width=\"87\">ZY13AZ3-13<\/td>\n<td width=\"86\">130<\/td>\n<td width=\"74\">419<\/td>\n<td width=\"74\">389<\/td>\n<td width=\"73\">410<\/td>\n<td width=\"74\">380<\/td>\n<td width=\"75\">13000*3<\/td>\n<\/tr>\n<tr>\n<td width=\"87\">ZY13AZ3-15<\/td>\n<td width=\"86\">150<\/td>\n<td width=\"74\">439<\/td>\n<td width=\"74\">409<\/td>\n<td width=\"73\">430<\/td>\n<td width=\"74\">400<\/td>\n<td width=\"75\">13000*3<\/td>\n<\/tr>\n<tr>\n<td width=\"87\">ZY13AZ3-18<\/td>\n<td width=\"86\">180<\/td>\n<td width=\"74\">469<\/td>\n<td width=\"74\">439<\/td>\n<td width=\"73\">460<\/td>\n<td width=\"74\">430<\/td>\n<td width=\"75\">13000*3<\/td>\n<\/tr>\n<tr>\n<td width=\"87\">ZY13AZ3-21<\/td>\n<td width=\"86\">210<\/td>\n<td width=\"74\">499<\/td>\n<td width=\"74\">469<\/td>\n<td width=\"73\">490<\/td>\n<td width=\"74\">460<\/td>\n<td width=\"75\">13000*3<\/td>\n<\/tr>\n<tr>\n<td width=\"87\">ZY13AZ3-23<\/td>\n<td width=\"86\">230<\/td>\n<td width=\"74\">519<\/td>\n<td width=\"74\">489<\/td>\n<td width=\"73\">510<\/td>\n<td width=\"74\">480<\/td>\n<td width=\"75\">13000*3<\/td>\n<\/tr>\n<tr>\n<td width=\"87\">ZY13AZ3-25<\/td>\n<td width=\"86\">250<\/td>\n<td width=\"74\">539<\/td>\n<td width=\"74\">509<\/td>\n<td width=\"73\">530<\/td>\n<td width=\"74\">500<\/td>\n<td width=\"75\">13000*3<\/td>\n<\/tr>\n<tr>\n<td width=\"87\">ZY13AZ3-27<\/td>\n<td width=\"86\">270<\/td>\n<td width=\"74\">559<\/td>\n<td width=\"74\">529<\/td>\n<td width=\"73\">550<\/td>\n<td width=\"74\">520<\/td>\n<td width=\"75\">13000*3<\/td>\n<\/tr>\n<tr>\n<td width=\"87\">ZY13AZ3-30<\/td>\n<td width=\"86\">300<\/td>\n<td width=\"74\">589<\/td>\n<td width=\"74\">559<\/td>\n<td width=\"73\">580<\/td>\n<td width=\"74\">550<\/td>\n<td width=\"75\">13000*3<\/td>\n<\/tr>\n<tr>\n<td width=\"87\">ZY13AZ3-32<\/td>\n<td width=\"86\">320<\/td>\n<td width=\"74\">609<\/td>\n<td width=\"74\">579<\/td>\n<td width=\"73\">600<\/td>\n<td width=\"74\">570<\/td>\n<td width=\"75\">13000*3<\/td>\n<\/tr>\n<tr>\n<td width=\"87\">ZY13AZ3-35<\/td>\n<td width=\"86\">350<\/td>\n<td width=\"74\">639<\/td>\n<td width=\"74\">609<\/td>\n<td width=\"73\">630<\/td>\n<td width=\"74\">600<\/td>\n<td width=\"75\">13000*3<\/td>\n<\/tr>\n<\/tbody>\n<\/table>\n<\/div>\n<p><img alt=\"\" decoding=\"async\" class=\"size-full wp-image-9518 aligncenter\" src=\"http:\/\/kangmaiaxle.com\/wp-content\/uploads\/2026\/05\/5.png\" width=\"957\" height=\"231\" srcset=\"https:\/\/kangmaiaxle.com\/wp-content\/uploads\/2026\/05\/5.png 957w, https:\/\/kangmaiaxle.com\/wp-content\/uploads\/2026\/05\/5-300x72.png 300w, https:\/\/kangmaiaxle.com\/wp-content\/uploads\/2026\/05\/5-768x185.png 768w, https:\/\/kangmaiaxle.com\/wp-content\/uploads\/2026\/05\/5-18x4.png 18w, https:\/\/kangmaiaxle.com\/wp-content\/uploads\/2026\/05\/5-600x145.png 600w\" sizes=\"(max-width: 957px) 100vw, 957px\" \/><\/p>\n<div class=\"table-wrap\">\n<table>\n<tbody>\n<tr>\n<td width=\"87\">mod\u00e8le<\/td>\n<td width=\"86\">H(mm)<\/td>\n<td width=\"74\">A1(mm)<\/td>\n<td width=\"74\">B1(mm)<\/td>\n<td width=\"73\">A2(mm)<\/td>\n<td width=\"74\">B2(mm)<\/td>\n<td width=\"74\">A3(mm)<\/td>\n<td width=\"73\">B3(mm)<\/td>\n<td width=\"75\">Capacit\u00e9 de charge<\/td>\n<\/tr>\n<tr>\n<td width=\"87\">ZY13AZ3-11<\/td>\n<td width=\"86\">110<\/td>\n<td width=\"74\">399<\/td>\n<td width=\"74\">369<\/td>\n<td width=\"73\">390<\/td>\n<td width=\"74\">360<\/td>\n<td width=\"74\">381<\/td>\n<td width=\"73\">351<\/td>\n<td width=\"75\">13000*3<\/td>\n<\/tr>\n<tr>\n<td width=\"87\">ZY13AZ3-13<\/td>\n<td width=\"86\">130<\/td>\n<td width=\"74\">419<\/td>\n<td width=\"74\">389<\/td>\n<td width=\"73\">410<\/td>\n<td width=\"74\">380<\/td>\n<td width=\"74\">401<\/td>\n<td width=\"73\">371<\/td>\n<td width=\"75\">13000*3<\/td>\n<\/tr>\n<tr>\n<td width=\"87\">ZY13AZ3-15<\/td>\n<td width=\"86\">150<\/td>\n<td width=\"74\">439<\/td>\n<td width=\"74\">409<\/td>\n<td width=\"73\">430<\/td>\n<td width=\"74\">400<\/td>\n<td width=\"74\">421<\/td>\n<td width=\"73\">391<\/td>\n<td width=\"75\">13000*3<\/td>\n<\/tr>\n<tr>\n<td width=\"87\">ZY13AZ3-18<\/td>\n<td width=\"86\">180<\/td>\n<td width=\"74\">469<\/td>\n<td width=\"74\">439<\/td>\n<td width=\"73\">460<\/td>\n<td width=\"74\">430<\/td>\n<td width=\"74\">451<\/td>\n<td width=\"73\">421<\/td>\n<td width=\"75\">13000*3<\/td>\n<\/tr>\n<tr>\n<td width=\"87\">ZY13AZ3-21<\/td>\n<td width=\"86\">210<\/td>\n<td width=\"74\">499<\/td>\n<td width=\"74\">469<\/td>\n<td width=\"73\">490<\/td>\n<td width=\"74\">460<\/td>\n<td width=\"74\">481<\/td>\n<td width=\"73\">451<\/td>\n<td width=\"75\">13000*3<\/td>\n<\/tr>\n<tr>\n<td width=\"87\">ZY13AZ3-23<\/td>\n<td width=\"86\">230<\/td>\n<td width=\"74\">519<\/td>\n<td width=\"74\">489<\/td>\n<td width=\"73\">510<\/td>\n<td width=\"74\">480<\/td>\n<td width=\"74\">501<\/td>\n<td width=\"73\">471<\/td>\n<td width=\"75\">13000*3<\/td>\n<\/tr>\n<tr>\n<td width=\"87\">ZY13AZ3-25<\/td>\n<td width=\"86\">250<\/td>\n<td width=\"74\">539<\/td>\n<td width=\"74\">509<\/td>\n<td width=\"73\">530<\/td>\n<td width=\"74\">500<\/td>\n<td width=\"74\">521<\/td>\n<td width=\"73\">491<\/td>\n<td width=\"75\">13000*3<\/td>\n<\/tr>\n<tr>\n<td width=\"87\">ZY13AZ3-27<\/td>\n<td width=\"86\">270<\/td>\n<td width=\"74\">559<\/td>\n<td width=\"74\">529<\/td>\n<td width=\"73\">550<\/td>\n<td width=\"74\">520<\/td>\n<td width=\"74\">541<\/td>\n<td width=\"73\">511<\/td>\n<td width=\"75\">13000*3<\/td>\n<\/tr>\n<tr>\n<td width=\"87\">ZY13AZ3-30<\/td>\n<td width=\"86\">300<\/td>\n<td width=\"74\">589<\/td>\n<td width=\"74\">559<\/td>\n<td width=\"73\">580<\/td>\n<td width=\"74\">550<\/td>\n<td width=\"74\">571<\/td>\n<td width=\"73\">541<\/td>\n<td width=\"75\">13000*3<\/td>\n<\/tr>\n<tr>\n<td width=\"87\">ZY13AZ3-32<\/td>\n<td width=\"86\">320<\/td>\n<td width=\"74\">609<\/td>\n<td width=\"74\">579<\/td>\n<td width=\"73\">600<\/td>\n<td width=\"74\">570<\/td>\n<td width=\"74\">591<\/td>\n<td width=\"73\">561<\/td>\n<td width=\"75\">13000*3<\/td>\n<\/tr>\n<tr>\n<td width=\"87\">ZY13AZ3-35<\/td>\n<td width=\"86\">350<\/td>\n<td width=\"74\">639<\/td>\n<td width=\"74\">609<\/td>\n<td width=\"73\">630<\/td>\n<td width=\"74\">600<\/td>\n<td width=\"74\">621<\/td>\n<td width=\"73\">591<\/td>\n<td width=\"75\">13000*3<\/td>\n<\/tr>\n<\/tbody>\n<\/table>\n<\/div>\n<h3 data-section-id=\"erbofp\" data-start=\"1219\" data-end=\"1241\">Avantages du produit<\/h3>\n<h4 data-start=\"1243\" data-end=\"1271\">1. Forte capacit\u00e9 de charge<\/h4>\n<p data-start=\"1272\" data-end=\"1364\">Con\u00e7us pour le transport de marchandises lourdes et le transport industriel avec des performances \u00e9lev\u00e9es en mati\u00e8re de portance.<\/p>\n<h4 data-start=\"1366\" data-end=\"1404\">2. Structure durable et fiable<\/h4>\n<p data-start=\"1405\" data-end=\"1491\">Le syst\u00e8me de ressorts \u00e0 lames offre une excellente r\u00e9sistance \u00e0 la d\u00e9formation et \u00e0 la fatigue \u00e0 long terme.<\/p>\n<h4 data-start=\"1493\" data-end=\"1521\">3. Faible co\u00fbt d'entretien<\/h4>\n<p data-start=\"1522\" data-end=\"1596\">La simplicit\u00e9 de la structure m\u00e9canique r\u00e9duit la complexit\u00e9 des r\u00e9parations et les co\u00fbts d'exploitation.<\/p>\n<h4 data-start=\"1598\" data-end=\"1632\">4. Stabilit\u00e9 des performances de conduite<\/h4>\n<p data-start=\"1633\" data-end=\"1710\">Am\u00e9liore la stabilit\u00e9 du v\u00e9hicule et r\u00e9duit les vibrations lors des transports lourds.<\/p>\n<h4 data-start=\"1712\" data-end=\"1742\">5. Large gamme d'applications<\/h4>\n<p data-start=\"1743\" data-end=\"1810\">Convient \u00e0 diff\u00e9rents types de remorques et d'environnements de transport.<\/p>","protected":false},"excerpt":{"rendered":"<p>Fabriqu\u00e9e avec des mat\u00e9riaux en acier \u00e0 haute r\u00e9sistance et une technologie d'assemblage de pr\u00e9cision, la s\u00e9rie de suspensions de type am\u00e9ricain garantit un fonctionnement stable du v\u00e9hicule, une meilleure absorption des chocs et une longue dur\u00e9e de vie, ce qui la rend id\u00e9ale pour les applications de transport de charges lourdes et de longues distances.<\/p>","protected":false},"featured_media":9519,"template":"","meta":{"_seopress_robots_primary_cat":"","_seopress_titles_title":"American Type Suspension Series for Heavy Duty Trailers | Leaf Spring Suspension System","_seopress_titles_desc":"American Type Suspension Series designed for semi trailers and heavy-duty transport vehicles. Features durable leaf spring structure, strong load capacity, stable performance, low maintenance cost, and excellent adaptability for rough road conditions.","_seopress_robots_index":"","site-sidebar-layout":"default","site-content-layout":"","ast-site-content-layout":"default","site-content-style":"default","site-sidebar-style":"default","ast-global-header-display":"","ast-banner-title-visibility":"","ast-main-header-display":"","ast-hfb-above-header-display":"","ast-hfb-below-header-display":"","ast-hfb-mobile-header-display":"","site-post-title":"","ast-breadcrumbs-content":"","ast-featured-img":"","footer-sml-layout":"","ast-disable-related-posts":"","theme-transparent-header-meta":"default","adv-header-id-meta":"","stick-header-meta":"default","header-above-stick-meta":"","header-main-stick-meta":"","header-below-stick-meta":"","astra-migrate-meta-layouts":"set","ast-page-background-enabled":"default","ast-page-background-meta":{"desktop":{"background-color":"var(--ast-global-color-4)","background-image":"","background-repeat":"repeat","background-position":"center center","background-size":"auto","background-attachment":"scroll","background-type":"","background-media":"","overlay-type":"","overlay-color":"","overlay-opacity":"","overlay-gradient":""},"tablet":{"background-color":"","background-image":"","background-repeat":"repeat","background-position":"center center","background-size":"auto","background-attachment":"scroll","background-type":"","background-media":"","overlay-type":"","overlay-color":"","overlay-opacity":"","overlay-gradient":""},"mobile":{"background-color":"","background-image":"","background-repeat":"repeat","background-position":"center center","background-size":"auto","background-attachment":"scroll","background-type":"","background-media":"","overlay-type":"","overlay-color":"","overlay-opacity":"","overlay-gradient":""}},"ast-content-background-meta":{"desktop":{"background-color":"var(--ast-global-color-5)","background-image":"","background-repeat":"repeat","background-position":"center center","background-size":"auto","background-attachment":"scroll","background-type":"","background-media":"","overlay-type":"","overlay-color":"","overlay-opacity":"","overlay-gradient":""},"tablet":{"background-color":"var(--ast-global-color-5)","background-image":"","background-repeat":"repeat","background-position":"center center","background-size":"auto","background-attachment":"scroll","background-type":"","background-media":"","overlay-type":"","overlay-color":"","overlay-opacity":"","overlay-gradient":""},"mobile":{"background-color":"var(--ast-global-color-5)","background-image":"","background-repeat":"repeat","background-position":"center center","background-size":"auto","background-attachment":"scroll","background-type":"","background-media":"","overlay-type":"","overlay-color":"","overlay-opacity":"","overlay-gradient":""}}},"product_brand":[],"product_cat":[97],"product_tag":[],"class_list":{"0":"post-9512","1":"product","2":"type-product","3":"status-publish","4":"has-post-thumbnail","6":"product_cat-american-type-suspension","7":"desktop-align-center","8":"tablet-align-left","9":"mobile-align-left","10":"ast-product-gallery-layout-horizontal-slider","11":"ast-product-gallery-with-no-image","12":"ast-product-tabs-layout-horizontal","14":"first","15":"instock","16":"featured","17":"shipping-taxable","18":"product-type-simple"},"_links":{"self":[{"href":"https:\/\/kangmaiaxle.com\/fr\/wp-json\/wp\/v2\/product\/9512","targetHints":{"allow":["GET"]}}],"collection":[{"href":"https:\/\/kangmaiaxle.com\/fr\/wp-json\/wp\/v2\/product"}],"about":[{"href":"https:\/\/kangmaiaxle.com\/fr\/wp-json\/wp\/v2\/types\/product"}],"wp:featuredmedia":[{"embeddable":true,"href":"https:\/\/kangmaiaxle.com\/fr\/wp-json\/wp\/v2\/media\/9519"}],"wp:attachment":[{"href":"https:\/\/kangmaiaxle.com\/fr\/wp-json\/wp\/v2\/media?parent=9512"}],"wp:term":[{"taxonomy":"product_brand","embeddable":true,"href":"https:\/\/kangmaiaxle.com\/fr\/wp-json\/wp\/v2\/product_brand?post=9512"},{"taxonomy":"product_cat","embeddable":true,"href":"https:\/\/kangmaiaxle.com\/fr\/wp-json\/wp\/v2\/product_cat?post=9512"},{"taxonomy":"product_tag","embeddable":true,"href":"https:\/\/kangmaiaxle.com\/fr\/wp-json\/wp\/v2\/product_tag?post=9512"}],"curies":[{"name":"wp","href":"https:\/\/api.w.org\/{rel}","templated":true}]}}