{"id":9507,"date":"2026-05-07T03:18:58","date_gmt":"2026-05-07T03:18:58","guid":{"rendered":"http:\/\/kangmaiaxle.com\/?post_type=product&#038;p=9507"},"modified":"2026-05-07T05:41:00","modified_gmt":"2026-05-07T05:41:00","slug":"hydraulic-steering-axle-series","status":"publish","type":"product","link":"https:\/\/kangmaiaxle.com\/fr\/produit\/serie-dessieux-directeurs-hydrauliques\/","title":{"rendered":"S\u00e9rie d'essieux directeurs hydrauliques"},"content":{"rendered":"<p>La s\u00e9rie d'essieux \u00e0 direction hydraulique est une solution avanc\u00e9e d'essieu directeur sp\u00e9cialement con\u00e7ue pour les remorques lourdes, les v\u00e9hicules de transport modulaire, le transport de marchandises surdimensionn\u00e9es et les applications logistiques industrielles sp\u00e9ciales. Gr\u00e2ce \u00e0 la technologie de direction hydraulique, cette s\u00e9rie d'essieux am\u00e9liore consid\u00e9rablement la maniabilit\u00e9, r\u00e9duit l'usure des pneus et renforce la s\u00e9curit\u00e9 du transport sur les longues distances et les op\u00e9rations routi\u00e8res complexes.<\/p>\n<p><img alt=\"\" fetchpriority=\"high\" decoding=\"async\" class=\"size-full wp-image-9511 aligncenter\" src=\"http:\/\/kangmaiaxle.com\/wp-content\/uploads\/2026\/05\/2.jpg\" width=\"858\" height=\"362\" srcset=\"https:\/\/kangmaiaxle.com\/wp-content\/uploads\/2026\/05\/2.jpg 858w, https:\/\/kangmaiaxle.com\/wp-content\/uploads\/2026\/05\/2-300x127.jpg 300w, https:\/\/kangmaiaxle.com\/wp-content\/uploads\/2026\/05\/2-768x324.jpg 768w, https:\/\/kangmaiaxle.com\/wp-content\/uploads\/2026\/05\/2-18x8.jpg 18w, https:\/\/kangmaiaxle.com\/wp-content\/uploads\/2026\/05\/2-600x253.jpg 600w\" sizes=\"(max-width: 858px) 100vw, 858px\" \/><\/p>\n<h3 data-section-id=\"erbofp\" data-start=\"1337\" data-end=\"1359\">Avantages du produit<\/h3>\n<h4 data-start=\"1361\" data-end=\"1397\">1. Am\u00e9lioration des performances en mati\u00e8re de virage<\/h4>\n<p data-start=\"1398\" data-end=\"1528\">Le m\u00e9canisme de direction hydraulique r\u00e9duit consid\u00e9rablement le rayon de braquage et am\u00e9liore la maniabilit\u00e9 sur les routes \u00e9troites ou complexes.<\/p>\n<h4 data-start=\"1530\" data-end=\"1555\">2. R\u00e9duction de l'usure des pneus<\/h4>\n<p data-start=\"1556\" data-end=\"1656\">Le r\u00e9glage automatique de la direction minimise le frottement des pneus dans les virages, ce qui prolonge leur dur\u00e9e de vie.<\/p>\n<h4 data-start=\"1658\" data-end=\"1694\">3. Am\u00e9lioration de la stabilit\u00e9 des transports<\/h4>\n<p data-start=\"1695\" data-end=\"1796\">Permet un meilleur contr\u00f4le directionnel et une meilleure stabilit\u00e9 lors des transports lourds et sur de longues distances.<\/p>\n<h4 data-start=\"1798\" data-end=\"1824\">4. Capacit\u00e9 de charge \u00e9lev\u00e9e<\/h4>\n<p data-start=\"1825\" data-end=\"1934\">Con\u00e7u pour le transport de composants d'\u00e9oliennes, de transformateurs, de modules industriels et d'\u00e9quipements surdimensionn\u00e9s.<\/p>\n<h4 data-start=\"1936\" data-end=\"1969\">5. Syst\u00e8me hydraulique fiable<\/h4>\n<p data-start=\"1970\" data-end=\"2077\">Des composants hydrauliques de haute qualit\u00e9 garantissent une direction souple et une fiabilit\u00e9 op\u00e9rationnelle \u00e0 long terme.<\/p>","protected":false},"excerpt":{"rendered":"<p>Fabriqu\u00e9e avec de l'acier alli\u00e9 \u00e0 haute r\u00e9sistance et des composants de direction hydraulique de pr\u00e9cision, la s\u00e9rie d'essieux \u00e0 direction hydraulique offre des performances de support de charge sup\u00e9rieures, une r\u00e9ponse de direction fiable et une excellente stabilit\u00e9 op\u00e9rationnelle dans des conditions de transport exigeantes.<\/p>\n<p>&nbsp;<\/p>","protected":false},"featured_media":9510,"template":"","meta":{"_seopress_robots_primary_cat":"","_seopress_titles_title":"Hydraulic Steering Axle Series for Heavy Duty Trailers | Steering Axle Manufacturer","_seopress_titles_desc":"Hydraulic Steering Axle Series designed for heavy-duty trailers, modular transport vehicles, and oversized cargo transportation. Features advanced hydraulic steering technology, strong load capacity, improved maneuverability, reduced tire wear, and stable transport performance.","_seopress_robots_index":"","site-sidebar-layout":"default","site-content-layout":"","ast-site-content-layout":"default","site-content-style":"default","site-sidebar-style":"default","ast-global-header-display":"","ast-banner-title-visibility":"","ast-main-header-display":"","ast-hfb-above-header-display":"","ast-hfb-below-header-display":"","ast-hfb-mobile-header-display":"","site-post-title":"","ast-breadcrumbs-content":"","ast-featured-img":"","footer-sml-layout":"","ast-disable-related-posts":"","theme-transparent-header-meta":"default","adv-header-id-meta":"","stick-header-meta":"default","header-above-stick-meta":"","header-main-stick-meta":"","header-below-stick-meta":"","astra-migrate-meta-layouts":"set","ast-page-background-enabled":"default","ast-page-background-meta":{"desktop":{"background-color":"var(--ast-global-color-4)","background-image":"","background-repeat":"repeat","background-position":"center center","background-size":"auto","background-attachment":"scroll","background-type":"","background-media":"","overlay-type":"","overlay-color":"","overlay-opacity":"","overlay-gradient":""},"tablet":{"background-color":"","background-image":"","background-repeat":"repeat","background-position":"center center","background-size":"auto","background-attachment":"scroll","background-type":"","background-media":"","overlay-type":"","overlay-color":"","overlay-opacity":"","overlay-gradient":""},"mobile":{"background-color":"","background-image":"","background-repeat":"repeat","background-position":"center center","background-size":"auto","background-attachment":"scroll","background-type":"","background-media":"","overlay-type":"","overlay-color":"","overlay-opacity":"","overlay-gradient":""}},"ast-content-background-meta":{"desktop":{"background-color":"var(--ast-global-color-5)","background-image":"","background-repeat":"repeat","background-position":"center center","background-size":"auto","background-attachment":"scroll","background-type":"","background-media":"","overlay-type":"","overlay-color":"","overlay-opacity":"","overlay-gradient":""},"tablet":{"background-color":"var(--ast-global-color-5)","background-image":"","background-repeat":"repeat","background-position":"center center","background-size":"auto","background-attachment":"scroll","background-type":"","background-media":"","overlay-type":"","overlay-color":"","overlay-opacity":"","overlay-gradient":""},"mobile":{"background-color":"var(--ast-global-color-5)","background-image":"","background-repeat":"repeat","background-position":"center center","background-size":"auto","background-attachment":"scroll","background-type":"","background-media":"","overlay-type":"","overlay-color":"","overlay-opacity":"","overlay-gradient":""}}},"product_brand":[],"product_cat":[90],"product_tag":[],"class_list":{"0":"post-9507","1":"product","2":"type-product","3":"status-publish","4":"has-post-thumbnail","6":"product_cat-hydraulic-steering-type-axle","7":"desktop-align-center","8":"tablet-align-left","9":"mobile-align-left","10":"ast-product-gallery-layout-horizontal-slider","11":"ast-product-gallery-with-no-image","12":"ast-product-tabs-layout-horizontal","14":"first","15":"instock","16":"featured","17":"shipping-taxable","18":"product-type-simple"},"_links":{"self":[{"href":"https:\/\/kangmaiaxle.com\/fr\/wp-json\/wp\/v2\/product\/9507","targetHints":{"allow":["GET"]}}],"collection":[{"href":"https:\/\/kangmaiaxle.com\/fr\/wp-json\/wp\/v2\/product"}],"about":[{"href":"https:\/\/kangmaiaxle.com\/fr\/wp-json\/wp\/v2\/types\/product"}],"wp:featuredmedia":[{"embeddable":true,"href":"https:\/\/kangmaiaxle.com\/fr\/wp-json\/wp\/v2\/media\/9510"}],"wp:attachment":[{"href":"https:\/\/kangmaiaxle.com\/fr\/wp-json\/wp\/v2\/media?parent=9507"}],"wp:term":[{"taxonomy":"product_brand","embeddable":true,"href":"https:\/\/kangmaiaxle.com\/fr\/wp-json\/wp\/v2\/product_brand?post=9507"},{"taxonomy":"product_cat","embeddable":true,"href":"https:\/\/kangmaiaxle.com\/fr\/wp-json\/wp\/v2\/product_cat?post=9507"},{"taxonomy":"product_tag","embeddable":true,"href":"https:\/\/kangmaiaxle.com\/fr\/wp-json\/wp\/v2\/product_tag?post=9507"}],"curies":[{"name":"wp","href":"https:\/\/api.w.org\/{rel}","templated":true}]}}