{"id":9501,"date":"2026-05-07T03:14:21","date_gmt":"2026-05-07T03:14:21","guid":{"rendered":"http:\/\/kangmaiaxle.com\/?post_type=product&#038;p=9501"},"modified":"2026-05-07T05:39:28","modified_gmt":"2026-05-07T05:39:28","slug":"low-bed-series","status":"publish","type":"product","link":"https:\/\/kangmaiaxle.com\/fr\/produit\/serie-lit-bas\/","title":{"rendered":"S\u00e9rie lits bas"},"content":{"rendered":"<p>La s\u00e9rie Low-Bed est une solution de remorque \u00e0 usage intensif sp\u00e9cialement con\u00e7ue pour le transport d'engins de construction, de marchandises surdimensionn\u00e9es, d'\u00e9quipements miniers et de v\u00e9hicules industriels. Dot\u00e9e d'une structure \u00e0 plate-forme surbaiss\u00e9e et d'un ch\u00e2ssis renforc\u00e9, cette s\u00e9rie de remorques offre une stabilit\u00e9 accrue, une excellente capacit\u00e9 de charge et une s\u00e9curit\u00e9 de transport am\u00e9lior\u00e9e pour les op\u00e9rations de transport lourd sur de longues distances.<\/p>\n<div class=\"table-wrap\">\n<table>\n<tbody>\n<tr>\n<td width=\"48\">Mod\u00e8le<\/td>\n<td width=\"66\">Capacit\u00e9 (T)<\/td>\n<td width=\"49\">Frein (mm)<\/td>\n<td width=\"107\">Distance de la chambre de freinage L4<\/td>\n<td width=\"33\">Tube d'essieu (mm)<\/td>\n<td width=\"90\">Entraxe du si\u00e8ge du ressort L3<\/td>\n<td width=\"60\">\u00c9talon<\/td>\n<td width=\"52\"><strong><b>P.C.D<\/b><\/strong>D1<\/td>\n<td width=\"75\">Sur\u00e9paisseur de couture D2<\/td>\n<td width=\"42\">Voie L2(mm)<\/td>\n<td width=\"86\">Palier int\u00e9rieur\/ext\u00e9rieur<\/td>\n<td width=\"48\">Longueur totale L1(mm)<\/td>\n<td width=\"48\">Poids (KG)<\/td>\n<td width=\"62\">Recommander<strong><b>ed<\/b><\/strong>\u00a0<strong><b>Roue<\/b><\/strong><\/td>\n<\/tr>\n<tr>\n<td width=\"48\">ZY-A1087<\/td>\n<td width=\"66\">6<\/td>\n<td width=\"49\">300&#215;120<\/td>\n<td width=\"107\">960<\/td>\n<td width=\"33\">\u03c6109<\/td>\n<td width=\"90\">\u22651560<\/td>\n<td width=\"60\">6-M30x2<\/td>\n<td width=\"52\">\u03c6222<\/td>\n<td width=\"75\">\u03c6162<\/td>\n<td width=\"42\">2200<\/td>\n<td width=\"86\">7514\u00a0 \/ 7813<\/td>\n<td width=\"48\">\u22482460<\/td>\n<td width=\"48\">220<\/td>\n<td width=\"62\">5.50F-16<\/td>\n<\/tr>\n<tr>\n<td width=\"48\">ZY-A1088<\/td>\n<td width=\"66\">8<\/td>\n<td width=\"49\">300&#215;120<\/td>\n<td width=\"107\">960<\/td>\n<td width=\"33\">\u03c6121<\/td>\n<td width=\"90\">\u22651560<\/td>\n<td width=\"60\">6-M30x2<\/td>\n<td width=\"52\">\u03c6222<\/td>\n<td width=\"75\">\u03c6162<\/td>\n<td width=\"42\">2200<\/td>\n<td width=\"86\">7514 \/ 7813<\/td>\n<td width=\"48\">\u22482460<\/td>\n<td width=\"48\">235<\/td>\n<td width=\"62\">5.50F-16<\/td>\n<\/tr>\n<\/tbody>\n<\/table>\n<\/div>\n<p><img alt=\"\" fetchpriority=\"high\" decoding=\"async\" class=\"size-full wp-image-9504 aligncenter\" src=\"http:\/\/kangmaiaxle.com\/wp-content\/uploads\/2026\/05\/1-2.png\" width=\"1039\" height=\"315\" srcset=\"https:\/\/kangmaiaxle.com\/wp-content\/uploads\/2026\/05\/1-2.png 1039w, https:\/\/kangmaiaxle.com\/wp-content\/uploads\/2026\/05\/1-2-300x91.png 300w, https:\/\/kangmaiaxle.com\/wp-content\/uploads\/2026\/05\/1-2-1024x310.png 1024w, https:\/\/kangmaiaxle.com\/wp-content\/uploads\/2026\/05\/1-2-768x233.png 768w, https:\/\/kangmaiaxle.com\/wp-content\/uploads\/2026\/05\/1-2-18x5.png 18w, https:\/\/kangmaiaxle.com\/wp-content\/uploads\/2026\/05\/1-2-600x182.png 600w\" sizes=\"(max-width: 1039px) 100vw, 1039px\" \/><\/p>\n<h3 data-section-id=\"erbofp\" data-start=\"1224\" data-end=\"1246\">Avantages du produit<\/h3>\n<h4 data-start=\"1248\" data-end=\"1289\">1. Am\u00e9lioration de la stabilit\u00e9 des transports<\/h4>\n<p data-start=\"1290\" data-end=\"1388\">Le centre de gravit\u00e9 bas am\u00e9liore la s\u00e9curit\u00e9 de conduite et la stabilit\u00e9 lors du transport de machines lourdes.<\/p>\n<h4 data-start=\"1390\" data-end=\"1416\">2. Capacit\u00e9 de charge \u00e9lev\u00e9e<\/h4>\n<p data-start=\"1417\" data-end=\"1519\">Con\u00e7u pour le transport d'excavateurs, de bulldozers, de grues, de transformateurs et d'autres \u00e9quipements surdimensionn\u00e9s.<\/p>\n<h4 data-start=\"1521\" data-end=\"1551\">3. Chargement facile de l'\u00e9quipement<\/h4>\n<p data-start=\"1552\" data-end=\"1643\">Des rampes hydrauliques ou m\u00e9caniques en option simplifient les op\u00e9rations de chargement et de d\u00e9chargement des machines.<\/p>\n<h4 data-start=\"1645\" data-end=\"1681\">4. Forte durabilit\u00e9 structurelle<\/h4>\n<p data-start=\"1682\" data-end=\"1786\">La structure renforc\u00e9e du ch\u00e2ssis offre une excellente r\u00e9sistance aux charges lourdes et aux environnements routiers difficiles.<\/p>\n<h4 data-start=\"1788\" data-end=\"1822\">5. Nombreuses applications industrielles<\/h4>\n<p data-start=\"1823\" data-end=\"1923\">Convient aux projets d'ing\u00e9nierie, \u00e0 la logistique industrielle, au transport minier et aux op\u00e9rations portuaires.<\/p>","protected":false},"excerpt":{"rendered":"<p>Fabriqu\u00e9e avec des mat\u00e9riaux en acier \u00e0 haute r\u00e9sistance et une technologie de soudage avanc\u00e9e, la s\u00e9rie Low-Bed offre une durabilit\u00e9 structurelle exceptionnelle, des performances anti-torsion et un fonctionnement fiable dans des conditions de transport exigeantes.<\/p>","protected":false},"featured_media":9505,"template":"","meta":{"_seopress_robots_primary_cat":"","_seopress_titles_title":"Low-Bed Series Heavy Duty Trailer | Low Bed Semi Trailer for Machinery Transport","_seopress_titles_desc":"Low-Bed Series designed for transporting heavy equipment, construction machinery, and oversized cargo. Features reinforced chassis structure, low platform height, high load capacity, and stable long-distance transportation performance for industrial logistics applications.","_seopress_robots_index":"","site-sidebar-layout":"default","site-content-layout":"","ast-site-content-layout":"default","site-content-style":"default","site-sidebar-style":"default","ast-global-header-display":"","ast-banner-title-visibility":"","ast-main-header-display":"","ast-hfb-above-header-display":"","ast-hfb-below-header-display":"","ast-hfb-mobile-header-display":"","site-post-title":"","ast-breadcrumbs-content":"","ast-featured-img":"","footer-sml-layout":"","ast-disable-related-posts":"","theme-transparent-header-meta":"default","adv-header-id-meta":"","stick-header-meta":"default","header-above-stick-meta":"","header-main-stick-meta":"","header-below-stick-meta":"","astra-migrate-meta-layouts":"set","ast-page-background-enabled":"default","ast-page-background-meta":{"desktop":{"background-color":"var(--ast-global-color-4)","background-image":"","background-repeat":"repeat","background-position":"center center","background-size":"auto","background-attachment":"scroll","background-type":"","background-media":"","overlay-type":"","overlay-color":"","overlay-opacity":"","overlay-gradient":""},"tablet":{"background-color":"","background-image":"","background-repeat":"repeat","background-position":"center center","background-size":"auto","background-attachment":"scroll","background-type":"","background-media":"","overlay-type":"","overlay-color":"","overlay-opacity":"","overlay-gradient":""},"mobile":{"background-color":"","background-image":"","background-repeat":"repeat","background-position":"center center","background-size":"auto","background-attachment":"scroll","background-type":"","background-media":"","overlay-type":"","overlay-color":"","overlay-opacity":"","overlay-gradient":""}},"ast-content-background-meta":{"desktop":{"background-color":"var(--ast-global-color-5)","background-image":"","background-repeat":"repeat","background-position":"center center","background-size":"auto","background-attachment":"scroll","background-type":"","background-media":"","overlay-type":"","overlay-color":"","overlay-opacity":"","overlay-gradient":""},"tablet":{"background-color":"var(--ast-global-color-5)","background-image":"","background-repeat":"repeat","background-position":"center center","background-size":"auto","background-attachment":"scroll","background-type":"","background-media":"","overlay-type":"","overlay-color":"","overlay-opacity":"","overlay-gradient":""},"mobile":{"background-color":"var(--ast-global-color-5)","background-image":"","background-repeat":"repeat","background-position":"center center","background-size":"auto","background-attachment":"scroll","background-type":"","background-media":"","overlay-type":"","overlay-color":"","overlay-opacity":"","overlay-gradient":""}}},"product_brand":[],"product_cat":[93],"product_tag":[],"class_list":{"0":"post-9501","1":"product","2":"type-product","3":"status-publish","4":"has-post-thumbnail","6":"product_cat-low-bed-type-axle","7":"desktop-align-center","8":"tablet-align-left","9":"mobile-align-left","10":"ast-product-gallery-layout-horizontal-slider","11":"ast-product-gallery-with-no-image","12":"ast-product-tabs-layout-horizontal","14":"first","15":"instock","16":"featured","17":"shipping-taxable","18":"product-type-simple"},"_links":{"self":[{"href":"https:\/\/kangmaiaxle.com\/fr\/wp-json\/wp\/v2\/product\/9501","targetHints":{"allow":["GET"]}}],"collection":[{"href":"https:\/\/kangmaiaxle.com\/fr\/wp-json\/wp\/v2\/product"}],"about":[{"href":"https:\/\/kangmaiaxle.com\/fr\/wp-json\/wp\/v2\/types\/product"}],"wp:featuredmedia":[{"embeddable":true,"href":"https:\/\/kangmaiaxle.com\/fr\/wp-json\/wp\/v2\/media\/9505"}],"wp:attachment":[{"href":"https:\/\/kangmaiaxle.com\/fr\/wp-json\/wp\/v2\/media?parent=9501"}],"wp:term":[{"taxonomy":"product_brand","embeddable":true,"href":"https:\/\/kangmaiaxle.com\/fr\/wp-json\/wp\/v2\/product_brand?post=9501"},{"taxonomy":"product_cat","embeddable":true,"href":"https:\/\/kangmaiaxle.com\/fr\/wp-json\/wp\/v2\/product_cat?post=9501"},{"taxonomy":"product_tag","embeddable":true,"href":"https:\/\/kangmaiaxle.com\/fr\/wp-json\/wp\/v2\/product_tag?post=9501"}],"curies":[{"name":"wp","href":"https:\/\/api.w.org\/{rel}","templated":true}]}}