{"id":9496,"date":"2026-05-07T03:06:48","date_gmt":"2026-05-07T03:06:48","guid":{"rendered":"http:\/\/kangmaiaxle.com\/?post_type=product&#038;p=9496"},"modified":"2026-05-07T05:39:26","modified_gmt":"2026-05-07T05:39:26","slug":"low-loader-series","status":"publish","type":"product","link":"https:\/\/kangmaiaxle.com\/fr\/produit\/serie-surbaissee\/","title":{"rendered":"S\u00e9rie surbaiss\u00e9e"},"content":{"rendered":"<p>La s\u00e9rie Low-Loader est une solution de transport \u00e0 usage intensif sp\u00e9cialement con\u00e7ue pour le transport de marchandises surdimensionn\u00e9es, d'engins de construction, d'\u00e9quipements miniers et de v\u00e9hicules industriels. Dot\u00e9e d'un plancher bas et d'une structure renforc\u00e9e, cette s\u00e9rie de remorques offre une stabilit\u00e9 de chargement sup\u00e9rieure, une capacit\u00e9 de chargement accrue et une s\u00e9curit\u00e9 renforc\u00e9e pendant le transport sur de longues distances.<\/p>\n<div class=\"table-wrap\">\n<table>\n<tbody>\n<tr>\n<td width=\"50\">Mod\u00e8le<\/td>\n<td width=\"68\">Capacit\u00e9( T)<\/td>\n<td width=\"50\">Frein (mm)<\/td>\n<td width=\"109\">Distance de la chambre de freinage L4<\/td>\n<td width=\"36\">Tube d'essieu (mm)<\/td>\n<td width=\"91\">Entraxe du si\u00e8ge du ressort L3<\/td>\n<td width=\"59\">\u00c9talon<\/td>\n<td width=\"55\">P.C.D D1<\/td>\n<td width=\"75\">Sur\u00e9paisseur de couture D2<\/td>\n<td width=\"43\">Voie L2(mm)<\/td>\n<td width=\"88\">Palier int\u00e9rieur\/ext\u00e9rieur<\/td>\n<td width=\"50\">Longueur totale L1(mm)<\/td>\n<td width=\"48\">Poids (KG)<\/td>\n<td width=\"64\">Roue recommand\u00e9e<\/td>\n<\/tr>\n<tr>\n<td width=\"50\">ZY-A1085<\/td>\n<td width=\"68\">10<\/td>\n<td width=\"50\">311&#215;190<\/td>\n<td width=\"109\">420<\/td>\n<td width=\"36\">\u03c6127<\/td>\n<td width=\"91\">\u22651000<\/td>\n<td width=\"59\">10-M22x1,5<\/td>\n<td width=\"55\">225<\/td>\n<td width=\"75\">176<\/td>\n<td width=\"43\">1850<\/td>\n<td width=\"88\">HM58445<\/td>\n<td width=\"50\">\u22482166<\/td>\n<td width=\"48\">275<\/td>\n<td width=\"64\">6.5-16<\/td>\n<\/tr>\n<tr>\n<td width=\"50\">ZY-A1086<\/td>\n<td width=\"68\">11<\/td>\n<td width=\"50\">311&#215;190<\/td>\n<td width=\"109\">448<\/td>\n<td width=\"36\">\u03c6127<\/td>\n<td width=\"91\">\u22651000<\/td>\n<td width=\"59\">0-M22x1,5<\/td>\n<td width=\"55\">225<\/td>\n<td width=\"75\">176<\/td>\n<td width=\"43\">1850<\/td>\n<td width=\"88\">33213 HM518445<\/td>\n<td width=\"50\">\u22482166<\/td>\n<td width=\"48\">290<\/td>\n<td width=\"64\">6.5-16<\/td>\n<\/tr>\n<\/tbody>\n<\/table>\n<\/div>\n<p><img alt=\"\" fetchpriority=\"high\" decoding=\"async\" class=\"size-full wp-image-9499 aligncenter\" src=\"http:\/\/kangmaiaxle.com\/wp-content\/uploads\/2026\/05\/0.png\" width=\"1091\" height=\"282\" srcset=\"https:\/\/kangmaiaxle.com\/wp-content\/uploads\/2026\/05\/0.png 1091w, https:\/\/kangmaiaxle.com\/wp-content\/uploads\/2026\/05\/0-300x78.png 300w, https:\/\/kangmaiaxle.com\/wp-content\/uploads\/2026\/05\/0-1024x265.png 1024w, https:\/\/kangmaiaxle.com\/wp-content\/uploads\/2026\/05\/0-768x199.png 768w, https:\/\/kangmaiaxle.com\/wp-content\/uploads\/2026\/05\/0-18x5.png 18w, https:\/\/kangmaiaxle.com\/wp-content\/uploads\/2026\/05\/0-600x155.png 600w\" sizes=\"(max-width: 1091px) 100vw, 1091px\" \/><\/p>\n<h3 data-section-id=\"erbofp\" data-start=\"1267\" data-end=\"1289\">Avantages du produit<\/h3>\n<h4 data-start=\"1291\" data-end=\"1322\">1. Abaissement du centre de gravit\u00e9<\/h4>\n<p data-start=\"1323\" data-end=\"1423\">La structure de la plate-forme basse am\u00e9liore la stabilit\u00e9 de conduite et la s\u00e9curit\u00e9 de transport des machines lourdes.<\/p>\n<h4 data-start=\"1425\" data-end=\"1453\">2. Forte capacit\u00e9 de charge<\/h4>\n<p data-start=\"1454\" data-end=\"1553\">Con\u00e7u pour le transport d'excavateurs, de bulldozers, de grues et d'autres \u00e9quipements industriels surdimensionn\u00e9s.<\/p>\n<h4 data-start=\"1555\" data-end=\"1587\">3. Chargement et d\u00e9chargement faciles<\/h4>\n<p data-start=\"1588\" data-end=\"1665\">Des rampes hydrauliques ou m\u00e9caniques en option simplifient les op\u00e9rations de chargement des \u00e9quipements.<\/p>\n<h4 data-start=\"1667\" data-end=\"1700\">4. Conception structurelle durable<\/h4>\n<p data-start=\"1701\" data-end=\"1793\">La construction du cadre renforc\u00e9 offre une excellente r\u00e9sistance \u00e0 la fatigue et une dur\u00e9e de vie plus longue.<\/p>\n<h4 data-start=\"1795\" data-end=\"1825\">5. Large gamme d'applications<\/h4>\n<p data-start=\"1826\" data-end=\"1927\">Convient aux projets de construction, aux op\u00e9rations mini\u00e8res, \u00e0 la logistique industrielle et au transport portuaire.<\/p>","protected":false},"excerpt":{"rendered":"<p>Fabriqu\u00e9e avec des mat\u00e9riaux en acier \u00e0 haute r\u00e9sistance et une technologie de soudage avanc\u00e9e, la s\u00e9rie Low-Loader offre une excellente capacit\u00e9 de charge, une forte r\u00e9sistance \u00e0 la torsion et une longue dur\u00e9e de vie, ce qui la rend id\u00e9ale pour les applications de transport exigeantes dans le monde entier.<\/p>","protected":false},"featured_media":9500,"template":"","meta":{"_seopress_robots_primary_cat":"","_seopress_titles_title":"Low-Loader Series for Heavy Equipment Transport | Heavy Duty Low Bed Trailer","_seopress_titles_desc":"Low-Loader Series designed for heavy machinery, construction equipment, and oversized cargo transportation. Features low deck height, strong load capacity, reinforced chassis structure, and stable long-distance transport performance for industrial logistics applications.","_seopress_robots_index":"","site-sidebar-layout":"default","site-content-layout":"","ast-site-content-layout":"default","site-content-style":"default","site-sidebar-style":"default","ast-global-header-display":"","ast-banner-title-visibility":"","ast-main-header-display":"","ast-hfb-above-header-display":"","ast-hfb-below-header-display":"","ast-hfb-mobile-header-display":"","site-post-title":"","ast-breadcrumbs-content":"","ast-featured-img":"","footer-sml-layout":"","ast-disable-related-posts":"","theme-transparent-header-meta":"default","adv-header-id-meta":"","stick-header-meta":"default","header-above-stick-meta":"","header-main-stick-meta":"","header-below-stick-meta":"","astra-migrate-meta-layouts":"set","ast-page-background-enabled":"default","ast-page-background-meta":{"desktop":{"background-color":"var(--ast-global-color-4)","background-image":"","background-repeat":"repeat","background-position":"center center","background-size":"auto","background-attachment":"scroll","background-type":"","background-media":"","overlay-type":"","overlay-color":"","overlay-opacity":"","overlay-gradient":""},"tablet":{"background-color":"","background-image":"","background-repeat":"repeat","background-position":"center center","background-size":"auto","background-attachment":"scroll","background-type":"","background-media":"","overlay-type":"","overlay-color":"","overlay-opacity":"","overlay-gradient":""},"mobile":{"background-color":"","background-image":"","background-repeat":"repeat","background-position":"center center","background-size":"auto","background-attachment":"scroll","background-type":"","background-media":"","overlay-type":"","overlay-color":"","overlay-opacity":"","overlay-gradient":""}},"ast-content-background-meta":{"desktop":{"background-color":"var(--ast-global-color-5)","background-image":"","background-repeat":"repeat","background-position":"center center","background-size":"auto","background-attachment":"scroll","background-type":"","background-media":"","overlay-type":"","overlay-color":"","overlay-opacity":"","overlay-gradient":""},"tablet":{"background-color":"var(--ast-global-color-5)","background-image":"","background-repeat":"repeat","background-position":"center center","background-size":"auto","background-attachment":"scroll","background-type":"","background-media":"","overlay-type":"","overlay-color":"","overlay-opacity":"","overlay-gradient":""},"mobile":{"background-color":"var(--ast-global-color-5)","background-image":"","background-repeat":"repeat","background-position":"center center","background-size":"auto","background-attachment":"scroll","background-type":"","background-media":"","overlay-type":"","overlay-color":"","overlay-opacity":"","overlay-gradient":""}}},"product_brand":[],"product_cat":[93],"product_tag":[],"class_list":{"0":"post-9496","1":"product","2":"type-product","3":"status-publish","4":"has-post-thumbnail","6":"product_cat-low-bed-type-axle","7":"desktop-align-center","8":"tablet-align-left","9":"mobile-align-left","10":"ast-product-gallery-layout-horizontal-slider","11":"ast-product-gallery-with-no-image","12":"ast-product-tabs-layout-horizontal","14":"first","15":"instock","16":"featured","17":"shipping-taxable","18":"product-type-simple"},"_links":{"self":[{"href":"https:\/\/kangmaiaxle.com\/fr\/wp-json\/wp\/v2\/product\/9496","targetHints":{"allow":["GET"]}}],"collection":[{"href":"https:\/\/kangmaiaxle.com\/fr\/wp-json\/wp\/v2\/product"}],"about":[{"href":"https:\/\/kangmaiaxle.com\/fr\/wp-json\/wp\/v2\/types\/product"}],"wp:featuredmedia":[{"embeddable":true,"href":"https:\/\/kangmaiaxle.com\/fr\/wp-json\/wp\/v2\/media\/9500"}],"wp:attachment":[{"href":"https:\/\/kangmaiaxle.com\/fr\/wp-json\/wp\/v2\/media?parent=9496"}],"wp:term":[{"taxonomy":"product_brand","embeddable":true,"href":"https:\/\/kangmaiaxle.com\/fr\/wp-json\/wp\/v2\/product_brand?post=9496"},{"taxonomy":"product_cat","embeddable":true,"href":"https:\/\/kangmaiaxle.com\/fr\/wp-json\/wp\/v2\/product_cat?post=9496"},{"taxonomy":"product_tag","embeddable":true,"href":"https:\/\/kangmaiaxle.com\/fr\/wp-json\/wp\/v2\/product_tag?post=9496"}],"curies":[{"name":"wp","href":"https:\/\/api.w.org\/{rel}","templated":true}]}}