{"id":9490,"date":"2026-05-07T03:01:25","date_gmt":"2026-05-07T03:01:25","guid":{"rendered":"http:\/\/kangmaiaxle.com\/?post_type=product&#038;p=9490"},"modified":"2026-05-07T05:39:52","modified_gmt":"2026-05-07T05:39:52","slug":"german-spoke-axle-series","status":"publish","type":"product","link":"https:\/\/kangmaiaxle.com\/fr\/produit\/serie-dessieux-a-rayons-allemands\/","title":{"rendered":"S\u00e9rie d'essieux \u00e0 rayons allemands"},"content":{"rendered":"<p>La s\u00e9rie d'essieux \u00e0 rayons allemands est un syst\u00e8me d'essieu de remorque \u00e0 usage intensif qui combine une technologie d'essieu de type europ\u00e9en avec une construction robuste de moyeu de roue \u00e0 rayons. Con\u00e7ue pour le transport minier, les v\u00e9hicules d'ing\u00e9nierie, les remorques de marchandises lourdes et les applications de transport tout-terrain, cette s\u00e9rie d'essieux offre des performances exceptionnelles en mati\u00e8re de portance, une durabilit\u00e9 sup\u00e9rieure et une efficacit\u00e9 de freinage stable dans des conditions d'utilisation exigeantes.<\/p>\n<div class=\"table-wrap\">\n<table>\n<tbody>\n<tr>\n<td width=\"50\">Mod\u00e8le<\/td>\n<td width=\"64\">Capacit\u00e9 (T)<\/td>\n<td width=\"50\">Frein (mm)<\/td>\n<td width=\"105\">Distance de la chambre de freinage L4<\/td>\n<td width=\"34\">Tube d'essieu (mm)<\/td>\n<td width=\"88\">Entraxe du si\u00e8ge du ressort L3<\/td>\n<td width=\"58\">\u00c9talon<\/td>\n<td width=\"53\">P.C.D D1<\/td>\n<td width=\"74\">Sur\u00e9paisseur de couture D2<\/td>\n<td width=\"41\">Voie L2(mm)<\/td>\n<td width=\"85\">Palier int\u00e9rieur\/ext\u00e9rieur<\/td>\n<td width=\"48\">Longueur totale L1(mm)<\/td>\n<td width=\"47\">Poids (KG)<\/td>\n<td width=\"63\">Roue recommand\u00e9e<\/td>\n<\/tr>\n<tr>\n<td width=\"50\">ZY-A1074<\/td>\n<td width=\"64\">12<\/td>\n<td width=\"50\">420&#215;180<\/td>\n<td width=\"105\">419<\/td>\n<td width=\"34\">\u25a1150<\/td>\n<td width=\"88\">\u2265980<\/td>\n<td width=\"58\">6-M20x2<\/td>\n<td width=\"53\">335<\/td>\n<td width=\"74\">\u03c6290<\/td>\n<td width=\"41\">1850<\/td>\n<td width=\"85\">3321333118<\/td>\n<td width=\"48\">\u22482155<\/td>\n<td width=\"47\">\u2248435<\/td>\n<td width=\"63\">8.00V-24 147-24<\/td>\n<\/tr>\n<tr>\n<td width=\"50\">Z Y-A1075<\/td>\n<td width=\"64\">13<\/td>\n<td width=\"50\">420&#215;200<\/td>\n<td width=\"105\">380<\/td>\n<td width=\"34\">\u25a1150<\/td>\n<td width=\"88\">\u2265980<\/td>\n<td width=\"58\">6-M20x2<\/td>\n<td width=\"53\">335<\/td>\n<td width=\"74\">\u03c6290<\/td>\n<td width=\"41\">1850<\/td>\n<td width=\"85\">3321333118<\/td>\n<td width=\"48\">\u22482155<\/td>\n<td width=\"47\">\u2248450<\/td>\n<td width=\"63\">8.00V-24 147-24<\/td>\n<\/tr>\n<tr>\n<td width=\"50\">ZY-A1076<\/td>\n<td width=\"64\">14<\/td>\n<td width=\"50\">420\u00d7200<\/td>\n<td width=\"105\">250<\/td>\n<td width=\"34\">\u25a1150<\/td>\n<td width=\"88\">\u2265900<\/td>\n<td width=\"58\">6-M20x2<\/td>\n<td width=\"53\">335<\/td>\n<td width=\"74\">\u03c6290<\/td>\n<td width=\"41\">1850<\/td>\n<td width=\"85\">3221933215<\/td>\n<td width=\"48\">\u22482192<\/td>\n<td width=\"47\">\u2248475<\/td>\n<td width=\"63\">8.00V-24 147-24<\/td>\n<\/tr>\n<tr>\n<td width=\"50\">Z Y-A1077<\/td>\n<td width=\"64\">16<\/td>\n<td width=\"50\">420&#215;200<\/td>\n<td width=\"105\">250<\/td>\n<td width=\"34\">\u25a1150<\/td>\n<td width=\"88\">\u2265900<\/td>\n<td width=\"58\">6-M20\u00d72<\/td>\n<td width=\"53\">335<\/td>\n<td width=\"74\">\u03c6290<\/td>\n<td width=\"41\">1850<\/td>\n<td width=\"85\">32314\u00a032222<\/td>\n<td width=\"48\">\u22482260<\/td>\n<td width=\"47\">\u2248512<\/td>\n<td width=\"63\">8.5V-24 147-24<\/td>\n<\/tr>\n<tr>\n<td width=\"50\">ZY-A1078<\/td>\n<td width=\"64\">16<\/td>\n<td width=\"50\">420\u00d7200<\/td>\n<td width=\"105\">250<\/td>\n<td width=\"34\">\u25a1150<\/td>\n<td width=\"88\">\u2265900<\/td>\n<td width=\"58\">6-M20x2<\/td>\n<td width=\"53\">335<\/td>\n<td width=\"74\">\u03c6290<\/td>\n<td width=\"41\">1850<\/td>\n<td width=\"85\">3231432222<\/td>\n<td width=\"48\">\u22482260<\/td>\n<td width=\"47\">\u2248532<\/td>\n<td width=\"63\">8.5V-24 130-20<\/td>\n<\/tr>\n<\/tbody>\n<\/table>\n<\/div>\n<p><img alt=\"\" fetchpriority=\"high\" decoding=\"async\" class=\"size-full wp-image-9493 aligncenter\" src=\"http:\/\/kangmaiaxle.com\/wp-content\/uploads\/2026\/05\/\u56fe\u72478.png\" width=\"1014\" height=\"303\" srcset=\"https:\/\/kangmaiaxle.com\/wp-content\/uploads\/2026\/05\/\u56fe\u72478.png 1014w, https:\/\/kangmaiaxle.com\/wp-content\/uploads\/2026\/05\/\u56fe\u72478-300x90.png 300w, https:\/\/kangmaiaxle.com\/wp-content\/uploads\/2026\/05\/\u56fe\u72478-768x229.png 768w, https:\/\/kangmaiaxle.com\/wp-content\/uploads\/2026\/05\/\u56fe\u72478-18x5.png 18w, https:\/\/kangmaiaxle.com\/wp-content\/uploads\/2026\/05\/\u56fe\u72478-600x179.png 600w\" sizes=\"(max-width: 1014px) 100vw, 1014px\" \/><\/p>\n<h3 data-section-id=\"erbofp\" data-start=\"1377\" data-end=\"1399\">Avantages du produit<\/h3>\n<h4 data-start=\"1401\" data-end=\"1435\">1. Forte capacit\u00e9 de charge<\/h4>\n<p data-start=\"1436\" data-end=\"1541\">Con\u00e7us pour l'exploitation mini\u00e8re, la construction et le transport industriel exigeant des performances \u00e9lev\u00e9es en mati\u00e8re de portance.<\/p>\n<h4 data-start=\"1543\" data-end=\"1571\">2. Excellente durabilit\u00e9<\/h4>\n<p data-start=\"1572\" data-end=\"1676\">La structure renforc\u00e9e du moyeu \u00e0 rayons am\u00e9liore la r\u00e9sistance \u00e0 la d\u00e9formation, aux vibrations et aux conditions routi\u00e8res difficiles.<\/p>\n<h4 data-start=\"1678\" data-end=\"1714\">3. Des performances de freinage fiables<\/h4>\n<p data-start=\"1715\" data-end=\"1807\">Des composants de frein de haute qualit\u00e9 assurent une efficacit\u00e9 de freinage stable et am\u00e9liorent la s\u00e9curit\u00e9 de la conduite.<\/p>\n<h4 data-start=\"1809\" data-end=\"1849\">4. Adaptabilit\u00e9 aux conditions difficiles<\/h4>\n<p data-start=\"1850\" data-end=\"1942\">Convient aux routes de montagne, aux sites miniers, aux zones de construction et aux voies de transport non rev\u00eatues.<\/p>\n<h4 data-start=\"1944\" data-end=\"1968\">5. Facilit\u00e9 d'entretien<\/h4>\n<p data-start=\"1969\" data-end=\"2062\">La structure simple des roues \u00e0 rayons permet de les remplacer facilement et de r\u00e9duire les co\u00fbts d'entretien.<\/p>","protected":false},"excerpt":{"rendered":"<p>Fabriqu\u00e9e avec des poutres d'essieu en acier alli\u00e9 \u00e0 haute r\u00e9sistance et des composants de freinage con\u00e7us avec pr\u00e9cision, la s\u00e9rie d'essieux \u00e0 rayons allemands garantit un fonctionnement fiable, une excellente r\u00e9sistance \u00e0 la fatigue et une longue dur\u00e9e de vie. La structure du moyeu de la roue \u00e0 rayons am\u00e9liore la r\u00e9sistance aux chocs et la rend parfaitement adapt\u00e9e aux terrains accident\u00e9s et aux environnements de transport de charges lourdes.<\/p>","protected":false},"featured_media":9494,"template":"","meta":{"_seopress_robots_primary_cat":"","_seopress_titles_title":"German Spoke Axle Series for Heavy Duty Trailers | European Type Spoke Wheel Axle","_seopress_titles_desc":"German Spoke Axle Series designed for heavy-duty trailers, mining transport, and engineering vehicles. Features European axle technology, spoke wheel hub structure, strong load capacity, reliable braking performance, and excellent durability for harsh road conditions.","_seopress_robots_index":"","site-sidebar-layout":"default","site-content-layout":"","ast-site-content-layout":"default","site-content-style":"default","site-sidebar-style":"default","ast-global-header-display":"","ast-banner-title-visibility":"","ast-main-header-display":"","ast-hfb-above-header-display":"","ast-hfb-below-header-display":"","ast-hfb-mobile-header-display":"","site-post-title":"","ast-breadcrumbs-content":"","ast-featured-img":"","footer-sml-layout":"","ast-disable-related-posts":"","theme-transparent-header-meta":"default","adv-header-id-meta":"","stick-header-meta":"default","header-above-stick-meta":"","header-main-stick-meta":"","header-below-stick-meta":"","astra-migrate-meta-layouts":"set","ast-page-background-enabled":"default","ast-page-background-meta":{"desktop":{"background-color":"var(--ast-global-color-4)","background-image":"","background-repeat":"repeat","background-position":"center center","background-size":"auto","background-attachment":"scroll","background-type":"","background-media":"","overlay-type":"","overlay-color":"","overlay-opacity":"","overlay-gradient":""},"tablet":{"background-color":"","background-image":"","background-repeat":"repeat","background-position":"center center","background-size":"auto","background-attachment":"scroll","background-type":"","background-media":"","overlay-type":"","overlay-color":"","overlay-opacity":"","overlay-gradient":""},"mobile":{"background-color":"","background-image":"","background-repeat":"repeat","background-position":"center center","background-size":"auto","background-attachment":"scroll","background-type":"","background-media":"","overlay-type":"","overlay-color":"","overlay-opacity":"","overlay-gradient":""}},"ast-content-background-meta":{"desktop":{"background-color":"var(--ast-global-color-5)","background-image":"","background-repeat":"repeat","background-position":"center center","background-size":"auto","background-attachment":"scroll","background-type":"","background-media":"","overlay-type":"","overlay-color":"","overlay-opacity":"","overlay-gradient":""},"tablet":{"background-color":"var(--ast-global-color-5)","background-image":"","background-repeat":"repeat","background-position":"center center","background-size":"auto","background-attachment":"scroll","background-type":"","background-media":"","overlay-type":"","overlay-color":"","overlay-opacity":"","overlay-gradient":""},"mobile":{"background-color":"var(--ast-global-color-5)","background-image":"","background-repeat":"repeat","background-position":"center center","background-size":"auto","background-attachment":"scroll","background-type":"","background-media":"","overlay-type":"","overlay-color":"","overlay-opacity":"","overlay-gradient":""}}},"product_brand":[],"product_cat":[88],"product_tag":[],"class_list":{"0":"post-9490","1":"product","2":"type-product","3":"status-publish","4":"has-post-thumbnail","6":"product_cat-germany-type-axle","7":"desktop-align-center","8":"tablet-align-left","9":"mobile-align-left","10":"ast-product-gallery-layout-horizontal-slider","11":"ast-product-gallery-with-no-image","12":"ast-product-tabs-layout-horizontal","14":"first","15":"instock","16":"featured","17":"shipping-taxable","18":"product-type-simple"},"_links":{"self":[{"href":"https:\/\/kangmaiaxle.com\/fr\/wp-json\/wp\/v2\/product\/9490","targetHints":{"allow":["GET"]}}],"collection":[{"href":"https:\/\/kangmaiaxle.com\/fr\/wp-json\/wp\/v2\/product"}],"about":[{"href":"https:\/\/kangmaiaxle.com\/fr\/wp-json\/wp\/v2\/types\/product"}],"wp:featuredmedia":[{"embeddable":true,"href":"https:\/\/kangmaiaxle.com\/fr\/wp-json\/wp\/v2\/media\/9494"}],"wp:attachment":[{"href":"https:\/\/kangmaiaxle.com\/fr\/wp-json\/wp\/v2\/media?parent=9490"}],"wp:term":[{"taxonomy":"product_brand","embeddable":true,"href":"https:\/\/kangmaiaxle.com\/fr\/wp-json\/wp\/v2\/product_brand?post=9490"},{"taxonomy":"product_cat","embeddable":true,"href":"https:\/\/kangmaiaxle.com\/fr\/wp-json\/wp\/v2\/product_cat?post=9490"},{"taxonomy":"product_tag","embeddable":true,"href":"https:\/\/kangmaiaxle.com\/fr\/wp-json\/wp\/v2\/product_tag?post=9490"}],"curies":[{"name":"wp","href":"https:\/\/api.w.org\/{rel}","templated":true}]}}