{"id":9485,"date":"2026-05-07T02:55:24","date_gmt":"2026-05-07T02:55:24","guid":{"rendered":"http:\/\/kangmaiaxle.com\/?post_type=product&#038;p=9485"},"modified":"2026-05-07T05:39:42","modified_gmt":"2026-05-07T05:39:42","slug":"german-type-axle-series","status":"publish","type":"product","link":"https:\/\/kangmaiaxle.com\/fr\/produit\/serie-dessieux-de-type-allemand\/","title":{"rendered":"S\u00e9rie d'essieux de type allemand"},"content":{"rendered":"<div class=\"table-wrap\">\n<p>La s\u00e9rie d'essieux de type allemand est un syst\u00e8me d'essieu de remorque haut de gamme con\u00e7u conform\u00e9ment aux normes techniques europ\u00e9ennes, largement utilis\u00e9 dans les semi-remorques, les remorques porte-conteneurs, les remorques-citernes, les remorques frigorifiques et d'autres v\u00e9hicules de transport commercial \u00e0 usage intensif. Connue pour son efficacit\u00e9 de freinage sup\u00e9rieure, son excellente stabilit\u00e9 et sa longue dur\u00e9e de vie, cette s\u00e9rie d'essieux convient parfaitement aux applications de transport \u00e0 grande vitesse et sur de longues distances.<\/p>\n<table>\n<tbody>\n<tr>\n<td width=\"46\">Mod\u00e8le<\/td>\n<td width=\"64\">Capacit\u00e9 (T)<\/td>\n<td width=\"49\">Frein (mm)<\/td>\n<td width=\"104\">Distance de la chambre de freinage L4<\/td>\n<td width=\"33\">Tube d'essieu (mm)<\/td>\n<td width=\"87\">Entraxe du si\u00e8ge du ressort L3<\/td>\n<td width=\"58\">\u00c9talon<\/td>\n<td width=\"51\">P.C.D D1<\/td>\n<td width=\"73\">Sur\u00e9paisseur de couture D2<\/td>\n<td width=\"41\">Voie L2(mm)<\/td>\n<td width=\"84\">Roulement int\u00e9rieur\/ext\u00e9rieur<\/td>\n<td width=\"46\">Longueur totale L1(mm)<\/td>\n<td width=\"47\">Poids (KG)<\/td>\n<td width=\"60\">Recommander\u00a0<strong><b>ed<\/b><\/strong>\u00a0<strong><b>Whee<\/b><\/strong>l<\/td>\n<\/tr>\n<tr>\n<td width=\"46\">ZY-A1069<\/td>\n<td width=\"64\">12<\/td>\n<td width=\"49\">420&#215;180<\/td>\n<td width=\"104\">420<\/td>\n<td width=\"33\">\u25a1150<\/td>\n<td width=\"87\">\u2265980<\/td>\n<td width=\"58\">0-M22x1,5<\/td>\n<td width=\"51\">335<\/td>\n<td width=\"73\">280.8<\/td>\n<td width=\"41\">1840<\/td>\n<td width=\"84\">3311833213<\/td>\n<td width=\"46\">\u22482158<\/td>\n<td width=\"47\">375<\/td>\n<td width=\"60\">7.5V-20<\/td>\n<\/tr>\n<tr>\n<td width=\"46\">ZY-A1070<\/td>\n<td width=\"64\">13<\/td>\n<td width=\"49\">420&#215;200<\/td>\n<td width=\"104\">360<\/td>\n<td width=\"33\">\u25a1150<\/td>\n<td width=\"87\">\u2265900<\/td>\n<td width=\"58\">10-M22x1,5<\/td>\n<td width=\"51\">335<\/td>\n<td width=\"73\">280.8<\/td>\n<td width=\"41\">1840<\/td>\n<td width=\"84\">331183213<\/td>\n<td width=\"46\">\u22482158<\/td>\n<td width=\"47\">390<\/td>\n<td width=\"60\">7.5V-20<\/td>\n<\/tr>\n<tr>\n<td width=\"46\">ZY-A1071<\/td>\n<td width=\"64\">14<\/td>\n<td width=\"49\">420&#215;200<\/td>\n<td width=\"104\">356<\/td>\n<td width=\"33\">\u25a1150<\/td>\n<td width=\"87\">\u2265900<\/td>\n<td width=\"58\">0-M2x1,5<\/td>\n<td width=\"51\">335<\/td>\n<td width=\"73\">280.8<\/td>\n<td width=\"41\">1840<\/td>\n<td width=\"84\">3221933215<\/td>\n<td width=\"46\">\u22482172<\/td>\n<td width=\"47\">420<\/td>\n<td width=\"60\">8.0V-20<\/td>\n<\/tr>\n<tr>\n<td width=\"46\">ZY-A1072<\/td>\n<td width=\"64\">15<\/td>\n<td width=\"49\">420&#215;200<\/td>\n<td width=\"104\">360<\/td>\n<td width=\"33\">\u25a1150<\/td>\n<td width=\"87\">\u2265900<\/td>\n<td width=\"58\">10-M22x1,5<\/td>\n<td width=\"51\">335<\/td>\n<td width=\"73\">280.8<\/td>\n<td width=\"41\">1840<\/td>\n<td width=\"84\">322232314<\/td>\n<td width=\"46\">\u22482245<\/td>\n<td width=\"47\">440<\/td>\n<td width=\"60\">8.5V-20<\/td>\n<\/tr>\n<tr>\n<td width=\"46\">ZY-A1073<\/td>\n<td width=\"64\">18<\/td>\n<td width=\"49\">420&#215;220<\/td>\n<td width=\"104\">380<\/td>\n<td width=\"33\">\u25a1150<\/td>\n<td width=\"87\">\u2265900<\/td>\n<td width=\"58\">10-M22x1,5<\/td>\n<td width=\"51\">335<\/td>\n<td width=\"73\">280.8<\/td>\n<td width=\"41\">1850<\/td>\n<td width=\"84\">322232314<\/td>\n<td width=\"46\">\u22482245<\/td>\n<td width=\"47\">45<\/td>\n<td width=\"60\">8.5V-20<\/td>\n<\/tr>\n<\/tbody>\n<\/table>\n<\/div>\n<p><img alt=\"\" fetchpriority=\"high\" decoding=\"async\" class=\"size-full wp-image-9488 aligncenter\" src=\"http:\/\/kangmaiaxle.com\/wp-content\/uploads\/2026\/05\/\u56fe\u72476.png\" width=\"949\" height=\"291\" srcset=\"https:\/\/kangmaiaxle.com\/wp-content\/uploads\/2026\/05\/\u56fe\u72476.png 949w, https:\/\/kangmaiaxle.com\/wp-content\/uploads\/2026\/05\/\u56fe\u72476-300x92.png 300w, https:\/\/kangmaiaxle.com\/wp-content\/uploads\/2026\/05\/\u56fe\u72476-768x235.png 768w, https:\/\/kangmaiaxle.com\/wp-content\/uploads\/2026\/05\/\u56fe\u72476-18x6.png 18w, https:\/\/kangmaiaxle.com\/wp-content\/uploads\/2026\/05\/\u56fe\u72476-600x184.png 600w\" sizes=\"(max-width: 949px) 100vw, 949px\" \/><\/p>\n<h3 data-section-id=\"erbofp\" data-start=\"1260\" data-end=\"1282\">Avantages du produit<\/h3>\n<h4 data-start=\"1284\" data-end=\"1320\">1. Performance de freinage sup\u00e9rieure<\/h4>\n<p data-start=\"1321\" data-end=\"1428\">\u00c9quip\u00e9 de tambours de frein et de composants de freinage de haute qualit\u00e9 pour des performances de freinage efficaces et stables.<\/p>\n<h4 data-start=\"1430\" data-end=\"1465\">2. Fonctionnement r\u00e9gulier \u00e0 grande vitesse<\/h4>\n<p data-start=\"1466\" data-end=\"1579\">La conception structurelle optimis\u00e9e r\u00e9duit les vibrations et am\u00e9liore la stabilit\u00e9 de la conduite pendant le transport sur de longues distances.<\/p>\n<h4 data-start=\"1581\" data-end=\"1606\">3. Longue dur\u00e9e de vie<\/h4>\n<p data-start=\"1607\" data-end=\"1720\">Les faisceaux d'essieu trait\u00e9s thermiquement et les composants de l'axe usin\u00e9s avec pr\u00e9cision garantissent une durabilit\u00e9 et une r\u00e9sistance \u00e0 l'usure accrues.<\/p>\n<h4 data-start=\"1722\" data-end=\"1750\">4. Faible co\u00fbt d'entretien<\/h4>\n<p data-start=\"1751\" data-end=\"1827\">La conception modulaire facilite l'entretien et le remplacement des principaux composants.<\/p>\n<h4 data-start=\"1829\" data-end=\"1855\">5. Large compatibilit\u00e9<\/h4>\n<p data-start=\"1856\" data-end=\"1941\">Convient \u00e0 de multiples configurations de remorques et aux industries du transport dans le monde entier.<\/p>","protected":false},"excerpt":{"rendered":"<p>Fabriqu\u00e9e avec des essieux en acier alli\u00e9 \u00e0 haute r\u00e9sistance et une technologie d'usinage de pr\u00e9cision, la s\u00e9rie d'essieux de type allemand offre une durabilit\u00e9 exceptionnelle, une capacit\u00e9 de charge \u00e9lev\u00e9e et des performances de s\u00e9curit\u00e9 fiables dans des conditions routi\u00e8res exigeantes.<\/p>","protected":false},"featured_media":9489,"template":"","meta":{"_seopress_robots_primary_cat":"","_seopress_titles_title":"German Type Axle Series for Semi Trailers | European Standard Heavy Duty Trailer Axle","_seopress_titles_desc":"German Type Axle Series designed for semi trailers, tanker trailers, and heavy-duty logistics transport. Features European standard design, reliable braking performance, strong load capacity, smooth operation, and long service life for commercial transportation applications.","_seopress_robots_index":"","site-sidebar-layout":"default","site-content-layout":"","ast-site-content-layout":"default","site-content-style":"default","site-sidebar-style":"default","ast-global-header-display":"","ast-banner-title-visibility":"","ast-main-header-display":"","ast-hfb-above-header-display":"","ast-hfb-below-header-display":"","ast-hfb-mobile-header-display":"","site-post-title":"","ast-breadcrumbs-content":"","ast-featured-img":"","footer-sml-layout":"","ast-disable-related-posts":"","theme-transparent-header-meta":"default","adv-header-id-meta":"","stick-header-meta":"default","header-above-stick-meta":"","header-main-stick-meta":"","header-below-stick-meta":"","astra-migrate-meta-layouts":"set","ast-page-background-enabled":"default","ast-page-background-meta":{"desktop":{"background-color":"var(--ast-global-color-4)","background-image":"","background-repeat":"repeat","background-position":"center center","background-size":"auto","background-attachment":"scroll","background-type":"","background-media":"","overlay-type":"","overlay-color":"","overlay-opacity":"","overlay-gradient":""},"tablet":{"background-color":"","background-image":"","background-repeat":"repeat","background-position":"center center","background-size":"auto","background-attachment":"scroll","background-type":"","background-media":"","overlay-type":"","overlay-color":"","overlay-opacity":"","overlay-gradient":""},"mobile":{"background-color":"","background-image":"","background-repeat":"repeat","background-position":"center center","background-size":"auto","background-attachment":"scroll","background-type":"","background-media":"","overlay-type":"","overlay-color":"","overlay-opacity":"","overlay-gradient":""}},"ast-content-background-meta":{"desktop":{"background-color":"var(--ast-global-color-5)","background-image":"","background-repeat":"repeat","background-position":"center center","background-size":"auto","background-attachment":"scroll","background-type":"","background-media":"","overlay-type":"","overlay-color":"","overlay-opacity":"","overlay-gradient":""},"tablet":{"background-color":"var(--ast-global-color-5)","background-image":"","background-repeat":"repeat","background-position":"center center","background-size":"auto","background-attachment":"scroll","background-type":"","background-media":"","overlay-type":"","overlay-color":"","overlay-opacity":"","overlay-gradient":""},"mobile":{"background-color":"var(--ast-global-color-5)","background-image":"","background-repeat":"repeat","background-position":"center center","background-size":"auto","background-attachment":"scroll","background-type":"","background-media":"","overlay-type":"","overlay-color":"","overlay-opacity":"","overlay-gradient":""}}},"product_brand":[],"product_cat":[88],"product_tag":[],"class_list":{"0":"post-9485","1":"product","2":"type-product","3":"status-publish","4":"has-post-thumbnail","6":"product_cat-germany-type-axle","7":"desktop-align-center","8":"tablet-align-left","9":"mobile-align-left","10":"ast-product-gallery-layout-horizontal-slider","11":"ast-product-gallery-with-no-image","12":"ast-product-tabs-layout-horizontal","14":"first","15":"instock","16":"featured","17":"shipping-taxable","18":"product-type-simple"},"_links":{"self":[{"href":"https:\/\/kangmaiaxle.com\/fr\/wp-json\/wp\/v2\/product\/9485","targetHints":{"allow":["GET"]}}],"collection":[{"href":"https:\/\/kangmaiaxle.com\/fr\/wp-json\/wp\/v2\/product"}],"about":[{"href":"https:\/\/kangmaiaxle.com\/fr\/wp-json\/wp\/v2\/types\/product"}],"wp:featuredmedia":[{"embeddable":true,"href":"https:\/\/kangmaiaxle.com\/fr\/wp-json\/wp\/v2\/media\/9489"}],"wp:attachment":[{"href":"https:\/\/kangmaiaxle.com\/fr\/wp-json\/wp\/v2\/media?parent=9485"}],"wp:term":[{"taxonomy":"product_brand","embeddable":true,"href":"https:\/\/kangmaiaxle.com\/fr\/wp-json\/wp\/v2\/product_brand?post=9485"},{"taxonomy":"product_cat","embeddable":true,"href":"https:\/\/kangmaiaxle.com\/fr\/wp-json\/wp\/v2\/product_cat?post=9485"},{"taxonomy":"product_tag","embeddable":true,"href":"https:\/\/kangmaiaxle.com\/fr\/wp-json\/wp\/v2\/product_tag?post=9485"}],"curies":[{"name":"wp","href":"https:\/\/api.w.org\/{rel}","templated":true}]}}