{"id":9482,"date":"2026-05-07T02:37:08","date_gmt":"2026-05-07T02:37:08","guid":{"rendered":"http:\/\/kangmaiaxle.com\/?post_type=product&#038;p=9482"},"modified":"2026-05-07T05:40:31","modified_gmt":"2026-05-07T05:40:31","slug":"spoke-axle-series","status":"publish","type":"product","link":"https:\/\/kangmaiaxle.com\/fr\/produit\/serie-dessieux-a-rayons\/","title":{"rendered":"S\u00e9rie d'essieux \u00e0 rayons"},"content":{"rendered":"<p>La s\u00e9rie d'essieux \u00e0 rayons est un syst\u00e8me d'essieux \u00e0 usage intensif sp\u00e9cialement con\u00e7u pour les remorques commerciales, les v\u00e9hicules de transport technique, les camions miniers et les applications de transport tout-terrain \u00e0 usage intensif. Dot\u00e9e d'une structure de moyeu de roue \u00e0 rayons, cette s\u00e9rie d'essieux offre des performances de charge sup\u00e9rieures, une excellente durabilit\u00e9 et une r\u00e9sistance accrue aux conditions de travail difficiles.<\/p>\n<div class=\"table-wrap\">\n<table>\n<tbody>\n<tr>\n<td width=\"47\">Mod\u00e8le<\/td>\n<td width=\"64\">Capacit\u00e9 (T)<\/td>\n<td width=\"47\">Frein (m)<\/td>\n<td width=\"103\">Distance de la chambre de freinage L4<\/td>\n<td width=\"32\">Tube d'essieu (mm)<\/td>\n<td width=\"86\">Entraxe du si\u00e8ge du ressort L3<\/td>\n<td width=\"57\">\u00c9talon<\/td>\n<td width=\"51\">P.C.D D1<\/td>\n<td width=\"73\">Sur\u00e9paisseur de couture D2<\/td>\n<td width=\"40\">Voie L2(mm)<\/td>\n<td width=\"83\">Palier int\u00e9rieur\/ext\u00e9rieur<\/td>\n<td width=\"45\">Longueur totale L1(mm)<\/td>\n<td width=\"47\">Poids (KG)<\/td>\n<td width=\"59\">Roue recommand\u00e9e<\/td>\n<\/tr>\n<tr>\n<td width=\"47\">ZY-A1079<\/td>\n<td width=\"64\">13<\/td>\n<td width=\"47\">420&#215;180<\/td>\n<td width=\"103\">383<\/td>\n<td width=\"32\">\u03c6127<\/td>\n<td width=\"86\">\u2265980<\/td>\n<td width=\"57\">5&#215;3\/4&#8243;<\/td>\n<td width=\"51\">\u03c6285.75<\/td>\n<td width=\"73\">\u03c6241<\/td>\n<td width=\"40\">1850<\/td>\n<td width=\"83\">HM518445<\/td>\n<td width=\"45\">\u22482180<\/td>\n<td width=\"47\">375<\/td>\n<td width=\"59\">20\u2033\u00d75 Type de rayons<\/td>\n<\/tr>\n<tr>\n<td width=\"47\">ZY-A1080<\/td>\n<td width=\"64\">13<\/td>\n<td width=\"47\">420&#215;180<\/td>\n<td width=\"103\">383<\/td>\n<td width=\"32\">\u03c6127<\/td>\n<td width=\"86\">\u2265980<\/td>\n<td width=\"57\">6\u00d73\/4\"<\/td>\n<td width=\"51\">\u03c6285.75<\/td>\n<td width=\"73\">\u03c6241<\/td>\n<td width=\"40\">1850<\/td>\n<td width=\"83\">HM51845<\/td>\n<td width=\"45\">\u22482180<\/td>\n<td width=\"47\">380<\/td>\n<td width=\"59\">20\u2033\u00d76 Type de rayons<\/td>\n<\/tr>\n<tr>\n<td width=\"47\">ZY-A108<\/td>\n<td width=\"64\">13<\/td>\n<td width=\"47\">420&#215;180<\/td>\n<td width=\"103\">383<\/td>\n<td width=\"32\">\u03c6127<\/td>\n<td width=\"86\">\u2265980<\/td>\n<td width=\"57\">5\u00d73\/4\"<\/td>\n<td width=\"51\">\u03c6285.75<\/td>\n<td width=\"73\">\u03c6241<\/td>\n<td width=\"40\">1850<\/td>\n<td width=\"83\">HM518445<\/td>\n<td width=\"45\">\u22482180<\/td>\n<td width=\"47\">370<\/td>\n<td width=\"59\">20\u2033\u00d75 Type de rayons<\/td>\n<\/tr>\n<tr>\n<td width=\"47\">ZY-A1082<\/td>\n<td width=\"64\">13<\/td>\n<td width=\"47\">420&#215;180<\/td>\n<td width=\"103\">383<\/td>\n<td width=\"32\">\u03c6127<\/td>\n<td width=\"86\">\u2265980<\/td>\n<td width=\"57\">6\u00d73\/4\"<\/td>\n<td width=\"51\">\u03c6285.75<\/td>\n<td width=\"73\">\u03c6241<\/td>\n<td width=\"40\">1850<\/td>\n<td width=\"83\">HM518445<\/td>\n<td width=\"45\">\u22482180<\/td>\n<td width=\"47\">375<\/td>\n<td width=\"59\">20\u2033\u00d76 Type de rayons<\/td>\n<\/tr>\n<tr>\n<td width=\"47\">ZY-A1083<\/td>\n<td width=\"64\">13<\/td>\n<td width=\"47\">420&#215;180<\/td>\n<td width=\"103\">383<\/td>\n<td width=\"32\">\u03c6150<\/td>\n<td width=\"86\">\u2265940<\/td>\n<td width=\"57\">5\u00d73\/4\"<\/td>\n<td width=\"51\">\u03c6285.75<\/td>\n<td width=\"73\">\u03c6241<\/td>\n<td width=\"40\">1850<\/td>\n<td width=\"83\">HM518445<\/td>\n<td width=\"45\">\u22482180<\/td>\n<td width=\"47\">370<\/td>\n<td width=\"59\">20\u2033\u00d75 Type de rayons<\/td>\n<\/tr>\n<tr>\n<td width=\"47\">ZY-A1084<\/td>\n<td width=\"64\">13<\/td>\n<td width=\"47\">420&#215;180<\/td>\n<td width=\"103\">383<\/td>\n<td width=\"32\">\u03c6150<\/td>\n<td width=\"86\">\u2265940<\/td>\n<td width=\"57\">5&#215;3\/4&#8243;<\/td>\n<td width=\"51\">\u03c6285.75<\/td>\n<td width=\"73\">\u03c6241<\/td>\n<td width=\"40\">1850<\/td>\n<td width=\"83\">HM518445<\/td>\n<td width=\"45\">\u22482180<\/td>\n<td width=\"47\">378<\/td>\n<td width=\"59\">20\u2033\u00d76 Type de rayons<\/td>\n<\/tr>\n<\/tbody>\n<\/table>\n<\/div>\n<p><img alt=\"\" fetchpriority=\"high\" decoding=\"async\" class=\"wp-image-9484 size-full aligncenter\" src=\"http:\/\/kangmaiaxle.com\/wp-content\/uploads\/2026\/05\/\u56fe\u72474.png\" width=\"1030\" height=\"332\" srcset=\"https:\/\/kangmaiaxle.com\/wp-content\/uploads\/2026\/05\/\u56fe\u72474.png 1030w, https:\/\/kangmaiaxle.com\/wp-content\/uploads\/2026\/05\/\u56fe\u72474-300x97.png 300w, https:\/\/kangmaiaxle.com\/wp-content\/uploads\/2026\/05\/\u56fe\u72474-1024x330.png 1024w, https:\/\/kangmaiaxle.com\/wp-content\/uploads\/2026\/05\/\u56fe\u72474-768x248.png 768w, https:\/\/kangmaiaxle.com\/wp-content\/uploads\/2026\/05\/\u56fe\u72474-18x6.png 18w, https:\/\/kangmaiaxle.com\/wp-content\/uploads\/2026\/05\/\u56fe\u72474-600x193.png 600w\" sizes=\"(max-width: 1030px) 100vw, 1030px\" \/><\/p>\n<h3 data-section-id=\"erbofp\" data-start=\"1251\" data-end=\"1273\">Avantages du produit<\/h3>\n<h4 data-start=\"1275\" data-end=\"1303\">1. Forte capacit\u00e9 de charge<\/h4>\n<p data-start=\"1304\" data-end=\"1426\">Con\u00e7us pour les applications de transport lourd, ils sont capables de supporter de grandes charges de marchandises et des conditions d'utilisation difficiles.<\/p>\n<h4 data-start=\"1428\" data-end=\"1455\">2. Durabilit\u00e9 sup\u00e9rieure<\/h4>\n<p data-start=\"1456\" data-end=\"1548\">La structure renforc\u00e9e du moyeu \u00e0 rayons am\u00e9liore la r\u00e9sistance \u00e0 la d\u00e9formation et aux contraintes m\u00e9caniques.<\/p>\n<h4 data-start=\"1550\" data-end=\"1588\">3. Excellentes performances hors route<\/h4>\n<p data-start=\"1589\" data-end=\"1683\">Id\u00e9al pour les zones mini\u00e8res, les chantiers de construction, les routes de montagne et les voies de transport non pav\u00e9es.<\/p>\n<h4 data-start=\"1685\" data-end=\"1715\">4. Entretien pratique<\/h4>\n<p data-start=\"1716\" data-end=\"1805\">La conception structurelle simple permet de remplacer rapidement les roues et de r\u00e9duire les temps d'arr\u00eat pour maintenance.<\/p>\n<h4 data-start=\"1807\" data-end=\"1836\">5. Syst\u00e8me de freinage stable<\/h4>\n<p data-start=\"1837\" data-end=\"1935\">\u00c9quip\u00e9 de composants de frein \u00e0 tambour de haute qualit\u00e9 pour garantir l'efficacit\u00e9 et la s\u00e9curit\u00e9 du freinage.<\/p>","protected":false},"excerpt":{"rendered":"<p>Fabriqu\u00e9e \u00e0 partir de poutres d'essieu en acier alli\u00e9 \u00e0 haute r\u00e9sistance et de composants con\u00e7us avec pr\u00e9cision, la s\u00e9rie d'essieux \u00e0 rayons garantit un fonctionnement stable sous de lourdes charges et sur des terrains accident\u00e9s. Sa conception structurelle robuste la rend id\u00e9ale pour les r\u00e9gions et les industries o\u00f9 la durabilit\u00e9 et la facilit\u00e9 d'entretien sont essentielles.<\/p>","protected":false},"featured_media":9483,"template":"","meta":{"_seopress_robots_primary_cat":"none","_seopress_titles_title":"Spoke Axle Series for Heavy Duty Trailers | Mining & Engineering Trailer Axle","_seopress_titles_desc":"Spoke Axle Series designed for heavy-duty trailers, mining transport, and engineering vehicles. Features strong load capacity, durable spoke hub structure, reliable braking performance, and excellent off-road adaptability for demanding transportation conditions.","_seopress_robots_index":"","site-sidebar-layout":"default","site-content-layout":"","ast-site-content-layout":"default","site-content-style":"default","site-sidebar-style":"default","ast-global-header-display":"","ast-banner-title-visibility":"","ast-main-header-display":"","ast-hfb-above-header-display":"","ast-hfb-below-header-display":"","ast-hfb-mobile-header-display":"","site-post-title":"","ast-breadcrumbs-content":"","ast-featured-img":"","footer-sml-layout":"","ast-disable-related-posts":"","theme-transparent-header-meta":"default","adv-header-id-meta":"","stick-header-meta":"default","header-above-stick-meta":"","header-main-stick-meta":"","header-below-stick-meta":"","astra-migrate-meta-layouts":"set","ast-page-background-enabled":"default","ast-page-background-meta":{"desktop":{"background-color":"var(--ast-global-color-4)","background-image":"","background-repeat":"repeat","background-position":"center center","background-size":"auto","background-attachment":"scroll","background-type":"","background-media":"","overlay-type":"","overlay-color":"","overlay-opacity":"","overlay-gradient":""},"tablet":{"background-color":"","background-image":"","background-repeat":"repeat","background-position":"center center","background-size":"auto","background-attachment":"scroll","background-type":"","background-media":"","overlay-type":"","overlay-color":"","overlay-opacity":"","overlay-gradient":""},"mobile":{"background-color":"","background-image":"","background-repeat":"repeat","background-position":"center center","background-size":"auto","background-attachment":"scroll","background-type":"","background-media":"","overlay-type":"","overlay-color":"","overlay-opacity":"","overlay-gradient":""}},"ast-content-background-meta":{"desktop":{"background-color":"var(--ast-global-color-5)","background-image":"","background-repeat":"repeat","background-position":"center center","background-size":"auto","background-attachment":"scroll","background-type":"","background-media":"","overlay-type":"","overlay-color":"","overlay-opacity":"","overlay-gradient":""},"tablet":{"background-color":"var(--ast-global-color-5)","background-image":"","background-repeat":"repeat","background-position":"center center","background-size":"auto","background-attachment":"scroll","background-type":"","background-media":"","overlay-type":"","overlay-color":"","overlay-opacity":"","overlay-gradient":""},"mobile":{"background-color":"var(--ast-global-color-5)","background-image":"","background-repeat":"repeat","background-position":"center center","background-size":"auto","background-attachment":"scroll","background-type":"","background-media":"","overlay-type":"","overlay-color":"","overlay-opacity":"","overlay-gradient":""}}},"product_brand":[],"product_cat":[87],"product_tag":[],"class_list":{"0":"post-9482","1":"product","2":"type-product","3":"status-publish","4":"has-post-thumbnail","6":"product_cat-american-type-axle","7":"desktop-align-center","8":"tablet-align-left","9":"mobile-align-left","10":"ast-product-gallery-layout-horizontal-slider","11":"ast-product-gallery-with-no-image","12":"ast-product-tabs-layout-horizontal","14":"first","15":"instock","16":"featured","17":"shipping-taxable","18":"product-type-simple"},"_links":{"self":[{"href":"https:\/\/kangmaiaxle.com\/fr\/wp-json\/wp\/v2\/product\/9482","targetHints":{"allow":["GET"]}}],"collection":[{"href":"https:\/\/kangmaiaxle.com\/fr\/wp-json\/wp\/v2\/product"}],"about":[{"href":"https:\/\/kangmaiaxle.com\/fr\/wp-json\/wp\/v2\/types\/product"}],"wp:featuredmedia":[{"embeddable":true,"href":"https:\/\/kangmaiaxle.com\/fr\/wp-json\/wp\/v2\/media\/9483"}],"wp:attachment":[{"href":"https:\/\/kangmaiaxle.com\/fr\/wp-json\/wp\/v2\/media?parent=9482"}],"wp:term":[{"taxonomy":"product_brand","embeddable":true,"href":"https:\/\/kangmaiaxle.com\/fr\/wp-json\/wp\/v2\/product_brand?post=9482"},{"taxonomy":"product_cat","embeddable":true,"href":"https:\/\/kangmaiaxle.com\/fr\/wp-json\/wp\/v2\/product_cat?post=9482"},{"taxonomy":"product_tag","embeddable":true,"href":"https:\/\/kangmaiaxle.com\/fr\/wp-json\/wp\/v2\/product_tag?post=9482"}],"curies":[{"name":"wp","href":"https:\/\/api.w.org\/{rel}","templated":true}]}}