{"id":9476,"date":"2026-05-07T02:03:54","date_gmt":"2026-05-07T02:03:54","guid":{"rendered":"http:\/\/kangmaiaxle.com\/?post_type=product&#038;p=9476"},"modified":"2026-05-07T05:40:19","modified_gmt":"2026-05-07T05:40:19","slug":"outboard-drum-axle-series","status":"publish","type":"product","link":"https:\/\/kangmaiaxle.com\/fr\/produit\/serie-dessieux-hors-bord-a-tambour\/","title":{"rendered":"S\u00e9rie d'essieux \u00e0 tambour hors-bord"},"content":{"rendered":"<p>La s\u00e9rie d'essieux \u00e0 tambour ext\u00e9rieur est un syst\u00e8me d'essieu de remorque \u00e0 usage intensif largement utilis\u00e9 dans les semi-remorques, les remorques porte-conteneurs, les remorques \u00e0 plateau, les remorques surbaiss\u00e9es et d'autres v\u00e9hicules de transport commercial. Dot\u00e9 d'une structure de tambour de frein ext\u00e9rieur, cet essieu permet une maintenance plus rapide, un remplacement plus facile des freins et une meilleure dissipation de la chaleur, ce qui le rend id\u00e9al pour les applications de transport sur de longues distances et de lourdes charges.<\/p>\n<div class=\"table-wrap\">\n<table>\n<tbody>\n<tr>\n<td width=\"47\">Mod\u00e8le<\/td>\n<td width=\"66\">Capacit\u00e9 (T)<\/td>\n<td width=\"50\">Frein (mm)<\/td>\n<td width=\"105\">Distance de la chambre de freinage L4<\/td>\n<td width=\"33\">Tube d'essieu (mm)<\/td>\n<td width=\"88\">Entraxe du si\u00e8ge du ressort L3<\/td>\n<td width=\"58\">\u00c9talon<\/td>\n<td width=\"53\">P.C.D D1<\/td>\n<td width=\"67\">Sur\u00e9paisseur de couture D2<\/td>\n<td width=\"43\">Voie L2(mm)<\/td>\n<td width=\"85\">Palier int\u00e9rieur\/ext\u00e9rieur<\/td>\n<td width=\"46\">Longueur totale L1(mm)<\/td>\n<td width=\"48\">Poids (KG)<\/td>\n<td width=\"62\">Roue recommand\u00e9e<\/td>\n<\/tr>\n<tr>\n<td width=\"47\">ZY-A1056<\/td>\n<td width=\"66\">13<\/td>\n<td width=\"50\">420&#215;180<\/td>\n<td width=\"105\">392<\/td>\n<td width=\"33\">\u03c6127<\/td>\n<td width=\"88\">\u2265970<\/td>\n<td width=\"58\">10-M22x1,5<\/td>\n<td width=\"53\">285.75<\/td>\n<td width=\"67\">220.8<\/td>\n<td width=\"43\">1840<\/td>\n<td width=\"85\">HM518445\/10<\/td>\n<td width=\"46\">\u22482180<\/td>\n<td width=\"48\">345<\/td>\n<td width=\"62\">7.50V-20<\/td>\n<\/tr>\n<tr>\n<td width=\"47\">ZY-A1057<\/td>\n<td width=\"66\">13<\/td>\n<td width=\"50\">420&#215;180<\/td>\n<td width=\"105\">388<\/td>\n<td width=\"33\">\u03c6127<\/td>\n<td width=\"88\">\u2265970<\/td>\n<td width=\"58\">10-M22x1,5<\/td>\n<td width=\"53\">335<\/td>\n<td width=\"67\">280.8<\/td>\n<td width=\"43\">1840<\/td>\n<td width=\"85\">HM518445\/10<\/td>\n<td width=\"46\">\u22482180<\/td>\n<td width=\"48\">365<\/td>\n<td width=\"62\">7.50V-20<\/td>\n<\/tr>\n<tr>\n<td width=\"47\">ZY-A1058<\/td>\n<td width=\"66\">13<\/td>\n<td width=\"50\">420&#215;200<\/td>\n<td width=\"105\">372<\/td>\n<td width=\"33\">\u03c6127<\/td>\n<td width=\"88\">\u2265970<\/td>\n<td width=\"58\">10-M22x1,5<\/td>\n<td width=\"53\">285.75<\/td>\n<td width=\"67\">220.8<\/td>\n<td width=\"43\">1840<\/td>\n<td width=\"85\">HM518445\/10<\/td>\n<td width=\"46\">\u22482180<\/td>\n<td width=\"48\">348<\/td>\n<td width=\"62\">7.50V-20<\/td>\n<\/tr>\n<tr>\n<td width=\"47\">ZY-A1059<\/td>\n<td width=\"66\">13<\/td>\n<td width=\"50\">420&#215;200<\/td>\n<td width=\"105\">372<\/td>\n<td width=\"33\">\u03c6127<\/td>\n<td width=\"88\">\u2265970<\/td>\n<td width=\"58\">10-M22x1,5<\/td>\n<td width=\"53\">335<\/td>\n<td width=\"67\">280.8<\/td>\n<td width=\"43\">1840<\/td>\n<td width=\"85\">HM518445\/10<\/td>\n<td width=\"46\">\u22482180<\/td>\n<td width=\"48\">360<\/td>\n<td width=\"62\">7.50V-20<\/td>\n<\/tr>\n<tr>\n<td width=\"47\">ZY-A1060<\/td>\n<td width=\"66\">13<\/td>\n<td width=\"50\">420&#215;180<\/td>\n<td width=\"105\">392<\/td>\n<td width=\"33\">\u03c6127<\/td>\n<td width=\"88\">\u2265970<\/td>\n<td width=\"58\">10-M22x1,5<\/td>\n<td width=\"53\">285.75<\/td>\n<td width=\"67\">220.8<\/td>\n<td width=\"43\">1840<\/td>\n<td width=\"85\">HM518445\/10<\/td>\n<td width=\"46\">\u22482180<\/td>\n<td width=\"48\">340<\/td>\n<td width=\"62\">7.50V-20<\/td>\n<\/tr>\n<tr>\n<td width=\"47\">ZY-A1061<\/td>\n<td width=\"66\">13<\/td>\n<td width=\"50\">420&#215;180<\/td>\n<td width=\"105\">388<\/td>\n<td width=\"33\">\u03c6127<\/td>\n<td width=\"88\">\u2265970<\/td>\n<td width=\"58\">10-M22x1,5<\/td>\n<td width=\"53\">335<\/td>\n<td width=\"67\">280.8<\/td>\n<td width=\"43\">1840<\/td>\n<td width=\"85\">HM518445\/10<\/td>\n<td width=\"46\">\u22482180<\/td>\n<td width=\"48\">358<\/td>\n<td width=\"62\">7.50V-20<\/td>\n<\/tr>\n<tr>\n<td width=\"47\">ZY-A1062<\/td>\n<td width=\"66\">13<\/td>\n<td width=\"50\">420&#215;200<\/td>\n<td width=\"105\">372<\/td>\n<td width=\"33\">\u03c6127<\/td>\n<td width=\"88\">\u2265970<\/td>\n<td width=\"58\">10-M22x1,5<\/td>\n<td width=\"53\">285.75<\/td>\n<td width=\"67\">220.8<\/td>\n<td width=\"43\">1840<\/td>\n<td width=\"85\">HM518445\/10<\/td>\n<td width=\"46\">\u22482180<\/td>\n<td width=\"48\">343<\/td>\n<td width=\"62\">7.50V-20<\/td>\n<\/tr>\n<tr>\n<td width=\"47\">ZY-A1063<\/td>\n<td width=\"66\">13<\/td>\n<td width=\"50\">420\u00d7200<\/td>\n<td width=\"105\">372<\/td>\n<td width=\"33\">\u03c6127<\/td>\n<td width=\"88\">\u2265970<\/td>\n<td width=\"58\">10-M22x1,5<\/td>\n<td width=\"53\">335<\/td>\n<td width=\"67\">280.8<\/td>\n<td width=\"43\">1840<\/td>\n<td width=\"85\">HM518445\/10<\/td>\n<td width=\"46\">\u22482180<\/td>\n<td width=\"48\">355<\/td>\n<td width=\"62\">7.50V-20<\/td>\n<\/tr>\n<tr>\n<td width=\"47\">ZY-A1064<\/td>\n<td width=\"66\">13<\/td>\n<td width=\"50\">420&#215;180<\/td>\n<td width=\"105\">392<\/td>\n<td width=\"33\">\u03c6150<\/td>\n<td width=\"88\">\u2265930<\/td>\n<td width=\"58\">10-M22x1,5<\/td>\n<td width=\"53\">285.75<\/td>\n<td width=\"67\">220.8<\/td>\n<td width=\"43\">1840<\/td>\n<td width=\"85\">HM518445\/10<\/td>\n<td width=\"46\">\u22482180<\/td>\n<td width=\"48\">343<\/td>\n<td width=\"62\">7.50V-20<\/td>\n<\/tr>\n<tr>\n<td width=\"47\">ZY-A1065<\/td>\n<td width=\"66\">13<\/td>\n<td width=\"50\">420&#215;180<\/td>\n<td width=\"105\">388<\/td>\n<td width=\"33\">\u03c6150<\/td>\n<td width=\"88\">\u2265930<\/td>\n<td width=\"58\">10-M22x1,5<\/td>\n<td width=\"53\">335<\/td>\n<td width=\"67\">280.8<\/td>\n<td width=\"43\">1840<\/td>\n<td width=\"85\">HM518445\/10<\/td>\n<td width=\"46\">\u22482180<\/td>\n<td width=\"48\">362<\/td>\n<td width=\"62\">7.50V-20<\/td>\n<\/tr>\n<tr>\n<td width=\"47\">ZY-A1066<\/td>\n<td width=\"66\">13<\/td>\n<td width=\"50\">420&#215;200<\/td>\n<td width=\"105\">372<\/td>\n<td width=\"33\">\u03c6150<\/td>\n<td width=\"88\">\u2265930<\/td>\n<td width=\"58\">10-N22x1,5<\/td>\n<td width=\"53\">285.75<\/td>\n<td width=\"67\">220.8<\/td>\n<td width=\"43\">1840<\/td>\n<td width=\"85\">HM518445\/10<\/td>\n<td width=\"46\">\u22482180<\/td>\n<td width=\"48\">348<\/td>\n<td width=\"62\">7.50V-20<\/td>\n<\/tr>\n<tr>\n<td width=\"47\">ZY-A1067<\/td>\n<td width=\"66\">13<\/td>\n<td width=\"50\">420&#215;200<\/td>\n<td width=\"105\">372<\/td>\n<td width=\"33\">\u03c6150<\/td>\n<td width=\"88\">\u2265930<\/td>\n<td width=\"58\">10-M22x1,5<\/td>\n<td width=\"53\">335<\/td>\n<td width=\"67\">280.8<\/td>\n<td width=\"43\">1840<\/td>\n<td width=\"85\">HM518445\/10<\/td>\n<td width=\"46\">\u22482180<\/td>\n<td width=\"48\">360<\/td>\n<td width=\"62\">7.50V-20<\/td>\n<\/tr>\n<tr>\n<td width=\"47\">ZY-A1068<\/td>\n<td width=\"66\">16<\/td>\n<td width=\"50\">420&#215;200<\/td>\n<td width=\"105\">358<\/td>\n<td width=\"33\">\u03c6150<\/td>\n<td width=\"88\">\u2265940<\/td>\n<td width=\"58\">10-M22x1,5<\/td>\n<td width=\"53\">335<\/td>\n<td width=\"67\">280.8<\/td>\n<td width=\"43\">1850<\/td>\n<td width=\"85\">HM220149\/10 HM518445\/10<\/td>\n<td width=\"46\">\u22482200<\/td>\n<td width=\"48\">405<\/td>\n<td width=\"62\">8.0V-20<\/td>\n<\/tr>\n<\/tbody>\n<\/table>\n<\/div>\n<p><img alt=\"\" fetchpriority=\"high\" decoding=\"async\" class=\"size-full wp-image-9480 aligncenter\" src=\"http:\/\/kangmaiaxle.com\/wp-content\/uploads\/2026\/05\/\u56fe\u72472-2.png\" width=\"936\" height=\"232\" srcset=\"https:\/\/kangmaiaxle.com\/wp-content\/uploads\/2026\/05\/\u56fe\u72472-2.png 936w, https:\/\/kangmaiaxle.com\/wp-content\/uploads\/2026\/05\/\u56fe\u72472-2-300x74.png 300w, https:\/\/kangmaiaxle.com\/wp-content\/uploads\/2026\/05\/\u56fe\u72472-2-768x190.png 768w, https:\/\/kangmaiaxle.com\/wp-content\/uploads\/2026\/05\/\u56fe\u72472-2-18x4.png 18w, https:\/\/kangmaiaxle.com\/wp-content\/uploads\/2026\/05\/\u56fe\u72472-2-600x149.png 600w\" sizes=\"(max-width: 936px) 100vw, 936px\" \/><\/p>\n<p>&nbsp;<\/p>\n<p>Fabriqu\u00e9s avec des essieux en acier alli\u00e9 \u00e0 haute r\u00e9sistance et des composants de broche usin\u00e9s avec pr\u00e9cision, les essieux \u00e0 tambour ext\u00e9rieur offrent une capacit\u00e9 de charge, une durabilit\u00e9 et une stabilit\u00e9 de freinage excellentes dans des conditions routi\u00e8res exigeantes. Elle est disponible dans de multiples capacit\u00e9s et configurations pour r\u00e9pondre aux diverses exigences de transport dans le monde entier.<\/p>\n<h3 data-section-id=\"erbofp\" data-start=\"1484\" data-end=\"1506\">Avantages du produit<\/h3>\n<ol data-start=\"1507\" data-end=\"2170\">\n<li data-section-id=\"1imymlv\" data-start=\"1507\" data-end=\"1647\">Entretien facile<br data-start=\"1526\" data-end=\"1529\" \/>La structure externe du tambour permet de retirer rapidement les tambours de frein et les roues, ce qui r\u00e9duit le temps de maintenance et les co\u00fbts de main-d'\u0153uvre.<\/li>\n<li data-section-id=\"1pt400k\" data-start=\"1649\" data-end=\"1771\">Forte capacit\u00e9 de charge<br data-start=\"1672\" data-end=\"1675\" \/>Con\u00e7us pour les applications de transport de charges lourdes avec des capacit\u00e9s allant g\u00e9n\u00e9ralement de 11 \u00e0 16 tonnes.<\/li>\n<li data-section-id=\"1pzyapd\" data-start=\"1773\" data-end=\"1895\">Des performances de freinage fiables<br data-start=\"1804\" data-end=\"1807\" \/>Des garnitures de frein de haute qualit\u00e9 et des composants de pr\u00e9cision garantissent un freinage stable et efficace.<\/li>\n<li data-section-id=\"plsmpa\" data-start=\"1897\" data-end=\"2023\">Longue dur\u00e9e de vie<br data-start=\"1917\" data-end=\"1920\" \/>Les faisceaux d'essieu trait\u00e9s thermiquement et les surfaces d'axe tremp\u00e9es offrent une excellente r\u00e9sistance \u00e0 l'usure et une grande long\u00e9vit\u00e9.<\/li>\n<li data-section-id=\"m2nj3q\" data-start=\"2025\" data-end=\"2170\">Large gamme d'applications<br data-start=\"2050\" data-end=\"2053\" \/>Convient au transport de conteneurs, \u00e0 la logistique technique, au transport minier et aux op\u00e9rations de fret sur de longues distances.<\/li>\n<\/ol>","protected":false},"excerpt":{"rendered":"<p>Il s'agit d'une structure d'essieu de type am\u00e9ricain largement utilis\u00e9e dans les semi-remorques, les remorques surbaiss\u00e9es, les camions porte-conteneurs et les v\u00e9hicules logistiques lourds.<\/p>","protected":false},"featured_media":9479,"template":"","meta":{"_seopress_robots_primary_cat":"none","_seopress_titles_title":"Outboard Drum Axle Series for Semi Trailer | Heavy Duty Trailer Axle Manufacturer","_seopress_titles_desc":"Outboard Drum Axle Series designed for semi trailers, flatbed trailers, and heavy-duty transport applications. Features high load capacity, reliable braking performance, easy maintenance, and long service life. Custom axle configurations available for global transportation markets.","_seopress_robots_index":"","site-sidebar-layout":"default","site-content-layout":"","ast-site-content-layout":"default","site-content-style":"default","site-sidebar-style":"default","ast-global-header-display":"","ast-banner-title-visibility":"","ast-main-header-display":"","ast-hfb-above-header-display":"","ast-hfb-below-header-display":"","ast-hfb-mobile-header-display":"","site-post-title":"","ast-breadcrumbs-content":"","ast-featured-img":"","footer-sml-layout":"","ast-disable-related-posts":"","theme-transparent-header-meta":"default","adv-header-id-meta":"","stick-header-meta":"default","header-above-stick-meta":"","header-main-stick-meta":"","header-below-stick-meta":"","astra-migrate-meta-layouts":"set","ast-page-background-enabled":"default","ast-page-background-meta":{"desktop":{"background-color":"var(--ast-global-color-4)","background-image":"","background-repeat":"repeat","background-position":"center center","background-size":"auto","background-attachment":"scroll","background-type":"","background-media":"","overlay-type":"","overlay-color":"","overlay-opacity":"","overlay-gradient":""},"tablet":{"background-color":"","background-image":"","background-repeat":"repeat","background-position":"center center","background-size":"auto","background-attachment":"scroll","background-type":"","background-media":"","overlay-type":"","overlay-color":"","overlay-opacity":"","overlay-gradient":""},"mobile":{"background-color":"","background-image":"","background-repeat":"repeat","background-position":"center center","background-size":"auto","background-attachment":"scroll","background-type":"","background-media":"","overlay-type":"","overlay-color":"","overlay-opacity":"","overlay-gradient":""}},"ast-content-background-meta":{"desktop":{"background-color":"var(--ast-global-color-5)","background-image":"","background-repeat":"repeat","background-position":"center center","background-size":"auto","background-attachment":"scroll","background-type":"","background-media":"","overlay-type":"","overlay-color":"","overlay-opacity":"","overlay-gradient":""},"tablet":{"background-color":"var(--ast-global-color-5)","background-image":"","background-repeat":"repeat","background-position":"center center","background-size":"auto","background-attachment":"scroll","background-type":"","background-media":"","overlay-type":"","overlay-color":"","overlay-opacity":"","overlay-gradient":""},"mobile":{"background-color":"var(--ast-global-color-5)","background-image":"","background-repeat":"repeat","background-position":"center center","background-size":"auto","background-attachment":"scroll","background-type":"","background-media":"","overlay-type":"","overlay-color":"","overlay-opacity":"","overlay-gradient":""}}},"product_brand":[],"product_cat":[87],"product_tag":[],"class_list":{"0":"post-9476","1":"product","2":"type-product","3":"status-publish","4":"has-post-thumbnail","6":"product_cat-american-type-axle","7":"desktop-align-center","8":"tablet-align-left","9":"mobile-align-left","10":"ast-product-gallery-layout-horizontal-slider","11":"ast-product-gallery-with-no-image","12":"ast-product-tabs-layout-horizontal","14":"first","15":"instock","16":"featured","17":"shipping-taxable","18":"product-type-simple"},"_links":{"self":[{"href":"https:\/\/kangmaiaxle.com\/fr\/wp-json\/wp\/v2\/product\/9476","targetHints":{"allow":["GET"]}}],"collection":[{"href":"https:\/\/kangmaiaxle.com\/fr\/wp-json\/wp\/v2\/product"}],"about":[{"href":"https:\/\/kangmaiaxle.com\/fr\/wp-json\/wp\/v2\/types\/product"}],"wp:featuredmedia":[{"embeddable":true,"href":"https:\/\/kangmaiaxle.com\/fr\/wp-json\/wp\/v2\/media\/9479"}],"wp:attachment":[{"href":"https:\/\/kangmaiaxle.com\/fr\/wp-json\/wp\/v2\/media?parent=9476"}],"wp:term":[{"taxonomy":"product_brand","embeddable":true,"href":"https:\/\/kangmaiaxle.com\/fr\/wp-json\/wp\/v2\/product_brand?post=9476"},{"taxonomy":"product_cat","embeddable":true,"href":"https:\/\/kangmaiaxle.com\/fr\/wp-json\/wp\/v2\/product_cat?post=9476"},{"taxonomy":"product_tag","embeddable":true,"href":"https:\/\/kangmaiaxle.com\/fr\/wp-json\/wp\/v2\/product_tag?post=9476"}],"curies":[{"name":"wp","href":"https:\/\/api.w.org\/{rel}","templated":true}]}}