{"id":9375,"date":"2026-04-29T05:51:13","date_gmt":"2026-04-29T05:51:13","guid":{"rendered":"http:\/\/kangmaiaxle.com\/?post_type=product&#038;p=9375"},"modified":"2026-04-29T05:52:03","modified_gmt":"2026-04-29T05:52:03","slug":"9375","status":"publish","type":"product","link":"https:\/\/kangmaiaxle.com\/fr\/produit\/9375\/","title":{"rendered":"Suspensions pneumatiques de type ascensionnel Assemblage de bras rigides (n\u00e9gatif)"},"content":{"rendered":"<h3>Sp\u00e9cifications de base<\/h3>\n<table>\n<tbody>\n<tr>\n<td width=\"42\">mod\u00e8le de suspension<\/td>\n<td width=\"77\">dimensions de base<\/p>\n<p>(mm)<\/td>\n<td width=\"56\">charge nominale d'un seul essieu (t)<\/td>\n<td width=\"49\">taille de<\/p>\n<p>tube d'essieu<\/p>\n<p>(mm)<\/td>\n<td width=\"34\">FH(mm)<\/td>\n<td width=\"35\">hauteur d'ascension (mm)<\/td>\n<td width=\"37\">gaz<\/p>\n<p>injection<\/p>\n<p>pression<\/p>\n<p>(MP)<\/td>\n<td width=\"45\">cadre<\/p>\n<p>largeur<\/p>\n<p>(mm)<\/td>\n<td width=\"37\">\u00e9cartement des essieux (mm)<\/td>\n<td width=\"39\">total<\/p>\n<p>peser<\/p>\n<p>(kg)<\/td>\n<\/tr>\n<tr>\n<td width=\"42\">QF-GFT9F<\/td>\n<td width=\"77\"><img alt=\"\" decoding=\"async\" class=\"alignnone size-full wp-image-9379\" src=\"http:\/\/kangmaiaxle.com\/wp-content\/uploads\/2026\/04\/\u56fe\u724727.png\" width=\"105\" height=\"192\" srcset=\"https:\/\/kangmaiaxle.com\/wp-content\/uploads\/2026\/04\/\u56fe\u724727.png 105w, https:\/\/kangmaiaxle.com\/wp-content\/uploads\/2026\/04\/\u56fe\u724727-7x12.png 7w\" sizes=\"(max-width: 105px) 100vw, 105px\" \/><\/td>\n<td width=\"56\">9<\/td>\n<td width=\"49\">127\/ \u25a1150<\/td>\n<td width=\"34\">500~\u00a0550<\/td>\n<td width=\"35\">100-120<\/td>\n<td width=\"37\">0,7Max<\/td>\n<td width=\"45\">850-1200<\/td>\n<td width=\"37\">1265\u00a0~1400<\/td>\n<td width=\"39\">=285<\/td>\n<\/tr>\n<\/tbody>\n<\/table>\n<p>La suspension pneumatique relevable peut soulever l'essieu \u00e0 vide et la hauteur de levage peut \u00eatre personnalis\u00e9e en fonction des besoins.<\/p>\n<p>&nbsp;<\/p>","protected":false},"excerpt":{"rendered":"<p>Largement utilis\u00e9 dans : les semi-remorques \u00e0 parois lat\u00e9rales, les semi-remorques de conteneurs \u00e0 plat, les semi-remorques \u00e0 ranchers, les semi-remorques de transport de charbon, les semi-remorques de conteneurs squelettiques, les semi-remorques \u00e0 caissons, les semi-remorques de transport d'acier fondu.<\/p>","protected":false},"featured_media":9378,"template":"","meta":{"_seopress_robots_primary_cat":"none","_seopress_titles_title":"Reverse Mounted Rigid Arm Liftable Air Suspension for Trailers","_seopress_titles_desc":"High-quality reverse mounted rigid arm suspension with liftable function. Customizable height air suspension, stable load-bearing, perfect for low-bed trailers and heavy-duty transportation, free quote available.","_seopress_robots_index":"","site-sidebar-layout":"default","site-content-layout":"","ast-site-content-layout":"default","site-content-style":"default","site-sidebar-style":"default","ast-global-header-display":"","ast-banner-title-visibility":"","ast-main-header-display":"","ast-hfb-above-header-display":"","ast-hfb-below-header-display":"","ast-hfb-mobile-header-display":"","site-post-title":"","ast-breadcrumbs-content":"","ast-featured-img":"","footer-sml-layout":"","ast-disable-related-posts":"","theme-transparent-header-meta":"default","adv-header-id-meta":"","stick-header-meta":"default","header-above-stick-meta":"","header-main-stick-meta":"","header-below-stick-meta":"","astra-migrate-meta-layouts":"set","ast-page-background-enabled":"default","ast-page-background-meta":{"desktop":{"background-color":"var(--ast-global-color-4)","background-image":"","background-repeat":"repeat","background-position":"center center","background-size":"auto","background-attachment":"scroll","background-type":"","background-media":"","overlay-type":"","overlay-color":"","overlay-opacity":"","overlay-gradient":""},"tablet":{"background-color":"","background-image":"","background-repeat":"repeat","background-position":"center center","background-size":"auto","background-attachment":"scroll","background-type":"","background-media":"","overlay-type":"","overlay-color":"","overlay-opacity":"","overlay-gradient":""},"mobile":{"background-color":"","background-image":"","background-repeat":"repeat","background-position":"center center","background-size":"auto","background-attachment":"scroll","background-type":"","background-media":"","overlay-type":"","overlay-color":"","overlay-opacity":"","overlay-gradient":""}},"ast-content-background-meta":{"desktop":{"background-color":"var(--ast-global-color-5)","background-image":"","background-repeat":"repeat","background-position":"center center","background-size":"auto","background-attachment":"scroll","background-type":"","background-media":"","overlay-type":"","overlay-color":"","overlay-opacity":"","overlay-gradient":""},"tablet":{"background-color":"var(--ast-global-color-5)","background-image":"","background-repeat":"repeat","background-position":"center center","background-size":"auto","background-attachment":"scroll","background-type":"","background-media":"","overlay-type":"","overlay-color":"","overlay-opacity":"","overlay-gradient":""},"mobile":{"background-color":"var(--ast-global-color-5)","background-image":"","background-repeat":"repeat","background-position":"center center","background-size":"auto","background-attachment":"scroll","background-type":"","background-media":"","overlay-type":"","overlay-color":"","overlay-opacity":"","overlay-gradient":""}}},"product_brand":[],"product_cat":[98],"product_tag":[],"class_list":{"0":"post-9375","1":"product","2":"type-product","3":"status-publish","4":"has-post-thumbnail","6":"product_cat-air-suspension","7":"desktop-align-center","8":"tablet-align-left","9":"mobile-align-left","10":"ast-product-gallery-layout-horizontal-slider","11":"ast-product-gallery-with-no-image","12":"ast-product-tabs-layout-horizontal","14":"first","15":"instock","16":"shipping-taxable","17":"product-type-simple"},"_links":{"self":[{"href":"https:\/\/kangmaiaxle.com\/fr\/wp-json\/wp\/v2\/product\/9375","targetHints":{"allow":["GET"]}}],"collection":[{"href":"https:\/\/kangmaiaxle.com\/fr\/wp-json\/wp\/v2\/product"}],"about":[{"href":"https:\/\/kangmaiaxle.com\/fr\/wp-json\/wp\/v2\/types\/product"}],"wp:featuredmedia":[{"embeddable":true,"href":"https:\/\/kangmaiaxle.com\/fr\/wp-json\/wp\/v2\/media\/9378"}],"wp:attachment":[{"href":"https:\/\/kangmaiaxle.com\/fr\/wp-json\/wp\/v2\/media?parent=9375"}],"wp:term":[{"taxonomy":"product_brand","embeddable":true,"href":"https:\/\/kangmaiaxle.com\/fr\/wp-json\/wp\/v2\/product_brand?post=9375"},{"taxonomy":"product_cat","embeddable":true,"href":"https:\/\/kangmaiaxle.com\/fr\/wp-json\/wp\/v2\/product_cat?post=9375"},{"taxonomy":"product_tag","embeddable":true,"href":"https:\/\/kangmaiaxle.com\/fr\/wp-json\/wp\/v2\/product_tag?post=9375"}],"curies":[{"name":"wp","href":"https:\/\/api.w.org\/{rel}","templated":true}]}}