{"id":9361,"date":"2026-04-29T04:01:13","date_gmt":"2026-04-29T04:01:13","guid":{"rendered":"http:\/\/kangmaiaxle.com\/?post_type=product&#038;p=9361"},"modified":"2026-04-29T04:01:13","modified_gmt":"2026-04-29T04:01:13","slug":"loading-type-air-suspensions-assembly-of-rigid-armpositive-2","status":"publish","type":"product","link":"https:\/\/kangmaiaxle.com\/fr\/produit\/suspensions-pneumatiques-de-type-chargeur-assemblage-dun-bras-rigide-positif-2\/","title":{"rendered":"Suspensions pneumatiques de type chargeur Assemblage du bras rigide (positif)"},"content":{"rendered":"<div data-page-id=\"UahEdxtUaoSBCzxM8xqc9tFnnpe\" data-lark-html-role=\"root\" data-docx-has-block-data=\"false\">\n<div class=\"ace-line ace-line old-record-id-PU5rf8XGbdquFScbJuGcnuf3nDg\">Notre suspension pneumatique \u00e0 bras rigide (montage normal) est un syst\u00e8me de suspension \u00e0 haute performance et \u00e0 usage intensif sp\u00e9cialement con\u00e7u pour l'industrie des remorques, int\u00e9grant la fiabilit\u00e9, la durabilit\u00e9 et la praticit\u00e9. Adoptant la conception standard de montage r\u00e9gulier, elle s'adapte parfaitement aux besoins d'installation de la plupart des semi-remorques \u00e0 2 essieux, 3 essieux et multi-essieux et des remorques compl\u00e8tes. Elle est largement reconnue dans le domaine du transport lourd pour ses performances stables et sa forte capacit\u00e9 de charge.<\/div>\n<\/div>\n<h3>Sp\u00e9cifications de base<\/h3>\n<table>\n<tbody>\n<tr>\n<td width=\"58\">suspension<\/p>\n<p>mod\u00e8le<\/td>\n<td width=\"95\">dimensions de base (mm)<\/td>\n<td width=\"51\">essieu simple<\/p>\n<p>charge nominale(t)<\/td>\n<td width=\"48\">taille de<\/p>\n<p>tube d'essieu (mm)<\/td>\n<td width=\"32\">&nbsp;<\/p>\n<p>FH(mm)<\/td>\n<td width=\"40\">injection de gaz<\/p>\n<p>pression(MP)<\/td>\n<td width=\"49\">largeur du cadre<\/p>\n<p>(mm)<\/td>\n<td width=\"41\">axe<\/p>\n<p>\u00e9cart (mm)<\/td>\n<td width=\"42\">poids total (kg)<\/td>\n<\/tr>\n<tr>\n<td width=\"58\">QF-GF132<\/td>\n<td width=\"95\"><img alt=\"\" decoding=\"async\" class=\"alignnone size-full wp-image-9365\" src=\"http:\/\/kangmaiaxle.com\/wp-content\/uploads\/2026\/04\/\u56fe\u724722.png\" width=\"115\" height=\"195\" srcset=\"https:\/\/kangmaiaxle.com\/wp-content\/uploads\/2026\/04\/\u56fe\u724722.png 115w, https:\/\/kangmaiaxle.com\/wp-content\/uploads\/2026\/04\/\u56fe\u724722-7x12.png 7w\" sizes=\"(max-width: 115px) 100vw, 115px\" \/><\/td>\n<td width=\"51\">13<\/td>\n<td width=\"48\">127\/\u25a1150<\/td>\n<td width=\"32\">370~\u00a0550<\/td>\n<td width=\"40\">0,7Max<\/td>\n<td width=\"49\">950-1200<\/td>\n<td width=\"41\">1150\u00a0~1400<\/td>\n<td width=\"42\">=205<\/td>\n<\/tr>\n<\/tbody>\n<\/table>\n<p>Convient aux semi-remorques \u00e0 2 essieux, \u00e0 3 essieux et \u00e0 plusieurs essieux ainsi qu'aux remorques compl\u00e8tes avec une valeur FH de 370 mm \u00e0 550 mm.<\/p>\n<p>&nbsp;<\/p>","protected":false},"excerpt":{"rendered":"<p>Largement utilis\u00e9 pour : les semi-remorques \u00e0 parois lat\u00e9rales, les semi-remorques pour conteneurs \u00e0 plat, les semi-remorques \u00e0 ranchers, les semi-remorques pour le transport du charbon, les semi-remorques pour conteneurs squelettiques, les semi-remorques pour caisses, les semi-remorques pour le transport de l'acier fondu et les semi-remorques \u00e0 benne basculante.<\/p>","protected":false},"featured_media":9364,"template":"","meta":{"_seopress_robots_primary_cat":"","_seopress_titles_title":"Rigid Arm Air Suspension (Regular Mounted) for Heavy-Duty Trailers","_seopress_titles_desc":"High-quality regular mounted rigid arm air suspension for trailers. Stable load-bearing, customizable, suitable for 2-3 axle semi-trailers and full trailers. Free quote available.","_seopress_robots_index":"","site-sidebar-layout":"default","site-content-layout":"","ast-site-content-layout":"default","site-content-style":"default","site-sidebar-style":"default","ast-global-header-display":"","ast-banner-title-visibility":"","ast-main-header-display":"","ast-hfb-above-header-display":"","ast-hfb-below-header-display":"","ast-hfb-mobile-header-display":"","site-post-title":"","ast-breadcrumbs-content":"","ast-featured-img":"","footer-sml-layout":"","ast-disable-related-posts":"","theme-transparent-header-meta":"default","adv-header-id-meta":"","stick-header-meta":"default","header-above-stick-meta":"","header-main-stick-meta":"","header-below-stick-meta":"","astra-migrate-meta-layouts":"set","ast-page-background-enabled":"default","ast-page-background-meta":{"desktop":{"background-color":"var(--ast-global-color-4)","background-image":"","background-repeat":"repeat","background-position":"center center","background-size":"auto","background-attachment":"scroll","background-type":"","background-media":"","overlay-type":"","overlay-color":"","overlay-opacity":"","overlay-gradient":""},"tablet":{"background-color":"","background-image":"","background-repeat":"repeat","background-position":"center center","background-size":"auto","background-attachment":"scroll","background-type":"","background-media":"","overlay-type":"","overlay-color":"","overlay-opacity":"","overlay-gradient":""},"mobile":{"background-color":"","background-image":"","background-repeat":"repeat","background-position":"center center","background-size":"auto","background-attachment":"scroll","background-type":"","background-media":"","overlay-type":"","overlay-color":"","overlay-opacity":"","overlay-gradient":""}},"ast-content-background-meta":{"desktop":{"background-color":"var(--ast-global-color-5)","background-image":"","background-repeat":"repeat","background-position":"center center","background-size":"auto","background-attachment":"scroll","background-type":"","background-media":"","overlay-type":"","overlay-color":"","overlay-opacity":"","overlay-gradient":""},"tablet":{"background-color":"var(--ast-global-color-5)","background-image":"","background-repeat":"repeat","background-position":"center center","background-size":"auto","background-attachment":"scroll","background-type":"","background-media":"","overlay-type":"","overlay-color":"","overlay-opacity":"","overlay-gradient":""},"mobile":{"background-color":"var(--ast-global-color-5)","background-image":"","background-repeat":"repeat","background-position":"center center","background-size":"auto","background-attachment":"scroll","background-type":"","background-media":"","overlay-type":"","overlay-color":"","overlay-opacity":"","overlay-gradient":""}}},"product_brand":[],"product_cat":[98],"product_tag":[],"class_list":{"0":"post-9361","1":"product","2":"type-product","3":"status-publish","4":"has-post-thumbnail","6":"product_cat-air-suspension","7":"desktop-align-center","8":"tablet-align-left","9":"mobile-align-left","10":"ast-product-gallery-layout-horizontal-slider","11":"ast-product-gallery-with-no-image","12":"ast-product-tabs-layout-horizontal","14":"first","15":"instock","16":"shipping-taxable","17":"product-type-simple"},"_links":{"self":[{"href":"https:\/\/kangmaiaxle.com\/fr\/wp-json\/wp\/v2\/product\/9361","targetHints":{"allow":["GET"]}}],"collection":[{"href":"https:\/\/kangmaiaxle.com\/fr\/wp-json\/wp\/v2\/product"}],"about":[{"href":"https:\/\/kangmaiaxle.com\/fr\/wp-json\/wp\/v2\/types\/product"}],"wp:featuredmedia":[{"embeddable":true,"href":"https:\/\/kangmaiaxle.com\/fr\/wp-json\/wp\/v2\/media\/9364"}],"wp:attachment":[{"href":"https:\/\/kangmaiaxle.com\/fr\/wp-json\/wp\/v2\/media?parent=9361"}],"wp:term":[{"taxonomy":"product_brand","embeddable":true,"href":"https:\/\/kangmaiaxle.com\/fr\/wp-json\/wp\/v2\/product_brand?post=9361"},{"taxonomy":"product_cat","embeddable":true,"href":"https:\/\/kangmaiaxle.com\/fr\/wp-json\/wp\/v2\/product_cat?post=9361"},{"taxonomy":"product_tag","embeddable":true,"href":"https:\/\/kangmaiaxle.com\/fr\/wp-json\/wp\/v2\/product_tag?post=9361"}],"curies":[{"name":"wp","href":"https:\/\/api.w.org\/{rel}","templated":true}]}}