{"id":9355,"date":"2026-04-29T03:37:51","date_gmt":"2026-04-29T03:37:51","guid":{"rendered":"http:\/\/kangmaiaxle.com\/?post_type=product&#038;p=9355"},"modified":"2026-04-29T03:37:52","modified_gmt":"2026-04-29T03:37:52","slug":"ascendable-type-air-suspensions-assembly-of-rigid-armpositive","status":"publish","type":"product","link":"https:\/\/kangmaiaxle.com\/fr\/produit\/suspension-pneumatique-de-type-ascendante-assemblage-darmatures-rigides-positif\/","title":{"rendered":"Suspensions pneumatiques de type ascensionnel Assemblage de bras rigides (positif)"},"content":{"rendered":"<p>a suspension pneumatique relevable \u00e0 bras rigide (montage normal) est une solution de suspension int\u00e9gr\u00e9e pour service intensif con\u00e7ue pour les semi-remorques et les remorques compl\u00e8tes. Adoptant une structure robuste de bras de guidage rigide et une conception de montage r\u00e9guli\u00e8re, elle offre une rigidit\u00e9 structurelle sup\u00e9rieure, une forte capacit\u00e9 de charge et une grande stabilit\u00e9 de conduite. Elle prend en charge le levage automatique de l'essieu \u00e0 vide afin de r\u00e9duire le frottement des pneus et la consommation de carburant. La hauteur de levage est personnalisable pour r\u00e9pondre aux diff\u00e9rents besoins d'exploitation. Dot\u00e9e d'une excellente absorption des chocs et d'une longue dur\u00e9e de vie, elle est largement compatible avec les remorques de cl\u00f4ture, les remorques porte-conteneurs, les remorques de transport de charbon, les remorques \u00e0 benne basculante et divers v\u00e9hicules de transport lourds.<\/p>\n<h3>Param\u00e8tres de base<\/h3>\n<table>\n<tbody>\n<tr>\n<td width=\"50\">suspension<\/p>\n<p>mod\u00e8le<\/td>\n<td width=\"84\">de base<\/p>\n<p>dimensions (mm)<\/td>\n<td width=\"49\">essieu simple<\/p>\n<p>charge nominale(t)<\/td>\n<td width=\"41\">taille<\/p>\n<p>de l'essieu<\/p>\n<p>tube(mm)<\/td>\n<td width=\"28\">FH(mm)<\/td>\n<td width=\"41\">hauteur croissante<\/p>\n<p>(mm)<\/td>\n<td width=\"42\">injection de gaz<\/p>\n<p>pression(MP)<\/td>\n<td width=\"40\">cadre<\/p>\n<p>largeur<\/p>\n<p>(mm)<\/td>\n<td width=\"43\">axe<\/p>\n<p>se propager<\/p>\n<p>(mm)<\/td>\n<td width=\"34\">poids total (kg)<\/td>\n<\/tr>\n<tr>\n<td width=\"50\">QF-GFT111<\/td>\n<td width=\"84\"><img alt=\"\" decoding=\"async\" class=\"alignnone size-full wp-image-9359\" src=\"http:\/\/kangmaiaxle.com\/wp-content\/uploads\/2026\/04\/\u56fe\u724719.png\" width=\"110\" height=\"82\" srcset=\"https:\/\/kangmaiaxle.com\/wp-content\/uploads\/2026\/04\/\u56fe\u724719.png 110w, https:\/\/kangmaiaxle.com\/wp-content\/uploads\/2026\/04\/\u56fe\u724719-16x12.png 16w\" sizes=\"(max-width: 110px) 100vw, 110px\" \/><\/td>\n<td width=\"49\">11<\/td>\n<td width=\"41\">127\/ \u25a1150<\/td>\n<td width=\"28\">370~550<\/td>\n<td width=\"41\">100-120<\/td>\n<td width=\"42\">0,7Max<\/td>\n<td width=\"40\">920~1200<\/td>\n<td width=\"43\">1150\u00a0~1400<\/td>\n<td width=\"34\">=245<\/td>\n<\/tr>\n<tr>\n<td width=\"50\">QF-GFT131<\/td>\n<td width=\"84\"><img alt=\"\" decoding=\"async\" class=\"alignnone size-full wp-image-9360\" src=\"http:\/\/kangmaiaxle.com\/wp-content\/uploads\/2026\/04\/\u56fe\u724720.png\" width=\"120\" height=\"105\" srcset=\"https:\/\/kangmaiaxle.com\/wp-content\/uploads\/2026\/04\/\u56fe\u724720.png 120w, https:\/\/kangmaiaxle.com\/wp-content\/uploads\/2026\/04\/\u56fe\u724720-14x12.png 14w\" sizes=\"(max-width: 120px) 100vw, 120px\" \/><\/td>\n<td width=\"49\">13<\/td>\n<td width=\"41\">127\/ \u25a1150<\/td>\n<td width=\"28\">370~550<\/td>\n<td width=\"41\">100-120<\/td>\n<td width=\"42\">0,7Max<\/td>\n<td width=\"40\">920\u4e001200<\/td>\n<td width=\"43\">1150\u00a0~1400<\/td>\n<td width=\"34\">=255<\/td>\n<\/tr>\n<\/tbody>\n<\/table>\n<p>Cette suspension pneumatique relevable peut soulever l'essieu \u00e0 vide, et la course de levage peut \u00eatre enti\u00e8rement personnalis\u00e9e sur demande.<\/p>\n<p>Convient aux semi-remorques \u00e0 2 essieux, 3 essieux et multi-essieux ou aux remorques compl\u00e8tes avec des valeurs FH de 370mm~550mm ;<\/p>","protected":false},"excerpt":{"rendered":"<p>Largement utilis\u00e9 dans : Semi-remorques \u00e0 parois lat\u00e9rales, semi-remorques pour conteneurs \u00e0 plateau, semi-remorques \u00e0 ranchers, semi-remorques pour le transport du charbon, semi-remorques pour conteneurs squelettiques, semi-remorques pour caisses, semi-remorques pour le transport de l'acier en fusion, semi-remorques \u00e0 benne basculante.<\/p>","protected":false},"featured_media":9358,"template":"","meta":{"_seopress_robots_primary_cat":"","_seopress_titles_title":"Rigid Arm Liftable Air Suspension, Regular Mounted for Semi Trailer","_seopress_titles_desc":"Heavy duty regular mounted rigid arm liftable air suspension. No-load axle lifting, customized height, high rigidity, fit 370-550mm FH value multi-axle trailers.","_seopress_robots_index":"","site-sidebar-layout":"default","site-content-layout":"","ast-site-content-layout":"default","site-content-style":"default","site-sidebar-style":"default","ast-global-header-display":"","ast-banner-title-visibility":"","ast-main-header-display":"","ast-hfb-above-header-display":"","ast-hfb-below-header-display":"","ast-hfb-mobile-header-display":"","site-post-title":"","ast-breadcrumbs-content":"","ast-featured-img":"","footer-sml-layout":"","ast-disable-related-posts":"","theme-transparent-header-meta":"default","adv-header-id-meta":"","stick-header-meta":"default","header-above-stick-meta":"","header-main-stick-meta":"","header-below-stick-meta":"","astra-migrate-meta-layouts":"set","ast-page-background-enabled":"default","ast-page-background-meta":{"desktop":{"background-color":"var(--ast-global-color-4)","background-image":"","background-repeat":"repeat","background-position":"center center","background-size":"auto","background-attachment":"scroll","background-type":"","background-media":"","overlay-type":"","overlay-color":"","overlay-opacity":"","overlay-gradient":""},"tablet":{"background-color":"","background-image":"","background-repeat":"repeat","background-position":"center center","background-size":"auto","background-attachment":"scroll","background-type":"","background-media":"","overlay-type":"","overlay-color":"","overlay-opacity":"","overlay-gradient":""},"mobile":{"background-color":"","background-image":"","background-repeat":"repeat","background-position":"center center","background-size":"auto","background-attachment":"scroll","background-type":"","background-media":"","overlay-type":"","overlay-color":"","overlay-opacity":"","overlay-gradient":""}},"ast-content-background-meta":{"desktop":{"background-color":"var(--ast-global-color-5)","background-image":"","background-repeat":"repeat","background-position":"center center","background-size":"auto","background-attachment":"scroll","background-type":"","background-media":"","overlay-type":"","overlay-color":"","overlay-opacity":"","overlay-gradient":""},"tablet":{"background-color":"var(--ast-global-color-5)","background-image":"","background-repeat":"repeat","background-position":"center center","background-size":"auto","background-attachment":"scroll","background-type":"","background-media":"","overlay-type":"","overlay-color":"","overlay-opacity":"","overlay-gradient":""},"mobile":{"background-color":"var(--ast-global-color-5)","background-image":"","background-repeat":"repeat","background-position":"center center","background-size":"auto","background-attachment":"scroll","background-type":"","background-media":"","overlay-type":"","overlay-color":"","overlay-opacity":"","overlay-gradient":""}}},"product_brand":[],"product_cat":[98],"product_tag":[],"class_list":{"0":"post-9355","1":"product","2":"type-product","3":"status-publish","4":"has-post-thumbnail","6":"product_cat-air-suspension","7":"desktop-align-center","8":"tablet-align-left","9":"mobile-align-left","10":"ast-product-gallery-layout-horizontal-slider","11":"ast-product-gallery-with-no-image","12":"ast-product-tabs-layout-horizontal","14":"first","15":"instock","16":"shipping-taxable","17":"product-type-simple"},"_links":{"self":[{"href":"https:\/\/kangmaiaxle.com\/fr\/wp-json\/wp\/v2\/product\/9355","targetHints":{"allow":["GET"]}}],"collection":[{"href":"https:\/\/kangmaiaxle.com\/fr\/wp-json\/wp\/v2\/product"}],"about":[{"href":"https:\/\/kangmaiaxle.com\/fr\/wp-json\/wp\/v2\/types\/product"}],"wp:featuredmedia":[{"embeddable":true,"href":"https:\/\/kangmaiaxle.com\/fr\/wp-json\/wp\/v2\/media\/9358"}],"wp:attachment":[{"href":"https:\/\/kangmaiaxle.com\/fr\/wp-json\/wp\/v2\/media?parent=9355"}],"wp:term":[{"taxonomy":"product_brand","embeddable":true,"href":"https:\/\/kangmaiaxle.com\/fr\/wp-json\/wp\/v2\/product_brand?post=9355"},{"taxonomy":"product_cat","embeddable":true,"href":"https:\/\/kangmaiaxle.com\/fr\/wp-json\/wp\/v2\/product_cat?post=9355"},{"taxonomy":"product_tag","embeddable":true,"href":"https:\/\/kangmaiaxle.com\/fr\/wp-json\/wp\/v2\/product_tag?post=9355"}],"curies":[{"name":"wp","href":"https:\/\/api.w.org\/{rel}","templated":true}]}}