{"id":9349,"date":"2026-04-29T03:28:38","date_gmt":"2026-04-29T03:28:38","guid":{"rendered":"http:\/\/kangmaiaxle.com\/?post_type=product&#038;p=9349"},"modified":"2026-04-29T03:28:39","modified_gmt":"2026-04-29T03:28:39","slug":"loading-type-air-suspensions-assembly-of-rigid-armpositive","status":"publish","type":"product","link":"https:\/\/kangmaiaxle.com\/fr\/produit\/suspensions-pneumatiques-de-type-chargeur-assemblage-darmatures-rigides-positif\/","title":{"rendered":"Suspensions pneumatiques de type chargeur Assemblage du bras rigide (positif)"},"content":{"rendered":"<p>La suspension pneumatique \u00e0 bras rigide (montage avant) est une suspension robuste et performante con\u00e7ue pour les semi-remorques \u00e0 2 essieux, 3 essieux et multi-essieux ou les remorques compl\u00e8tes avec une valeur FH de 370 mm \u00e0 550 mm.<\/p>\n<h3>Param\u00e8tres de base<\/h3>\n<table>\n<tbody>\n<tr>\n<td width=\"56\">suspension<\/p>\n<p>mod\u00e8le<\/td>\n<td width=\"91\">dimensions de base<\/p>\n<p>(mm)<\/td>\n<td width=\"63\">unique<\/p>\n<p>charge nominale de l'essieu<\/p>\n<p>(t)<\/td>\n<td width=\"40\">taille de l'essieu<\/p>\n<p>tube(mm)<\/td>\n<td width=\"31\">&nbsp;<\/p>\n<p>FH(mm)<\/td>\n<td width=\"39\">injection de gaz<\/p>\n<p>pression(MP)<\/td>\n<td width=\"49\">largeur du cadre<\/p>\n<p>(mm)<\/td>\n<td width=\"40\">axe<\/p>\n<p>\u00e9cart (mm)<\/td>\n<td width=\"42\">poids total (kg)<\/td>\n<\/tr>\n<tr>\n<td width=\"56\">&nbsp;<\/p>\n<p>&nbsp;<\/p>\n<p>QF-GF111<\/td>\n<td width=\"91\">&nbsp;<\/p>\n<p><img alt=\"\" decoding=\"async\" class=\"alignnone size-full wp-image-9353\" src=\"http:\/\/kangmaiaxle.com\/wp-content\/uploads\/2026\/04\/\u56fe\u724716.png\" width=\"105\" height=\"80\" srcset=\"https:\/\/kangmaiaxle.com\/wp-content\/uploads\/2026\/04\/\u56fe\u724716.png 105w, https:\/\/kangmaiaxle.com\/wp-content\/uploads\/2026\/04\/\u56fe\u724716-16x12.png 16w\" sizes=\"(max-width: 105px) 100vw, 105px\" \/><\/td>\n<td width=\"63\">11<\/td>\n<td width=\"40\">127\/ \u25a1150<\/td>\n<td width=\"31\">370~550<\/td>\n<td width=\"39\">0,7Max<\/td>\n<td width=\"49\">920-1200<\/td>\n<td width=\"40\">1150~\u00a0\u00a01400<\/td>\n<td width=\"42\">=215<\/td>\n<\/tr>\n<tr>\n<td width=\"56\">&nbsp;<\/p>\n<p>&nbsp;<\/p>\n<p>QF-GF131<\/td>\n<td width=\"91\"><img alt=\"\" decoding=\"async\" class=\"alignnone size-full wp-image-9354\" src=\"http:\/\/kangmaiaxle.com\/wp-content\/uploads\/2026\/04\/\u56fe\u724717.png\" width=\"119\" height=\"119\" srcset=\"https:\/\/kangmaiaxle.com\/wp-content\/uploads\/2026\/04\/\u56fe\u724717.png 119w, https:\/\/kangmaiaxle.com\/wp-content\/uploads\/2026\/04\/\u56fe\u724717-12x12.png 12w, https:\/\/kangmaiaxle.com\/wp-content\/uploads\/2026\/04\/\u56fe\u724717-100x100.png 100w\" sizes=\"(max-width: 119px) 100vw, 119px\" \/><\/td>\n<td width=\"63\">13<\/td>\n<td width=\"40\">127\/ \u25a1150<\/td>\n<td width=\"31\">370~\u00a0550<\/td>\n<td width=\"39\">0,7Max<\/td>\n<td width=\"49\">920-1200<\/td>\n<td width=\"40\">1150~\u00a0\u00a01400<\/td>\n<td width=\"42\">\u2248225<\/td>\n<\/tr>\n<\/tbody>\n<\/table>\n<p>Convient aux semi-remorques \u00e0 2 essieux, \u00e0 3 essieux et \u00e0 plusieurs essieux, ainsi qu'aux remorques compl\u00e8tes dont la valeur FH est comprise entre 370 mm et 550 mm.<\/p>\n<p>&nbsp;<\/p>","protected":false},"excerpt":{"rendered":"<p>Largement applicable aux : semi-remorques \u00e0 ranchers, semi-remorques pour conteneurs \u00e0 plat, semi-remorques \u00e0 cage, semi-remorques pour le transport du charbon, semi-remorques pour conteneurs \u00e0 squelette, semi-remorques pour bo\u00eetes, semi-remorques pour le transport de l'acier fondu, semi-remorques \u00e0 benne basculante.<\/p>","protected":false},"featured_media":9352,"template":"","meta":{"_seopress_robots_primary_cat":"","_seopress_titles_title":"Rigid Arm Air Suspension (Front Mount) | Heavy\u2011Duty for 2\/3\/Multi\u2011Axle Trailers","_seopress_titles_desc":"Premium rigid arm air suspension (front mount) for semi\u2011trailers & full trailers with FH 370\u2013550 mm. Forged guide arm, adjustable height, superior shock absorption, long service life.","_seopress_robots_index":"","site-sidebar-layout":"default","site-content-layout":"","ast-site-content-layout":"default","site-content-style":"default","site-sidebar-style":"default","ast-global-header-display":"","ast-banner-title-visibility":"","ast-main-header-display":"","ast-hfb-above-header-display":"","ast-hfb-below-header-display":"","ast-hfb-mobile-header-display":"","site-post-title":"","ast-breadcrumbs-content":"","ast-featured-img":"","footer-sml-layout":"","ast-disable-related-posts":"","theme-transparent-header-meta":"default","adv-header-id-meta":"","stick-header-meta":"default","header-above-stick-meta":"","header-main-stick-meta":"","header-below-stick-meta":"","astra-migrate-meta-layouts":"set","ast-page-background-enabled":"default","ast-page-background-meta":{"desktop":{"background-color":"var(--ast-global-color-4)","background-image":"","background-repeat":"repeat","background-position":"center center","background-size":"auto","background-attachment":"scroll","background-type":"","background-media":"","overlay-type":"","overlay-color":"","overlay-opacity":"","overlay-gradient":""},"tablet":{"background-color":"","background-image":"","background-repeat":"repeat","background-position":"center center","background-size":"auto","background-attachment":"scroll","background-type":"","background-media":"","overlay-type":"","overlay-color":"","overlay-opacity":"","overlay-gradient":""},"mobile":{"background-color":"","background-image":"","background-repeat":"repeat","background-position":"center center","background-size":"auto","background-attachment":"scroll","background-type":"","background-media":"","overlay-type":"","overlay-color":"","overlay-opacity":"","overlay-gradient":""}},"ast-content-background-meta":{"desktop":{"background-color":"var(--ast-global-color-5)","background-image":"","background-repeat":"repeat","background-position":"center center","background-size":"auto","background-attachment":"scroll","background-type":"","background-media":"","overlay-type":"","overlay-color":"","overlay-opacity":"","overlay-gradient":""},"tablet":{"background-color":"var(--ast-global-color-5)","background-image":"","background-repeat":"repeat","background-position":"center center","background-size":"auto","background-attachment":"scroll","background-type":"","background-media":"","overlay-type":"","overlay-color":"","overlay-opacity":"","overlay-gradient":""},"mobile":{"background-color":"var(--ast-global-color-5)","background-image":"","background-repeat":"repeat","background-position":"center center","background-size":"auto","background-attachment":"scroll","background-type":"","background-media":"","overlay-type":"","overlay-color":"","overlay-opacity":"","overlay-gradient":""}}},"product_brand":[],"product_cat":[98],"product_tag":[],"class_list":{"0":"post-9349","1":"product","2":"type-product","3":"status-publish","4":"has-post-thumbnail","6":"product_cat-air-suspension","7":"desktop-align-center","8":"tablet-align-left","9":"mobile-align-left","10":"ast-product-gallery-layout-horizontal-slider","11":"ast-product-gallery-with-no-image","12":"ast-product-tabs-layout-horizontal","14":"first","15":"instock","16":"shipping-taxable","17":"product-type-simple"},"_links":{"self":[{"href":"https:\/\/kangmaiaxle.com\/fr\/wp-json\/wp\/v2\/product\/9349","targetHints":{"allow":["GET"]}}],"collection":[{"href":"https:\/\/kangmaiaxle.com\/fr\/wp-json\/wp\/v2\/product"}],"about":[{"href":"https:\/\/kangmaiaxle.com\/fr\/wp-json\/wp\/v2\/types\/product"}],"wp:featuredmedia":[{"embeddable":true,"href":"https:\/\/kangmaiaxle.com\/fr\/wp-json\/wp\/v2\/media\/9352"}],"wp:attachment":[{"href":"https:\/\/kangmaiaxle.com\/fr\/wp-json\/wp\/v2\/media?parent=9349"}],"wp:term":[{"taxonomy":"product_brand","embeddable":true,"href":"https:\/\/kangmaiaxle.com\/fr\/wp-json\/wp\/v2\/product_brand?post=9349"},{"taxonomy":"product_cat","embeddable":true,"href":"https:\/\/kangmaiaxle.com\/fr\/wp-json\/wp\/v2\/product_cat?post=9349"},{"taxonomy":"product_tag","embeddable":true,"href":"https:\/\/kangmaiaxle.com\/fr\/wp-json\/wp\/v2\/product_tag?post=9349"}],"curies":[{"name":"wp","href":"https:\/\/api.w.org\/{rel}","templated":true}]}}