{"id":9344,"date":"2026-04-29T03:13:40","date_gmt":"2026-04-29T03:13:40","guid":{"rendered":"http:\/\/kangmaiaxle.com\/?post_type=product&#038;p=9344"},"modified":"2026-04-29T03:13:40","modified_gmt":"2026-04-29T03:13:40","slug":"ascendable-type-air-suspensions-assembly-of-parabolic-leaf-spring-negative","status":"publish","type":"product","link":"https:\/\/kangmaiaxle.com\/fr\/produit\/suspensions-pneumatiques-de-type-ascendant-assemblage-de-ressorts-a-lames-paraboliques-negatifs\/","title":{"rendered":"Suspensions pneumatiques de type ascendant Assemblage de ressorts \u00e0 lames paraboliques (n\u00e9gatifs)"},"content":{"rendered":"<div data-page-id=\"CwzKdwPWgouQyhxCEKIcg3K6nQd\" data-lark-html-role=\"root\" data-docx-has-block-data=\"false\">\n<div class=\"ace-line ace-line old-record-id-FNNTfYWHedaBt6cYxZicQYlXnZc\">Notre suspension pneumatique relevable mont\u00e9e en marche arri\u00e8re avec ressort \u00e0 lames coniques est un syst\u00e8me de suspension composite haute performance sp\u00e9cialement con\u00e7u pour les semi-remorques et les remorques compl\u00e8tes. Il int\u00e8gre les avantages structurels des ressorts \u00e0 lames coniques et des coussins gonflables mont\u00e9s en marche arri\u00e8re, offrant des performances fiables pour diverses applications de remorques lourdes.<\/div>\n<\/div>\n<h3>Param\u00e8tres de base<\/h3>\n<table>\n<tbody>\n<tr>\n<td width=\"51\">suspension<\/p>\n<p>mod\u00e8le<\/td>\n<td width=\"77\">de base<\/p>\n<p>les dimensions<\/p>\n<p>(mm)<\/td>\n<td width=\"49\">charge nominale d'un seul essieu (t)<\/td>\n<td width=\"49\">taille de<\/p>\n<p>tube d'essieu<\/p>\n<p>(mm)<\/td>\n<td width=\"27\">FH(mm)<\/td>\n<td width=\"43\">hauteur croissante<\/p>\n<p>(mm)<\/td>\n<td width=\"37\">injection de gaz<\/p>\n<p>pression(MP)<\/td>\n<td width=\"45\">cadre<\/p>\n<p>Largeur (mm)<\/td>\n<td width=\"38\">axe<\/p>\n<p>\u00e9cart (mm)<\/td>\n<td width=\"40\">poids total (kg)<\/td>\n<\/tr>\n<tr>\n<td width=\"51\">QF-GYT11F<\/td>\n<td rowspan=\"2\" width=\"77\"><img alt=\"\" decoding=\"async\" class=\"alignnone size-full wp-image-9348\" src=\"http:\/\/kangmaiaxle.com\/wp-content\/uploads\/2026\/04\/\u56fe\u724714.png\" width=\"100\" height=\"199\" srcset=\"https:\/\/kangmaiaxle.com\/wp-content\/uploads\/2026\/04\/\u56fe\u724714.png 100w, https:\/\/kangmaiaxle.com\/wp-content\/uploads\/2026\/04\/\u56fe\u724714-6x12.png 6w\" sizes=\"(max-width: 100px) 100vw, 100px\" \/><\/td>\n<td width=\"49\">11<\/td>\n<td width=\"49\">0127\/\u25a1150<\/td>\n<td width=\"27\">190-300<\/td>\n<td width=\"43\">100-130<\/td>\n<td width=\"37\">0,7Max<\/td>\n<td width=\"45\">850-1200<\/td>\n<td width=\"38\">1300\u00a0~\u00a0\u00a01500<\/td>\n<td width=\"40\">=235<\/td>\n<\/tr>\n<tr>\n<td width=\"51\">QF-GYT13F<\/td>\n<td width=\"77\">13<\/td>\n<td width=\"49\">0127\/150<\/td>\n<td width=\"49\">190-300<\/td>\n<td width=\"27\">100-130<\/td>\n<td width=\"43\">0,7Max<\/td>\n<td width=\"37\">850-1200<\/td>\n<td width=\"45\">1300\u00a0~\u00a0\u00a01500<\/td>\n<td width=\"38\">=245<\/td>\n<\/tr>\n<\/tbody>\n<\/table>\n<p>La suspension pneumatique relevable peut soulever l'essieu \u00e0 vide, et la hauteur de levage peut \u00eatre personnalis\u00e9e en fonction des besoins des clients.<\/p>\n<p>Convient aux semi-remorques \u00e0 2 essieux, \u00e0 3 essieux et \u00e0 plusieurs essieux ainsi qu'aux remorques compl\u00e8tes avec des valeurs FH allant de 190 mm \u00e0 300 mm.<\/p>","protected":false},"excerpt":{"rendered":"<p>Largement utilis\u00e9 dans : les semi-remorques surbaiss\u00e9es et les remorques compl\u00e8tes, les semi-remorques surbaiss\u00e9es \u00e0 double essieu concave, les semi-remorques de transport \u00e0 plateau surbaiss\u00e9.<\/p>","protected":false},"featured_media":9347,"template":"","meta":{"_seopress_robots_primary_cat":"","_seopress_titles_title":"Reverse Mounted Liftable Air Suspension with Tapered Leaf Spring","_seopress_titles_desc":"High-quality reverse mounted liftable air suspension with tapered leaf spring. No-load axle lifting, customizable height, fits 190-300mm FH value trailers. Free quote & sample available!","_seopress_robots_index":"","site-sidebar-layout":"default","site-content-layout":"","ast-site-content-layout":"default","site-content-style":"default","site-sidebar-style":"default","ast-global-header-display":"","ast-banner-title-visibility":"","ast-main-header-display":"","ast-hfb-above-header-display":"","ast-hfb-below-header-display":"","ast-hfb-mobile-header-display":"","site-post-title":"","ast-breadcrumbs-content":"","ast-featured-img":"","footer-sml-layout":"","ast-disable-related-posts":"","theme-transparent-header-meta":"default","adv-header-id-meta":"","stick-header-meta":"default","header-above-stick-meta":"","header-main-stick-meta":"","header-below-stick-meta":"","astra-migrate-meta-layouts":"set","ast-page-background-enabled":"default","ast-page-background-meta":{"desktop":{"background-color":"var(--ast-global-color-4)","background-image":"","background-repeat":"repeat","background-position":"center center","background-size":"auto","background-attachment":"scroll","background-type":"","background-media":"","overlay-type":"","overlay-color":"","overlay-opacity":"","overlay-gradient":""},"tablet":{"background-color":"","background-image":"","background-repeat":"repeat","background-position":"center center","background-size":"auto","background-attachment":"scroll","background-type":"","background-media":"","overlay-type":"","overlay-color":"","overlay-opacity":"","overlay-gradient":""},"mobile":{"background-color":"","background-image":"","background-repeat":"repeat","background-position":"center center","background-size":"auto","background-attachment":"scroll","background-type":"","background-media":"","overlay-type":"","overlay-color":"","overlay-opacity":"","overlay-gradient":""}},"ast-content-background-meta":{"desktop":{"background-color":"var(--ast-global-color-5)","background-image":"","background-repeat":"repeat","background-position":"center center","background-size":"auto","background-attachment":"scroll","background-type":"","background-media":"","overlay-type":"","overlay-color":"","overlay-opacity":"","overlay-gradient":""},"tablet":{"background-color":"var(--ast-global-color-5)","background-image":"","background-repeat":"repeat","background-position":"center center","background-size":"auto","background-attachment":"scroll","background-type":"","background-media":"","overlay-type":"","overlay-color":"","overlay-opacity":"","overlay-gradient":""},"mobile":{"background-color":"var(--ast-global-color-5)","background-image":"","background-repeat":"repeat","background-position":"center center","background-size":"auto","background-attachment":"scroll","background-type":"","background-media":"","overlay-type":"","overlay-color":"","overlay-opacity":"","overlay-gradient":""}}},"product_brand":[],"product_cat":[98],"product_tag":[],"class_list":{"0":"post-9344","1":"product","2":"type-product","3":"status-publish","4":"has-post-thumbnail","6":"product_cat-air-suspension","7":"desktop-align-center","8":"tablet-align-left","9":"mobile-align-left","10":"ast-product-gallery-layout-horizontal-slider","11":"ast-product-gallery-with-no-image","12":"ast-product-tabs-layout-horizontal","14":"first","15":"instock","16":"shipping-taxable","17":"product-type-simple"},"_links":{"self":[{"href":"https:\/\/kangmaiaxle.com\/fr\/wp-json\/wp\/v2\/product\/9344","targetHints":{"allow":["GET"]}}],"collection":[{"href":"https:\/\/kangmaiaxle.com\/fr\/wp-json\/wp\/v2\/product"}],"about":[{"href":"https:\/\/kangmaiaxle.com\/fr\/wp-json\/wp\/v2\/types\/product"}],"wp:featuredmedia":[{"embeddable":true,"href":"https:\/\/kangmaiaxle.com\/fr\/wp-json\/wp\/v2\/media\/9347"}],"wp:attachment":[{"href":"https:\/\/kangmaiaxle.com\/fr\/wp-json\/wp\/v2\/media?parent=9344"}],"wp:term":[{"taxonomy":"product_brand","embeddable":true,"href":"https:\/\/kangmaiaxle.com\/fr\/wp-json\/wp\/v2\/product_brand?post=9344"},{"taxonomy":"product_cat","embeddable":true,"href":"https:\/\/kangmaiaxle.com\/fr\/wp-json\/wp\/v2\/product_cat?post=9344"},{"taxonomy":"product_tag","embeddable":true,"href":"https:\/\/kangmaiaxle.com\/fr\/wp-json\/wp\/v2\/product_tag?post=9344"}],"curies":[{"name":"wp","href":"https:\/\/api.w.org\/{rel}","templated":true}]}}