{"id":9338,"date":"2026-04-29T02:58:14","date_gmt":"2026-04-29T02:58:14","guid":{"rendered":"http:\/\/kangmaiaxle.com\/?post_type=product&#038;p=9338"},"modified":"2026-04-29T02:58:15","modified_gmt":"2026-04-29T02:58:15","slug":"ascendable-type-air-suspensions-assembly-of-parabolic-leaf-springnegative","status":"publish","type":"product","link":"https:\/\/kangmaiaxle.com\/fr\/produit\/suspensions-pneumatiques-de-type-ascensionnel-assemblage-de-ressorts-a-lames-paraboliques-negatif\/","title":{"rendered":"Suspensions pneumatiques de type ascendant Assemblage de ressorts \u00e0 lames paraboliques (n\u00e9gatif)"},"content":{"rendered":"<p>Ce produit est un syst\u00e8me composite de suspension pneumatique sp\u00e9cialement con\u00e7u pour les semi-remorques et les remorques compl\u00e8tes. Il adopte une structure avec des ressorts \u00e0 lames coniques comme bras de guidage et des coussins d'air mont\u00e9s \u00e0 l'envers, combinant la capacit\u00e9 de charge \u00e9lev\u00e9e des ressorts \u00e0 lames et l'excellent confort de conduite de la suspension pneumatique. Elle prend en charge le levage des essieux sans charge afin de r\u00e9duire efficacement la consommation de carburant et l'usure des pneus, et convient \u00e0 divers mod\u00e8les de remorques tels que les remorques surbaiss\u00e9es, les remorques \u00e0 ridelles et les remorques squelettes.<\/p>\n<h3>Param\u00e8tres de base<\/h3>\n<table>\n<tbody>\n<tr>\n<td width=\"56\">\u00a0suspension<\/p>\n<p>mod\u00e8le<\/td>\n<td colspan=\"2\" width=\"92\">dimensions de base<\/p>\n<p>(mm)<\/td>\n<td width=\"49\">essieu simple<\/p>\n<p>charge nominale<\/p>\n<p>(t)<\/td>\n<td width=\"38\">taille de<\/p>\n<p>tube d'essieu (mm)<\/td>\n<td width=\"29\">FH(mm)<\/td>\n<td width=\"31\">hauteur d'ascension (mm)<\/td>\n<td width=\"43\">injection de gaz<\/p>\n<p>pression (MP)<\/td>\n<td width=\"43\">cadre<\/p>\n<p>largeur<\/p>\n<p>(mm)<\/td>\n<td width=\"42\">\u00e9cartement des essieux (mm)<\/td>\n<td width=\"32\">poids total (kg)<\/td>\n<\/tr>\n<tr>\n<td width=\"56\">&nbsp;<\/p>\n<p>QF-GYT11F<\/td>\n<td colspan=\"2\" width=\"9\"><img alt=\"\" decoding=\"async\" class=\"alignnone size-full wp-image-9342\" src=\"http:\/\/kangmaiaxle.com\/wp-content\/uploads\/2026\/04\/\u56fe\u724711.png\" width=\"117\" height=\"68\" srcset=\"https:\/\/kangmaiaxle.com\/wp-content\/uploads\/2026\/04\/\u56fe\u724711.png 117w, https:\/\/kangmaiaxle.com\/wp-content\/uploads\/2026\/04\/\u56fe\u724711-18x10.png 18w\" sizes=\"(max-width: 117px) 100vw, 117px\" \/><\/td>\n<td width=\"83\">&nbsp;<\/p>\n<p>11<\/td>\n<td width=\"49\">&nbsp;<\/p>\n<p>0127\/ \u25a1150<\/td>\n<td width=\"38\">&nbsp;<\/p>\n<p>165-300<\/td>\n<td width=\"29\">&nbsp;<\/p>\n<p>100-120<\/td>\n<td width=\"31\">&nbsp;<\/p>\n<p>0,7Max<\/td>\n<td width=\"43\">&nbsp;<\/p>\n<p>850\u4e001200<\/td>\n<td width=\"43\">1460\u00a0~\u00a0\u00a01500<\/td>\n<td width=\"42\">=235<\/td>\n<\/tr>\n<tr>\n<td width=\"56\">&nbsp;<\/p>\n<p>QF-YT13F<\/td>\n<td colspan=\"2\" width=\"9\"><img alt=\"\" decoding=\"async\" class=\"alignnone size-full wp-image-9343\" src=\"http:\/\/kangmaiaxle.com\/wp-content\/uploads\/2026\/04\/\u56fe\u724712.png\" width=\"117\" height=\"97\" srcset=\"https:\/\/kangmaiaxle.com\/wp-content\/uploads\/2026\/04\/\u56fe\u724712.png 117w, https:\/\/kangmaiaxle.com\/wp-content\/uploads\/2026\/04\/\u56fe\u724712-14x12.png 14w\" sizes=\"(max-width: 117px) 100vw, 117px\" \/><\/td>\n<td width=\"83\">13<\/td>\n<td width=\"49\">0127\/ \u25a1150<\/td>\n<td width=\"38\">165~\u00a0300<\/td>\n<td width=\"29\">100-120<\/td>\n<td width=\"31\">0,7Max<\/td>\n<td width=\"43\">850-1200<\/p>\n<p>&nbsp;<\/td>\n<td width=\"43\">1460-1500<\/td>\n<td width=\"42\">\u2248245<\/td>\n<\/tr>\n<\/tbody>\n<\/table>\n<p>\u00c9quip\u00e9 d'une suspension pneumatique relevable, il peut soulever l'essieu \u00e0 vide. La hauteur de levage peut \u00eatre personnalis\u00e9e en fonction des besoins du client.<\/p>\n<p>Applicable aux semi-remorques \u00e0 2 essieux, 3 essieux et multi-essieux ou aux remorques compl\u00e8tes avec une distance de 165mm~300mm.<\/p>","protected":false},"excerpt":{"rendered":"<p>Largement utilis\u00e9 pour : les semi-remorques surbaiss\u00e9es, les remorques compl\u00e8tes surbaiss\u00e9es, les semi-remorques surbaiss\u00e9es \u00e0 double essieu concave et les semi-remorques de transport \u00e0 plateau surbaiss\u00e9.<\/p>","protected":false},"featured_media":9341,"template":"","meta":{"_seopress_robots_primary_cat":"","_seopress_titles_title":"Reverse Mounted Liftable Air Suspension with Tapered Leaf Spring","_seopress_titles_desc":"High-quality reverse mounted liftable air suspension with tapered leaf spring, supports no-load axle lifting, reduces fuel consumption & tire wear, fits various semi-trailers\/full trailers. Get free quote now!","_seopress_robots_index":"","site-sidebar-layout":"default","site-content-layout":"","ast-site-content-layout":"default","site-content-style":"default","site-sidebar-style":"default","ast-global-header-display":"","ast-banner-title-visibility":"","ast-main-header-display":"","ast-hfb-above-header-display":"","ast-hfb-below-header-display":"","ast-hfb-mobile-header-display":"","site-post-title":"","ast-breadcrumbs-content":"","ast-featured-img":"","footer-sml-layout":"","ast-disable-related-posts":"","theme-transparent-header-meta":"default","adv-header-id-meta":"","stick-header-meta":"default","header-above-stick-meta":"","header-main-stick-meta":"","header-below-stick-meta":"","astra-migrate-meta-layouts":"set","ast-page-background-enabled":"default","ast-page-background-meta":{"desktop":{"background-color":"var(--ast-global-color-4)","background-image":"","background-repeat":"repeat","background-position":"center center","background-size":"auto","background-attachment":"scroll","background-type":"","background-media":"","overlay-type":"","overlay-color":"","overlay-opacity":"","overlay-gradient":""},"tablet":{"background-color":"","background-image":"","background-repeat":"repeat","background-position":"center center","background-size":"auto","background-attachment":"scroll","background-type":"","background-media":"","overlay-type":"","overlay-color":"","overlay-opacity":"","overlay-gradient":""},"mobile":{"background-color":"","background-image":"","background-repeat":"repeat","background-position":"center center","background-size":"auto","background-attachment":"scroll","background-type":"","background-media":"","overlay-type":"","overlay-color":"","overlay-opacity":"","overlay-gradient":""}},"ast-content-background-meta":{"desktop":{"background-color":"var(--ast-global-color-5)","background-image":"","background-repeat":"repeat","background-position":"center center","background-size":"auto","background-attachment":"scroll","background-type":"","background-media":"","overlay-type":"","overlay-color":"","overlay-opacity":"","overlay-gradient":""},"tablet":{"background-color":"var(--ast-global-color-5)","background-image":"","background-repeat":"repeat","background-position":"center center","background-size":"auto","background-attachment":"scroll","background-type":"","background-media":"","overlay-type":"","overlay-color":"","overlay-opacity":"","overlay-gradient":""},"mobile":{"background-color":"var(--ast-global-color-5)","background-image":"","background-repeat":"repeat","background-position":"center center","background-size":"auto","background-attachment":"scroll","background-type":"","background-media":"","overlay-type":"","overlay-color":"","overlay-opacity":"","overlay-gradient":""}}},"product_brand":[],"product_cat":[98],"product_tag":[],"class_list":{"0":"post-9338","1":"product","2":"type-product","3":"status-publish","4":"has-post-thumbnail","6":"product_cat-air-suspension","7":"desktop-align-center","8":"tablet-align-left","9":"mobile-align-left","10":"ast-product-gallery-layout-horizontal-slider","11":"ast-product-gallery-with-no-image","12":"ast-product-tabs-layout-horizontal","14":"first","15":"instock","16":"shipping-taxable","17":"product-type-simple"},"_links":{"self":[{"href":"https:\/\/kangmaiaxle.com\/fr\/wp-json\/wp\/v2\/product\/9338","targetHints":{"allow":["GET"]}}],"collection":[{"href":"https:\/\/kangmaiaxle.com\/fr\/wp-json\/wp\/v2\/product"}],"about":[{"href":"https:\/\/kangmaiaxle.com\/fr\/wp-json\/wp\/v2\/types\/product"}],"wp:featuredmedia":[{"embeddable":true,"href":"https:\/\/kangmaiaxle.com\/fr\/wp-json\/wp\/v2\/media\/9341"}],"wp:attachment":[{"href":"https:\/\/kangmaiaxle.com\/fr\/wp-json\/wp\/v2\/media?parent=9338"}],"wp:term":[{"taxonomy":"product_brand","embeddable":true,"href":"https:\/\/kangmaiaxle.com\/fr\/wp-json\/wp\/v2\/product_brand?post=9338"},{"taxonomy":"product_cat","embeddable":true,"href":"https:\/\/kangmaiaxle.com\/fr\/wp-json\/wp\/v2\/product_cat?post=9338"},{"taxonomy":"product_tag","embeddable":true,"href":"https:\/\/kangmaiaxle.com\/fr\/wp-json\/wp\/v2\/product_tag?post=9338"}],"curies":[{"name":"wp","href":"https:\/\/api.w.org\/{rel}","templated":true}]}}