{"id":9332,"date":"2026-04-29T02:42:38","date_gmt":"2026-04-29T02:42:38","guid":{"rendered":"http:\/\/kangmaiaxle.com\/?post_type=product&#038;p=9332"},"modified":"2026-04-29T02:42:38","modified_gmt":"2026-04-29T02:42:38","slug":"loading-type-air-suspensions-assembly-of-parabolic-leaf-spring-negative","status":"publish","type":"product","link":"https:\/\/kangmaiaxle.com\/fr\/produit\/suspensions-pneumatiques-de-type-charge-assemblage-de-ressorts-a-lames-paraboliques-negatifs\/","title":{"rendered":"Suspensions pneumatiques de type chargeur Assemblage de ressorts \u00e0 lames paraboliques (n\u00e9gatifs)"},"content":{"rendered":"<div data-page-id=\"Obg9dgtTyoXzlyxcdbZcJ8sCnrJ\" data-lark-html-role=\"root\" data-docx-has-block-data=\"false\">\n<div class=\"ace-line ace-line old-record-id-EnSLfgVivdo3U0cxVhscD4gdnpn\">La suspension pneumatique \u00e0 lames coniques (montage invers\u00e9) est un syst\u00e8me professionnel de suspension \u00e0 guidage \u00e9lastique con\u00e7u pour les semi-remorques et les remorques compl\u00e8tes. Il adopte une disposition de montage invers\u00e9e, int\u00e9grant le guidage des ressorts \u00e0 lames coniques et l'absorption des chocs par les ressorts pneumatiques, ce qui est diff\u00e9rent du type de montage normal dans la structure d'installation.<\/div>\n<\/div>\n<h3>Param\u00e8tres de base<\/h3>\n<table>\n<tbody>\n<tr>\n<td width=\"60\">suspension<\/p>\n<p>mod\u00e8le<\/td>\n<td width=\"101\">de base<\/p>\n<p>dimensions (mm)<\/td>\n<td width=\"51\">essieu simple<\/p>\n<p>charge nominale (t)<\/td>\n<td width=\"41\">taille de l'essieu<\/p>\n<p>tube (mm)<\/td>\n<td width=\"32\">&nbsp;<\/p>\n<p>FH (mm)<\/td>\n<td width=\"40\">injection de gaz<\/p>\n<p>pression (MP)<\/td>\n<td width=\"49\">\u00a0cadre<\/p>\n<p>largeur (mm)<\/td>\n<td width=\"41\">axe<\/p>\n<p>\u00e9cart (mm)<\/td>\n<td width=\"42\">tot<\/p>\n<p>peser (kg)<\/td>\n<\/tr>\n<tr>\n<td width=\"60\">&nbsp;<\/p>\n<p>QF-GY11F<\/td>\n<td width=\"101\">&nbsp;<\/p>\n<p><img alt=\"\" decoding=\"async\" class=\"alignnone size-full wp-image-9336\" src=\"http:\/\/kangmaiaxle.com\/wp-content\/uploads\/2026\/04\/\u56fe\u72478.png\" width=\"119\" height=\"74\" srcset=\"https:\/\/kangmaiaxle.com\/wp-content\/uploads\/2026\/04\/\u56fe\u72478.png 119w, https:\/\/kangmaiaxle.com\/wp-content\/uploads\/2026\/04\/\u56fe\u72478-18x12.png 18w\" sizes=\"(max-width: 119px) 100vw, 119px\" \/><\/p>\n<p>&nbsp;<\/td>\n<td width=\"51\">&nbsp;<\/p>\n<p>11<\/td>\n<td width=\"41\">&nbsp;<\/p>\n<p>0127\/\u25a1150<\/td>\n<td width=\"32\">&nbsp;<\/p>\n<p>165~300<\/td>\n<td width=\"40\">&nbsp;<\/p>\n<p>0,7Max<\/td>\n<td width=\"49\">&nbsp;<\/p>\n<p>850\u4e001200<\/td>\n<td width=\"41\">&nbsp;<\/p>\n<p>1175~\u00a0\u00a01350<\/td>\n<td width=\"42\">&nbsp;<\/p>\n<p>\u2248205<\/td>\n<\/tr>\n<tr>\n<td width=\"60\">&nbsp;<\/p>\n<p>QF-GY13F<\/td>\n<td width=\"101\"><img alt=\"\" decoding=\"async\" class=\"alignnone size-full wp-image-9337\" src=\"http:\/\/kangmaiaxle.com\/wp-content\/uploads\/2026\/04\/\u56fe\u72479.png\" width=\"126\" height=\"114\" srcset=\"https:\/\/kangmaiaxle.com\/wp-content\/uploads\/2026\/04\/\u56fe\u72479.png 126w, https:\/\/kangmaiaxle.com\/wp-content\/uploads\/2026\/04\/\u56fe\u72479-13x12.png 13w\" sizes=\"(max-width: 126px) 100vw, 126px\" \/><\/td>\n<td width=\"51\">&nbsp;<\/p>\n<p>13<\/td>\n<td width=\"41\">&nbsp;<\/p>\n<p>0127\/ \u25a1150<\/td>\n<td width=\"32\">&nbsp;<\/p>\n<p>165\u00a0~\u00a0\u00a0300<\/td>\n<td width=\"40\">&nbsp;<\/p>\n<p>0,7Max<\/td>\n<td width=\"49\">&nbsp;<\/p>\n<p>850~1200<\/td>\n<td width=\"41\">&nbsp;<\/p>\n<p>1200\u00a0~1350<\/td>\n<td width=\"42\">&nbsp;<\/p>\n<p>=215<\/td>\n<\/tr>\n<\/tbody>\n<\/table>\n<p>Convient aux semi-remorques \u00e0 2 essieux, 3 essieux et multi-essieux ou aux remorques compl\u00e8tes avec une valeur FH allant de 165 mm \u00e0 300 mm ;<\/p>\n<p>&nbsp;<\/p>","protected":false},"excerpt":{"rendered":"<p>Largement utilis\u00e9 dans : les semi-remorques surbaiss\u00e9es, les remorques compl\u00e8tes surbaiss\u00e9es, les semi-remorques surbaiss\u00e9es concaves \u00e0 double essieu et les semi-remorques de transport surbaiss\u00e9es ;<\/p>","protected":false},"featured_media":9335,"template":"","meta":{"_seopress_robots_primary_cat":"","_seopress_titles_title":"Tapered Leaf Spring Air Suspension (Reverse Mount) for Semi-Trailer","_seopress_titles_desc":"Tapered Leaf Spring Air Suspension (Reverse Mount) for semi-trailers & full trailers. High load-bearing, anti-fatigue, easy installation, suitable for lowbed, concave lowbed trailers.","_seopress_robots_index":"","site-sidebar-layout":"default","site-content-layout":"","ast-site-content-layout":"default","site-content-style":"default","site-sidebar-style":"default","ast-global-header-display":"","ast-banner-title-visibility":"","ast-main-header-display":"","ast-hfb-above-header-display":"","ast-hfb-below-header-display":"","ast-hfb-mobile-header-display":"","site-post-title":"","ast-breadcrumbs-content":"","ast-featured-img":"","footer-sml-layout":"","ast-disable-related-posts":"","theme-transparent-header-meta":"default","adv-header-id-meta":"","stick-header-meta":"default","header-above-stick-meta":"","header-main-stick-meta":"","header-below-stick-meta":"","astra-migrate-meta-layouts":"set","ast-page-background-enabled":"default","ast-page-background-meta":{"desktop":{"background-color":"var(--ast-global-color-4)","background-image":"","background-repeat":"repeat","background-position":"center center","background-size":"auto","background-attachment":"scroll","background-type":"","background-media":"","overlay-type":"","overlay-color":"","overlay-opacity":"","overlay-gradient":""},"tablet":{"background-color":"","background-image":"","background-repeat":"repeat","background-position":"center center","background-size":"auto","background-attachment":"scroll","background-type":"","background-media":"","overlay-type":"","overlay-color":"","overlay-opacity":"","overlay-gradient":""},"mobile":{"background-color":"","background-image":"","background-repeat":"repeat","background-position":"center center","background-size":"auto","background-attachment":"scroll","background-type":"","background-media":"","overlay-type":"","overlay-color":"","overlay-opacity":"","overlay-gradient":""}},"ast-content-background-meta":{"desktop":{"background-color":"var(--ast-global-color-5)","background-image":"","background-repeat":"repeat","background-position":"center center","background-size":"auto","background-attachment":"scroll","background-type":"","background-media":"","overlay-type":"","overlay-color":"","overlay-opacity":"","overlay-gradient":""},"tablet":{"background-color":"var(--ast-global-color-5)","background-image":"","background-repeat":"repeat","background-position":"center center","background-size":"auto","background-attachment":"scroll","background-type":"","background-media":"","overlay-type":"","overlay-color":"","overlay-opacity":"","overlay-gradient":""},"mobile":{"background-color":"var(--ast-global-color-5)","background-image":"","background-repeat":"repeat","background-position":"center center","background-size":"auto","background-attachment":"scroll","background-type":"","background-media":"","overlay-type":"","overlay-color":"","overlay-opacity":"","overlay-gradient":""}}},"product_brand":[],"product_cat":[98],"product_tag":[],"class_list":{"0":"post-9332","1":"product","2":"type-product","3":"status-publish","4":"has-post-thumbnail","6":"product_cat-air-suspension","7":"desktop-align-center","8":"tablet-align-left","9":"mobile-align-left","10":"ast-product-gallery-layout-horizontal-slider","11":"ast-product-gallery-with-no-image","12":"ast-product-tabs-layout-horizontal","14":"first","15":"instock","16":"shipping-taxable","17":"product-type-simple"},"_links":{"self":[{"href":"https:\/\/kangmaiaxle.com\/fr\/wp-json\/wp\/v2\/product\/9332","targetHints":{"allow":["GET"]}}],"collection":[{"href":"https:\/\/kangmaiaxle.com\/fr\/wp-json\/wp\/v2\/product"}],"about":[{"href":"https:\/\/kangmaiaxle.com\/fr\/wp-json\/wp\/v2\/types\/product"}],"wp:featuredmedia":[{"embeddable":true,"href":"https:\/\/kangmaiaxle.com\/fr\/wp-json\/wp\/v2\/media\/9335"}],"wp:attachment":[{"href":"https:\/\/kangmaiaxle.com\/fr\/wp-json\/wp\/v2\/media?parent=9332"}],"wp:term":[{"taxonomy":"product_brand","embeddable":true,"href":"https:\/\/kangmaiaxle.com\/fr\/wp-json\/wp\/v2\/product_brand?post=9332"},{"taxonomy":"product_cat","embeddable":true,"href":"https:\/\/kangmaiaxle.com\/fr\/wp-json\/wp\/v2\/product_cat?post=9332"},{"taxonomy":"product_tag","embeddable":true,"href":"https:\/\/kangmaiaxle.com\/fr\/wp-json\/wp\/v2\/product_tag?post=9332"}],"curies":[{"name":"wp","href":"https:\/\/api.w.org\/{rel}","templated":true}]}}