{"id":9327,"date":"2026-04-29T02:33:55","date_gmt":"2026-04-29T02:33:55","guid":{"rendered":"http:\/\/kangmaiaxle.com\/?post_type=product&#038;p=9327"},"modified":"2026-04-29T02:33:55","modified_gmt":"2026-04-29T02:33:55","slug":"ascendable-type-air-suspensions-assembly-of-parabolic-leaf-springpositive","status":"publish","type":"product","link":"https:\/\/kangmaiaxle.com\/fr\/produit\/suspensions-pneumatiques-de-type-ascendant-ensemble-de-ressorts-a-lames-paraboliques-positif\/","title":{"rendered":"Suspensions pneumatiques de type ascendant Assemblage de ressorts \u00e0 lames paraboliques (positifs)"},"content":{"rendered":"<p>La suspension pneumatique \u00e0 ressorts \u00e0 lames coniques (montage normal) est un syst\u00e8me de suspension \u00e9lastique composite sp\u00e9cialement con\u00e7u pour les semi-remorques, y compris les semi-remorques \u00e0 plateau, les semi-remorques \u00e0 conteneur \u00e0 plateau, les semi-remorques \u00e0 ridelles, les semi-remorques \u00e0 squelette et les semi-remorques \u00e0 caisse. Il int\u00e8gre trois conceptions principales : le guidage par ressorts \u00e0 lames coniques, le levage par ressorts pneumatiques et la disposition de montage r\u00e9guli\u00e8re. Il \u00e9quilibre la capacit\u00e9 de charge, le confort d'absorption des chocs et la facilit\u00e9 d'installation et d'entretien, et convient parfaitement aux conditions routi\u00e8res difficiles, rapides et complexes des transports logistiques \u00e0 haute fr\u00e9quence.<\/p>\n<h3>Param\u00e8tres de base<\/h3>\n<table style=\"font-size: 16px; font-style: normal;\">\n<tbody>\n<tr>\n<td width=\"51\">suspension<\/p>\n<p>mod\u00e8le<\/td>\n<td width=\"93\">dimensions de base (mm)<\/td>\n<td width=\"50\">charge nominale d'un seul essieu (t)<\/td>\n<td width=\"43\">taille de l'essieu<\/p>\n<p>tube (mm)<\/td>\n<td width=\"25\">&nbsp;<\/p>\n<p>FH (mm )<\/td>\n<td width=\"30\">la hauteur de l'ascension<\/p>\n<p>t (mm)<\/td>\n<td width=\"45\">injection de gaz<\/p>\n<p>pression (MP)<\/td>\n<td width=\"43\">\u00a0cadre<\/p>\n<p>largeur<\/p>\n<p>(mm)<\/td>\n<td width=\"35\">\u00e9cartement des essieux (mm)<\/td>\n<td width=\"35\">poids total (kg)<\/td>\n<\/tr>\n<tr>\n<td width=\"51\">&nbsp;<\/p>\n<p>QF-GFT11<\/td>\n<td rowspan=\"2\" width=\"93\"><img alt=\"\" decoding=\"async\" class=\"alignnone size-full wp-image-9330\" src=\"http:\/\/kangmaiaxle.com\/wp-content\/uploads\/2026\/04\/\u56fe\u72475.png\" width=\"134\" height=\"192\" srcset=\"https:\/\/kangmaiaxle.com\/wp-content\/uploads\/2026\/04\/\u56fe\u72475.png 134w, https:\/\/kangmaiaxle.com\/wp-content\/uploads\/2026\/04\/\u56fe\u72475-8x12.png 8w\" sizes=\"(max-width: 134px) 100vw, 134px\" \/><\/td>\n<td width=\"50\">&nbsp;<\/p>\n<p>11<\/td>\n<td width=\"43\">&nbsp;<\/p>\n<p>Q127\/\u25a1150<\/td>\n<td width=\"25\">370\/550<\/td>\n<td width=\"30\">&nbsp;<\/p>\n<p>100-20<\/td>\n<td width=\"45\">&nbsp;<\/p>\n<p>0,7Max<\/td>\n<td width=\"43\">850~1200<\/td>\n<td width=\"35\">1270\u00a0~\u00a0\u00a01400<\/td>\n<td width=\"35\">&nbsp;<\/p>\n<p>=240<\/td>\n<\/tr>\n<tr>\n<td width=\"51\">&nbsp;<\/p>\n<p>QF-GFT13<\/td>\n<td width=\"93\">13<\/td>\n<td width=\"50\">&nbsp;<\/p>\n<p>0127\/\u25a1150<\/td>\n<td width=\"43\">&nbsp;<\/p>\n<p>370\/550<\/td>\n<td width=\"25\">100-20<\/td>\n<td width=\"30\">&nbsp;<\/p>\n<p>0,7Max<\/td>\n<td width=\"45\">&nbsp;<\/p>\n<p>850\/1200<\/td>\n<td width=\"43\">1300\u00a0~\u00a0\u00a01400<\/td>\n<td width=\"35\">=255<\/td>\n<\/tr>\n<\/tbody>\n<\/table>\n<p>La suspension pneumatique de type ascendante peut soulever l'essieu lorsqu'il est vide, la hauteur de levage peut \u00eatre personnalis\u00e9e en fonction des exigences du client ;<\/p>\n<p>Il convient aux semi-remorques ou remorques FH 370m~550m \u00e0 2 axes, 3 axes et multi-axes ;<\/p>\n<p>&nbsp;<\/p>\n<p>&nbsp;<\/p>","protected":false},"excerpt":{"rendered":"<p>Largement utilis\u00e9 pour : les semi-remorques \u00e0 plateau, les semi-remorques \u00e0 conteneur \u00e0 plateau, les semi-remorques \u00e0 ridelles, les semi-remorques \u00e0 conteneur squelette, les semi-remorques \u00e0 caisse et d'autres mod\u00e8les.<\/p>","protected":false},"featured_media":9331,"template":"","meta":{"_seopress_robots_primary_cat":"","_seopress_titles_title":"Tapered Leaf Spring Lifting Air Suspension (Regular Mount) for Semi-Trailer","_seopress_titles_desc":"Tapered Leaf Spring Lifting Air Suspension (Regular Mount) designed for semi-trailers (flatbed, container, stake). Integrates tapered leaf spring guidance, air spring lifting & regular mount, with high load-bearing, comfortable shock absorption and easy installation. Suitable for heavy-duty, high-frequency logistics.","_seopress_robots_index":"","site-sidebar-layout":"default","site-content-layout":"","ast-site-content-layout":"default","site-content-style":"default","site-sidebar-style":"default","ast-global-header-display":"","ast-banner-title-visibility":"","ast-main-header-display":"","ast-hfb-above-header-display":"","ast-hfb-below-header-display":"","ast-hfb-mobile-header-display":"","site-post-title":"","ast-breadcrumbs-content":"","ast-featured-img":"","footer-sml-layout":"","ast-disable-related-posts":"","theme-transparent-header-meta":"default","adv-header-id-meta":"","stick-header-meta":"default","header-above-stick-meta":"","header-main-stick-meta":"","header-below-stick-meta":"","astra-migrate-meta-layouts":"set","ast-page-background-enabled":"default","ast-page-background-meta":{"desktop":{"background-color":"var(--ast-global-color-4)","background-image":"","background-repeat":"repeat","background-position":"center center","background-size":"auto","background-attachment":"scroll","background-type":"","background-media":"","overlay-type":"","overlay-color":"","overlay-opacity":"","overlay-gradient":""},"tablet":{"background-color":"","background-image":"","background-repeat":"repeat","background-position":"center center","background-size":"auto","background-attachment":"scroll","background-type":"","background-media":"","overlay-type":"","overlay-color":"","overlay-opacity":"","overlay-gradient":""},"mobile":{"background-color":"","background-image":"","background-repeat":"repeat","background-position":"center center","background-size":"auto","background-attachment":"scroll","background-type":"","background-media":"","overlay-type":"","overlay-color":"","overlay-opacity":"","overlay-gradient":""}},"ast-content-background-meta":{"desktop":{"background-color":"var(--ast-global-color-5)","background-image":"","background-repeat":"repeat","background-position":"center center","background-size":"auto","background-attachment":"scroll","background-type":"","background-media":"","overlay-type":"","overlay-color":"","overlay-opacity":"","overlay-gradient":""},"tablet":{"background-color":"var(--ast-global-color-5)","background-image":"","background-repeat":"repeat","background-position":"center center","background-size":"auto","background-attachment":"scroll","background-type":"","background-media":"","overlay-type":"","overlay-color":"","overlay-opacity":"","overlay-gradient":""},"mobile":{"background-color":"var(--ast-global-color-5)","background-image":"","background-repeat":"repeat","background-position":"center center","background-size":"auto","background-attachment":"scroll","background-type":"","background-media":"","overlay-type":"","overlay-color":"","overlay-opacity":"","overlay-gradient":""}}},"product_brand":[],"product_cat":[98],"product_tag":[],"class_list":{"0":"post-9327","1":"product","2":"type-product","3":"status-publish","4":"has-post-thumbnail","6":"product_cat-air-suspension","7":"desktop-align-center","8":"tablet-align-left","9":"mobile-align-left","10":"ast-product-gallery-layout-horizontal-slider","11":"ast-product-gallery-with-no-image","12":"ast-product-tabs-layout-horizontal","14":"first","15":"instock","16":"shipping-taxable","17":"product-type-simple"},"_links":{"self":[{"href":"https:\/\/kangmaiaxle.com\/fr\/wp-json\/wp\/v2\/product\/9327","targetHints":{"allow":["GET"]}}],"collection":[{"href":"https:\/\/kangmaiaxle.com\/fr\/wp-json\/wp\/v2\/product"}],"about":[{"href":"https:\/\/kangmaiaxle.com\/fr\/wp-json\/wp\/v2\/types\/product"}],"wp:featuredmedia":[{"embeddable":true,"href":"https:\/\/kangmaiaxle.com\/fr\/wp-json\/wp\/v2\/media\/9331"}],"wp:attachment":[{"href":"https:\/\/kangmaiaxle.com\/fr\/wp-json\/wp\/v2\/media?parent=9327"}],"wp:term":[{"taxonomy":"product_brand","embeddable":true,"href":"https:\/\/kangmaiaxle.com\/fr\/wp-json\/wp\/v2\/product_brand?post=9327"},{"taxonomy":"product_cat","embeddable":true,"href":"https:\/\/kangmaiaxle.com\/fr\/wp-json\/wp\/v2\/product_cat?post=9327"},{"taxonomy":"product_tag","embeddable":true,"href":"https:\/\/kangmaiaxle.com\/fr\/wp-json\/wp\/v2\/product_tag?post=9327"}],"curies":[{"name":"wp","href":"https:\/\/api.w.org\/{rel}","templated":true}]}}