{"id":7355,"date":"2025-10-17T05:56:18","date_gmt":"2025-10-17T05:56:18","guid":{"rendered":"http:\/\/hk.sdwailian.com\/?page_id=7355"},"modified":"2026-05-08T07:19:47","modified_gmt":"2026-05-08T07:19:47","slug":"service","status":"publish","type":"page","link":"https:\/\/kangmaiaxle.com\/fr\/service\/","title":{"rendered":"Service"},"content":{"rendered":"<div data-elementor-type=\"wp-page\" data-elementor-id=\"7355\" class=\"elementor elementor-7355\" data-elementor-post-type=\"page\">\n\t\t\t\t<div class=\"elementor-element elementor-element-58966a4 e-con-full e-flex e-con e-parent\" data-id=\"58966a4\" data-element_type=\"container\" data-e-type=\"container\" data-settings=\"{&quot;background_background&quot;:&quot;classic&quot;}\">\n\t\t<div class=\"elementor-element elementor-element-7bd608a e-flex e-con-boxed e-con e-child\" data-id=\"7bd608a\" data-element_type=\"container\" data-e-type=\"container\">\n\t\t\t\t\t<div class=\"e-con-inner\">\n\t\t\t\t<div class=\"elementor-element elementor-element-70551cb elementor-widget elementor-widget-heading\" data-id=\"70551cb\" data-element_type=\"widget\" data-e-type=\"widget\" data-widget_type=\"heading.default\">\n\t\t\t\t<div class=\"elementor-widget-container\">\n\t\t\t\t\t<h2 class=\"elementor-heading-title elementor-size-default\">MARCH\u00c9S SERVIS<\/h2>\t\t\t\t<\/div>\n\t\t\t\t<\/div>\n\t\t\t\t<div class=\"elementor-element elementor-element-bf6b058 elementor-widget-divider--view-line elementor-widget elementor-widget-divider\" data-id=\"bf6b058\" data-element_type=\"widget\" data-e-type=\"widget\" data-widget_type=\"divider.default\">\n\t\t\t\t<div class=\"elementor-widget-container\">\n\t\t\t\t\t\t\t<div class=\"elementor-divider\">\n\t\t\t<span class=\"elementor-divider-separator\">\n\t\t\t\t\t\t<\/span>\n\t\t<\/div>\n\t\t\t\t\t\t<\/div>\n\t\t\t\t<\/div>\n\t\t\t\t<div class=\"elementor-element elementor-element-7d6019d elementor-widget__width-initial elementor-widget elementor-widget-text-editor\" data-id=\"7d6019d\" data-element_type=\"widget\" data-e-type=\"widget\" data-widget_type=\"text-editor.default\">\n\t\t\t\t<div class=\"elementor-widget-container\">\n\t\t\t\t\t\t\t\t\t<p>Shandong Kangmai Axle adh\u00e8re \u00e0 la devise \"Production pr\u00e9cise, poursuite de l'excellence, priorit\u00e9 \u00e0 la qualit\u00e9\" et s'engage \u00e0 fournir des produits de qualit\u00e9 sup\u00e9rieure et des services professionnels.<\/p>\t\t\t\t\t\t\t\t<\/div>\n\t\t\t\t<\/div>\n\t\t\t\t\t<\/div>\n\t\t\t\t<\/div>\n\t\t\t\t<\/div>\n\t\t<div class=\"elementor-element elementor-element-4a13605 e-flex e-con-boxed e-con e-parent\" data-id=\"4a13605\" data-element_type=\"container\" data-e-type=\"container\">\n\t\t\t\t\t<div class=\"e-con-inner\">\n\t\t<div class=\"elementor-element elementor-element-a567bb7 e-grid e-con-full e-con e-child\" data-id=\"a567bb7\" data-element_type=\"container\" data-e-type=\"container\">\n\t\t\t\t<div class=\"elementor-element elementor-element-7f3d48b elementor-widget__width-initial elementor-widget elementor-widget-heading\" data-id=\"7f3d48b\" data-element_type=\"widget\" data-e-type=\"widget\" data-widget_type=\"heading.default\">\n\t\t\t\t<div class=\"elementor-widget-container\">\n\t\t\t\t\t<h2 class=\"elementor-heading-title elementor-size-default\">SHANDONG KANGMAI AXLE CO. LTD est un fabricant professionnel d'essieux de type europ\u00e9en, d'essieux de type am\u00e9ricain, d'essieux \u00e0 frein \u00e0 disque\/tambour, de suspensions pneumatiques, de suspensions m\u00e9caniques, de bogies, d'accessoires et de toutes les pi\u00e8ces pour les semi-remorques de qualit\u00e9 sup\u00e9rieure. <\/h2>\t\t\t\t<\/div>\n\t\t\t\t<\/div>\n\t\t\t\t<div class=\"elementor-element elementor-element-7cf3e9c elementor-widget elementor-widget-text-editor\" data-id=\"7cf3e9c\" data-element_type=\"widget\" data-e-type=\"widget\" data-widget_type=\"text-editor.default\">\n\t\t\t\t<div class=\"elementor-widget-container\">\n\t\t\t\t\t\t\t\t\t<p>L'entreprise se concentre sur le d\u00e9veloppement et la promotion d'essieux de v\u00e9hicules de haute technologie, couvrant une s\u00e9rie d'essieux pour les remorques lourdes et moyennes. Elle dispose actuellement d'une ligne de pulv\u00e9risation et d'une ligne d'assemblage d'essieux, et est \u00e9quip\u00e9e d'un mat\u00e9riel d'essai et d'inspection pr\u00e9cis. La soci\u00e9t\u00e9 a pour mission de devenir un \"essieu sans entretien de premi\u00e8re classe\" et adh\u00e8re \u00e0 la strat\u00e9gie de d\u00e9veloppement de l'entreprise qui consiste \u00e0 \"adh\u00e9rer au leadership technologique et \u00e0 s'efforcer de devenir une entreprise nationale de premi\u00e8re classe\". SHANDONG KANGMAI AXLE CO. LTD continue d'adh\u00e9rer au concept de qualit\u00e9 \"production de pr\u00e9cision, poursuite de l'excellence et priorit\u00e9 \u00e0 la qualit\u00e9\" et se consacre \u00e0 la fourniture de produits de haute qualit\u00e9 \u00e0 ses clients.<\/p>\t\t\t\t\t\t\t\t<\/div>\n\t\t\t\t<\/div>\n\t\t\t\t<\/div>\n\t\t\t\t\t<\/div>\n\t\t\t\t<\/div>\n\t\t<div class=\"elementor-element elementor-element-9353b4b e-flex e-con-boxed e-con e-parent\" data-id=\"9353b4b\" data-element_type=\"container\" data-e-type=\"container\">\n\t\t\t\t\t<div class=\"e-con-inner\">\n\t\t<div class=\"elementor-element elementor-element-381bf4f e-grid e-con-full e-con e-child\" data-id=\"381bf4f\" data-element_type=\"container\" data-e-type=\"container\">\n\t\t\t\t<div class=\"elementor-element elementor-element-4882759 elementor-position-top elementor-widget elementor-widget-image-box\" data-id=\"4882759\" data-element_type=\"widget\" data-e-type=\"widget\" data-widget_type=\"image-box.default\">\n\t\t\t\t<div class=\"elementor-widget-container\">\n\t\t\t\t\t<div class=\"elementor-image-box-wrapper\"><figure class=\"elementor-image-box-img\"><img alt=\"\" fetchpriority=\"high\" decoding=\"async\" width=\"470\" height=\"289\" src=\"http:\/\/kangmaiaxle.com\/wp-content\/uploads\/2026\/04\/1-1.jpg\" class=\"attachment-full size-full wp-image-9071\" srcset=\"https:\/\/kangmaiaxle.com\/wp-content\/uploads\/2026\/04\/1-1.jpg 470w, https:\/\/kangmaiaxle.com\/wp-content\/uploads\/2026\/04\/1-1-300x184.jpg 300w, https:\/\/kangmaiaxle.com\/wp-content\/uploads\/2026\/04\/1-1-18x12.jpg 18w\" sizes=\"(max-width: 470px) 100vw, 470px\" \/><\/figure><div class=\"elementor-image-box-content\"><h3 class=\"elementor-image-box-title\">Camion lourd<\/h3><\/div><\/div>\t\t\t\t<\/div>\n\t\t\t\t<\/div>\n\t\t\t\t<div class=\"elementor-element elementor-element-1aa9447 elementor-position-top elementor-widget elementor-widget-image-box\" data-id=\"1aa9447\" data-element_type=\"widget\" data-e-type=\"widget\" data-widget_type=\"image-box.default\">\n\t\t\t\t<div class=\"elementor-widget-container\">\n\t\t\t\t\t<div class=\"elementor-image-box-wrapper\"><figure class=\"elementor-image-box-img\"><img alt=\"\" decoding=\"async\" width=\"470\" height=\"289\" src=\"http:\/\/kangmaiaxle.com\/wp-content\/uploads\/2026\/04\/02-1.jpg\" class=\"attachment-full size-full wp-image-9072\" srcset=\"https:\/\/kangmaiaxle.com\/wp-content\/uploads\/2026\/04\/02-1.jpg 470w, https:\/\/kangmaiaxle.com\/wp-content\/uploads\/2026\/04\/02-1-300x184.jpg 300w, https:\/\/kangmaiaxle.com\/wp-content\/uploads\/2026\/04\/02-1-18x12.jpg 18w\" sizes=\"(max-width: 470px) 100vw, 470px\" \/><\/figure><div class=\"elementor-image-box-content\"><h3 class=\"elementor-image-box-title\">Machines d'ing\u00e9nierie<\/h3><\/div><\/div>\t\t\t\t<\/div>\n\t\t\t\t<\/div>\n\t\t\t\t<div class=\"elementor-element elementor-element-008b335 elementor-position-top elementor-widget elementor-widget-image-box\" data-id=\"008b335\" data-element_type=\"widget\" data-e-type=\"widget\" data-widget_type=\"image-box.default\">\n\t\t\t\t<div class=\"elementor-widget-container\">\n\t\t\t\t\t<div class=\"elementor-image-box-wrapper\"><figure class=\"elementor-image-box-img\"><img alt=\"\" decoding=\"async\" width=\"470\" height=\"289\" src=\"http:\/\/kangmaiaxle.com\/wp-content\/uploads\/2026\/04\/03-1.jpg\" class=\"attachment-full size-full wp-image-9073\" srcset=\"https:\/\/kangmaiaxle.com\/wp-content\/uploads\/2026\/04\/03-1.jpg 470w, https:\/\/kangmaiaxle.com\/wp-content\/uploads\/2026\/04\/03-1-300x184.jpg 300w, https:\/\/kangmaiaxle.com\/wp-content\/uploads\/2026\/04\/03-1-18x12.jpg 18w\" sizes=\"(max-width: 470px) 100vw, 470px\" \/><\/figure><div class=\"elementor-image-box-content\"><h3 class=\"elementor-image-box-title\">Machines agricoles<\/h3><\/div><\/div>\t\t\t\t<\/div>\n\t\t\t\t<\/div>\n\t\t\t\t<div class=\"elementor-element elementor-element-e584f74 elementor-position-top elementor-widget elementor-widget-image-box\" data-id=\"e584f74\" data-element_type=\"widget\" data-e-type=\"widget\" data-widget_type=\"image-box.default\">\n\t\t\t\t<div class=\"elementor-widget-container\">\n\t\t\t\t\t<div class=\"elementor-image-box-wrapper\"><figure class=\"elementor-image-box-img\"><img alt=\"\" loading=\"lazy\" decoding=\"async\" width=\"470\" height=\"289\" src=\"http:\/\/kangmaiaxle.com\/wp-content\/uploads\/2026\/04\/04-1.jpg\" class=\"attachment-full size-full wp-image-9077\" srcset=\"https:\/\/kangmaiaxle.com\/wp-content\/uploads\/2026\/04\/04-1.jpg 470w, https:\/\/kangmaiaxle.com\/wp-content\/uploads\/2026\/04\/04-1-300x184.jpg 300w, https:\/\/kangmaiaxle.com\/wp-content\/uploads\/2026\/04\/04-1-18x12.jpg 18w\" sizes=\"(max-width: 470px) 100vw, 470px\" \/><\/figure><div class=\"elementor-image-box-content\"><h3 class=\"elementor-image-box-title\">V\u00e9hicule \u00e0 usage sp\u00e9cial<\/h3><\/div><\/div>\t\t\t\t<\/div>\n\t\t\t\t<\/div>\n\t\t\t\t<div class=\"elementor-element elementor-element-b0001a0 elementor-position-top elementor-widget elementor-widget-image-box\" data-id=\"b0001a0\" data-element_type=\"widget\" data-e-type=\"widget\" data-widget_type=\"image-box.default\">\n\t\t\t\t<div class=\"elementor-widget-container\">\n\t\t\t\t\t<div class=\"elementor-image-box-wrapper\"><figure class=\"elementor-image-box-img\"><img alt=\"\" loading=\"lazy\" decoding=\"async\" width=\"470\" height=\"289\" src=\"http:\/\/kangmaiaxle.com\/wp-content\/uploads\/2026\/04\/05-1.jpg\" class=\"attachment-full size-full wp-image-9078\" srcset=\"https:\/\/kangmaiaxle.com\/wp-content\/uploads\/2026\/04\/05-1.jpg 470w, https:\/\/kangmaiaxle.com\/wp-content\/uploads\/2026\/04\/05-1-300x184.jpg 300w, https:\/\/kangmaiaxle.com\/wp-content\/uploads\/2026\/04\/05-1-18x12.jpg 18w\" sizes=\"(max-width: 470px) 100vw, 470px\" \/><\/figure><div class=\"elementor-image-box-content\"><h3 class=\"elementor-image-box-title\">V\u00e9hicule \u00e0 \u00e9nergie nouvelle<\/h3><\/div><\/div>\t\t\t\t<\/div>\n\t\t\t\t<\/div>\n\t\t\t\t<div class=\"elementor-element elementor-element-a4786de elementor-position-top elementor-widget elementor-widget-image-box\" data-id=\"a4786de\" data-element_type=\"widget\" data-e-type=\"widget\" data-widget_type=\"image-box.default\">\n\t\t\t\t<div class=\"elementor-widget-container\">\n\t\t\t\t\t<div class=\"elementor-image-box-wrapper\"><figure class=\"elementor-image-box-img\"><img alt=\"\" loading=\"lazy\" decoding=\"async\" width=\"470\" height=\"289\" src=\"http:\/\/kangmaiaxle.com\/wp-content\/uploads\/2026\/04\/06-1.jpg\" class=\"attachment-full size-full wp-image-9079\" srcset=\"https:\/\/kangmaiaxle.com\/wp-content\/uploads\/2026\/04\/06-1.jpg 470w, https:\/\/kangmaiaxle.com\/wp-content\/uploads\/2026\/04\/06-1-300x184.jpg 300w, https:\/\/kangmaiaxle.com\/wp-content\/uploads\/2026\/04\/06-1-18x12.jpg 18w\" sizes=\"(max-width: 470px) 100vw, 470px\" \/><\/figure><div class=\"elementor-image-box-content\"><h3 class=\"elementor-image-box-title\">Assainissement<\/h3><\/div><\/div>\t\t\t\t<\/div>\n\t\t\t\t<\/div>\n\t\t\t\t<\/div>\n\t\t\t\t\t<\/div>\n\t\t\t\t<\/div>\n\t\t<div class=\"elementor-element elementor-element-db6ae63 e-flex e-con-boxed e-con e-parent\" data-id=\"db6ae63\" data-element_type=\"container\" data-e-type=\"container\" data-settings=\"{&quot;background_background&quot;:&quot;classic&quot;}\">\n\t\t\t\t\t<div class=\"e-con-inner\">\n\t\t<div class=\"elementor-element elementor-element-49f6b49 e-grid e-con-full e-con e-child\" data-id=\"49f6b49\" data-element_type=\"container\" data-e-type=\"container\">\n\t\t<div class=\"elementor-element elementor-element-1f98320 e-con-full e-flex e-con e-child\" data-id=\"1f98320\" data-element_type=\"container\" data-e-type=\"container\">\n\t\t\t\t<div class=\"elementor-element elementor-element-e73263b elementor-position-left elementor-vertical-align-middle elementor-vertical-align-top elementor-widget elementor-widget-image-box\" data-id=\"e73263b\" data-element_type=\"widget\" data-e-type=\"widget\" data-widget_type=\"image-box.default\">\n\t\t\t\t<div class=\"elementor-widget-container\">\n\t\t\t\t\t<div class=\"elementor-image-box-wrapper\"><figure class=\"elementor-image-box-img\"><img alt=\"\" loading=\"lazy\" decoding=\"async\" width=\"159\" height=\"85\" src=\"http:\/\/kangmaiaxle.com\/wp-content\/uploads\/2026\/04\/dex__about-us-icon.png\" class=\"attachment-full size-full wp-image-9087\" srcset=\"https:\/\/kangmaiaxle.com\/wp-content\/uploads\/2026\/04\/dex__about-us-icon.png 159w, https:\/\/kangmaiaxle.com\/wp-content\/uploads\/2026\/04\/dex__about-us-icon-18x10.png 18w\" sizes=\"(max-width: 159px) 100vw, 159px\" \/><\/figure><div class=\"elementor-image-box-content\"><h3 class=\"elementor-image-box-title\">\u00c0 propos de nous<\/h3><\/div><\/div>\t\t\t\t<\/div>\n\t\t\t\t<\/div>\n\t\t\t\t<\/div>\n\t\t\t\t<div class=\"elementor-element elementor-element-58c6d01 elementor-widget elementor-widget-text-editor\" data-id=\"58c6d01\" data-element_type=\"widget\" data-e-type=\"widget\" data-widget_type=\"text-editor.default\">\n\t\t\t\t<div class=\"elementor-widget-container\">\n\t\t\t\t\t\t\t\t\t<p>L'entreprise se concentre sur le d\u00e9veloppement et la promotion d'essieux de v\u00e9hicules de haute technologie, couvrant une s\u00e9rie d'essieux pour les remorques lourdes et moyennes.<\/p>\t\t\t\t\t\t\t\t<\/div>\n\t\t\t\t<\/div>\n\t\t\t\t<div class=\"elementor-element elementor-element-4b0a890 elementor-align-center elementor-widget elementor-widget-button\" data-id=\"4b0a890\" data-element_type=\"widget\" data-e-type=\"widget\" data-widget_type=\"button.default\">\n\t\t\t\t<div class=\"elementor-widget-container\">\n\t\t\t\t\t\t\t\t\t<div class=\"elementor-button-wrapper\">\n\t\t\t\t\t<a class=\"elementor-button elementor-button-link elementor-size-sm\" href=\"\/contact\/\">\n\t\t\t\t\t\t<span class=\"elementor-button-content-wrapper\">\n\t\t\t\t\t\t\t\t\t<span class=\"elementor-button-text\">Explorer maintenant<\/span>\n\t\t\t\t\t<\/span>\n\t\t\t\t\t<\/a>\n\t\t\t\t<\/div>\n\t\t\t\t\t\t\t\t<\/div>\n\t\t\t\t<\/div>\n\t\t\t\t<\/div>\n\t\t\t\t\t<\/div>\n\t\t\t\t<\/div>\n\t\t<div class=\"elementor-element elementor-element-a230b70 e-con-full e-flex e-con e-parent\" data-id=\"a230b70\" data-element_type=\"container\" data-e-type=\"container\" data-settings=\"{&quot;background_background&quot;:&quot;classic&quot;}\">\n\t\t<div class=\"elementor-element elementor-element-ecb6d6e e-flex e-con-boxed e-con e-child\" data-id=\"ecb6d6e\" data-element_type=\"container\" data-e-type=\"container\">\n\t\t\t\t\t<div class=\"e-con-inner\">\n\t\t\t\t<div class=\"elementor-element elementor-element-4bd2762 elementor-widget elementor-widget-heading\" data-id=\"4bd2762\" data-element_type=\"widget\" data-e-type=\"widget\" data-widget_type=\"heading.default\">\n\t\t\t\t<div class=\"elementor-widget-container\">\n\t\t\t\t\t<h2 class=\"elementor-heading-title elementor-size-default\">Service<\/h2>\t\t\t\t<\/div>\n\t\t\t\t<\/div>\n\t\t<div class=\"elementor-element elementor-element-9bbbd62 e-grid e-con-full e-con e-child\" data-id=\"9bbbd62\" data-element_type=\"container\" data-e-type=\"container\">\n\t\t<div class=\"elementor-element elementor-element-e2189dc e-con-full e-flex e-con e-child\" data-id=\"e2189dc\" data-element_type=\"container\" data-e-type=\"container\" data-settings=\"{&quot;background_background&quot;:&quot;classic&quot;}\">\n\t\t\t\t<div class=\"elementor-element elementor-element-dfa01da elementor-position-top elementor-widget elementor-widget-image-box\" data-id=\"dfa01da\" data-element_type=\"widget\" data-e-type=\"widget\" data-widget_type=\"image-box.default\">\n\t\t\t\t<div class=\"elementor-widget-container\">\n\t\t\t\t\t<div class=\"elementor-image-box-wrapper\"><figure class=\"elementor-image-box-img\"><img alt=\"\" loading=\"lazy\" decoding=\"async\" width=\"94\" height=\"70\" src=\"http:\/\/kangmaiaxle.com\/wp-content\/uploads\/2026\/04\/1-2.png\" class=\"attachment-full size-full wp-image-9111\" srcset=\"https:\/\/kangmaiaxle.com\/wp-content\/uploads\/2026\/04\/1-2.png 94w, https:\/\/kangmaiaxle.com\/wp-content\/uploads\/2026\/04\/1-2-16x12.png 16w\" sizes=\"(max-width: 94px) 100vw, 94px\" \/><\/figure><div class=\"elementor-image-box-content\"><h3 class=\"elementor-image-box-title\">Service de production sur mesure<\/h3><p class=\"elementor-image-box-description\">Sp\u00e9cialis\u00e9e dans la fabrication d'essieux \u00e0 frein \u00e0 disque\/tambour de type europ\u00e9en\/am\u00e9ricain, y compris les essieux l\u00e9gers, les essieux sp\u00e9ciaux et d'autres mod\u00e8les haut de gamme, avec une production annuelle de 150 000 unit\u00e9s, couvrant toute la gamme des besoins en essieux pour les remorques l\u00e9g\u00e8res, moyennes et lourdes.<\/p><\/div><\/div>\t\t\t\t<\/div>\n\t\t\t\t<\/div>\n\t\t\t\t<\/div>\n\t\t<div class=\"elementor-element elementor-element-c2885a1 e-con-full e-flex e-con e-child\" data-id=\"c2885a1\" data-element_type=\"container\" data-e-type=\"container\" data-settings=\"{&quot;background_background&quot;:&quot;classic&quot;}\">\n\t\t\t\t<div class=\"elementor-element elementor-element-cb9c369 elementor-position-top elementor-widget elementor-widget-image-box\" data-id=\"cb9c369\" data-element_type=\"widget\" data-e-type=\"widget\" data-widget_type=\"image-box.default\">\n\t\t\t\t<div class=\"elementor-widget-container\">\n\t\t\t\t\t<div class=\"elementor-image-box-wrapper\"><figure class=\"elementor-image-box-img\"><img alt=\"\" loading=\"lazy\" decoding=\"async\" width=\"94\" height=\"70\" src=\"http:\/\/kangmaiaxle.com\/wp-content\/uploads\/2026\/04\/2-2.png\" class=\"attachment-full size-full wp-image-9127\" srcset=\"https:\/\/kangmaiaxle.com\/wp-content\/uploads\/2026\/04\/2-2.png 94w, https:\/\/kangmaiaxle.com\/wp-content\/uploads\/2026\/04\/2-2-16x12.png 16w\" sizes=\"(max-width: 94px) 100vw, 94px\" \/><\/figure><div class=\"elementor-image-box-content\"><h3 class=\"elementor-image-box-title\">Service de R&amp;D et de fabrication<\/h3><p class=\"elementor-image-box-description\">R&amp;D et production d'une gamme compl\u00e8te d'accessoires, y compris les suspensions pneumatiques, les suspensions m\u00e9caniques, les bogies de remorque et les barres d'accouplement, avec une production annuelle de 100 000 ensembles de suspension et de 300 000 ensembles de barres d'accouplement, et lancement de produits innovants tels que les essieux \u00e0 frein \u00e0 disque sans entretien en guise de soutien.<\/p><\/div><\/div>\t\t\t\t<\/div>\n\t\t\t\t<\/div>\n\t\t\t\t<\/div>\n\t\t<div class=\"elementor-element elementor-element-d3d5f61 e-con-full e-flex e-con e-child\" data-id=\"d3d5f61\" data-element_type=\"container\" data-e-type=\"container\" data-settings=\"{&quot;background_background&quot;:&quot;classic&quot;}\">\n\t\t\t\t<div class=\"elementor-element elementor-element-2bf1c7e elementor-position-top elementor-widget elementor-widget-image-box\" data-id=\"2bf1c7e\" data-element_type=\"widget\" data-e-type=\"widget\" data-widget_type=\"image-box.default\">\n\t\t\t\t<div class=\"elementor-widget-container\">\n\t\t\t\t\t<div class=\"elementor-image-box-wrapper\"><figure class=\"elementor-image-box-img\"><img alt=\"\" loading=\"lazy\" decoding=\"async\" width=\"94\" height=\"70\" src=\"http:\/\/kangmaiaxle.com\/wp-content\/uploads\/2026\/04\/3-1.png\" class=\"attachment-full size-full wp-image-9128\" srcset=\"https:\/\/kangmaiaxle.com\/wp-content\/uploads\/2026\/04\/3-1.png 94w, https:\/\/kangmaiaxle.com\/wp-content\/uploads\/2026\/04\/3-1-16x12.png 16w\" sizes=\"(max-width: 94px) 100vw, 94px\" \/><\/figure><div class=\"elementor-image-box-content\"><h3 class=\"elementor-image-box-title\">Service d'inspection et de contr\u00f4le de la qualit\u00e9<\/h3><p class=\"elementor-image-box-description\">\u00c9quip\u00e9e de lignes de pulv\u00e9risation professionnelles, de lignes d'assemblage d'essieux et d'\u00e9quipements d'essai de pr\u00e9cision, elle adh\u00e8re au concept de \"production de pr\u00e9cision, qualit\u00e9 d'abord\" et fournit une assurance d'inspection pr\u00e9cise de l'ensemble du processus pour les essieux et les suspensions autoproduits et personnalis\u00e9s.<\/p><\/div><\/div>\t\t\t\t<\/div>\n\t\t\t\t<\/div>\n\t\t\t\t<\/div>\n\t\t\t\t<\/div>\n\t\t\t\t\t<\/div>\n\t\t\t\t<\/div>\n\t\t\t\t<\/div>\n\t\t\t\t<\/div>","protected":false},"excerpt":{"rendered":"<p>MARCH\u00c9S SERVIS Shandong Kangmai Axle adh\u00e8re \u00e0 la devise \"Precise Production, Pursuit of Excellence, Quality First\", et s'engage \u00e0 fournir des produits de qualit\u00e9 sup\u00e9rieure et des services professionnels. SHANDONG KANGMAI AXLE CO. est un fabricant professionnel d'essieux de type europ\u00e9en, d'essieux de type am\u00e9ricain, d'essieux \u00e0 frein \u00e0 disque\/tambour, de suspensions pneumatiques, de suspensions m\u00e9caniques, de bogies, d'accessoires et de toutes les pi\u00e8ces pour semi-remorques de qualit\u00e9 sup\u00e9rieure. Les [...]<\/p>","protected":false},"author":1,"featured_media":0,"parent":0,"menu_order":0,"comment_status":"closed","ping_status":"closed","template":"","meta":{"_seopress_robots_primary_cat":"","_seopress_titles_title":"","_seopress_titles_desc":"","_seopress_robots_index":"","site-sidebar-layout":"no-sidebar","site-content-layout":"page-builder","ast-site-content-layout":"full-width-container","site-content-style":"default","site-sidebar-style":"default","ast-global-header-display":"","ast-banner-title-visibility":"","ast-main-header-display":"","ast-hfb-above-header-display":"","ast-hfb-below-header-display":"","ast-hfb-mobile-header-display":"","site-post-title":"disabled","ast-breadcrumbs-content":"","ast-featured-img":"disabled","footer-sml-layout":"","ast-disable-related-posts":"","theme-transparent-header-meta":"","adv-header-id-meta":"","stick-header-meta":"","header-above-stick-meta":"","header-main-stick-meta":"","header-below-stick-meta":"","astra-migrate-meta-layouts":"set","ast-page-background-enabled":"default","ast-page-background-meta":{"desktop":{"background-color":"var(--ast-global-color-4)","background-image":"","background-repeat":"repeat","background-position":"center center","background-size":"auto","background-attachment":"scroll","background-type":"","background-media":"","overlay-type":"","overlay-color":"","overlay-opacity":"","overlay-gradient":""},"tablet":{"background-color":"","background-image":"","background-repeat":"repeat","background-position":"center center","background-size":"auto","background-attachment":"scroll","background-type":"","background-media":"","overlay-type":"","overlay-color":"","overlay-opacity":"","overlay-gradient":""},"mobile":{"background-color":"","background-image":"","background-repeat":"repeat","background-position":"center center","background-size":"auto","background-attachment":"scroll","background-type":"","background-media":"","overlay-type":"","overlay-color":"","overlay-opacity":"","overlay-gradient":""}},"ast-content-background-meta":{"desktop":{"background-color":"var(--ast-global-color-5)","background-image":"","background-repeat":"repeat","background-position":"center center","background-size":"auto","background-attachment":"scroll","background-type":"","background-media":"","overlay-type":"","overlay-color":"","overlay-opacity":"","overlay-gradient":""},"tablet":{"background-color":"var(--ast-global-color-5)","background-image":"","background-repeat":"repeat","background-position":"center center","background-size":"auto","background-attachment":"scroll","background-type":"","background-media":"","overlay-type":"","overlay-color":"","overlay-opacity":"","overlay-gradient":""},"mobile":{"background-color":"var(--ast-global-color-5)","background-image":"","background-repeat":"repeat","background-position":"center center","background-size":"auto","background-attachment":"scroll","background-type":"","background-media":"","overlay-type":"","overlay-color":"","overlay-opacity":"","overlay-gradient":""}},"footnotes":""},"class_list":["post-7355","page","type-page","status-publish","hentry"],"_links":{"self":[{"href":"https:\/\/kangmaiaxle.com\/fr\/wp-json\/wp\/v2\/pages\/7355","targetHints":{"allow":["GET"]}}],"collection":[{"href":"https:\/\/kangmaiaxle.com\/fr\/wp-json\/wp\/v2\/pages"}],"about":[{"href":"https:\/\/kangmaiaxle.com\/fr\/wp-json\/wp\/v2\/types\/page"}],"author":[{"embeddable":true,"href":"https:\/\/kangmaiaxle.com\/fr\/wp-json\/wp\/v2\/users\/1"}],"replies":[{"embeddable":true,"href":"https:\/\/kangmaiaxle.com\/fr\/wp-json\/wp\/v2\/comments?post=7355"}],"version-history":[{"count":113,"href":"https:\/\/kangmaiaxle.com\/fr\/wp-json\/wp\/v2\/pages\/7355\/revisions"}],"predecessor-version":[{"id":9798,"href":"https:\/\/kangmaiaxle.com\/fr\/wp-json\/wp\/v2\/pages\/7355\/revisions\/9798"}],"wp:attachment":[{"href":"https:\/\/kangmaiaxle.com\/fr\/wp-json\/wp\/v2\/media?parent=7355"}],"curies":[{"name":"wp","href":"https:\/\/api.w.org\/{rel}","templated":true}]}}