{"id":9533,"date":"2026-05-07T04:01:28","date_gmt":"2026-05-07T04:01:28","guid":{"rendered":"http:\/\/kangmaiaxle.com\/?post_type=product&#038;p=9533"},"modified":"2026-05-07T05:36:43","modified_gmt":"2026-05-07T05:36:43","slug":"bogie-suspension-series","status":"publish","type":"product","link":"https:\/\/kangmaiaxle.com\/es\/producto\/serie-de-suspension-de-bogies\/","title":{"rendered":"Serie Bogie Suspensi\u00f3n"},"content":{"rendered":"<p>La serie Bogie Suspension es un sistema de suspensi\u00f3n de alta resistencia ampliamente utilizado en semirremolques, veh\u00edculos de transporte minero, portadores de equipos de ingenier\u00eda y aplicaciones de transporte de cargas ultrapesadas. Con una estructura de vigas ecualizadoras multieje, este sistema distribuye la carga uniformemente entre los ejes, mejorando significativamente la estabilidad, la durabilidad y el rendimiento todoterreno.<\/p>\n<p><img alt=\"\" fetchpriority=\"high\" decoding=\"async\" class=\"size-full wp-image-9540 aligncenter\" src=\"http:\/\/kangmaiaxle.com\/wp-content\/uploads\/2026\/05\/4-3.png\" width=\"649\" height=\"217\" srcset=\"https:\/\/kangmaiaxle.com\/wp-content\/uploads\/2026\/05\/4-3.png 649w, https:\/\/kangmaiaxle.com\/wp-content\/uploads\/2026\/05\/4-3-300x100.png 300w, https:\/\/kangmaiaxle.com\/wp-content\/uploads\/2026\/05\/4-3-18x6.png 18w, https:\/\/kangmaiaxle.com\/wp-content\/uploads\/2026\/05\/4-3-600x201.png 600w\" sizes=\"(max-width: 649px) 100vw, 649px\" \/><\/p>\n<div id='gallery-1' class='gallery galleryid-9533 gallery-columns-2 gallery-size-full'><figure class='gallery-item'>\n\t\t\t<div class='gallery-icon landscape'>\n\t\t\t\t<a href='https:\/\/kangmaiaxle.com\/es\/?attachment_id=9538'><img decoding=\"async\" width=\"507\" height=\"436\" src=\"https:\/\/kangmaiaxle.com\/wp-content\/uploads\/2026\/05\/1-4.png\" class=\"attachment-full size-full\" alt=\"\" srcset=\"https:\/\/kangmaiaxle.com\/wp-content\/uploads\/2026\/05\/1-4.png 507w, https:\/\/kangmaiaxle.com\/wp-content\/uploads\/2026\/05\/1-4-300x258.png 300w, https:\/\/kangmaiaxle.com\/wp-content\/uploads\/2026\/05\/1-4-14x12.png 14w\" sizes=\"(max-width: 507px) 100vw, 507px\" \/><\/a>\n\t\t\t<\/div><\/figure><figure class='gallery-item'>\n\t\t\t<div class='gallery-icon landscape'>\n\t\t\t\t<a href='https:\/\/kangmaiaxle.com\/es\/?attachment_id=9539'><img decoding=\"async\" width=\"535\" height=\"435\" src=\"https:\/\/kangmaiaxle.com\/wp-content\/uploads\/2026\/05\/2-2.png\" class=\"attachment-full size-full\" alt=\"\" srcset=\"https:\/\/kangmaiaxle.com\/wp-content\/uploads\/2026\/05\/2-2.png 535w, https:\/\/kangmaiaxle.com\/wp-content\/uploads\/2026\/05\/2-2-300x244.png 300w, https:\/\/kangmaiaxle.com\/wp-content\/uploads\/2026\/05\/2-2-15x12.png 15w\" sizes=\"(max-width: 535px) 100vw, 535px\" \/><\/a>\n\t\t\t<\/div><\/figure>\n\t\t<\/div>\n\n<div class=\"table-wrap\">\n<table>\n<tbody>\n<tr>\n<td width=\"82\">Modelo<\/td>\n<td width=\"81\">Carga nominal<\/td>\n<td width=\"82\">Especificaciones de los muelles de ballesta<\/td>\n<td width=\"86\">Distancia entre ejes de ballesta<\/td>\n<td width=\"82\">distancia entre ejes<\/td>\n<td width=\"81\">Distancia entre ejes<\/td>\n<td width=\"88\">Di\u00e1metro del c\u00edrculo de distribuci\u00f3n<\/td>\n<td width=\"84\">Tope anular de acero<\/td>\n<\/tr>\n<tr>\n<td width=\"82\">ZYQA24<\/td>\n<td width=\"81\">24000<\/td>\n<td width=\"82\">90*18<\/td>\n<td width=\"86\">905<\/td>\n<td width=\"82\">1400<\/td>\n<td width=\"81\">1840<\/td>\n<td width=\"88\">335<\/td>\n<td width=\"84\">\u03c6280.8<\/td>\n<\/tr>\n<tr>\n<td width=\"82\">ZYQA28<\/td>\n<td width=\"81\">28000<\/td>\n<td width=\"82\">120*18<\/td>\n<td width=\"86\">900<\/td>\n<td width=\"82\">1550<\/td>\n<td width=\"81\">1850<\/td>\n<td width=\"88\">335<\/td>\n<td width=\"84\">\u03c6280.8<\/td>\n<\/tr>\n<tr>\n<td width=\"82\">ZYQA32<\/td>\n<td width=\"81\">32000<\/td>\n<td width=\"82\">120*17<\/td>\n<td width=\"86\">900<\/td>\n<td width=\"82\">1550<\/td>\n<td width=\"81\">1850<\/td>\n<td width=\"88\">335<\/td>\n<td width=\"84\">\u03c6280.8<\/td>\n<\/tr>\n<\/tbody>\n<\/table>\n<\/div>\n<h3 data-section-id=\"erbofp\" data-start=\"1203\" data-end=\"1225\">Ventajas del producto<\/h3>\n<h4 data-start=\"1227\" data-end=\"1256\">1. Capacidad de carga extrema<\/h4>\n<p data-start=\"1257\" data-end=\"1353\">Dise\u00f1ado para el transporte ultrapesado, como equipos de miner\u00eda y cargas industriales sobredimensionadas.<\/p>\n<h4 data-start=\"1355\" data-end=\"1392\">2. Adaptabilidad superior al terreno<\/h4>\n<p data-start=\"1393\" data-end=\"1476\">Se comporta de forma excelente en carreteras en mal estado, obras y entornos todoterreno.<\/p>\n<h4 data-start=\"1478\" data-end=\"1512\">3. Distribuci\u00f3n equilibrada de la carga<\/h4>\n<p data-start=\"1513\" data-end=\"1599\">El sistema de viga ecualizadora reduce la tensi\u00f3n en los ejes simples, mejorando la seguridad y la durabilidad.<\/p>\n<h4 data-start=\"1601\" data-end=\"1635\">4. Alta durabilidad estructural<\/h4>\n<p data-start=\"1636\" data-end=\"1715\">La construcci\u00f3n de acero reforzado garantiza una larga vida \u00fatil en condiciones duras.<\/p>\n<h4 data-start=\"1717\" data-end=\"1741\">5. Funcionamiento estable<\/h4>\n<p data-start=\"1742\" data-end=\"1827\">Mantiene una estabilidad constante del veh\u00edculo incluso en condiciones de carga y terreno desiguales.<\/p>","protected":false},"excerpt":{"rendered":"<p>Fabricada con componentes de acero de alta resistencia y un dise\u00f1o estructural reforzado, la serie Bogie Suspension garantiza una excelente distribuci\u00f3n de la carga, una gran resistencia a los impactos y un rendimiento fiable en condiciones de trabajo extremas.<\/p>","protected":false},"featured_media":9536,"template":"","meta":{"_seopress_robots_primary_cat":"none","_seopress_titles_title":"Bogie Suspension Series for Heavy Duty Trailers | Multi Axle Equalizer Suspension System","_seopress_titles_desc":"Bogie Suspension Series designed for mining transport, heavy-duty trailers, and oversized cargo vehicles. Features multi-axle equalizer beam design, strong load capacity, excellent stability, and superior performance in extreme off-road conditions.","_seopress_robots_index":"","site-sidebar-layout":"default","site-content-layout":"","ast-site-content-layout":"default","site-content-style":"default","site-sidebar-style":"default","ast-global-header-display":"","ast-banner-title-visibility":"","ast-main-header-display":"","ast-hfb-above-header-display":"","ast-hfb-below-header-display":"","ast-hfb-mobile-header-display":"","site-post-title":"","ast-breadcrumbs-content":"","ast-featured-img":"","footer-sml-layout":"","ast-disable-related-posts":"","theme-transparent-header-meta":"default","adv-header-id-meta":"","stick-header-meta":"default","header-above-stick-meta":"","header-main-stick-meta":"","header-below-stick-meta":"","astra-migrate-meta-layouts":"set","ast-page-background-enabled":"default","ast-page-background-meta":{"desktop":{"background-color":"var(--ast-global-color-4)","background-image":"","background-repeat":"repeat","background-position":"center center","background-size":"auto","background-attachment":"scroll","background-type":"","background-media":"","overlay-type":"","overlay-color":"","overlay-opacity":"","overlay-gradient":""},"tablet":{"background-color":"","background-image":"","background-repeat":"repeat","background-position":"center center","background-size":"auto","background-attachment":"scroll","background-type":"","background-media":"","overlay-type":"","overlay-color":"","overlay-opacity":"","overlay-gradient":""},"mobile":{"background-color":"","background-image":"","background-repeat":"repeat","background-position":"center center","background-size":"auto","background-attachment":"scroll","background-type":"","background-media":"","overlay-type":"","overlay-color":"","overlay-opacity":"","overlay-gradient":""}},"ast-content-background-meta":{"desktop":{"background-color":"var(--ast-global-color-5)","background-image":"","background-repeat":"repeat","background-position":"center center","background-size":"auto","background-attachment":"scroll","background-type":"","background-media":"","overlay-type":"","overlay-color":"","overlay-opacity":"","overlay-gradient":""},"tablet":{"background-color":"var(--ast-global-color-5)","background-image":"","background-repeat":"repeat","background-position":"center center","background-size":"auto","background-attachment":"scroll","background-type":"","background-media":"","overlay-type":"","overlay-color":"","overlay-opacity":"","overlay-gradient":""},"mobile":{"background-color":"var(--ast-global-color-5)","background-image":"","background-repeat":"repeat","background-position":"center center","background-size":"auto","background-attachment":"scroll","background-type":"","background-media":"","overlay-type":"","overlay-color":"","overlay-opacity":"","overlay-gradient":""}}},"product_brand":[],"product_cat":[99],"product_tag":[],"class_list":{"0":"post-9533","1":"product","2":"type-product","3":"status-publish","4":"has-post-thumbnail","6":"product_cat-bogie","7":"desktop-align-center","8":"tablet-align-left","9":"mobile-align-left","10":"ast-product-gallery-layout-horizontal-slider","11":"ast-product-gallery-with-no-image","12":"ast-product-tabs-layout-horizontal","14":"first","15":"instock","16":"shipping-taxable","17":"product-type-simple"},"_links":{"self":[{"href":"https:\/\/kangmaiaxle.com\/es\/wp-json\/wp\/v2\/product\/9533","targetHints":{"allow":["GET"]}}],"collection":[{"href":"https:\/\/kangmaiaxle.com\/es\/wp-json\/wp\/v2\/product"}],"about":[{"href":"https:\/\/kangmaiaxle.com\/es\/wp-json\/wp\/v2\/types\/product"}],"wp:featuredmedia":[{"embeddable":true,"href":"https:\/\/kangmaiaxle.com\/es\/wp-json\/wp\/v2\/media\/9536"}],"wp:attachment":[{"href":"https:\/\/kangmaiaxle.com\/es\/wp-json\/wp\/v2\/media?parent=9533"}],"wp:term":[{"taxonomy":"product_brand","embeddable":true,"href":"https:\/\/kangmaiaxle.com\/es\/wp-json\/wp\/v2\/product_brand?post=9533"},{"taxonomy":"product_cat","embeddable":true,"href":"https:\/\/kangmaiaxle.com\/es\/wp-json\/wp\/v2\/product_cat?post=9533"},{"taxonomy":"product_tag","embeddable":true,"href":"https:\/\/kangmaiaxle.com\/es\/wp-json\/wp\/v2\/product_tag?post=9533"}],"curies":[{"name":"wp","href":"https:\/\/api.w.org\/{rel}","templated":true}]}}