{"id":9527,"date":"2026-05-07T03:59:01","date_gmt":"2026-05-07T03:59:01","guid":{"rendered":"http:\/\/kangmaiaxle.com\/?post_type=product&#038;p=9527"},"modified":"2026-05-07T03:59:02","modified_gmt":"2026-05-07T03:59:02","slug":"air-suspension-series","status":"publish","type":"product","link":"https:\/\/kangmaiaxle.com\/es\/producto\/serie-de-suspension-neumatica\/","title":{"rendered":"Suspensi\u00f3n neum\u00e1tica"},"content":{"rendered":"<p>La serie de suspensi\u00f3n neum\u00e1tica es un avanzado sistema de suspensi\u00f3n ampliamente utilizado en semirremolques, camiones frigor\u00edficos, remolques portacontenedores y veh\u00edculos log\u00edsticos de gama alta. Al sustituir los muelles de ballesta tradicionales por muelles neum\u00e1ticos, este sistema proporciona una amortiguaci\u00f3n superior, un mayor confort de marcha y una mayor protecci\u00f3n de la carga durante el transporte.<\/p>\n<p><img alt=\"\" fetchpriority=\"high\" decoding=\"async\" class=\"size-full wp-image-9530 aligncenter\" src=\"http:\/\/kangmaiaxle.com\/wp-content\/uploads\/2026\/05\/7.png\" width=\"804\" height=\"434\" srcset=\"https:\/\/kangmaiaxle.com\/wp-content\/uploads\/2026\/05\/7.png 804w, https:\/\/kangmaiaxle.com\/wp-content\/uploads\/2026\/05\/7-300x162.png 300w, https:\/\/kangmaiaxle.com\/wp-content\/uploads\/2026\/05\/7-768x415.png 768w, https:\/\/kangmaiaxle.com\/wp-content\/uploads\/2026\/05\/7-18x10.png 18w, https:\/\/kangmaiaxle.com\/wp-content\/uploads\/2026\/05\/7-600x324.png 600w\" sizes=\"(max-width: 804px) 100vw, 804px\" \/><\/p>\n<div class=\"table-wrap\">\n<table>\n<tbody>\n<tr>\n<td width=\"87\">modelo<\/td>\n<td width=\"87\">H1<\/td>\n<td width=\"87\">H2<\/td>\n<td width=\"87\">H3<\/td>\n<td width=\"88\">L1<\/td>\n<td width=\"88\">L2<\/td>\n<td width=\"88\">Carga nominal<\/td>\n<\/tr>\n<tr>\n<td width=\"87\">ZYRA010<\/td>\n<td width=\"87\">280<\/td>\n<td width=\"87\">475<\/td>\n<td width=\"87\">420<\/td>\n<td width=\"88\">500<\/td>\n<td width=\"88\">380<\/td>\n<td width=\"88\">11000<\/td>\n<\/tr>\n<\/tbody>\n<\/table>\n<\/div>\n<h3 data-section-id=\"erbofp\" data-start=\"1194\" data-end=\"1216\">Ventajas del producto<\/h3>\n<h4 data-start=\"1218\" data-end=\"1247\">1. Comodidad de conducci\u00f3n superior<\/h4>\n<p data-start=\"1248\" data-end=\"1339\">Los amortiguadores de aire reducen significativamente el impacto en la carretera, garantizando un transporte m\u00e1s suave.<\/p>\n<h4 data-start=\"1341\" data-end=\"1374\">2. Protecci\u00f3n reforzada de la carga<\/h4>\n<p data-start=\"1375\" data-end=\"1446\">Minimiza las vibraciones y los golpes, protegiendo los bienes fr\u00e1giles y de gran valor.<\/p>\n<h4 data-start=\"1448\" data-end=\"1481\">3. Control de altura ajustable<\/h4>\n<p data-start=\"1482\" data-end=\"1563\">Permite el ajuste autom\u00e1tico o manual de la altura del veh\u00edculo en funci\u00f3n de las condiciones de carga.<\/p>\n<h4 data-start=\"1565\" data-end=\"1599\">4. Mejora de la estabilidad del veh\u00edculo<\/h4>\n<p data-start=\"1600\" data-end=\"1673\">Mantiene mejor el equilibrio de los ejes y el contacto con la carretera, aumentando la seguridad de la conducci\u00f3n.<\/p>\n<h4 data-start=\"1675\" data-end=\"1700\">5. Reducci\u00f3n del desgaste de los neum\u00e1ticos<\/h4>\n<p data-start=\"1701\" data-end=\"1776\">La distribuci\u00f3n uniforme de la carga ayuda a prolongar la vida \u00fatil del neum\u00e1tico y a reducir los costes de mantenimiento.<\/p>","protected":false},"excerpt":{"rendered":"<p>Fabricada con componentes de acero de alta resistencia y tecnolog\u00eda de control neum\u00e1tico de precisi\u00f3n, la serie de suspensi\u00f3n neum\u00e1tica garantiza una alineaci\u00f3n estable de los ejes, una altura de conducci\u00f3n ajustable y durabilidad a largo plazo, lo que la hace ideal para aplicaciones de transporte comercial modernas.<\/p>","protected":false},"featured_media":9531,"template":"","meta":{"_seopress_robots_primary_cat":"","_seopress_titles_title":"Air Suspension Series for Semi Trailers | Advanced Trailer Air Suspension System","_seopress_titles_desc":"Air Suspension Series designed for semi trailers, container trucks, and refrigerated vehicles. Features advanced air spring technology, adjustable height, excellent shock absorption, improved stability, and superior cargo protection for long-distance transport.","_seopress_robots_index":"","site-sidebar-layout":"default","site-content-layout":"","ast-site-content-layout":"default","site-content-style":"default","site-sidebar-style":"default","ast-global-header-display":"","ast-banner-title-visibility":"","ast-main-header-display":"","ast-hfb-above-header-display":"","ast-hfb-below-header-display":"","ast-hfb-mobile-header-display":"","site-post-title":"","ast-breadcrumbs-content":"","ast-featured-img":"","footer-sml-layout":"","ast-disable-related-posts":"","theme-transparent-header-meta":"default","adv-header-id-meta":"","stick-header-meta":"default","header-above-stick-meta":"","header-main-stick-meta":"","header-below-stick-meta":"","astra-migrate-meta-layouts":"set","ast-page-background-enabled":"default","ast-page-background-meta":{"desktop":{"background-color":"var(--ast-global-color-4)","background-image":"","background-repeat":"repeat","background-position":"center center","background-size":"auto","background-attachment":"scroll","background-type":"","background-media":"","overlay-type":"","overlay-color":"","overlay-opacity":"","overlay-gradient":""},"tablet":{"background-color":"","background-image":"","background-repeat":"repeat","background-position":"center center","background-size":"auto","background-attachment":"scroll","background-type":"","background-media":"","overlay-type":"","overlay-color":"","overlay-opacity":"","overlay-gradient":""},"mobile":{"background-color":"","background-image":"","background-repeat":"repeat","background-position":"center center","background-size":"auto","background-attachment":"scroll","background-type":"","background-media":"","overlay-type":"","overlay-color":"","overlay-opacity":"","overlay-gradient":""}},"ast-content-background-meta":{"desktop":{"background-color":"var(--ast-global-color-5)","background-image":"","background-repeat":"repeat","background-position":"center center","background-size":"auto","background-attachment":"scroll","background-type":"","background-media":"","overlay-type":"","overlay-color":"","overlay-opacity":"","overlay-gradient":""},"tablet":{"background-color":"var(--ast-global-color-5)","background-image":"","background-repeat":"repeat","background-position":"center center","background-size":"auto","background-attachment":"scroll","background-type":"","background-media":"","overlay-type":"","overlay-color":"","overlay-opacity":"","overlay-gradient":""},"mobile":{"background-color":"var(--ast-global-color-5)","background-image":"","background-repeat":"repeat","background-position":"center center","background-size":"auto","background-attachment":"scroll","background-type":"","background-media":"","overlay-type":"","overlay-color":"","overlay-opacity":"","overlay-gradient":""}}},"product_brand":[],"product_cat":[98],"product_tag":[],"class_list":{"0":"post-9527","1":"product","2":"type-product","3":"status-publish","4":"has-post-thumbnail","6":"product_cat-air-suspension","7":"desktop-align-center","8":"tablet-align-left","9":"mobile-align-left","10":"ast-product-gallery-layout-horizontal-slider","11":"ast-product-gallery-with-no-image","12":"ast-product-tabs-layout-horizontal","14":"first","15":"instock","16":"shipping-taxable","17":"product-type-simple"},"_links":{"self":[{"href":"https:\/\/kangmaiaxle.com\/es\/wp-json\/wp\/v2\/product\/9527","targetHints":{"allow":["GET"]}}],"collection":[{"href":"https:\/\/kangmaiaxle.com\/es\/wp-json\/wp\/v2\/product"}],"about":[{"href":"https:\/\/kangmaiaxle.com\/es\/wp-json\/wp\/v2\/types\/product"}],"wp:featuredmedia":[{"embeddable":true,"href":"https:\/\/kangmaiaxle.com\/es\/wp-json\/wp\/v2\/media\/9531"}],"wp:attachment":[{"href":"https:\/\/kangmaiaxle.com\/es\/wp-json\/wp\/v2\/media?parent=9527"}],"wp:term":[{"taxonomy":"product_brand","embeddable":true,"href":"https:\/\/kangmaiaxle.com\/es\/wp-json\/wp\/v2\/product_brand?post=9527"},{"taxonomy":"product_cat","embeddable":true,"href":"https:\/\/kangmaiaxle.com\/es\/wp-json\/wp\/v2\/product_cat?post=9527"},{"taxonomy":"product_tag","embeddable":true,"href":"https:\/\/kangmaiaxle.com\/es\/wp-json\/wp\/v2\/product_tag?post=9527"}],"curies":[{"name":"wp","href":"https:\/\/api.w.org\/{rel}","templated":true}]}}