{"id":9520,"date":"2026-05-07T03:53:10","date_gmt":"2026-05-07T03:53:10","guid":{"rendered":"http:\/\/kangmaiaxle.com\/?post_type=product&#038;p=9520"},"modified":"2026-05-07T05:41:26","modified_gmt":"2026-05-07T05:41:26","slug":"german-type-suspension-series","status":"publish","type":"product","link":"https:\/\/kangmaiaxle.com\/es\/producto\/serie-de-suspension-de-tipo-aleman\/","title":{"rendered":"Serie de suspensi\u00f3n de tipo alem\u00e1n"},"content":{"rendered":"<p>La serie de suspensi\u00f3n de tipo alem\u00e1n es un sistema de suspensi\u00f3n de remolques de alto rendimiento dise\u00f1ado de acuerdo con las normas europeas, ampliamente utilizado en semirremolques, veh\u00edculos de transporte de contenedores, remolques frigor\u00edficos y aplicaciones log\u00edsticas pesadas. Conocido por su funcionamiento estable, distribuci\u00f3n equilibrada de la carga y excelente durabilidad, este sistema de suspensi\u00f3n es ideal para el transporte de larga distancia y alta velocidad.<br \/>\n<img alt=\"\" fetchpriority=\"high\" decoding=\"async\" class=\"size-full wp-image-9524 aligncenter\" src=\"http:\/\/kangmaiaxle.com\/wp-content\/uploads\/2026\/05\/6.png\" width=\"1110\" height=\"379\" srcset=\"https:\/\/kangmaiaxle.com\/wp-content\/uploads\/2026\/05\/6.png 1110w, https:\/\/kangmaiaxle.com\/wp-content\/uploads\/2026\/05\/6-300x102.png 300w, https:\/\/kangmaiaxle.com\/wp-content\/uploads\/2026\/05\/6-1024x350.png 1024w, https:\/\/kangmaiaxle.com\/wp-content\/uploads\/2026\/05\/6-768x262.png 768w, https:\/\/kangmaiaxle.com\/wp-content\/uploads\/2026\/05\/6-18x6.png 18w, https:\/\/kangmaiaxle.com\/wp-content\/uploads\/2026\/05\/6-600x205.png 600w\" sizes=\"(max-width: 1110px) 100vw, 1110px\" \/><\/p>\n<div class=\"table-wrap\">\n<table>\n<tbody>\n<tr>\n<td width=\"96\">modelo<\/td>\n<td width=\"96\">L1mm<\/td>\n<td width=\"94\">L2mm<\/td>\n<td width=\"95\">A mm<\/td>\n<td width=\"95\">B mm<\/td>\n<\/tr>\n<tr>\n<td width=\"96\">ZYG201<\/td>\n<td width=\"96\">1285<\/td>\n<td width=\"94\">1285<\/td>\n<td width=\"95\">480<\/td>\n<td width=\"95\">450<\/td>\n<\/tr>\n<\/tbody>\n<\/table>\n<\/div>\n<p><img alt=\"\" decoding=\"async\" class=\"size-full wp-image-9525 aligncenter\" src=\"http:\/\/kangmaiaxle.com\/wp-content\/uploads\/2026\/05\/1-3.png\" width=\"731\" height=\"181\" srcset=\"https:\/\/kangmaiaxle.com\/wp-content\/uploads\/2026\/05\/1-3.png 731w, https:\/\/kangmaiaxle.com\/wp-content\/uploads\/2026\/05\/1-3-300x74.png 300w, https:\/\/kangmaiaxle.com\/wp-content\/uploads\/2026\/05\/1-3-18x4.png 18w, https:\/\/kangmaiaxle.com\/wp-content\/uploads\/2026\/05\/1-3-600x149.png 600w\" sizes=\"(max-width: 731px) 100vw, 731px\" \/><\/p>\n<div class=\"table-wrap\">\n<table>\n<tbody>\n<tr>\n<td width=\"95\">modelo<\/td>\n<td width=\"95\">L1mm<\/td>\n<td width=\"94\">L2mm<\/td>\n<td width=\"95\">L3<\/td>\n<td width=\"95\">A mm<\/td>\n<td width=\"95\">B mm<\/td>\n<\/tr>\n<tr>\n<td width=\"95\">ZYG301<\/td>\n<td width=\"95\">1285<\/td>\n<td width=\"94\">1360<\/td>\n<td width=\"95\">1285<\/td>\n<td width=\"95\">480<\/td>\n<td width=\"95\">450<\/td>\n<\/tr>\n<\/tbody>\n<\/table>\n<h3 data-section-id=\"erbofp\" data-start=\"1214\" data-end=\"1236\">Ventajas del producto<\/h3>\n<h4 data-start=\"1238\" data-end=\"1275\">1. Rendimiento estable a alta velocidad<\/h4>\n<p data-start=\"1276\" data-end=\"1376\">Su dise\u00f1o optimizado garantiza una conducci\u00f3n suave durante el transporte de larga distancia y por carretera.<\/p>\n<h4 data-start=\"1378\" data-end=\"1412\">2. Distribuci\u00f3n equilibrada de la carga<\/h4>\n<p data-start=\"1413\" data-end=\"1493\">Mejora el equilibrio de la carga de los ejes, reduciendo el desgaste de los neum\u00e1ticos y aumentando la estabilidad del veh\u00edculo.<\/p>\n<h4 data-start=\"1495\" data-end=\"1518\">3. Alta durabilidad<\/h4>\n<p data-start=\"1519\" data-end=\"1599\">La s\u00f3lida estructura de acero proporciona una excelente resistencia a la fatiga y la deformaci\u00f3n.<\/p>\n<h4 data-start=\"1601\" data-end=\"1629\">4. Bajo coste de mantenimiento<\/h4>\n<p data-start=\"1630\" data-end=\"1701\">El dise\u00f1o modular simplifica el mantenimiento y reduce los gastos operativos.<\/p>\n<h4 data-start=\"1703\" data-end=\"1729\">5. Amplia compatibilidad<\/h4>\n<p data-start=\"1730\" data-end=\"1808\">Adecuado para varios tipos de remolques y normas internacionales de transporte.<\/p>\n<\/div>","protected":false},"excerpt":{"rendered":"<p>Fabricada con materiales de acero de alta resistencia e ingenier\u00eda de precisi\u00f3n, la serie de suspensiones de tipo alem\u00e1n garantiza un movimiento suave del eje, un mayor confort de conducci\u00f3n y una mayor vida \u00fatil en diversas condiciones de la carretera.<\/p>","protected":false},"featured_media":9523,"template":"","meta":{"_seopress_robots_primary_cat":"","_seopress_titles_title":"German Type Suspension Series for Semi Trailers | European Standard Trailer Suspension","_seopress_titles_desc":"German Type Suspension Series designed for semi trailers, container trucks, and logistics transport vehicles. Features European standard design, stable performance, strong load distribution, excellent durability, and low maintenance cost for long-distance transportation.","_seopress_robots_index":"","site-sidebar-layout":"default","site-content-layout":"","ast-site-content-layout":"default","site-content-style":"default","site-sidebar-style":"default","ast-global-header-display":"","ast-banner-title-visibility":"","ast-main-header-display":"","ast-hfb-above-header-display":"","ast-hfb-below-header-display":"","ast-hfb-mobile-header-display":"","site-post-title":"","ast-breadcrumbs-content":"","ast-featured-img":"","footer-sml-layout":"","ast-disable-related-posts":"","theme-transparent-header-meta":"default","adv-header-id-meta":"","stick-header-meta":"default","header-above-stick-meta":"","header-main-stick-meta":"","header-below-stick-meta":"","astra-migrate-meta-layouts":"set","ast-page-background-enabled":"default","ast-page-background-meta":{"desktop":{"background-color":"var(--ast-global-color-4)","background-image":"","background-repeat":"repeat","background-position":"center center","background-size":"auto","background-attachment":"scroll","background-type":"","background-media":"","overlay-type":"","overlay-color":"","overlay-opacity":"","overlay-gradient":""},"tablet":{"background-color":"","background-image":"","background-repeat":"repeat","background-position":"center center","background-size":"auto","background-attachment":"scroll","background-type":"","background-media":"","overlay-type":"","overlay-color":"","overlay-opacity":"","overlay-gradient":""},"mobile":{"background-color":"","background-image":"","background-repeat":"repeat","background-position":"center center","background-size":"auto","background-attachment":"scroll","background-type":"","background-media":"","overlay-type":"","overlay-color":"","overlay-opacity":"","overlay-gradient":""}},"ast-content-background-meta":{"desktop":{"background-color":"var(--ast-global-color-5)","background-image":"","background-repeat":"repeat","background-position":"center center","background-size":"auto","background-attachment":"scroll","background-type":"","background-media":"","overlay-type":"","overlay-color":"","overlay-opacity":"","overlay-gradient":""},"tablet":{"background-color":"var(--ast-global-color-5)","background-image":"","background-repeat":"repeat","background-position":"center center","background-size":"auto","background-attachment":"scroll","background-type":"","background-media":"","overlay-type":"","overlay-color":"","overlay-opacity":"","overlay-gradient":""},"mobile":{"background-color":"var(--ast-global-color-5)","background-image":"","background-repeat":"repeat","background-position":"center center","background-size":"auto","background-attachment":"scroll","background-type":"","background-media":"","overlay-type":"","overlay-color":"","overlay-opacity":"","overlay-gradient":""}}},"product_brand":[],"product_cat":[96],"product_tag":[],"class_list":{"0":"post-9520","1":"product","2":"type-product","3":"status-publish","4":"has-post-thumbnail","6":"product_cat-germany-type-suspension","7":"desktop-align-center","8":"tablet-align-left","9":"mobile-align-left","10":"ast-product-gallery-layout-horizontal-slider","11":"ast-product-gallery-with-no-image","12":"ast-product-tabs-layout-horizontal","14":"first","15":"instock","16":"featured","17":"shipping-taxable","18":"product-type-simple"},"_links":{"self":[{"href":"https:\/\/kangmaiaxle.com\/es\/wp-json\/wp\/v2\/product\/9520","targetHints":{"allow":["GET"]}}],"collection":[{"href":"https:\/\/kangmaiaxle.com\/es\/wp-json\/wp\/v2\/product"}],"about":[{"href":"https:\/\/kangmaiaxle.com\/es\/wp-json\/wp\/v2\/types\/product"}],"wp:featuredmedia":[{"embeddable":true,"href":"https:\/\/kangmaiaxle.com\/es\/wp-json\/wp\/v2\/media\/9523"}],"wp:attachment":[{"href":"https:\/\/kangmaiaxle.com\/es\/wp-json\/wp\/v2\/media?parent=9520"}],"wp:term":[{"taxonomy":"product_brand","embeddable":true,"href":"https:\/\/kangmaiaxle.com\/es\/wp-json\/wp\/v2\/product_brand?post=9520"},{"taxonomy":"product_cat","embeddable":true,"href":"https:\/\/kangmaiaxle.com\/es\/wp-json\/wp\/v2\/product_cat?post=9520"},{"taxonomy":"product_tag","embeddable":true,"href":"https:\/\/kangmaiaxle.com\/es\/wp-json\/wp\/v2\/product_tag?post=9520"}],"curies":[{"name":"wp","href":"https:\/\/api.w.org\/{rel}","templated":true}]}}