{"id":9512,"date":"2026-05-07T03:44:13","date_gmt":"2026-05-07T03:44:13","guid":{"rendered":"http:\/\/kangmaiaxle.com\/?post_type=product&#038;p=9512"},"modified":"2026-05-07T05:41:13","modified_gmt":"2026-05-07T05:41:13","slug":"american-type-suspension-series","status":"publish","type":"product","link":"https:\/\/kangmaiaxle.com\/es\/producto\/serie-de-suspension-de-tipo-americano\/","title":{"rendered":"Serie de suspensi\u00f3n de tipo americano"},"content":{"rendered":"<p>La serie de suspensiones American Type es un sistema de suspensi\u00f3n mec\u00e1nica de alta resistencia ampliamente utilizado en semirremolques, remolques de carga y veh\u00edculos de transporte industrial. Con un dise\u00f1o tradicional de ballesta (muelle de acero), este sistema de suspensi\u00f3n ofrece una excelente capacidad de carga, una gran durabilidad y un rendimiento fiable en las duras condiciones de la carretera.<\/p>\n<p><img alt=\"\" fetchpriority=\"high\" decoding=\"async\" class=\"size-full wp-image-9517 aligncenter\" src=\"http:\/\/kangmaiaxle.com\/wp-content\/uploads\/2026\/05\/4-2.png\" width=\"760\" height=\"242\" srcset=\"https:\/\/kangmaiaxle.com\/wp-content\/uploads\/2026\/05\/4-2.png 760w, https:\/\/kangmaiaxle.com\/wp-content\/uploads\/2026\/05\/4-2-300x96.png 300w, https:\/\/kangmaiaxle.com\/wp-content\/uploads\/2026\/05\/4-2-18x6.png 18w, https:\/\/kangmaiaxle.com\/wp-content\/uploads\/2026\/05\/4-2-600x191.png 600w\" sizes=\"(max-width: 760px) 100vw, 760px\" \/><\/p>\n<div class=\"table-wrap\">\n<table>\n<tbody>\n<tr>\n<td width=\"87\">modelo<\/td>\n<td width=\"86\">H(mm)<\/td>\n<td width=\"74\">A1(mm)<\/td>\n<td width=\"74\">B1(mm)<\/td>\n<td width=\"73\">A2(mm)<\/td>\n<td width=\"74\">B2(mm)<\/td>\n<td width=\"75\">Capacidad de carga<\/td>\n<\/tr>\n<tr>\n<td width=\"87\">ZY13AZ2-1 1<\/td>\n<td width=\"86\">110<\/td>\n<td width=\"74\">399<\/td>\n<td width=\"74\">369<\/td>\n<td width=\"73\">390<\/td>\n<td width=\"74\">360<\/td>\n<td width=\"75\">13000*3<\/td>\n<\/tr>\n<tr>\n<td width=\"87\">ZY13AZ3-13<\/td>\n<td width=\"86\">130<\/td>\n<td width=\"74\">419<\/td>\n<td width=\"74\">389<\/td>\n<td width=\"73\">410<\/td>\n<td width=\"74\">380<\/td>\n<td width=\"75\">13000*3<\/td>\n<\/tr>\n<tr>\n<td width=\"87\">ZY13AZ3-15<\/td>\n<td width=\"86\">150<\/td>\n<td width=\"74\">439<\/td>\n<td width=\"74\">409<\/td>\n<td width=\"73\">430<\/td>\n<td width=\"74\">400<\/td>\n<td width=\"75\">13000*3<\/td>\n<\/tr>\n<tr>\n<td width=\"87\">ZY13AZ3-18<\/td>\n<td width=\"86\">180<\/td>\n<td width=\"74\">469<\/td>\n<td width=\"74\">439<\/td>\n<td width=\"73\">460<\/td>\n<td width=\"74\">430<\/td>\n<td width=\"75\">13000*3<\/td>\n<\/tr>\n<tr>\n<td width=\"87\">ZY13AZ3-21<\/td>\n<td width=\"86\">210<\/td>\n<td width=\"74\">499<\/td>\n<td width=\"74\">469<\/td>\n<td width=\"73\">490<\/td>\n<td width=\"74\">460<\/td>\n<td width=\"75\">13000*3<\/td>\n<\/tr>\n<tr>\n<td width=\"87\">ZY13AZ3-23<\/td>\n<td width=\"86\">230<\/td>\n<td width=\"74\">519<\/td>\n<td width=\"74\">489<\/td>\n<td width=\"73\">510<\/td>\n<td width=\"74\">480<\/td>\n<td width=\"75\">13000*3<\/td>\n<\/tr>\n<tr>\n<td width=\"87\">ZY13AZ3-25<\/td>\n<td width=\"86\">250<\/td>\n<td width=\"74\">539<\/td>\n<td width=\"74\">509<\/td>\n<td width=\"73\">530<\/td>\n<td width=\"74\">500<\/td>\n<td width=\"75\">13000*3<\/td>\n<\/tr>\n<tr>\n<td width=\"87\">ZY13AZ3-27<\/td>\n<td width=\"86\">270<\/td>\n<td width=\"74\">559<\/td>\n<td width=\"74\">529<\/td>\n<td width=\"73\">550<\/td>\n<td width=\"74\">520<\/td>\n<td width=\"75\">13000*3<\/td>\n<\/tr>\n<tr>\n<td width=\"87\">ZY13AZ3-30<\/td>\n<td width=\"86\">300<\/td>\n<td width=\"74\">589<\/td>\n<td width=\"74\">559<\/td>\n<td width=\"73\">580<\/td>\n<td width=\"74\">550<\/td>\n<td width=\"75\">13000*3<\/td>\n<\/tr>\n<tr>\n<td width=\"87\">ZY13AZ3-32<\/td>\n<td width=\"86\">320<\/td>\n<td width=\"74\">609<\/td>\n<td width=\"74\">579<\/td>\n<td width=\"73\">600<\/td>\n<td width=\"74\">570<\/td>\n<td width=\"75\">13000*3<\/td>\n<\/tr>\n<tr>\n<td width=\"87\">ZY13AZ3-35<\/td>\n<td width=\"86\">350<\/td>\n<td width=\"74\">639<\/td>\n<td width=\"74\">609<\/td>\n<td width=\"73\">630<\/td>\n<td width=\"74\">600<\/td>\n<td width=\"75\">13000*3<\/td>\n<\/tr>\n<\/tbody>\n<\/table>\n<\/div>\n<p><img alt=\"\" decoding=\"async\" class=\"size-full wp-image-9518 aligncenter\" src=\"http:\/\/kangmaiaxle.com\/wp-content\/uploads\/2026\/05\/5.png\" width=\"957\" height=\"231\" srcset=\"https:\/\/kangmaiaxle.com\/wp-content\/uploads\/2026\/05\/5.png 957w, https:\/\/kangmaiaxle.com\/wp-content\/uploads\/2026\/05\/5-300x72.png 300w, https:\/\/kangmaiaxle.com\/wp-content\/uploads\/2026\/05\/5-768x185.png 768w, https:\/\/kangmaiaxle.com\/wp-content\/uploads\/2026\/05\/5-18x4.png 18w, https:\/\/kangmaiaxle.com\/wp-content\/uploads\/2026\/05\/5-600x145.png 600w\" sizes=\"(max-width: 957px) 100vw, 957px\" \/><\/p>\n<div class=\"table-wrap\">\n<table>\n<tbody>\n<tr>\n<td width=\"87\">modelo<\/td>\n<td width=\"86\">H(mm)<\/td>\n<td width=\"74\">A1(mm)<\/td>\n<td width=\"74\">B1(mm)<\/td>\n<td width=\"73\">A2(mm)<\/td>\n<td width=\"74\">B2(mm)<\/td>\n<td width=\"74\">A3(mm)<\/td>\n<td width=\"73\">B3(mm)<\/td>\n<td width=\"75\">Capacidad de carga<\/td>\n<\/tr>\n<tr>\n<td width=\"87\">ZY13AZ3-11<\/td>\n<td width=\"86\">110<\/td>\n<td width=\"74\">399<\/td>\n<td width=\"74\">369<\/td>\n<td width=\"73\">390<\/td>\n<td width=\"74\">360<\/td>\n<td width=\"74\">381<\/td>\n<td width=\"73\">351<\/td>\n<td width=\"75\">13000*3<\/td>\n<\/tr>\n<tr>\n<td width=\"87\">ZY13AZ3-13<\/td>\n<td width=\"86\">130<\/td>\n<td width=\"74\">419<\/td>\n<td width=\"74\">389<\/td>\n<td width=\"73\">410<\/td>\n<td width=\"74\">380<\/td>\n<td width=\"74\">401<\/td>\n<td width=\"73\">371<\/td>\n<td width=\"75\">13000*3<\/td>\n<\/tr>\n<tr>\n<td width=\"87\">ZY13AZ3-15<\/td>\n<td width=\"86\">150<\/td>\n<td width=\"74\">439<\/td>\n<td width=\"74\">409<\/td>\n<td width=\"73\">430<\/td>\n<td width=\"74\">400<\/td>\n<td width=\"74\">421<\/td>\n<td width=\"73\">391<\/td>\n<td width=\"75\">13000*3<\/td>\n<\/tr>\n<tr>\n<td width=\"87\">ZY13AZ3-18<\/td>\n<td width=\"86\">180<\/td>\n<td width=\"74\">469<\/td>\n<td width=\"74\">439<\/td>\n<td width=\"73\">460<\/td>\n<td width=\"74\">430<\/td>\n<td width=\"74\">451<\/td>\n<td width=\"73\">421<\/td>\n<td width=\"75\">13000*3<\/td>\n<\/tr>\n<tr>\n<td width=\"87\">ZY13AZ3-21<\/td>\n<td width=\"86\">210<\/td>\n<td width=\"74\">499<\/td>\n<td width=\"74\">469<\/td>\n<td width=\"73\">490<\/td>\n<td width=\"74\">460<\/td>\n<td width=\"74\">481<\/td>\n<td width=\"73\">451<\/td>\n<td width=\"75\">13000*3<\/td>\n<\/tr>\n<tr>\n<td width=\"87\">ZY13AZ3-23<\/td>\n<td width=\"86\">230<\/td>\n<td width=\"74\">519<\/td>\n<td width=\"74\">489<\/td>\n<td width=\"73\">510<\/td>\n<td width=\"74\">480<\/td>\n<td width=\"74\">501<\/td>\n<td width=\"73\">471<\/td>\n<td width=\"75\">13000*3<\/td>\n<\/tr>\n<tr>\n<td width=\"87\">ZY13AZ3-25<\/td>\n<td width=\"86\">250<\/td>\n<td width=\"74\">539<\/td>\n<td width=\"74\">509<\/td>\n<td width=\"73\">530<\/td>\n<td width=\"74\">500<\/td>\n<td width=\"74\">521<\/td>\n<td width=\"73\">491<\/td>\n<td width=\"75\">13000*3<\/td>\n<\/tr>\n<tr>\n<td width=\"87\">ZY13AZ3-27<\/td>\n<td width=\"86\">270<\/td>\n<td width=\"74\">559<\/td>\n<td width=\"74\">529<\/td>\n<td width=\"73\">550<\/td>\n<td width=\"74\">520<\/td>\n<td width=\"74\">541<\/td>\n<td width=\"73\">511<\/td>\n<td width=\"75\">13000*3<\/td>\n<\/tr>\n<tr>\n<td width=\"87\">ZY13AZ3-30<\/td>\n<td width=\"86\">300<\/td>\n<td width=\"74\">589<\/td>\n<td width=\"74\">559<\/td>\n<td width=\"73\">580<\/td>\n<td width=\"74\">550<\/td>\n<td width=\"74\">571<\/td>\n<td width=\"73\">541<\/td>\n<td width=\"75\">13000*3<\/td>\n<\/tr>\n<tr>\n<td width=\"87\">ZY13AZ3-32<\/td>\n<td width=\"86\">320<\/td>\n<td width=\"74\">609<\/td>\n<td width=\"74\">579<\/td>\n<td width=\"73\">600<\/td>\n<td width=\"74\">570<\/td>\n<td width=\"74\">591<\/td>\n<td width=\"73\">561<\/td>\n<td width=\"75\">13000*3<\/td>\n<\/tr>\n<tr>\n<td width=\"87\">ZY13AZ3-35<\/td>\n<td width=\"86\">350<\/td>\n<td width=\"74\">639<\/td>\n<td width=\"74\">609<\/td>\n<td width=\"73\">630<\/td>\n<td width=\"74\">600<\/td>\n<td width=\"74\">621<\/td>\n<td width=\"73\">591<\/td>\n<td width=\"75\">13000*3<\/td>\n<\/tr>\n<\/tbody>\n<\/table>\n<\/div>\n<h3 data-section-id=\"erbofp\" data-start=\"1219\" data-end=\"1241\">Ventajas del producto<\/h3>\n<h4 data-start=\"1243\" data-end=\"1271\">1. Gran capacidad de carga<\/h4>\n<p data-start=\"1272\" data-end=\"1364\">Dise\u00f1ado para el transporte de carga pesada y el transporte industrial con un alto rendimiento de soporte de peso.<\/p>\n<h4 data-start=\"1366\" data-end=\"1404\">2. Estructura duradera y fiable<\/h4>\n<p data-start=\"1405\" data-end=\"1491\">El sistema de ballesta proporciona una excelente resistencia a la deformaci\u00f3n y a la fatiga a largo plazo.<\/p>\n<h4 data-start=\"1493\" data-end=\"1521\">3. Bajo coste de mantenimiento<\/h4>\n<p data-start=\"1522\" data-end=\"1596\">Su sencilla estructura mec\u00e1nica reduce la complejidad de las reparaciones y los costes de funcionamiento.<\/p>\n<h4 data-start=\"1598\" data-end=\"1632\">4. Rendimiento de conducci\u00f3n estable<\/h4>\n<p data-start=\"1633\" data-end=\"1710\">Mejora la estabilidad del veh\u00edculo y reduce las vibraciones durante el transporte de cargas pesadas.<\/p>\n<h4 data-start=\"1712\" data-end=\"1742\">5. Amplia gama de aplicaciones<\/h4>\n<p data-start=\"1743\" data-end=\"1810\">Adecuado para diversos tipos de remolques y entornos de transporte.<\/p>","protected":false},"excerpt":{"rendered":"<p>Fabricada con materiales de acero de alta resistencia y tecnolog\u00eda de ensamblaje de precisi\u00f3n, la serie de suspensiones de tipo americano garantiza un funcionamiento estable del veh\u00edculo, una mejor absorci\u00f3n de los impactos y una larga vida \u00fatil, por lo que resulta ideal para aplicaciones de transporte de cargas pesadas y largas distancias.<\/p>","protected":false},"featured_media":9519,"template":"","meta":{"_seopress_robots_primary_cat":"","_seopress_titles_title":"American Type Suspension Series for Heavy Duty Trailers | Leaf Spring Suspension System","_seopress_titles_desc":"American Type Suspension Series designed for semi trailers and heavy-duty transport vehicles. Features durable leaf spring structure, strong load capacity, stable performance, low maintenance cost, and excellent adaptability for rough road conditions.","_seopress_robots_index":"","site-sidebar-layout":"default","site-content-layout":"","ast-site-content-layout":"default","site-content-style":"default","site-sidebar-style":"default","ast-global-header-display":"","ast-banner-title-visibility":"","ast-main-header-display":"","ast-hfb-above-header-display":"","ast-hfb-below-header-display":"","ast-hfb-mobile-header-display":"","site-post-title":"","ast-breadcrumbs-content":"","ast-featured-img":"","footer-sml-layout":"","ast-disable-related-posts":"","theme-transparent-header-meta":"default","adv-header-id-meta":"","stick-header-meta":"default","header-above-stick-meta":"","header-main-stick-meta":"","header-below-stick-meta":"","astra-migrate-meta-layouts":"set","ast-page-background-enabled":"default","ast-page-background-meta":{"desktop":{"background-color":"var(--ast-global-color-4)","background-image":"","background-repeat":"repeat","background-position":"center center","background-size":"auto","background-attachment":"scroll","background-type":"","background-media":"","overlay-type":"","overlay-color":"","overlay-opacity":"","overlay-gradient":""},"tablet":{"background-color":"","background-image":"","background-repeat":"repeat","background-position":"center center","background-size":"auto","background-attachment":"scroll","background-type":"","background-media":"","overlay-type":"","overlay-color":"","overlay-opacity":"","overlay-gradient":""},"mobile":{"background-color":"","background-image":"","background-repeat":"repeat","background-position":"center center","background-size":"auto","background-attachment":"scroll","background-type":"","background-media":"","overlay-type":"","overlay-color":"","overlay-opacity":"","overlay-gradient":""}},"ast-content-background-meta":{"desktop":{"background-color":"var(--ast-global-color-5)","background-image":"","background-repeat":"repeat","background-position":"center center","background-size":"auto","background-attachment":"scroll","background-type":"","background-media":"","overlay-type":"","overlay-color":"","overlay-opacity":"","overlay-gradient":""},"tablet":{"background-color":"var(--ast-global-color-5)","background-image":"","background-repeat":"repeat","background-position":"center center","background-size":"auto","background-attachment":"scroll","background-type":"","background-media":"","overlay-type":"","overlay-color":"","overlay-opacity":"","overlay-gradient":""},"mobile":{"background-color":"var(--ast-global-color-5)","background-image":"","background-repeat":"repeat","background-position":"center center","background-size":"auto","background-attachment":"scroll","background-type":"","background-media":"","overlay-type":"","overlay-color":"","overlay-opacity":"","overlay-gradient":""}}},"product_brand":[],"product_cat":[97],"product_tag":[],"class_list":{"0":"post-9512","1":"product","2":"type-product","3":"status-publish","4":"has-post-thumbnail","6":"product_cat-american-type-suspension","7":"desktop-align-center","8":"tablet-align-left","9":"mobile-align-left","10":"ast-product-gallery-layout-horizontal-slider","11":"ast-product-gallery-with-no-image","12":"ast-product-tabs-layout-horizontal","14":"first","15":"instock","16":"featured","17":"shipping-taxable","18":"product-type-simple"},"_links":{"self":[{"href":"https:\/\/kangmaiaxle.com\/es\/wp-json\/wp\/v2\/product\/9512","targetHints":{"allow":["GET"]}}],"collection":[{"href":"https:\/\/kangmaiaxle.com\/es\/wp-json\/wp\/v2\/product"}],"about":[{"href":"https:\/\/kangmaiaxle.com\/es\/wp-json\/wp\/v2\/types\/product"}],"wp:featuredmedia":[{"embeddable":true,"href":"https:\/\/kangmaiaxle.com\/es\/wp-json\/wp\/v2\/media\/9519"}],"wp:attachment":[{"href":"https:\/\/kangmaiaxle.com\/es\/wp-json\/wp\/v2\/media?parent=9512"}],"wp:term":[{"taxonomy":"product_brand","embeddable":true,"href":"https:\/\/kangmaiaxle.com\/es\/wp-json\/wp\/v2\/product_brand?post=9512"},{"taxonomy":"product_cat","embeddable":true,"href":"https:\/\/kangmaiaxle.com\/es\/wp-json\/wp\/v2\/product_cat?post=9512"},{"taxonomy":"product_tag","embeddable":true,"href":"https:\/\/kangmaiaxle.com\/es\/wp-json\/wp\/v2\/product_tag?post=9512"}],"curies":[{"name":"wp","href":"https:\/\/api.w.org\/{rel}","templated":true}]}}