{"id":9501,"date":"2026-05-07T03:14:21","date_gmt":"2026-05-07T03:14:21","guid":{"rendered":"http:\/\/kangmaiaxle.com\/?post_type=product&#038;p=9501"},"modified":"2026-05-07T05:39:28","modified_gmt":"2026-05-07T05:39:28","slug":"low-bed-series","status":"publish","type":"product","link":"https:\/\/kangmaiaxle.com\/es\/producto\/serie-cama-baja\/","title":{"rendered":"Serie Low-Bed"},"content":{"rendered":"<p>La serie de plataforma baja es una soluci\u00f3n de remolque para cargas pesadas especialmente dise\u00f1ada para el transporte de maquinaria de construcci\u00f3n, cargas sobredimensionadas, equipos de miner\u00eda y veh\u00edculos industriales. Con una estructura de plataforma baja y un dise\u00f1o de chasis reforzado, esta serie de remolques proporciona una mayor estabilidad, una excelente capacidad de carga y una mayor seguridad de transporte para operaciones de transporte pesado de larga distancia.<\/p>\n<div class=\"table-wrap\">\n<table>\n<tbody>\n<tr>\n<td width=\"48\">Modelo<\/td>\n<td width=\"66\">Capacidad(T)<\/td>\n<td width=\"49\">Freno(mm)<\/td>\n<td width=\"107\">Distancia de la c\u00e1mara de frenado L4<\/td>\n<td width=\"33\">Tubo del eje(mm)<\/td>\n<td width=\"90\">Distancia central del asiento del muelle L3<\/td>\n<td width=\"60\">Stud<\/td>\n<td width=\"52\"><strong><b>P.C.D<\/b><\/strong>D1<\/td>\n<td width=\"75\">Margen de costura D2<\/td>\n<td width=\"42\">V\u00eda L2(mm)<\/td>\n<td width=\"86\">Rodamiento interior\/exterior<\/td>\n<td width=\"48\">Longitud total L1(mm)<\/td>\n<td width=\"48\">Peso (KG)<\/td>\n<td width=\"62\">Recomendar<strong><b>ed<\/b><\/strong>\u00a0<strong><b>Rueda<\/b><\/strong><\/td>\n<\/tr>\n<tr>\n<td width=\"48\">ZY-A1087<\/td>\n<td width=\"66\">6<\/td>\n<td width=\"49\">300&#215;120<\/td>\n<td width=\"107\">960<\/td>\n<td width=\"33\">\u03c6109<\/td>\n<td width=\"90\">\u22651560<\/td>\n<td width=\"60\">6-M30x2<\/td>\n<td width=\"52\">\u03c6222<\/td>\n<td width=\"75\">\u03c6162<\/td>\n<td width=\"42\">2200<\/td>\n<td width=\"86\">7514\u00a0 \/ 7813<\/td>\n<td width=\"48\">\u22482460<\/td>\n<td width=\"48\">220<\/td>\n<td width=\"62\">5.50F-16<\/td>\n<\/tr>\n<tr>\n<td width=\"48\">ZY-A1088<\/td>\n<td width=\"66\">8<\/td>\n<td width=\"49\">300&#215;120<\/td>\n<td width=\"107\">960<\/td>\n<td width=\"33\">\u03c6121<\/td>\n<td width=\"90\">\u22651560<\/td>\n<td width=\"60\">6-M30x2<\/td>\n<td width=\"52\">\u03c6222<\/td>\n<td width=\"75\">\u03c6162<\/td>\n<td width=\"42\">2200<\/td>\n<td width=\"86\">7514 \/ 7813<\/td>\n<td width=\"48\">\u22482460<\/td>\n<td width=\"48\">235<\/td>\n<td width=\"62\">5.50F-16<\/td>\n<\/tr>\n<\/tbody>\n<\/table>\n<\/div>\n<p><img alt=\"\" fetchpriority=\"high\" decoding=\"async\" class=\"size-full wp-image-9504 aligncenter\" src=\"http:\/\/kangmaiaxle.com\/wp-content\/uploads\/2026\/05\/1-2.png\" width=\"1039\" height=\"315\" srcset=\"https:\/\/kangmaiaxle.com\/wp-content\/uploads\/2026\/05\/1-2.png 1039w, https:\/\/kangmaiaxle.com\/wp-content\/uploads\/2026\/05\/1-2-300x91.png 300w, https:\/\/kangmaiaxle.com\/wp-content\/uploads\/2026\/05\/1-2-1024x310.png 1024w, https:\/\/kangmaiaxle.com\/wp-content\/uploads\/2026\/05\/1-2-768x233.png 768w, https:\/\/kangmaiaxle.com\/wp-content\/uploads\/2026\/05\/1-2-18x5.png 18w, https:\/\/kangmaiaxle.com\/wp-content\/uploads\/2026\/05\/1-2-600x182.png 600w\" sizes=\"(max-width: 1039px) 100vw, 1039px\" \/><\/p>\n<h3 data-section-id=\"erbofp\" data-start=\"1224\" data-end=\"1246\">Ventajas del producto<\/h3>\n<h4 data-start=\"1248\" data-end=\"1289\">1. Mejora de la estabilidad del transporte<\/h4>\n<p data-start=\"1290\" data-end=\"1388\">El bajo centro de gravedad mejora la seguridad de conducci\u00f3n y la estabilidad al transportar maquinaria pesada.<\/p>\n<h4 data-start=\"1390\" data-end=\"1416\">2. Gran capacidad de carga<\/h4>\n<p data-start=\"1417\" data-end=\"1519\">Dise\u00f1ado para el transporte de excavadoras, bulldozers, gr\u00faas, transformadores y otros equipos de gran tama\u00f1o.<\/p>\n<h4 data-start=\"1521\" data-end=\"1551\">3. F\u00e1cil carga del equipo<\/h4>\n<p data-start=\"1552\" data-end=\"1643\">Las rampas hidr\u00e1ulicas o mec\u00e1nicas opcionales simplifican las operaciones de carga y descarga de la maquinaria.<\/p>\n<h4 data-start=\"1645\" data-end=\"1681\">4. Gran durabilidad estructural<\/h4>\n<p data-start=\"1682\" data-end=\"1786\">La estructura reforzada del bastidor proporciona una excelente resistencia a las cargas pesadas y a los duros entornos de carretera.<\/p>\n<h4 data-start=\"1788\" data-end=\"1822\">5. Amplias aplicaciones industriales<\/h4>\n<p data-start=\"1823\" data-end=\"1923\">Adecuado para proyectos de ingenier\u00eda, log\u00edstica industrial, transporte minero y operaciones portuarias.<\/p>","protected":false},"excerpt":{"rendered":"<p>Fabricada con materiales de acero de alta resistencia y tecnolog\u00eda de soldadura avanzada, la serie de plataforma baja ofrece una durabilidad estructural excepcional, un rendimiento antitorsi\u00f3n y un funcionamiento fiable en condiciones de transporte exigentes.<\/p>","protected":false},"featured_media":9505,"template":"","meta":{"_seopress_robots_primary_cat":"","_seopress_titles_title":"Low-Bed Series Heavy Duty Trailer | Low Bed Semi Trailer for Machinery Transport","_seopress_titles_desc":"Low-Bed Series designed for transporting heavy equipment, construction machinery, and oversized cargo. Features reinforced chassis structure, low platform height, high load capacity, and stable long-distance transportation performance for industrial logistics applications.","_seopress_robots_index":"","site-sidebar-layout":"default","site-content-layout":"","ast-site-content-layout":"default","site-content-style":"default","site-sidebar-style":"default","ast-global-header-display":"","ast-banner-title-visibility":"","ast-main-header-display":"","ast-hfb-above-header-display":"","ast-hfb-below-header-display":"","ast-hfb-mobile-header-display":"","site-post-title":"","ast-breadcrumbs-content":"","ast-featured-img":"","footer-sml-layout":"","ast-disable-related-posts":"","theme-transparent-header-meta":"default","adv-header-id-meta":"","stick-header-meta":"default","header-above-stick-meta":"","header-main-stick-meta":"","header-below-stick-meta":"","astra-migrate-meta-layouts":"set","ast-page-background-enabled":"default","ast-page-background-meta":{"desktop":{"background-color":"var(--ast-global-color-4)","background-image":"","background-repeat":"repeat","background-position":"center center","background-size":"auto","background-attachment":"scroll","background-type":"","background-media":"","overlay-type":"","overlay-color":"","overlay-opacity":"","overlay-gradient":""},"tablet":{"background-color":"","background-image":"","background-repeat":"repeat","background-position":"center center","background-size":"auto","background-attachment":"scroll","background-type":"","background-media":"","overlay-type":"","overlay-color":"","overlay-opacity":"","overlay-gradient":""},"mobile":{"background-color":"","background-image":"","background-repeat":"repeat","background-position":"center center","background-size":"auto","background-attachment":"scroll","background-type":"","background-media":"","overlay-type":"","overlay-color":"","overlay-opacity":"","overlay-gradient":""}},"ast-content-background-meta":{"desktop":{"background-color":"var(--ast-global-color-5)","background-image":"","background-repeat":"repeat","background-position":"center center","background-size":"auto","background-attachment":"scroll","background-type":"","background-media":"","overlay-type":"","overlay-color":"","overlay-opacity":"","overlay-gradient":""},"tablet":{"background-color":"var(--ast-global-color-5)","background-image":"","background-repeat":"repeat","background-position":"center center","background-size":"auto","background-attachment":"scroll","background-type":"","background-media":"","overlay-type":"","overlay-color":"","overlay-opacity":"","overlay-gradient":""},"mobile":{"background-color":"var(--ast-global-color-5)","background-image":"","background-repeat":"repeat","background-position":"center center","background-size":"auto","background-attachment":"scroll","background-type":"","background-media":"","overlay-type":"","overlay-color":"","overlay-opacity":"","overlay-gradient":""}}},"product_brand":[],"product_cat":[93],"product_tag":[],"class_list":{"0":"post-9501","1":"product","2":"type-product","3":"status-publish","4":"has-post-thumbnail","6":"product_cat-low-bed-type-axle","7":"desktop-align-center","8":"tablet-align-left","9":"mobile-align-left","10":"ast-product-gallery-layout-horizontal-slider","11":"ast-product-gallery-with-no-image","12":"ast-product-tabs-layout-horizontal","14":"first","15":"instock","16":"featured","17":"shipping-taxable","18":"product-type-simple"},"_links":{"self":[{"href":"https:\/\/kangmaiaxle.com\/es\/wp-json\/wp\/v2\/product\/9501","targetHints":{"allow":["GET"]}}],"collection":[{"href":"https:\/\/kangmaiaxle.com\/es\/wp-json\/wp\/v2\/product"}],"about":[{"href":"https:\/\/kangmaiaxle.com\/es\/wp-json\/wp\/v2\/types\/product"}],"wp:featuredmedia":[{"embeddable":true,"href":"https:\/\/kangmaiaxle.com\/es\/wp-json\/wp\/v2\/media\/9505"}],"wp:attachment":[{"href":"https:\/\/kangmaiaxle.com\/es\/wp-json\/wp\/v2\/media?parent=9501"}],"wp:term":[{"taxonomy":"product_brand","embeddable":true,"href":"https:\/\/kangmaiaxle.com\/es\/wp-json\/wp\/v2\/product_brand?post=9501"},{"taxonomy":"product_cat","embeddable":true,"href":"https:\/\/kangmaiaxle.com\/es\/wp-json\/wp\/v2\/product_cat?post=9501"},{"taxonomy":"product_tag","embeddable":true,"href":"https:\/\/kangmaiaxle.com\/es\/wp-json\/wp\/v2\/product_tag?post=9501"}],"curies":[{"name":"wp","href":"https:\/\/api.w.org\/{rel}","templated":true}]}}