{"id":9496,"date":"2026-05-07T03:06:48","date_gmt":"2026-05-07T03:06:48","guid":{"rendered":"http:\/\/kangmaiaxle.com\/?post_type=product&#038;p=9496"},"modified":"2026-05-07T05:39:26","modified_gmt":"2026-05-07T05:39:26","slug":"low-loader-series","status":"publish","type":"product","link":"https:\/\/kangmaiaxle.com\/es\/producto\/serie-de-pala-baja\/","title":{"rendered":"Serie Low-Loader"},"content":{"rendered":"<p>La serie Low-Loader es una soluci\u00f3n de transporte pesado dise\u00f1ada espec\u00edficamente para transportar cargas de gran tama\u00f1o, maquinaria de construcci\u00f3n, equipos de miner\u00eda y veh\u00edculos industriales. Con una altura de plataforma baja y un dise\u00f1o estructural reforzado, esta serie de remolques proporciona una estabilidad de carga superior, una mayor capacidad de carga y una mayor seguridad durante el transporte de larga distancia.<\/p>\n<div class=\"table-wrap\">\n<table>\n<tbody>\n<tr>\n<td width=\"50\">Modelo<\/td>\n<td width=\"68\">Capacidad( T)<\/td>\n<td width=\"50\">Freno(mm)<\/td>\n<td width=\"109\">Distancia de la c\u00e1mara de frenado L4<\/td>\n<td width=\"36\">Tubo del eje(mm)<\/td>\n<td width=\"91\">Distancia central del asiento del muelle L3<\/td>\n<td width=\"59\">Stud<\/td>\n<td width=\"55\">P.C.D1<\/td>\n<td width=\"75\">Margen de costura D2<\/td>\n<td width=\"43\">V\u00eda L2(mm)<\/td>\n<td width=\"88\">Rodamiento interior\/exterior<\/td>\n<td width=\"50\">Longitud total L1(mm)<\/td>\n<td width=\"48\">Peso (KG)<\/td>\n<td width=\"64\">Rueda recomendada<\/td>\n<\/tr>\n<tr>\n<td width=\"50\">ZY-A1085<\/td>\n<td width=\"68\">10<\/td>\n<td width=\"50\">311&#215;190<\/td>\n<td width=\"109\">420<\/td>\n<td width=\"36\">\u03c6127<\/td>\n<td width=\"91\">\u22651000<\/td>\n<td width=\"59\">10-M22x1,5<\/td>\n<td width=\"55\">225<\/td>\n<td width=\"75\">176<\/td>\n<td width=\"43\">1850<\/td>\n<td width=\"88\">HM58445<\/td>\n<td width=\"50\">\u22482166<\/td>\n<td width=\"48\">275<\/td>\n<td width=\"64\">6.5-16<\/td>\n<\/tr>\n<tr>\n<td width=\"50\">ZY-A1086<\/td>\n<td width=\"68\">11<\/td>\n<td width=\"50\">311&#215;190<\/td>\n<td width=\"109\">448<\/td>\n<td width=\"36\">\u03c6127<\/td>\n<td width=\"91\">\u22651000<\/td>\n<td width=\"59\">0-M22x1,5<\/td>\n<td width=\"55\">225<\/td>\n<td width=\"75\">176<\/td>\n<td width=\"43\">1850<\/td>\n<td width=\"88\">33213 HM518445<\/td>\n<td width=\"50\">\u22482166<\/td>\n<td width=\"48\">290<\/td>\n<td width=\"64\">6.5-16<\/td>\n<\/tr>\n<\/tbody>\n<\/table>\n<\/div>\n<p><img alt=\"\" fetchpriority=\"high\" decoding=\"async\" class=\"size-full wp-image-9499 aligncenter\" src=\"http:\/\/kangmaiaxle.com\/wp-content\/uploads\/2026\/05\/0.png\" width=\"1091\" height=\"282\" srcset=\"https:\/\/kangmaiaxle.com\/wp-content\/uploads\/2026\/05\/0.png 1091w, https:\/\/kangmaiaxle.com\/wp-content\/uploads\/2026\/05\/0-300x78.png 300w, https:\/\/kangmaiaxle.com\/wp-content\/uploads\/2026\/05\/0-1024x265.png 1024w, https:\/\/kangmaiaxle.com\/wp-content\/uploads\/2026\/05\/0-768x199.png 768w, https:\/\/kangmaiaxle.com\/wp-content\/uploads\/2026\/05\/0-18x5.png 18w, https:\/\/kangmaiaxle.com\/wp-content\/uploads\/2026\/05\/0-600x155.png 600w\" sizes=\"(max-width: 1091px) 100vw, 1091px\" \/><\/p>\n<h3 data-section-id=\"erbofp\" data-start=\"1267\" data-end=\"1289\">Ventajas del producto<\/h3>\n<h4 data-start=\"1291\" data-end=\"1322\">1. Centro de gravedad m\u00e1s bajo<\/h4>\n<p data-start=\"1323\" data-end=\"1423\">La estructura de plataforma baja mejora la estabilidad de conducci\u00f3n y la seguridad de transporte de la maquinaria pesada.<\/p>\n<h4 data-start=\"1425\" data-end=\"1453\">2. Gran capacidad de carga<\/h4>\n<p data-start=\"1454\" data-end=\"1553\">Dise\u00f1ado para el transporte de excavadoras, bulldozers, gr\u00faas y otros equipos industriales de gran tama\u00f1o.<\/p>\n<h4 data-start=\"1555\" data-end=\"1587\">3. F\u00e1cil carga y descarga<\/h4>\n<p data-start=\"1588\" data-end=\"1665\">Las rampas hidr\u00e1ulicas o mec\u00e1nicas opcionales simplifican las operaciones de carga de equipos.<\/p>\n<h4 data-start=\"1667\" data-end=\"1700\">4. Dise\u00f1o estructural duradero<\/h4>\n<p data-start=\"1701\" data-end=\"1793\">La construcci\u00f3n reforzada del bastidor proporciona una excelente resistencia a la fatiga y una mayor vida \u00fatil.<\/p>\n<h4 data-start=\"1795\" data-end=\"1825\">5. Amplia gama de aplicaciones<\/h4>\n<p data-start=\"1826\" data-end=\"1927\">Adecuado para proyectos de construcci\u00f3n, operaciones mineras, log\u00edstica industrial y transporte portuario.<\/p>","protected":false},"excerpt":{"rendered":"<p>Fabricada con materiales de acero de alta resistencia y tecnolog\u00eda de soldadura avanzada, la serie Low-Loader ofrece una excelente capacidad de carga, una fuerte resistencia a la torsi\u00f3n y una larga vida \u00fatil, por lo que resulta ideal para aplicaciones de transporte exigentes en todo el mundo.<\/p>","protected":false},"featured_media":9500,"template":"","meta":{"_seopress_robots_primary_cat":"","_seopress_titles_title":"Low-Loader Series for Heavy Equipment Transport | Heavy Duty Low Bed Trailer","_seopress_titles_desc":"Low-Loader Series designed for heavy machinery, construction equipment, and oversized cargo transportation. Features low deck height, strong load capacity, reinforced chassis structure, and stable long-distance transport performance for industrial logistics applications.","_seopress_robots_index":"","site-sidebar-layout":"default","site-content-layout":"","ast-site-content-layout":"default","site-content-style":"default","site-sidebar-style":"default","ast-global-header-display":"","ast-banner-title-visibility":"","ast-main-header-display":"","ast-hfb-above-header-display":"","ast-hfb-below-header-display":"","ast-hfb-mobile-header-display":"","site-post-title":"","ast-breadcrumbs-content":"","ast-featured-img":"","footer-sml-layout":"","ast-disable-related-posts":"","theme-transparent-header-meta":"default","adv-header-id-meta":"","stick-header-meta":"default","header-above-stick-meta":"","header-main-stick-meta":"","header-below-stick-meta":"","astra-migrate-meta-layouts":"set","ast-page-background-enabled":"default","ast-page-background-meta":{"desktop":{"background-color":"var(--ast-global-color-4)","background-image":"","background-repeat":"repeat","background-position":"center center","background-size":"auto","background-attachment":"scroll","background-type":"","background-media":"","overlay-type":"","overlay-color":"","overlay-opacity":"","overlay-gradient":""},"tablet":{"background-color":"","background-image":"","background-repeat":"repeat","background-position":"center center","background-size":"auto","background-attachment":"scroll","background-type":"","background-media":"","overlay-type":"","overlay-color":"","overlay-opacity":"","overlay-gradient":""},"mobile":{"background-color":"","background-image":"","background-repeat":"repeat","background-position":"center center","background-size":"auto","background-attachment":"scroll","background-type":"","background-media":"","overlay-type":"","overlay-color":"","overlay-opacity":"","overlay-gradient":""}},"ast-content-background-meta":{"desktop":{"background-color":"var(--ast-global-color-5)","background-image":"","background-repeat":"repeat","background-position":"center center","background-size":"auto","background-attachment":"scroll","background-type":"","background-media":"","overlay-type":"","overlay-color":"","overlay-opacity":"","overlay-gradient":""},"tablet":{"background-color":"var(--ast-global-color-5)","background-image":"","background-repeat":"repeat","background-position":"center center","background-size":"auto","background-attachment":"scroll","background-type":"","background-media":"","overlay-type":"","overlay-color":"","overlay-opacity":"","overlay-gradient":""},"mobile":{"background-color":"var(--ast-global-color-5)","background-image":"","background-repeat":"repeat","background-position":"center center","background-size":"auto","background-attachment":"scroll","background-type":"","background-media":"","overlay-type":"","overlay-color":"","overlay-opacity":"","overlay-gradient":""}}},"product_brand":[],"product_cat":[93],"product_tag":[],"class_list":{"0":"post-9496","1":"product","2":"type-product","3":"status-publish","4":"has-post-thumbnail","6":"product_cat-low-bed-type-axle","7":"desktop-align-center","8":"tablet-align-left","9":"mobile-align-left","10":"ast-product-gallery-layout-horizontal-slider","11":"ast-product-gallery-with-no-image","12":"ast-product-tabs-layout-horizontal","14":"first","15":"instock","16":"featured","17":"shipping-taxable","18":"product-type-simple"},"_links":{"self":[{"href":"https:\/\/kangmaiaxle.com\/es\/wp-json\/wp\/v2\/product\/9496","targetHints":{"allow":["GET"]}}],"collection":[{"href":"https:\/\/kangmaiaxle.com\/es\/wp-json\/wp\/v2\/product"}],"about":[{"href":"https:\/\/kangmaiaxle.com\/es\/wp-json\/wp\/v2\/types\/product"}],"wp:featuredmedia":[{"embeddable":true,"href":"https:\/\/kangmaiaxle.com\/es\/wp-json\/wp\/v2\/media\/9500"}],"wp:attachment":[{"href":"https:\/\/kangmaiaxle.com\/es\/wp-json\/wp\/v2\/media?parent=9496"}],"wp:term":[{"taxonomy":"product_brand","embeddable":true,"href":"https:\/\/kangmaiaxle.com\/es\/wp-json\/wp\/v2\/product_brand?post=9496"},{"taxonomy":"product_cat","embeddable":true,"href":"https:\/\/kangmaiaxle.com\/es\/wp-json\/wp\/v2\/product_cat?post=9496"},{"taxonomy":"product_tag","embeddable":true,"href":"https:\/\/kangmaiaxle.com\/es\/wp-json\/wp\/v2\/product_tag?post=9496"}],"curies":[{"name":"wp","href":"https:\/\/api.w.org\/{rel}","templated":true}]}}