{"id":9490,"date":"2026-05-07T03:01:25","date_gmt":"2026-05-07T03:01:25","guid":{"rendered":"http:\/\/kangmaiaxle.com\/?post_type=product&#038;p=9490"},"modified":"2026-05-07T05:39:52","modified_gmt":"2026-05-07T05:39:52","slug":"german-spoke-axle-series","status":"publish","type":"product","link":"https:\/\/kangmaiaxle.com\/es\/producto\/serie-de-ejes-de-radios-alemanes\/","title":{"rendered":"Serie de ejes de radios alemanes"},"content":{"rendered":"<p>La serie de ejes de radios alemanes es un sistema de eje de remolque de alta resistencia que combina la tecnolog\u00eda de eje de estilo europeo con una robusta construcci\u00f3n de cubo de rueda de radios. Dise\u00f1ada para el transporte minero, veh\u00edculos de ingenier\u00eda, remolques de carga pesada y aplicaciones de transporte todoterreno, esta serie de ejes ofrece un rendimiento de carga excepcional, una durabilidad superior y una eficacia de frenado estable en condiciones de funcionamiento exigentes.<\/p>\n<div class=\"table-wrap\">\n<table>\n<tbody>\n<tr>\n<td width=\"50\">Modelo<\/td>\n<td width=\"64\">Capacidad(T)<\/td>\n<td width=\"50\">Freno(mm)<\/td>\n<td width=\"105\">Distancia de la c\u00e1mara de frenado L4<\/td>\n<td width=\"34\">Tubo del eje (mm)<\/td>\n<td width=\"88\">Distancia central del asiento del muelle L3<\/td>\n<td width=\"58\">Stud<\/td>\n<td width=\"53\">P.C.D1<\/td>\n<td width=\"74\">Margen de costura D2<\/td>\n<td width=\"41\">V\u00eda L2(mm)<\/td>\n<td width=\"85\">Rodamiento interior\/exterior<\/td>\n<td width=\"48\">Longitud total L1(mm)<\/td>\n<td width=\"47\">Peso (KG)<\/td>\n<td width=\"63\">Rueda recomendada<\/td>\n<\/tr>\n<tr>\n<td width=\"50\">ZY-A1074<\/td>\n<td width=\"64\">12<\/td>\n<td width=\"50\">420&#215;180<\/td>\n<td width=\"105\">419<\/td>\n<td width=\"34\">\u25a1150<\/td>\n<td width=\"88\">\u2265980<\/td>\n<td width=\"58\">6-M20x2<\/td>\n<td width=\"53\">335<\/td>\n<td width=\"74\">\u03c6290<\/td>\n<td width=\"41\">1850<\/td>\n<td width=\"85\">3321333118<\/td>\n<td width=\"48\">\u22482155<\/td>\n<td width=\"47\">\u2248435<\/td>\n<td width=\"63\">8.00V-24 147-24<\/td>\n<\/tr>\n<tr>\n<td width=\"50\">Z Y-A1075<\/td>\n<td width=\"64\">13<\/td>\n<td width=\"50\">420&#215;200<\/td>\n<td width=\"105\">380<\/td>\n<td width=\"34\">\u25a1150<\/td>\n<td width=\"88\">\u2265980<\/td>\n<td width=\"58\">6-M20x2<\/td>\n<td width=\"53\">335<\/td>\n<td width=\"74\">\u03c6290<\/td>\n<td width=\"41\">1850<\/td>\n<td width=\"85\">3321333118<\/td>\n<td width=\"48\">\u22482155<\/td>\n<td width=\"47\">\u2248450<\/td>\n<td width=\"63\">8.00V-24 147-24<\/td>\n<\/tr>\n<tr>\n<td width=\"50\">ZY-A1076<\/td>\n<td width=\"64\">14<\/td>\n<td width=\"50\">420\u00d7200<\/td>\n<td width=\"105\">250<\/td>\n<td width=\"34\">\u25a1150<\/td>\n<td width=\"88\">\u2265900<\/td>\n<td width=\"58\">6-M20x2<\/td>\n<td width=\"53\">335<\/td>\n<td width=\"74\">\u03c6290<\/td>\n<td width=\"41\">1850<\/td>\n<td width=\"85\">3221933215<\/td>\n<td width=\"48\">\u22482192<\/td>\n<td width=\"47\">\u2248475<\/td>\n<td width=\"63\">8.00V-24 147-24<\/td>\n<\/tr>\n<tr>\n<td width=\"50\">Z Y-A1077<\/td>\n<td width=\"64\">16<\/td>\n<td width=\"50\">420&#215;200<\/td>\n<td width=\"105\">250<\/td>\n<td width=\"34\">\u25a1150<\/td>\n<td width=\"88\">\u2265900<\/td>\n<td width=\"58\">6-M20\u00d72<\/td>\n<td width=\"53\">335<\/td>\n<td width=\"74\">\u03c6290<\/td>\n<td width=\"41\">1850<\/td>\n<td width=\"85\">32314\u00a032222<\/td>\n<td width=\"48\">\u22482260<\/td>\n<td width=\"47\">\u2248512<\/td>\n<td width=\"63\">8.5V-24 147-24<\/td>\n<\/tr>\n<tr>\n<td width=\"50\">ZY-A1078<\/td>\n<td width=\"64\">16<\/td>\n<td width=\"50\">420\u00d7200<\/td>\n<td width=\"105\">250<\/td>\n<td width=\"34\">\u25a1150<\/td>\n<td width=\"88\">\u2265900<\/td>\n<td width=\"58\">6-M20x2<\/td>\n<td width=\"53\">335<\/td>\n<td width=\"74\">\u03c6290<\/td>\n<td width=\"41\">1850<\/td>\n<td width=\"85\">3231432222<\/td>\n<td width=\"48\">\u22482260<\/td>\n<td width=\"47\">\u2248532<\/td>\n<td width=\"63\">8.5V-24 130-20<\/td>\n<\/tr>\n<\/tbody>\n<\/table>\n<\/div>\n<p><img alt=\"\" fetchpriority=\"high\" decoding=\"async\" class=\"size-full wp-image-9493 aligncenter\" src=\"http:\/\/kangmaiaxle.com\/wp-content\/uploads\/2026\/05\/\u56fe\u72478.png\" width=\"1014\" height=\"303\" srcset=\"https:\/\/kangmaiaxle.com\/wp-content\/uploads\/2026\/05\/\u56fe\u72478.png 1014w, https:\/\/kangmaiaxle.com\/wp-content\/uploads\/2026\/05\/\u56fe\u72478-300x90.png 300w, https:\/\/kangmaiaxle.com\/wp-content\/uploads\/2026\/05\/\u56fe\u72478-768x229.png 768w, https:\/\/kangmaiaxle.com\/wp-content\/uploads\/2026\/05\/\u56fe\u72478-18x5.png 18w, https:\/\/kangmaiaxle.com\/wp-content\/uploads\/2026\/05\/\u56fe\u72478-600x179.png 600w\" sizes=\"(max-width: 1014px) 100vw, 1014px\" \/><\/p>\n<h3 data-section-id=\"erbofp\" data-start=\"1377\" data-end=\"1399\">Ventajas del producto<\/h3>\n<h4 data-start=\"1401\" data-end=\"1435\">1. Gran capacidad de carga<\/h4>\n<p data-start=\"1436\" data-end=\"1541\">Dise\u00f1adas para la miner\u00eda, la construcci\u00f3n y el transporte industrial que requieren un alto rendimiento de carga.<\/p>\n<h4 data-start=\"1543\" data-end=\"1571\">2. Excelente durabilidad<\/h4>\n<p data-start=\"1572\" data-end=\"1676\">La estructura reforzada del buje mejora la resistencia a la deformaci\u00f3n, las vibraciones y las duras condiciones de la carretera.<\/p>\n<h4 data-start=\"1678\" data-end=\"1714\">3. Rendimiento de frenado fiable<\/h4>\n<p data-start=\"1715\" data-end=\"1807\">Los componentes de freno de alta calidad proporcionan una eficacia de frenado estable y una mayor seguridad de conducci\u00f3n.<\/p>\n<h4 data-start=\"1809\" data-end=\"1849\">4. Adaptabilidad a condiciones duras<\/h4>\n<p data-start=\"1850\" data-end=\"1942\">Adecuado para carreteras de monta\u00f1a, explotaciones mineras, zonas de construcci\u00f3n y v\u00edas de transporte no pavimentadas.<\/p>\n<h4 data-start=\"1944\" data-end=\"1968\">5. F\u00e1cil mantenimiento<\/h4>\n<p data-start=\"1969\" data-end=\"2062\">La sencilla estructura de las ruedas de radios permite cambiarlas con comodidad y reducir los costes de mantenimiento.<\/p>","protected":false},"excerpt":{"rendered":"<p>Fabricada con vigas de eje de aleaci\u00f3n de acero de alta resistencia y componentes de frenado dise\u00f1ados con precisi\u00f3n, la serie de ejes de radios alemanes garantiza un funcionamiento fiable, una excelente resistencia a la fatiga y una larga vida \u00fatil. Su estructura de cubo de rueda de radios mejora la resistencia a los impactos y lo hace muy adecuado para terrenos accidentados y entornos de transporte de cargas pesadas.<\/p>","protected":false},"featured_media":9494,"template":"","meta":{"_seopress_robots_primary_cat":"","_seopress_titles_title":"German Spoke Axle Series for Heavy Duty Trailers | European Type Spoke Wheel Axle","_seopress_titles_desc":"German Spoke Axle Series designed for heavy-duty trailers, mining transport, and engineering vehicles. Features European axle technology, spoke wheel hub structure, strong load capacity, reliable braking performance, and excellent durability for harsh road conditions.","_seopress_robots_index":"","site-sidebar-layout":"default","site-content-layout":"","ast-site-content-layout":"default","site-content-style":"default","site-sidebar-style":"default","ast-global-header-display":"","ast-banner-title-visibility":"","ast-main-header-display":"","ast-hfb-above-header-display":"","ast-hfb-below-header-display":"","ast-hfb-mobile-header-display":"","site-post-title":"","ast-breadcrumbs-content":"","ast-featured-img":"","footer-sml-layout":"","ast-disable-related-posts":"","theme-transparent-header-meta":"default","adv-header-id-meta":"","stick-header-meta":"default","header-above-stick-meta":"","header-main-stick-meta":"","header-below-stick-meta":"","astra-migrate-meta-layouts":"set","ast-page-background-enabled":"default","ast-page-background-meta":{"desktop":{"background-color":"var(--ast-global-color-4)","background-image":"","background-repeat":"repeat","background-position":"center center","background-size":"auto","background-attachment":"scroll","background-type":"","background-media":"","overlay-type":"","overlay-color":"","overlay-opacity":"","overlay-gradient":""},"tablet":{"background-color":"","background-image":"","background-repeat":"repeat","background-position":"center center","background-size":"auto","background-attachment":"scroll","background-type":"","background-media":"","overlay-type":"","overlay-color":"","overlay-opacity":"","overlay-gradient":""},"mobile":{"background-color":"","background-image":"","background-repeat":"repeat","background-position":"center center","background-size":"auto","background-attachment":"scroll","background-type":"","background-media":"","overlay-type":"","overlay-color":"","overlay-opacity":"","overlay-gradient":""}},"ast-content-background-meta":{"desktop":{"background-color":"var(--ast-global-color-5)","background-image":"","background-repeat":"repeat","background-position":"center center","background-size":"auto","background-attachment":"scroll","background-type":"","background-media":"","overlay-type":"","overlay-color":"","overlay-opacity":"","overlay-gradient":""},"tablet":{"background-color":"var(--ast-global-color-5)","background-image":"","background-repeat":"repeat","background-position":"center center","background-size":"auto","background-attachment":"scroll","background-type":"","background-media":"","overlay-type":"","overlay-color":"","overlay-opacity":"","overlay-gradient":""},"mobile":{"background-color":"var(--ast-global-color-5)","background-image":"","background-repeat":"repeat","background-position":"center center","background-size":"auto","background-attachment":"scroll","background-type":"","background-media":"","overlay-type":"","overlay-color":"","overlay-opacity":"","overlay-gradient":""}}},"product_brand":[],"product_cat":[88],"product_tag":[],"class_list":{"0":"post-9490","1":"product","2":"type-product","3":"status-publish","4":"has-post-thumbnail","6":"product_cat-germany-type-axle","7":"desktop-align-center","8":"tablet-align-left","9":"mobile-align-left","10":"ast-product-gallery-layout-horizontal-slider","11":"ast-product-gallery-with-no-image","12":"ast-product-tabs-layout-horizontal","14":"first","15":"instock","16":"featured","17":"shipping-taxable","18":"product-type-simple"},"_links":{"self":[{"href":"https:\/\/kangmaiaxle.com\/es\/wp-json\/wp\/v2\/product\/9490","targetHints":{"allow":["GET"]}}],"collection":[{"href":"https:\/\/kangmaiaxle.com\/es\/wp-json\/wp\/v2\/product"}],"about":[{"href":"https:\/\/kangmaiaxle.com\/es\/wp-json\/wp\/v2\/types\/product"}],"wp:featuredmedia":[{"embeddable":true,"href":"https:\/\/kangmaiaxle.com\/es\/wp-json\/wp\/v2\/media\/9494"}],"wp:attachment":[{"href":"https:\/\/kangmaiaxle.com\/es\/wp-json\/wp\/v2\/media?parent=9490"}],"wp:term":[{"taxonomy":"product_brand","embeddable":true,"href":"https:\/\/kangmaiaxle.com\/es\/wp-json\/wp\/v2\/product_brand?post=9490"},{"taxonomy":"product_cat","embeddable":true,"href":"https:\/\/kangmaiaxle.com\/es\/wp-json\/wp\/v2\/product_cat?post=9490"},{"taxonomy":"product_tag","embeddable":true,"href":"https:\/\/kangmaiaxle.com\/es\/wp-json\/wp\/v2\/product_tag?post=9490"}],"curies":[{"name":"wp","href":"https:\/\/api.w.org\/{rel}","templated":true}]}}