{"id":9485,"date":"2026-05-07T02:55:24","date_gmt":"2026-05-07T02:55:24","guid":{"rendered":"http:\/\/kangmaiaxle.com\/?post_type=product&#038;p=9485"},"modified":"2026-05-07T05:39:42","modified_gmt":"2026-05-07T05:39:42","slug":"german-type-axle-series","status":"publish","type":"product","link":"https:\/\/kangmaiaxle.com\/es\/producto\/serie-de-ejes-de-tipo-aleman\/","title":{"rendered":"Serie de ejes de tipo alem\u00e1n"},"content":{"rendered":"<div class=\"table-wrap\">\n<p>La serie de ejes de tipo alem\u00e1n es un sistema de ejes de remolque de primera calidad dise\u00f1ado de acuerdo con las normas t\u00e9cnicas europeas, ampliamente utilizado en semirremolques, remolques portacontenedores, remolques cisterna, remolques frigor\u00edficos y otros veh\u00edculos comerciales de transporte pesado. Conocida por su eficacia de frenado superior, excelente estabilidad y larga vida \u00fatil, esta serie de ejes es muy adecuada para aplicaciones de transporte de alta velocidad y larga distancia.<\/p>\n<table>\n<tbody>\n<tr>\n<td width=\"46\">Modelo<\/td>\n<td width=\"64\">Capacidad(T)<\/td>\n<td width=\"49\">Freno(mm)<\/td>\n<td width=\"104\">Distancia de la c\u00e1mara de frenado L4<\/td>\n<td width=\"33\">Tubo del eje(mm)<\/td>\n<td width=\"87\">Distancia central del asiento del muelle L3<\/td>\n<td width=\"58\">Stud<\/td>\n<td width=\"51\">P.C.D1<\/td>\n<td width=\"73\">Margen de costura D2<\/td>\n<td width=\"41\">V\u00eda L2(mm)<\/td>\n<td width=\"84\">Rodamiento interior\/exterior<\/td>\n<td width=\"46\">Longitud total L1(mm)<\/td>\n<td width=\"47\">Peso (KG)<\/td>\n<td width=\"60\">Recomendar\u00a0<strong><b>ed<\/b><\/strong>\u00a0<strong><b>Whee<\/b><\/strong>l<\/td>\n<\/tr>\n<tr>\n<td width=\"46\">ZY-A1069<\/td>\n<td width=\"64\">12<\/td>\n<td width=\"49\">420&#215;180<\/td>\n<td width=\"104\">420<\/td>\n<td width=\"33\">\u25a1150<\/td>\n<td width=\"87\">\u2265980<\/td>\n<td width=\"58\">0-M22x1,5<\/td>\n<td width=\"51\">335<\/td>\n<td width=\"73\">280.8<\/td>\n<td width=\"41\">1840<\/td>\n<td width=\"84\">3311833213<\/td>\n<td width=\"46\">\u22482158<\/td>\n<td width=\"47\">375<\/td>\n<td width=\"60\">7.5V-20<\/td>\n<\/tr>\n<tr>\n<td width=\"46\">ZY-A1070<\/td>\n<td width=\"64\">13<\/td>\n<td width=\"49\">420&#215;200<\/td>\n<td width=\"104\">360<\/td>\n<td width=\"33\">\u25a1150<\/td>\n<td width=\"87\">\u2265900<\/td>\n<td width=\"58\">10-M22x1,5<\/td>\n<td width=\"51\">335<\/td>\n<td width=\"73\">280.8<\/td>\n<td width=\"41\">1840<\/td>\n<td width=\"84\">331183213<\/td>\n<td width=\"46\">\u22482158<\/td>\n<td width=\"47\">390<\/td>\n<td width=\"60\">7.5V-20<\/td>\n<\/tr>\n<tr>\n<td width=\"46\">ZY-A1071<\/td>\n<td width=\"64\">14<\/td>\n<td width=\"49\">420&#215;200<\/td>\n<td width=\"104\">356<\/td>\n<td width=\"33\">\u25a1150<\/td>\n<td width=\"87\">\u2265900<\/td>\n<td width=\"58\">0-M2x1,5<\/td>\n<td width=\"51\">335<\/td>\n<td width=\"73\">280.8<\/td>\n<td width=\"41\">1840<\/td>\n<td width=\"84\">3221933215<\/td>\n<td width=\"46\">\u22482172<\/td>\n<td width=\"47\">420<\/td>\n<td width=\"60\">8.0V-20<\/td>\n<\/tr>\n<tr>\n<td width=\"46\">ZY-A1072<\/td>\n<td width=\"64\">15<\/td>\n<td width=\"49\">420&#215;200<\/td>\n<td width=\"104\">360<\/td>\n<td width=\"33\">\u25a1150<\/td>\n<td width=\"87\">\u2265900<\/td>\n<td width=\"58\">10-M22x1,5<\/td>\n<td width=\"51\">335<\/td>\n<td width=\"73\">280.8<\/td>\n<td width=\"41\">1840<\/td>\n<td width=\"84\">322232314<\/td>\n<td width=\"46\">\u22482245<\/td>\n<td width=\"47\">440<\/td>\n<td width=\"60\">8.5V-20<\/td>\n<\/tr>\n<tr>\n<td width=\"46\">ZY-A1073<\/td>\n<td width=\"64\">18<\/td>\n<td width=\"49\">420&#215;220<\/td>\n<td width=\"104\">380<\/td>\n<td width=\"33\">\u25a1150<\/td>\n<td width=\"87\">\u2265900<\/td>\n<td width=\"58\">10-M22x1,5<\/td>\n<td width=\"51\">335<\/td>\n<td width=\"73\">280.8<\/td>\n<td width=\"41\">1850<\/td>\n<td width=\"84\">322232314<\/td>\n<td width=\"46\">\u22482245<\/td>\n<td width=\"47\">45<\/td>\n<td width=\"60\">8.5V-20<\/td>\n<\/tr>\n<\/tbody>\n<\/table>\n<\/div>\n<p><img alt=\"\" fetchpriority=\"high\" decoding=\"async\" class=\"size-full wp-image-9488 aligncenter\" src=\"http:\/\/kangmaiaxle.com\/wp-content\/uploads\/2026\/05\/\u56fe\u72476.png\" width=\"949\" height=\"291\" srcset=\"https:\/\/kangmaiaxle.com\/wp-content\/uploads\/2026\/05\/\u56fe\u72476.png 949w, https:\/\/kangmaiaxle.com\/wp-content\/uploads\/2026\/05\/\u56fe\u72476-300x92.png 300w, https:\/\/kangmaiaxle.com\/wp-content\/uploads\/2026\/05\/\u56fe\u72476-768x235.png 768w, https:\/\/kangmaiaxle.com\/wp-content\/uploads\/2026\/05\/\u56fe\u72476-18x6.png 18w, https:\/\/kangmaiaxle.com\/wp-content\/uploads\/2026\/05\/\u56fe\u72476-600x184.png 600w\" sizes=\"(max-width: 949px) 100vw, 949px\" \/><\/p>\n<h3 data-section-id=\"erbofp\" data-start=\"1260\" data-end=\"1282\">Ventajas del producto<\/h3>\n<h4 data-start=\"1284\" data-end=\"1320\">1. Rendimiento de frenado superior<\/h4>\n<p data-start=\"1321\" data-end=\"1428\">Equipado con tambores de freno y componentes de frenado de alta calidad para un rendimiento de frenado eficaz y estable.<\/p>\n<h4 data-start=\"1430\" data-end=\"1465\">2. Funcionamiento suave a alta velocidad<\/h4>\n<p data-start=\"1466\" data-end=\"1579\">El dise\u00f1o estructural optimizado reduce las vibraciones y mejora la estabilidad de conducci\u00f3n durante el transporte a larga distancia.<\/p>\n<h4 data-start=\"1581\" data-end=\"1606\">3. Larga vida \u00fatil<\/h4>\n<p data-start=\"1607\" data-end=\"1720\">Las vigas del eje tratadas t\u00e9rmicamente y los componentes del husillo mecanizados con precisi\u00f3n garantizan una mayor durabilidad y resistencia al desgaste.<\/p>\n<h4 data-start=\"1722\" data-end=\"1750\">4. Bajo coste de mantenimiento<\/h4>\n<p data-start=\"1751\" data-end=\"1827\">El dise\u00f1o modular facilita el mantenimiento y la sustituci\u00f3n de los componentes principales.<\/p>\n<h4 data-start=\"1829\" data-end=\"1855\">5. Amplia compatibilidad<\/h4>\n<p data-start=\"1856\" data-end=\"1941\">Adecuado para m\u00faltiples configuraciones de remolque e industrias de transporte de todo el mundo.<\/p>","protected":false},"excerpt":{"rendered":"<p>Fabricada con vigas de eje de aleaci\u00f3n de acero de alta resistencia y tecnolog\u00eda de mecanizado de precisi\u00f3n, la serie de ejes de tipo alem\u00e1n proporciona una durabilidad excepcional, una gran capacidad de carga y un rendimiento de seguridad fiable en condiciones de carretera exigentes.<\/p>","protected":false},"featured_media":9489,"template":"","meta":{"_seopress_robots_primary_cat":"","_seopress_titles_title":"German Type Axle Series for Semi Trailers | European Standard Heavy Duty Trailer Axle","_seopress_titles_desc":"German Type Axle Series designed for semi trailers, tanker trailers, and heavy-duty logistics transport. Features European standard design, reliable braking performance, strong load capacity, smooth operation, and long service life for commercial transportation applications.","_seopress_robots_index":"","site-sidebar-layout":"default","site-content-layout":"","ast-site-content-layout":"default","site-content-style":"default","site-sidebar-style":"default","ast-global-header-display":"","ast-banner-title-visibility":"","ast-main-header-display":"","ast-hfb-above-header-display":"","ast-hfb-below-header-display":"","ast-hfb-mobile-header-display":"","site-post-title":"","ast-breadcrumbs-content":"","ast-featured-img":"","footer-sml-layout":"","ast-disable-related-posts":"","theme-transparent-header-meta":"default","adv-header-id-meta":"","stick-header-meta":"default","header-above-stick-meta":"","header-main-stick-meta":"","header-below-stick-meta":"","astra-migrate-meta-layouts":"set","ast-page-background-enabled":"default","ast-page-background-meta":{"desktop":{"background-color":"var(--ast-global-color-4)","background-image":"","background-repeat":"repeat","background-position":"center center","background-size":"auto","background-attachment":"scroll","background-type":"","background-media":"","overlay-type":"","overlay-color":"","overlay-opacity":"","overlay-gradient":""},"tablet":{"background-color":"","background-image":"","background-repeat":"repeat","background-position":"center center","background-size":"auto","background-attachment":"scroll","background-type":"","background-media":"","overlay-type":"","overlay-color":"","overlay-opacity":"","overlay-gradient":""},"mobile":{"background-color":"","background-image":"","background-repeat":"repeat","background-position":"center center","background-size":"auto","background-attachment":"scroll","background-type":"","background-media":"","overlay-type":"","overlay-color":"","overlay-opacity":"","overlay-gradient":""}},"ast-content-background-meta":{"desktop":{"background-color":"var(--ast-global-color-5)","background-image":"","background-repeat":"repeat","background-position":"center center","background-size":"auto","background-attachment":"scroll","background-type":"","background-media":"","overlay-type":"","overlay-color":"","overlay-opacity":"","overlay-gradient":""},"tablet":{"background-color":"var(--ast-global-color-5)","background-image":"","background-repeat":"repeat","background-position":"center center","background-size":"auto","background-attachment":"scroll","background-type":"","background-media":"","overlay-type":"","overlay-color":"","overlay-opacity":"","overlay-gradient":""},"mobile":{"background-color":"var(--ast-global-color-5)","background-image":"","background-repeat":"repeat","background-position":"center center","background-size":"auto","background-attachment":"scroll","background-type":"","background-media":"","overlay-type":"","overlay-color":"","overlay-opacity":"","overlay-gradient":""}}},"product_brand":[],"product_cat":[88],"product_tag":[],"class_list":{"0":"post-9485","1":"product","2":"type-product","3":"status-publish","4":"has-post-thumbnail","6":"product_cat-germany-type-axle","7":"desktop-align-center","8":"tablet-align-left","9":"mobile-align-left","10":"ast-product-gallery-layout-horizontal-slider","11":"ast-product-gallery-with-no-image","12":"ast-product-tabs-layout-horizontal","14":"first","15":"instock","16":"featured","17":"shipping-taxable","18":"product-type-simple"},"_links":{"self":[{"href":"https:\/\/kangmaiaxle.com\/es\/wp-json\/wp\/v2\/product\/9485","targetHints":{"allow":["GET"]}}],"collection":[{"href":"https:\/\/kangmaiaxle.com\/es\/wp-json\/wp\/v2\/product"}],"about":[{"href":"https:\/\/kangmaiaxle.com\/es\/wp-json\/wp\/v2\/types\/product"}],"wp:featuredmedia":[{"embeddable":true,"href":"https:\/\/kangmaiaxle.com\/es\/wp-json\/wp\/v2\/media\/9489"}],"wp:attachment":[{"href":"https:\/\/kangmaiaxle.com\/es\/wp-json\/wp\/v2\/media?parent=9485"}],"wp:term":[{"taxonomy":"product_brand","embeddable":true,"href":"https:\/\/kangmaiaxle.com\/es\/wp-json\/wp\/v2\/product_brand?post=9485"},{"taxonomy":"product_cat","embeddable":true,"href":"https:\/\/kangmaiaxle.com\/es\/wp-json\/wp\/v2\/product_cat?post=9485"},{"taxonomy":"product_tag","embeddable":true,"href":"https:\/\/kangmaiaxle.com\/es\/wp-json\/wp\/v2\/product_tag?post=9485"}],"curies":[{"name":"wp","href":"https:\/\/api.w.org\/{rel}","templated":true}]}}