{"id":9482,"date":"2026-05-07T02:37:08","date_gmt":"2026-05-07T02:37:08","guid":{"rendered":"http:\/\/kangmaiaxle.com\/?post_type=product&#038;p=9482"},"modified":"2026-05-07T05:40:31","modified_gmt":"2026-05-07T05:40:31","slug":"spoke-axle-series","status":"publish","type":"product","link":"https:\/\/kangmaiaxle.com\/es\/producto\/serie-de-ejes-de-radios\/","title":{"rendered":"Serie de ejes de radios"},"content":{"rendered":"<p>La serie de ejes de radios es un sistema de ejes de alta resistencia especialmente dise\u00f1ado para remolques comerciales, veh\u00edculos de transporte de ingenier\u00eda, camiones mineros y aplicaciones de transporte pesado todoterreno. Con una estructura de cubo de rueda de radios, esta serie de ejes ofrece un rendimiento de carga superior, una durabilidad excelente y una mayor resistencia a las condiciones de trabajo m\u00e1s duras.<\/p>\n<div class=\"table-wrap\">\n<table>\n<tbody>\n<tr>\n<td width=\"47\">Modelo<\/td>\n<td width=\"64\">Capacidad(T)<\/td>\n<td width=\"47\">Freno(m)<\/td>\n<td width=\"103\">Distancia de la c\u00e1mara de frenado L4<\/td>\n<td width=\"32\">Tubo del eje (mm)<\/td>\n<td width=\"86\">Distancia central del asiento del muelle L3<\/td>\n<td width=\"57\">Stud<\/td>\n<td width=\"51\">P.C.D1<\/td>\n<td width=\"73\">Margen de costura D2<\/td>\n<td width=\"40\">V\u00eda L2(mm)<\/td>\n<td width=\"83\">Rodamiento interior\/exterior<\/td>\n<td width=\"45\">Longitud total L1(mm)<\/td>\n<td width=\"47\">Peso (KG)<\/td>\n<td width=\"59\">Rueda recomendada<\/td>\n<\/tr>\n<tr>\n<td width=\"47\">ZY-A1079<\/td>\n<td width=\"64\">13<\/td>\n<td width=\"47\">420&#215;180<\/td>\n<td width=\"103\">383<\/td>\n<td width=\"32\">\u03c6127<\/td>\n<td width=\"86\">\u2265980<\/td>\n<td width=\"57\">5&#215;3\/4&#8243;<\/td>\n<td width=\"51\">\u03c6285.75<\/td>\n<td width=\"73\">\u03c6241<\/td>\n<td width=\"40\">1850<\/td>\n<td width=\"83\">HM518445<\/td>\n<td width=\"45\">\u22482180<\/td>\n<td width=\"47\">375<\/td>\n<td width=\"59\">20\u2033\u00d75 Tipo de radios<\/td>\n<\/tr>\n<tr>\n<td width=\"47\">ZY-A1080<\/td>\n<td width=\"64\">13<\/td>\n<td width=\"47\">420&#215;180<\/td>\n<td width=\"103\">383<\/td>\n<td width=\"32\">\u03c6127<\/td>\n<td width=\"86\">\u2265980<\/td>\n<td width=\"57\">6\u00d73\/4\"<\/td>\n<td width=\"51\">\u03c6285.75<\/td>\n<td width=\"73\">\u03c6241<\/td>\n<td width=\"40\">1850<\/td>\n<td width=\"83\">HM51845<\/td>\n<td width=\"45\">\u22482180<\/td>\n<td width=\"47\">380<\/td>\n<td width=\"59\">20\u2033\u00d76 Tipo de radios<\/td>\n<\/tr>\n<tr>\n<td width=\"47\">ZY-A108<\/td>\n<td width=\"64\">13<\/td>\n<td width=\"47\">420&#215;180<\/td>\n<td width=\"103\">383<\/td>\n<td width=\"32\">\u03c6127<\/td>\n<td width=\"86\">\u2265980<\/td>\n<td width=\"57\">5\u00d73\/4\"<\/td>\n<td width=\"51\">\u03c6285.75<\/td>\n<td width=\"73\">\u03c6241<\/td>\n<td width=\"40\">1850<\/td>\n<td width=\"83\">HM518445<\/td>\n<td width=\"45\">\u22482180<\/td>\n<td width=\"47\">370<\/td>\n<td width=\"59\">20\u2033\u00d75 Tipo de radios<\/td>\n<\/tr>\n<tr>\n<td width=\"47\">ZY-A1082<\/td>\n<td width=\"64\">13<\/td>\n<td width=\"47\">420&#215;180<\/td>\n<td width=\"103\">383<\/td>\n<td width=\"32\">\u03c6127<\/td>\n<td width=\"86\">\u2265980<\/td>\n<td width=\"57\">6\u00d73\/4\"<\/td>\n<td width=\"51\">\u03c6285.75<\/td>\n<td width=\"73\">\u03c6241<\/td>\n<td width=\"40\">1850<\/td>\n<td width=\"83\">HM518445<\/td>\n<td width=\"45\">\u22482180<\/td>\n<td width=\"47\">375<\/td>\n<td width=\"59\">20\u2033\u00d76 Tipo de radios<\/td>\n<\/tr>\n<tr>\n<td width=\"47\">ZY-A1083<\/td>\n<td width=\"64\">13<\/td>\n<td width=\"47\">420&#215;180<\/td>\n<td width=\"103\">383<\/td>\n<td width=\"32\">\u03c6150<\/td>\n<td width=\"86\">\u2265940<\/td>\n<td width=\"57\">5\u00d73\/4\"<\/td>\n<td width=\"51\">\u03c6285.75<\/td>\n<td width=\"73\">\u03c6241<\/td>\n<td width=\"40\">1850<\/td>\n<td width=\"83\">HM518445<\/td>\n<td width=\"45\">\u22482180<\/td>\n<td width=\"47\">370<\/td>\n<td width=\"59\">20\u2033\u00d75 Tipo de radios<\/td>\n<\/tr>\n<tr>\n<td width=\"47\">ZY-A1084<\/td>\n<td width=\"64\">13<\/td>\n<td width=\"47\">420&#215;180<\/td>\n<td width=\"103\">383<\/td>\n<td width=\"32\">\u03c6150<\/td>\n<td width=\"86\">\u2265940<\/td>\n<td width=\"57\">5&#215;3\/4&#8243;<\/td>\n<td width=\"51\">\u03c6285.75<\/td>\n<td width=\"73\">\u03c6241<\/td>\n<td width=\"40\">1850<\/td>\n<td width=\"83\">HM518445<\/td>\n<td width=\"45\">\u22482180<\/td>\n<td width=\"47\">378<\/td>\n<td width=\"59\">20\u2033\u00d76 Tipo de radios<\/td>\n<\/tr>\n<\/tbody>\n<\/table>\n<\/div>\n<p><img alt=\"\" fetchpriority=\"high\" decoding=\"async\" class=\"wp-image-9484 size-full aligncenter\" src=\"http:\/\/kangmaiaxle.com\/wp-content\/uploads\/2026\/05\/\u56fe\u72474.png\" width=\"1030\" height=\"332\" srcset=\"https:\/\/kangmaiaxle.com\/wp-content\/uploads\/2026\/05\/\u56fe\u72474.png 1030w, https:\/\/kangmaiaxle.com\/wp-content\/uploads\/2026\/05\/\u56fe\u72474-300x97.png 300w, https:\/\/kangmaiaxle.com\/wp-content\/uploads\/2026\/05\/\u56fe\u72474-1024x330.png 1024w, https:\/\/kangmaiaxle.com\/wp-content\/uploads\/2026\/05\/\u56fe\u72474-768x248.png 768w, https:\/\/kangmaiaxle.com\/wp-content\/uploads\/2026\/05\/\u56fe\u72474-18x6.png 18w, https:\/\/kangmaiaxle.com\/wp-content\/uploads\/2026\/05\/\u56fe\u72474-600x193.png 600w\" sizes=\"(max-width: 1030px) 100vw, 1030px\" \/><\/p>\n<h3 data-section-id=\"erbofp\" data-start=\"1251\" data-end=\"1273\">Ventajas del producto<\/h3>\n<h4 data-start=\"1275\" data-end=\"1303\">1. Gran capacidad de carga<\/h4>\n<p data-start=\"1304\" data-end=\"1426\">Dise\u00f1ado para aplicaciones de transporte pesado, capaz de manejar grandes cargas de carga y duras condiciones de funcionamiento.<\/p>\n<h4 data-start=\"1428\" data-end=\"1455\">2. Durabilidad superior<\/h4>\n<p data-start=\"1456\" data-end=\"1548\">La estructura reforzada del cubo de los radios mejora la resistencia a la deformaci\u00f3n y a las tensiones mec\u00e1nicas.<\/p>\n<h4 data-start=\"1550\" data-end=\"1588\">3. Excelente rendimiento todoterreno<\/h4>\n<p data-start=\"1589\" data-end=\"1683\">Ideal para zonas mineras, obras de construcci\u00f3n, carreteras de monta\u00f1a y rutas de transporte sin asfaltar.<\/p>\n<h4 data-start=\"1685\" data-end=\"1715\">4. Mantenimiento c\u00f3modo<\/h4>\n<p data-start=\"1716\" data-end=\"1805\">Su sencillo dise\u00f1o estructural permite sustituir r\u00e1pidamente las ruedas y reducir el tiempo de inactividad por mantenimiento.<\/p>\n<h4 data-start=\"1807\" data-end=\"1836\">5. Sistema de frenado estable<\/h4>\n<p data-start=\"1837\" data-end=\"1935\">Equipado con componentes de freno de tambor de alta calidad para garantizar una eficacia y seguridad de frenado fiables.<\/p>","protected":false},"excerpt":{"rendered":"<p>Fabricada con vigas de eje de aleaci\u00f3n de acero de alta resistencia y componentes dise\u00f1ados con precisi\u00f3n, la serie de ejes de radios garantiza un funcionamiento estable con cargas pesadas y en entornos de terreno accidentado. Su robusto dise\u00f1o estructural lo hace ideal para regiones e industrias donde la durabilidad y el f\u00e1cil mantenimiento son fundamentales.<\/p>","protected":false},"featured_media":9483,"template":"","meta":{"_seopress_robots_primary_cat":"none","_seopress_titles_title":"Spoke Axle Series for Heavy Duty Trailers | Mining & Engineering Trailer Axle","_seopress_titles_desc":"Spoke Axle Series designed for heavy-duty trailers, mining transport, and engineering vehicles. Features strong load capacity, durable spoke hub structure, reliable braking performance, and excellent off-road adaptability for demanding transportation conditions.","_seopress_robots_index":"","site-sidebar-layout":"default","site-content-layout":"","ast-site-content-layout":"default","site-content-style":"default","site-sidebar-style":"default","ast-global-header-display":"","ast-banner-title-visibility":"","ast-main-header-display":"","ast-hfb-above-header-display":"","ast-hfb-below-header-display":"","ast-hfb-mobile-header-display":"","site-post-title":"","ast-breadcrumbs-content":"","ast-featured-img":"","footer-sml-layout":"","ast-disable-related-posts":"","theme-transparent-header-meta":"default","adv-header-id-meta":"","stick-header-meta":"default","header-above-stick-meta":"","header-main-stick-meta":"","header-below-stick-meta":"","astra-migrate-meta-layouts":"set","ast-page-background-enabled":"default","ast-page-background-meta":{"desktop":{"background-color":"var(--ast-global-color-4)","background-image":"","background-repeat":"repeat","background-position":"center center","background-size":"auto","background-attachment":"scroll","background-type":"","background-media":"","overlay-type":"","overlay-color":"","overlay-opacity":"","overlay-gradient":""},"tablet":{"background-color":"","background-image":"","background-repeat":"repeat","background-position":"center center","background-size":"auto","background-attachment":"scroll","background-type":"","background-media":"","overlay-type":"","overlay-color":"","overlay-opacity":"","overlay-gradient":""},"mobile":{"background-color":"","background-image":"","background-repeat":"repeat","background-position":"center center","background-size":"auto","background-attachment":"scroll","background-type":"","background-media":"","overlay-type":"","overlay-color":"","overlay-opacity":"","overlay-gradient":""}},"ast-content-background-meta":{"desktop":{"background-color":"var(--ast-global-color-5)","background-image":"","background-repeat":"repeat","background-position":"center center","background-size":"auto","background-attachment":"scroll","background-type":"","background-media":"","overlay-type":"","overlay-color":"","overlay-opacity":"","overlay-gradient":""},"tablet":{"background-color":"var(--ast-global-color-5)","background-image":"","background-repeat":"repeat","background-position":"center center","background-size":"auto","background-attachment":"scroll","background-type":"","background-media":"","overlay-type":"","overlay-color":"","overlay-opacity":"","overlay-gradient":""},"mobile":{"background-color":"var(--ast-global-color-5)","background-image":"","background-repeat":"repeat","background-position":"center center","background-size":"auto","background-attachment":"scroll","background-type":"","background-media":"","overlay-type":"","overlay-color":"","overlay-opacity":"","overlay-gradient":""}}},"product_brand":[],"product_cat":[87],"product_tag":[],"class_list":{"0":"post-9482","1":"product","2":"type-product","3":"status-publish","4":"has-post-thumbnail","6":"product_cat-american-type-axle","7":"desktop-align-center","8":"tablet-align-left","9":"mobile-align-left","10":"ast-product-gallery-layout-horizontal-slider","11":"ast-product-gallery-with-no-image","12":"ast-product-tabs-layout-horizontal","14":"first","15":"instock","16":"featured","17":"shipping-taxable","18":"product-type-simple"},"_links":{"self":[{"href":"https:\/\/kangmaiaxle.com\/es\/wp-json\/wp\/v2\/product\/9482","targetHints":{"allow":["GET"]}}],"collection":[{"href":"https:\/\/kangmaiaxle.com\/es\/wp-json\/wp\/v2\/product"}],"about":[{"href":"https:\/\/kangmaiaxle.com\/es\/wp-json\/wp\/v2\/types\/product"}],"wp:featuredmedia":[{"embeddable":true,"href":"https:\/\/kangmaiaxle.com\/es\/wp-json\/wp\/v2\/media\/9483"}],"wp:attachment":[{"href":"https:\/\/kangmaiaxle.com\/es\/wp-json\/wp\/v2\/media?parent=9482"}],"wp:term":[{"taxonomy":"product_brand","embeddable":true,"href":"https:\/\/kangmaiaxle.com\/es\/wp-json\/wp\/v2\/product_brand?post=9482"},{"taxonomy":"product_cat","embeddable":true,"href":"https:\/\/kangmaiaxle.com\/es\/wp-json\/wp\/v2\/product_cat?post=9482"},{"taxonomy":"product_tag","embeddable":true,"href":"https:\/\/kangmaiaxle.com\/es\/wp-json\/wp\/v2\/product_tag?post=9482"}],"curies":[{"name":"wp","href":"https:\/\/api.w.org\/{rel}","templated":true}]}}