{"id":9476,"date":"2026-05-07T02:03:54","date_gmt":"2026-05-07T02:03:54","guid":{"rendered":"http:\/\/kangmaiaxle.com\/?post_type=product&#038;p=9476"},"modified":"2026-05-07T05:40:19","modified_gmt":"2026-05-07T05:40:19","slug":"outboard-drum-axle-series","status":"publish","type":"product","link":"https:\/\/kangmaiaxle.com\/es\/producto\/serie-de-ejes-de-tambor-fueraborda\/","title":{"rendered":"Serie de ejes de tambor fueraborda"},"content":{"rendered":"<p>La serie de ejes de tambor exterior es un sistema de eje de remolque para cargas pesadas ampliamente utilizado en semirremolques, remolques portacontenedores, remolques de plataforma plana, remolques de plataforma baja y otros veh\u00edculos de transporte comercial. Con una estructura de tambor de freno exterior, este dise\u00f1o de eje permite un mantenimiento m\u00e1s r\u00e1pido, una sustituci\u00f3n de frenos m\u00e1s sencilla y un mejor rendimiento de disipaci\u00f3n del calor, lo que lo hace ideal para aplicaciones de transporte de larga distancia y carga pesada.<\/p>\n<div class=\"table-wrap\">\n<table>\n<tbody>\n<tr>\n<td width=\"47\">Modelo<\/td>\n<td width=\"66\">Capacidad(T)<\/td>\n<td width=\"50\">Freno(mm)<\/td>\n<td width=\"105\">Distancia de la c\u00e1mara de frenado L4<\/td>\n<td width=\"33\">Tubo del eje(mm)<\/td>\n<td width=\"88\">Distancia central del asiento del muelle L3<\/td>\n<td width=\"58\">Stud<\/td>\n<td width=\"53\">P.C.D1<\/td>\n<td width=\"67\">Margen de costura D2<\/td>\n<td width=\"43\">V\u00eda L2(mm)<\/td>\n<td width=\"85\">Rodamiento interior\/exterior<\/td>\n<td width=\"46\">Longitud total L1(mm)<\/td>\n<td width=\"48\">Peso (KG)<\/td>\n<td width=\"62\">Rueda recomendada<\/td>\n<\/tr>\n<tr>\n<td width=\"47\">ZY-A1056<\/td>\n<td width=\"66\">13<\/td>\n<td width=\"50\">420&#215;180<\/td>\n<td width=\"105\">392<\/td>\n<td width=\"33\">\u03c6127<\/td>\n<td width=\"88\">\u2265970<\/td>\n<td width=\"58\">10-M22x1,5<\/td>\n<td width=\"53\">285.75<\/td>\n<td width=\"67\">220.8<\/td>\n<td width=\"43\">1840<\/td>\n<td width=\"85\">HM518445\/10<\/td>\n<td width=\"46\">\u22482180<\/td>\n<td width=\"48\">345<\/td>\n<td width=\"62\">7.50V-20<\/td>\n<\/tr>\n<tr>\n<td width=\"47\">ZY-A1057<\/td>\n<td width=\"66\">13<\/td>\n<td width=\"50\">420&#215;180<\/td>\n<td width=\"105\">388<\/td>\n<td width=\"33\">\u03c6127<\/td>\n<td width=\"88\">\u2265970<\/td>\n<td width=\"58\">10-M22x1,5<\/td>\n<td width=\"53\">335<\/td>\n<td width=\"67\">280.8<\/td>\n<td width=\"43\">1840<\/td>\n<td width=\"85\">HM518445\/10<\/td>\n<td width=\"46\">\u22482180<\/td>\n<td width=\"48\">365<\/td>\n<td width=\"62\">7.50V-20<\/td>\n<\/tr>\n<tr>\n<td width=\"47\">ZY-A1058<\/td>\n<td width=\"66\">13<\/td>\n<td width=\"50\">420&#215;200<\/td>\n<td width=\"105\">372<\/td>\n<td width=\"33\">\u03c6127<\/td>\n<td width=\"88\">\u2265970<\/td>\n<td width=\"58\">10-M22x1,5<\/td>\n<td width=\"53\">285.75<\/td>\n<td width=\"67\">220.8<\/td>\n<td width=\"43\">1840<\/td>\n<td width=\"85\">HM518445\/10<\/td>\n<td width=\"46\">\u22482180<\/td>\n<td width=\"48\">348<\/td>\n<td width=\"62\">7.50V-20<\/td>\n<\/tr>\n<tr>\n<td width=\"47\">ZY-A1059<\/td>\n<td width=\"66\">13<\/td>\n<td width=\"50\">420&#215;200<\/td>\n<td width=\"105\">372<\/td>\n<td width=\"33\">\u03c6127<\/td>\n<td width=\"88\">\u2265970<\/td>\n<td width=\"58\">10-M22x1,5<\/td>\n<td width=\"53\">335<\/td>\n<td width=\"67\">280.8<\/td>\n<td width=\"43\">1840<\/td>\n<td width=\"85\">HM518445\/10<\/td>\n<td width=\"46\">\u22482180<\/td>\n<td width=\"48\">360<\/td>\n<td width=\"62\">7.50V-20<\/td>\n<\/tr>\n<tr>\n<td width=\"47\">ZY-A1060<\/td>\n<td width=\"66\">13<\/td>\n<td width=\"50\">420&#215;180<\/td>\n<td width=\"105\">392<\/td>\n<td width=\"33\">\u03c6127<\/td>\n<td width=\"88\">\u2265970<\/td>\n<td width=\"58\">10-M22x1,5<\/td>\n<td width=\"53\">285.75<\/td>\n<td width=\"67\">220.8<\/td>\n<td width=\"43\">1840<\/td>\n<td width=\"85\">HM518445\/10<\/td>\n<td width=\"46\">\u22482180<\/td>\n<td width=\"48\">340<\/td>\n<td width=\"62\">7.50V-20<\/td>\n<\/tr>\n<tr>\n<td width=\"47\">ZY-A1061<\/td>\n<td width=\"66\">13<\/td>\n<td width=\"50\">420&#215;180<\/td>\n<td width=\"105\">388<\/td>\n<td width=\"33\">\u03c6127<\/td>\n<td width=\"88\">\u2265970<\/td>\n<td width=\"58\">10-M22x1,5<\/td>\n<td width=\"53\">335<\/td>\n<td width=\"67\">280.8<\/td>\n<td width=\"43\">1840<\/td>\n<td width=\"85\">HM518445\/10<\/td>\n<td width=\"46\">\u22482180<\/td>\n<td width=\"48\">358<\/td>\n<td width=\"62\">7.50V-20<\/td>\n<\/tr>\n<tr>\n<td width=\"47\">ZY-A1062<\/td>\n<td width=\"66\">13<\/td>\n<td width=\"50\">420&#215;200<\/td>\n<td width=\"105\">372<\/td>\n<td width=\"33\">\u03c6127<\/td>\n<td width=\"88\">\u2265970<\/td>\n<td width=\"58\">10-M22x1,5<\/td>\n<td width=\"53\">285.75<\/td>\n<td width=\"67\">220.8<\/td>\n<td width=\"43\">1840<\/td>\n<td width=\"85\">HM518445\/10<\/td>\n<td width=\"46\">\u22482180<\/td>\n<td width=\"48\">343<\/td>\n<td width=\"62\">7.50V-20<\/td>\n<\/tr>\n<tr>\n<td width=\"47\">ZY-A1063<\/td>\n<td width=\"66\">13<\/td>\n<td width=\"50\">420\u00d7200<\/td>\n<td width=\"105\">372<\/td>\n<td width=\"33\">\u03c6127<\/td>\n<td width=\"88\">\u2265970<\/td>\n<td width=\"58\">10-M22x1,5<\/td>\n<td width=\"53\">335<\/td>\n<td width=\"67\">280.8<\/td>\n<td width=\"43\">1840<\/td>\n<td width=\"85\">HM518445\/10<\/td>\n<td width=\"46\">\u22482180<\/td>\n<td width=\"48\">355<\/td>\n<td width=\"62\">7.50V-20<\/td>\n<\/tr>\n<tr>\n<td width=\"47\">ZY-A1064<\/td>\n<td width=\"66\">13<\/td>\n<td width=\"50\">420&#215;180<\/td>\n<td width=\"105\">392<\/td>\n<td width=\"33\">\u03c6150<\/td>\n<td width=\"88\">\u2265930<\/td>\n<td width=\"58\">10-M22x1,5<\/td>\n<td width=\"53\">285.75<\/td>\n<td width=\"67\">220.8<\/td>\n<td width=\"43\">1840<\/td>\n<td width=\"85\">HM518445\/10<\/td>\n<td width=\"46\">\u22482180<\/td>\n<td width=\"48\">343<\/td>\n<td width=\"62\">7.50V-20<\/td>\n<\/tr>\n<tr>\n<td width=\"47\">ZY-A1065<\/td>\n<td width=\"66\">13<\/td>\n<td width=\"50\">420&#215;180<\/td>\n<td width=\"105\">388<\/td>\n<td width=\"33\">\u03c6150<\/td>\n<td width=\"88\">\u2265930<\/td>\n<td width=\"58\">10-M22x1,5<\/td>\n<td width=\"53\">335<\/td>\n<td width=\"67\">280.8<\/td>\n<td width=\"43\">1840<\/td>\n<td width=\"85\">HM518445\/10<\/td>\n<td width=\"46\">\u22482180<\/td>\n<td width=\"48\">362<\/td>\n<td width=\"62\">7.50V-20<\/td>\n<\/tr>\n<tr>\n<td width=\"47\">ZY-A1066<\/td>\n<td width=\"66\">13<\/td>\n<td width=\"50\">420&#215;200<\/td>\n<td width=\"105\">372<\/td>\n<td width=\"33\">\u03c6150<\/td>\n<td width=\"88\">\u2265930<\/td>\n<td width=\"58\">10-N22x1,5<\/td>\n<td width=\"53\">285.75<\/td>\n<td width=\"67\">220.8<\/td>\n<td width=\"43\">1840<\/td>\n<td width=\"85\">HM518445\/10<\/td>\n<td width=\"46\">\u22482180<\/td>\n<td width=\"48\">348<\/td>\n<td width=\"62\">7.50V-20<\/td>\n<\/tr>\n<tr>\n<td width=\"47\">ZY-A1067<\/td>\n<td width=\"66\">13<\/td>\n<td width=\"50\">420&#215;200<\/td>\n<td width=\"105\">372<\/td>\n<td width=\"33\">\u03c6150<\/td>\n<td width=\"88\">\u2265930<\/td>\n<td width=\"58\">10-M22x1,5<\/td>\n<td width=\"53\">335<\/td>\n<td width=\"67\">280.8<\/td>\n<td width=\"43\">1840<\/td>\n<td width=\"85\">HM518445\/10<\/td>\n<td width=\"46\">\u22482180<\/td>\n<td width=\"48\">360<\/td>\n<td width=\"62\">7.50V-20<\/td>\n<\/tr>\n<tr>\n<td width=\"47\">ZY-A1068<\/td>\n<td width=\"66\">16<\/td>\n<td width=\"50\">420&#215;200<\/td>\n<td width=\"105\">358<\/td>\n<td width=\"33\">\u03c6150<\/td>\n<td width=\"88\">\u2265940<\/td>\n<td width=\"58\">10-M22x1,5<\/td>\n<td width=\"53\">335<\/td>\n<td width=\"67\">280.8<\/td>\n<td width=\"43\">1850<\/td>\n<td width=\"85\">HM220149\/10 HM518445\/10<\/td>\n<td width=\"46\">\u22482200<\/td>\n<td width=\"48\">405<\/td>\n<td width=\"62\">8.0V-20<\/td>\n<\/tr>\n<\/tbody>\n<\/table>\n<\/div>\n<p><img alt=\"\" fetchpriority=\"high\" decoding=\"async\" class=\"size-full wp-image-9480 aligncenter\" src=\"http:\/\/kangmaiaxle.com\/wp-content\/uploads\/2026\/05\/\u56fe\u72472-2.png\" width=\"936\" height=\"232\" srcset=\"https:\/\/kangmaiaxle.com\/wp-content\/uploads\/2026\/05\/\u56fe\u72472-2.png 936w, https:\/\/kangmaiaxle.com\/wp-content\/uploads\/2026\/05\/\u56fe\u72472-2-300x74.png 300w, https:\/\/kangmaiaxle.com\/wp-content\/uploads\/2026\/05\/\u56fe\u72472-2-768x190.png 768w, https:\/\/kangmaiaxle.com\/wp-content\/uploads\/2026\/05\/\u56fe\u72472-2-18x4.png 18w, https:\/\/kangmaiaxle.com\/wp-content\/uploads\/2026\/05\/\u56fe\u72472-2-600x149.png 600w\" sizes=\"(max-width: 936px) 100vw, 936px\" \/><\/p>\n<p>&nbsp;<\/p>\n<p>Fabricada con vigas de eje de aleaci\u00f3n de acero de alta resistencia y componentes de husillo mecanizados con precisi\u00f3n, la serie de ejes de tambor exterior ofrece una excelente capacidad de carga, durabilidad y estabilidad de frenado en condiciones de carretera exigentes. Est\u00e1 disponible en m\u00faltiples capacidades y configuraciones para satisfacer diversos requisitos de transporte en todo el mundo.<\/p>\n<h3 data-section-id=\"erbofp\" data-start=\"1484\" data-end=\"1506\">Ventajas del producto<\/h3>\n<ol data-start=\"1507\" data-end=\"2170\">\n<li data-section-id=\"1imymlv\" data-start=\"1507\" data-end=\"1647\">F\u00e1cil mantenimiento<br data-start=\"1526\" data-end=\"1529\" \/>La estructura externa del tambor permite desmontar r\u00e1pidamente los tambores de freno y las ruedas, lo que reduce el tiempo de mantenimiento y los costes de mano de obra.<\/li>\n<li data-section-id=\"1pt400k\" data-start=\"1649\" data-end=\"1771\">Gran capacidad de carga<br data-start=\"1672\" data-end=\"1675\" \/>Dise\u00f1adas para aplicaciones de transporte pesado con capacidades que suelen oscilar entre 11T y 16T.<\/li>\n<li data-section-id=\"1pzyapd\" data-start=\"1773\" data-end=\"1895\">Frenado fiable<br data-start=\"1804\" data-end=\"1807\" \/>Los forros de freno de alta calidad y los componentes de precisi\u00f3n garantizan un frenado estable y eficaz.<\/li>\n<li data-section-id=\"plsmpa\" data-start=\"1897\" data-end=\"2023\">Larga vida \u00fatil<br data-start=\"1917\" data-end=\"1920\" \/>Los largueros del eje con tratamiento t\u00e9rmico y las superficies endurecidas del husillo proporcionan una excelente resistencia al desgaste y durabilidad.<\/li>\n<li data-section-id=\"m2nj3q\" data-start=\"2025\" data-end=\"2170\">Amplia gama de aplicaciones<br data-start=\"2050\" data-end=\"2053\" \/>Adecuado para el transporte de contenedores, la log\u00edstica de ingenier\u00eda, el transporte minero y las operaciones de carga de larga distancia.<\/li>\n<\/ol>","protected":false},"excerpt":{"rendered":"<p>Se trata de una estructura de eje de tipo americano muy utilizada en semirremolques, remolques de plataforma baja, camiones portacontenedores y veh\u00edculos log\u00edsticos pesados.<\/p>","protected":false},"featured_media":9479,"template":"","meta":{"_seopress_robots_primary_cat":"none","_seopress_titles_title":"Outboard Drum Axle Series for Semi Trailer | Heavy Duty Trailer Axle Manufacturer","_seopress_titles_desc":"Outboard Drum Axle Series designed for semi trailers, flatbed trailers, and heavy-duty transport applications. Features high load capacity, reliable braking performance, easy maintenance, and long service life. Custom axle configurations available for global transportation markets.","_seopress_robots_index":"","site-sidebar-layout":"default","site-content-layout":"","ast-site-content-layout":"default","site-content-style":"default","site-sidebar-style":"default","ast-global-header-display":"","ast-banner-title-visibility":"","ast-main-header-display":"","ast-hfb-above-header-display":"","ast-hfb-below-header-display":"","ast-hfb-mobile-header-display":"","site-post-title":"","ast-breadcrumbs-content":"","ast-featured-img":"","footer-sml-layout":"","ast-disable-related-posts":"","theme-transparent-header-meta":"default","adv-header-id-meta":"","stick-header-meta":"default","header-above-stick-meta":"","header-main-stick-meta":"","header-below-stick-meta":"","astra-migrate-meta-layouts":"set","ast-page-background-enabled":"default","ast-page-background-meta":{"desktop":{"background-color":"var(--ast-global-color-4)","background-image":"","background-repeat":"repeat","background-position":"center center","background-size":"auto","background-attachment":"scroll","background-type":"","background-media":"","overlay-type":"","overlay-color":"","overlay-opacity":"","overlay-gradient":""},"tablet":{"background-color":"","background-image":"","background-repeat":"repeat","background-position":"center center","background-size":"auto","background-attachment":"scroll","background-type":"","background-media":"","overlay-type":"","overlay-color":"","overlay-opacity":"","overlay-gradient":""},"mobile":{"background-color":"","background-image":"","background-repeat":"repeat","background-position":"center center","background-size":"auto","background-attachment":"scroll","background-type":"","background-media":"","overlay-type":"","overlay-color":"","overlay-opacity":"","overlay-gradient":""}},"ast-content-background-meta":{"desktop":{"background-color":"var(--ast-global-color-5)","background-image":"","background-repeat":"repeat","background-position":"center center","background-size":"auto","background-attachment":"scroll","background-type":"","background-media":"","overlay-type":"","overlay-color":"","overlay-opacity":"","overlay-gradient":""},"tablet":{"background-color":"var(--ast-global-color-5)","background-image":"","background-repeat":"repeat","background-position":"center center","background-size":"auto","background-attachment":"scroll","background-type":"","background-media":"","overlay-type":"","overlay-color":"","overlay-opacity":"","overlay-gradient":""},"mobile":{"background-color":"var(--ast-global-color-5)","background-image":"","background-repeat":"repeat","background-position":"center center","background-size":"auto","background-attachment":"scroll","background-type":"","background-media":"","overlay-type":"","overlay-color":"","overlay-opacity":"","overlay-gradient":""}}},"product_brand":[],"product_cat":[87],"product_tag":[],"class_list":{"0":"post-9476","1":"product","2":"type-product","3":"status-publish","4":"has-post-thumbnail","6":"product_cat-american-type-axle","7":"desktop-align-center","8":"tablet-align-left","9":"mobile-align-left","10":"ast-product-gallery-layout-horizontal-slider","11":"ast-product-gallery-with-no-image","12":"ast-product-tabs-layout-horizontal","14":"first","15":"instock","16":"featured","17":"shipping-taxable","18":"product-type-simple"},"_links":{"self":[{"href":"https:\/\/kangmaiaxle.com\/es\/wp-json\/wp\/v2\/product\/9476","targetHints":{"allow":["GET"]}}],"collection":[{"href":"https:\/\/kangmaiaxle.com\/es\/wp-json\/wp\/v2\/product"}],"about":[{"href":"https:\/\/kangmaiaxle.com\/es\/wp-json\/wp\/v2\/types\/product"}],"wp:featuredmedia":[{"embeddable":true,"href":"https:\/\/kangmaiaxle.com\/es\/wp-json\/wp\/v2\/media\/9479"}],"wp:attachment":[{"href":"https:\/\/kangmaiaxle.com\/es\/wp-json\/wp\/v2\/media?parent=9476"}],"wp:term":[{"taxonomy":"product_brand","embeddable":true,"href":"https:\/\/kangmaiaxle.com\/es\/wp-json\/wp\/v2\/product_brand?post=9476"},{"taxonomy":"product_cat","embeddable":true,"href":"https:\/\/kangmaiaxle.com\/es\/wp-json\/wp\/v2\/product_cat?post=9476"},{"taxonomy":"product_tag","embeddable":true,"href":"https:\/\/kangmaiaxle.com\/es\/wp-json\/wp\/v2\/product_tag?post=9476"}],"curies":[{"name":"wp","href":"https:\/\/api.w.org\/{rel}","templated":true}]}}