{"id":9466,"date":"2026-05-06T09:55:09","date_gmt":"2026-05-06T09:55:09","guid":{"rendered":"http:\/\/kangmaiaxle.com\/?post_type=product&#038;p=9466"},"modified":"2026-05-07T05:40:07","modified_gmt":"2026-05-07T05:40:07","slug":"inboard-drum-axle-series","status":"publish","type":"product","link":"https:\/\/kangmaiaxle.com\/es\/producto\/serie-de-ejes-de-tambor-interiores\/","title":{"rendered":"Serie de ejes de tambor intraborda"},"content":{"rendered":"<p>La serie de ejes de tambor interior es una estructura de eje com\u00fan para semirremolques, caracterizada por tambores de freno situados en el interior del cubo de la rueda (cerca del cuerpo del eje). En comparaci\u00f3n con las estructuras externas, este dise\u00f1o ofrece una mejor estanqueidad y estabilidad, por lo que es adecuado para el transporte pesado y las condiciones complejas de la carretera. Es una de las principales configuraciones para el transporte log\u00edstico, de ingenier\u00eda y minero.<\/p>\n<div class=\"table-wrap\">\n<table>\n<tbody>\n<tr>\n<td>Modelo<\/td>\n<td>Capacidad( T)<\/td>\n<td>Freno(mm)<\/td>\n<td>Distancia de la c\u00e1mara de frenado L4<\/td>\n<td>Tubo del eje (mm)<\/td>\n<td>Distancia central del asiento del muelle L3<\/td>\n<td>Stud<\/td>\n<td>\u00a0P.C.D1<\/td>\n<td>Margen de costura D2<\/td>\n<td>V\u00eda L2(mm)<\/td>\n<td>Rodamiento interior\/exterior<\/td>\n<td>Longitud total L1(mm)<\/td>\n<td>Peso (KG<\/td>\n<td>Rueda recomendada<\/td>\n<\/tr>\n<tr>\n<td>ZY-A1045<\/td>\n<td>13<\/td>\n<td>420&#215;180<\/td>\n<td>390<\/td>\n<td>\u03c61 27<\/td>\n<td>\u2265970<\/td>\n<td>10-M22x1,5<\/td>\n<td>285.75<\/td>\n<td>221.8<\/td>\n<td>1840<\/td>\n<td>EM220149\/10 HM518445\/10<\/td>\n<td>\u22482180<\/td>\n<td>360<\/td>\n<td>7.50V-20<\/td>\n<\/tr>\n<tr>\n<td>ZY-A1046<\/td>\n<td>13<\/td>\n<td>420&#215;180<\/td>\n<td>382<\/td>\n<td>\u03c6127<\/td>\n<td>\u2265970<\/td>\n<td>10 M22x1,5<\/td>\n<td>335<\/td>\n<td>280.8<\/td>\n<td>1840<\/td>\n<td>IN518445\/10<\/td>\n<td>\u22482180<\/td>\n<td>345<\/td>\n<td>7.50V-20<\/td>\n<\/tr>\n<tr>\n<td>ZY-A1047<\/td>\n<td>13<\/td>\n<td>420&#215;180<\/td>\n<td>385<\/td>\n<td>\u03c6150<\/td>\n<td>\u2265930<\/td>\n<td>10-M22x1,5<\/td>\n<td>285.76<\/td>\n<td>220.8<\/td>\n<td>1840<\/td>\n<td>HM518445\/10<\/td>\n<td>\u22482180<\/td>\n<td>360<\/td>\n<td>7.50V-20<\/td>\n<\/tr>\n<tr>\n<td>ZY-A1048<\/td>\n<td>13<\/td>\n<td>420&#215;180<\/td>\n<td>382<\/td>\n<td>\u03c6150<\/td>\n<td>\u2265930<\/td>\n<td>10-M22x1,5<\/td>\n<td>335<\/td>\n<td>280.8<\/td>\n<td>1840<\/td>\n<td>HM518445\/10<\/td>\n<td>\u22482180<\/td>\n<td>340<\/td>\n<td>7.50V-20<\/td>\n<\/tr>\n<tr>\n<td>ZY-A1049<\/td>\n<td>14<\/td>\n<td>420&#215;220<\/td>\n<td>350<\/td>\n<td>\u03c6150<\/td>\n<td>\u2265930<\/td>\n<td>10-M22x1,5<\/td>\n<td>335<\/td>\n<td>280.8<\/td>\n<td>1840<\/td>\n<td>HM518445\/10<\/td>\n<td>\u22482180<\/td>\n<td>358<\/td>\n<td>7.50V-20<\/td>\n<\/tr>\n<tr>\n<td>ZY-A1050<\/td>\n<td>15<\/td>\n<td>420&#215;180<\/td>\n<td>390<\/td>\n<td>\u03c6127<\/td>\n<td>\u2265980<\/td>\n<td>10-M22x1,5<\/td>\n<td>335<\/td>\n<td>280.8<\/td>\n<td>1850<\/td>\n<td>HM220149\/10 HM518445\/10<\/td>\n<td>\u22482200<\/td>\n<td>345<\/td>\n<td>8.0V-20<\/td>\n<\/tr>\n<tr>\n<td>ZY-A1051<\/td>\n<td>15<\/td>\n<td>420&#215;180<\/td>\n<td>390<\/td>\n<td>\u03c6150<\/td>\n<td>\u2265940<\/td>\n<td>10-M22x1,5<\/td>\n<td>335<\/td>\n<td>280.8<\/td>\n<td>1850<\/td>\n<td>HM220149\/10 HM518445\/10<\/td>\n<td>\u22482200<\/td>\n<td>370<\/td>\n<td>8.0V-20<\/td>\n<\/tr>\n<tr>\n<td width=\"45\">ZY-A1052<\/td>\n<td width=\"62\">16<\/td>\n<td width=\"47\">420\u00d7220<\/td>\n<td width=\"100\">350<\/td>\n<td width=\"32\">\u03c6127<\/td>\n<td width=\"83\">\u2265980<\/td>\n<td width=\"55\">10-M22x1,5<\/td>\n<td width=\"51\">335<\/td>\n<td width=\"64\">280.8<\/td>\n<td width=\"41\">1850<\/td>\n<td width=\"73\">HM220149\/10 HM518445\/10<\/td>\n<td width=\"46\">\u22482200<\/td>\n<td width=\"44\">360<\/td>\n<td width=\"58\">8.0V-20<\/td>\n<\/tr>\n<tr>\n<td width=\"45\">ZY-A1053<\/td>\n<td width=\"62\">16<\/td>\n<td width=\"47\">420&#215;220<\/td>\n<td width=\"100\">350<\/td>\n<td width=\"32\">\u03c6150<\/td>\n<td width=\"83\">\u2265940<\/td>\n<td width=\"55\">10-M22x1,5<\/td>\n<td width=\"51\">335<\/td>\n<td width=\"64\">280.8<\/td>\n<td width=\"41\">1850<\/td>\n<td width=\"73\">IBM220149\/10 FM518445\/10<\/td>\n<td width=\"46\">\u22482200<\/td>\n<td width=\"44\">390<\/td>\n<td width=\"58\">8.0V-20<\/td>\n<\/tr>\n<tr>\n<td width=\"45\">ZY-A1054<\/td>\n<td width=\"62\">20<\/td>\n<td width=\"47\">420&#215;220<\/td>\n<td width=\"100\">345<\/td>\n<td width=\"32\">\u03c6150<\/td>\n<td width=\"83\">\u2265940<\/td>\n<td width=\"55\">10-M24\u00d71.5<\/td>\n<td width=\"51\">335<\/td>\n<td width=\"64\">280.8<\/td>\n<td width=\"41\">1850<\/td>\n<td width=\"73\">HN32222<\/p>\n<p>HM518445\/10<\/td>\n<td width=\"46\">\u22482256<\/td>\n<td width=\"44\">430<\/td>\n<td width=\"58\">8.0V-20<\/td>\n<\/tr>\n<tr>\n<td width=\"45\">ZY-A1055<\/td>\n<td width=\"62\">25<\/td>\n<td width=\"47\">420&#215;220<\/td>\n<td width=\"100\">345<\/td>\n<td width=\"32\">\u03c6150<\/td>\n<td width=\"83\">\u2265940<\/td>\n<td width=\"55\">10-M24x1,5<\/td>\n<td width=\"51\">335<\/td>\n<td width=\"64\">280.8<\/td>\n<td width=\"41\">1850<\/td>\n<td width=\"73\">IIN32222 HN30222<\/td>\n<td width=\"46\">\u22482270<\/td>\n<td width=\"44\">475<\/td>\n<td width=\"58\">8.0V-20<\/td>\n<\/tr>\n<\/tbody>\n<\/table>\n<\/div>\n<p><img alt=\"\" fetchpriority=\"high\" decoding=\"async\" class=\"size-full wp-image-9470 aligncenter\" src=\"http:\/\/kangmaiaxle.com\/wp-content\/uploads\/2026\/05\/\u56fe\u72472-1.png\" width=\"946\" height=\"254\" srcset=\"https:\/\/kangmaiaxle.com\/wp-content\/uploads\/2026\/05\/\u56fe\u72472-1.png 946w, https:\/\/kangmaiaxle.com\/wp-content\/uploads\/2026\/05\/\u56fe\u72472-1-300x81.png 300w, https:\/\/kangmaiaxle.com\/wp-content\/uploads\/2026\/05\/\u56fe\u72472-1-768x206.png 768w, https:\/\/kangmaiaxle.com\/wp-content\/uploads\/2026\/05\/\u56fe\u72472-1-18x5.png 18w, https:\/\/kangmaiaxle.com\/wp-content\/uploads\/2026\/05\/\u56fe\u72472-1-600x161.png 600w\" sizes=\"(max-width: 946px) 100vw, 946px\" \/><\/p>\n<h5>Ventajas del producto:<\/h5>\n<p>Alto rendimiento de estanquidad, adaptable a entornos dif\u00edciles<br \/>\nEstructura estable, baja tasa de fallos<br \/>\nLargo ciclo de mantenimiento, lo que reduce los costes de explotaci\u00f3n<br \/>\nTecnolog\u00eda madura, aplicable en todo el mundo<\/p>\n<p>&nbsp;<\/p>","protected":false},"excerpt":{"rendered":"<p>Adecuado para diversos semirremolques y entornos de transporte: veh\u00edculos de transporte de contenedores, semirremolques de plataforma plana\/remolque de plataforma baja, veh\u00edculos de construcci\u00f3n de plataforma baja, veh\u00edculos de transporte minero, veh\u00edculos de transporte log\u00edstico de gran tonelaje.<\/p>\n<p>Especialmente adecuado para condiciones de carretera complejas y entornos con mucho polvo<\/p>","protected":false},"featured_media":9469,"template":"","meta":{"_seopress_robots_primary_cat":"none","_seopress_titles_title":"Inboard Drum Axle Series for Semi Trailer | Heavy Duty Trailer Axle","_seopress_titles_desc":"Inboard drum axle series designed for heavy duty semi trailers. Features durable structure, stable braking performance and long service life, ideal for logistics and transport industries.","_seopress_robots_index":"","site-sidebar-layout":"default","site-content-layout":"","ast-site-content-layout":"default","site-content-style":"default","site-sidebar-style":"default","ast-global-header-display":"","ast-banner-title-visibility":"","ast-main-header-display":"","ast-hfb-above-header-display":"","ast-hfb-below-header-display":"","ast-hfb-mobile-header-display":"","site-post-title":"","ast-breadcrumbs-content":"","ast-featured-img":"","footer-sml-layout":"","ast-disable-related-posts":"","theme-transparent-header-meta":"default","adv-header-id-meta":"","stick-header-meta":"default","header-above-stick-meta":"","header-main-stick-meta":"","header-below-stick-meta":"","astra-migrate-meta-layouts":"set","ast-page-background-enabled":"default","ast-page-background-meta":{"desktop":{"background-color":"var(--ast-global-color-4)","background-image":"","background-repeat":"repeat","background-position":"center center","background-size":"auto","background-attachment":"scroll","background-type":"","background-media":"","overlay-type":"","overlay-color":"","overlay-opacity":"","overlay-gradient":""},"tablet":{"background-color":"","background-image":"","background-repeat":"repeat","background-position":"center center","background-size":"auto","background-attachment":"scroll","background-type":"","background-media":"","overlay-type":"","overlay-color":"","overlay-opacity":"","overlay-gradient":""},"mobile":{"background-color":"","background-image":"","background-repeat":"repeat","background-position":"center center","background-size":"auto","background-attachment":"scroll","background-type":"","background-media":"","overlay-type":"","overlay-color":"","overlay-opacity":"","overlay-gradient":""}},"ast-content-background-meta":{"desktop":{"background-color":"var(--ast-global-color-5)","background-image":"","background-repeat":"repeat","background-position":"center center","background-size":"auto","background-attachment":"scroll","background-type":"","background-media":"","overlay-type":"","overlay-color":"","overlay-opacity":"","overlay-gradient":""},"tablet":{"background-color":"var(--ast-global-color-5)","background-image":"","background-repeat":"repeat","background-position":"center center","background-size":"auto","background-attachment":"scroll","background-type":"","background-media":"","overlay-type":"","overlay-color":"","overlay-opacity":"","overlay-gradient":""},"mobile":{"background-color":"var(--ast-global-color-5)","background-image":"","background-repeat":"repeat","background-position":"center center","background-size":"auto","background-attachment":"scroll","background-type":"","background-media":"","overlay-type":"","overlay-color":"","overlay-opacity":"","overlay-gradient":""}}},"product_brand":[],"product_cat":[87],"product_tag":[],"class_list":{"0":"post-9466","1":"product","2":"type-product","3":"status-publish","4":"has-post-thumbnail","6":"product_cat-american-type-axle","7":"desktop-align-center","8":"tablet-align-left","9":"mobile-align-left","10":"ast-product-gallery-layout-horizontal-slider","11":"ast-product-gallery-with-no-image","12":"ast-product-tabs-layout-horizontal","14":"first","15":"instock","16":"featured","17":"shipping-taxable","18":"product-type-simple"},"_links":{"self":[{"href":"https:\/\/kangmaiaxle.com\/es\/wp-json\/wp\/v2\/product\/9466","targetHints":{"allow":["GET"]}}],"collection":[{"href":"https:\/\/kangmaiaxle.com\/es\/wp-json\/wp\/v2\/product"}],"about":[{"href":"https:\/\/kangmaiaxle.com\/es\/wp-json\/wp\/v2\/types\/product"}],"wp:featuredmedia":[{"embeddable":true,"href":"https:\/\/kangmaiaxle.com\/es\/wp-json\/wp\/v2\/media\/9469"}],"wp:attachment":[{"href":"https:\/\/kangmaiaxle.com\/es\/wp-json\/wp\/v2\/media?parent=9466"}],"wp:term":[{"taxonomy":"product_brand","embeddable":true,"href":"https:\/\/kangmaiaxle.com\/es\/wp-json\/wp\/v2\/product_brand?post=9466"},{"taxonomy":"product_cat","embeddable":true,"href":"https:\/\/kangmaiaxle.com\/es\/wp-json\/wp\/v2\/product_cat?post=9466"},{"taxonomy":"product_tag","embeddable":true,"href":"https:\/\/kangmaiaxle.com\/es\/wp-json\/wp\/v2\/product_tag?post=9466"}],"curies":[{"name":"wp","href":"https:\/\/api.w.org\/{rel}","templated":true}]}}