{"id":9400,"date":"2026-05-06T05:34:36","date_gmt":"2026-05-06T05:34:36","guid":{"rendered":"http:\/\/kangmaiaxle.com\/?post_type=product&#038;p=9400"},"modified":"2026-05-06T06:06:52","modified_gmt":"2026-05-06T06:06:52","slug":"fuwa-type-landing-gear-28t","status":"publish","type":"product","link":"https:\/\/kangmaiaxle.com\/es\/producto\/tren-de-aterrizaje-tipo-fuwa-28t\/","title":{"rendered":"Tren de aterrizaje tipo Fuwa 28T"},"content":{"rendered":"<div data-elementor-type=\"container\" data-elementor-id=\"9448\" class=\"elementor elementor-9448\" data-elementor-post-type=\"elementor_library\">\n\t\t\t\t<div class=\"elementor-element elementor-element-2b51740a e-flex e-con-boxed e-con e-parent\" data-id=\"2b51740a\" data-element_type=\"container\" data-e-type=\"container\">\n\t\t\t\t\t<div class=\"e-con-inner\">\n\t\t<div class=\"elementor-element elementor-element-53164057 e-grid e-con-full e-con e-child\" data-id=\"53164057\" data-element_type=\"container\" data-e-type=\"container\">\n\t\t<div class=\"elementor-element elementor-element-262dec1 e-con-full e-flex e-con e-child\" data-id=\"262dec1\" data-element_type=\"container\" data-e-type=\"container\">\n\t\t\t\t<div class=\"elementor-element elementor-element-d096641 elementor-widget elementor-widget-image\" data-id=\"d096641\" data-element_type=\"widget\" data-e-type=\"widget\" data-widget_type=\"image.default\">\n\t\t\t\t<div class=\"elementor-widget-container\">\n\t\t\t\t\t\t\t\t\t\t\t\t\t\t\t<img alt=\"\" fetchpriority=\"high\" decoding=\"async\" width=\"308\" height=\"400\" src=\"http:\/\/kangmaiaxle.com\/wp-content\/uploads\/2026\/05\/\u56fe\u7247.png\" class=\"attachment-full size-full wp-image-9451\" srcset=\"http:\/\/kangmaiaxle.com\/wp-content\/uploads\/2026\/05\/\u56fe\u7247.png 308w, http:\/\/kangmaiaxle.com\/wp-content\/uploads\/2026\/05\/\u56fe\u7247-231x300.png 231w, http:\/\/kangmaiaxle.com\/wp-content\/uploads\/2026\/05\/\u56fe\u7247-9x12.png 9w\" sizes=\"(max-width: 308px) 100vw, 308px\" \/>\t\t\t\t\t\t\t\t\t\t\t\t\t\t\t<\/div>\n\t\t\t\t<\/div>\n\t\t\t\t<div class=\"elementor-element elementor-element-2d5a410c elementor-widget elementor-widget-text-editor\" data-id=\"2d5a410c\" data-element_type=\"widget\" data-e-type=\"widget\" data-widget_type=\"text-editor.default\">\n\t\t\t\t<div class=\"elementor-widget-container\">\n\t\t\t\t\t\t\t\t\tModelo\uff1aCL28TAF\nCapacidad de carga est\u00e1tica (t\/conjunto)\uff1a80(60)\nCapacidad de elevaci\u00f3n (t\/set)\uff1a28\nMarcha alta (mm\/r)\uff1a5.42\nMarcha baja (mm\/r)\uff1a0.72\nRecorrido m\u00e1ximo (mm)\uff1a355 430 480\nAltura de montaje (mm)\uff1a727 802 852\nFuerza de manivela (kg)\uff1a29\t\t\t\t\t\t\t\t<\/div>\n\t\t\t\t<\/div>\n\t\t\t\t<\/div>\n\t\t<div class=\"elementor-element elementor-element-1dc08a4 e-con-full e-flex e-con e-child\" data-id=\"1dc08a4\" data-element_type=\"container\" data-e-type=\"container\">\n\t\t\t\t<div class=\"elementor-element elementor-element-2f4e955 elementor-widget elementor-widget-image\" data-id=\"2f4e955\" data-element_type=\"widget\" data-e-type=\"widget\" data-widget_type=\"image.default\">\n\t\t\t\t<div class=\"elementor-widget-container\">\n\t\t\t\t\t\t\t\t\t\t\t\t\t\t\t<img alt=\"\" decoding=\"async\" width=\"310\" height=\"400\" src=\"http:\/\/kangmaiaxle.com\/wp-content\/uploads\/2026\/05\/\u56fe\u7247-1.png\" class=\"attachment-full size-full wp-image-9453\" srcset=\"http:\/\/kangmaiaxle.com\/wp-content\/uploads\/2026\/05\/\u56fe\u7247-1.png 310w, http:\/\/kangmaiaxle.com\/wp-content\/uploads\/2026\/05\/\u56fe\u7247-1-233x300.png 233w, http:\/\/kangmaiaxle.com\/wp-content\/uploads\/2026\/05\/\u56fe\u7247-1-9x12.png 9w\" sizes=\"(max-width: 310px) 100vw, 310px\" \/>\t\t\t\t\t\t\t\t\t\t\t\t\t\t\t<\/div>\n\t\t\t\t<\/div>\n\t\t\t\t<div class=\"elementor-element elementor-element-5f57f7a elementor-widget elementor-widget-text-editor\" data-id=\"5f57f7a\" data-element_type=\"widget\" data-e-type=\"widget\" data-widget_type=\"text-editor.default\">\n\t\t\t\t<div class=\"elementor-widget-container\">\n\t\t\t\t\t\t\t\t\tModelo\uff1aCL28TA\nCapacidad de carga est\u00e1tica (t\/conjunto)\uff1a80\nCapacidad de elevaci\u00f3n (t\/set)\uff1a28\nMarcha alta (mm\/r)\uff1a5.42\nMarcha baja (mm\/r)\uff1a0.72\nRecorrido m\u00e1ximo (mm)\uff1a355 430 480\nAltura de montaje (mm)\uff1a715 790 840\nFuerza de manivela (kg)\uff1a25\t\t\t\t\t\t\t\t<\/div>\n\t\t\t\t<\/div>\n\t\t\t\t<\/div>\n\t\t<div class=\"elementor-element elementor-element-d257b9b e-con-full e-flex e-con e-child\" data-id=\"d257b9b\" data-element_type=\"container\" data-e-type=\"container\">\n\t\t\t\t<div class=\"elementor-element elementor-element-9a85eb1 elementor-widget elementor-widget-image\" data-id=\"9a85eb1\" data-element_type=\"widget\" data-e-type=\"widget\" data-widget_type=\"image.default\">\n\t\t\t\t<div class=\"elementor-widget-container\">\n\t\t\t\t\t\t\t\t\t\t\t\t\t\t\t<img alt=\"\" decoding=\"async\" width=\"289\" height=\"377\" src=\"http:\/\/kangmaiaxle.com\/wp-content\/uploads\/2026\/05\/\u56fe\u7247-2.png\" class=\"attachment-full size-full wp-image-9456\" srcset=\"http:\/\/kangmaiaxle.com\/wp-content\/uploads\/2026\/05\/\u56fe\u7247-2.png 289w, http:\/\/kangmaiaxle.com\/wp-content\/uploads\/2026\/05\/\u56fe\u7247-2-230x300.png 230w, http:\/\/kangmaiaxle.com\/wp-content\/uploads\/2026\/05\/\u56fe\u7247-2-9x12.png 9w\" sizes=\"(max-width: 289px) 100vw, 289px\" \/>\t\t\t\t\t\t\t\t\t\t\t\t\t\t\t<\/div>\n\t\t\t\t<\/div>\n\t\t\t\t<div class=\"elementor-element elementor-element-8b2a688 elementor-widget elementor-widget-text-editor\" data-id=\"8b2a688\" data-element_type=\"widget\" data-e-type=\"widget\" data-widget_type=\"text-editor.default\">\n\t\t\t\t<div class=\"elementor-widget-container\">\n\t\t\t\t\t\t\t\t\tModelo\uff1aCL28TVFY\nCapacidad de carga est\u00e1tica (t\/conjunto)\uff1a80\nCapacidad de elevaci\u00f3n (t\/set)\uff1a28\nEngranaje alto (mm\/r)\uff1a11.25\nMarcha baja (mm\/r)\uff1a1\nRecorrido m\u00e1ximo (mm)\uff1a480\nAltura de montaje (mm)\uff1a850\nFuerza de manivela (kg)\uff1a35\t\t\t\t\t\t\t\t<\/div>\n\t\t\t\t<\/div>\n\t\t\t\t<\/div>\n\t\t<div class=\"elementor-element elementor-element-2efa5fd e-con-full e-flex e-con e-child\" data-id=\"2efa5fd\" data-element_type=\"container\" data-e-type=\"container\">\n\t\t\t\t<div class=\"elementor-element elementor-element-23b4f0a elementor-widget elementor-widget-image\" data-id=\"23b4f0a\" data-element_type=\"widget\" data-e-type=\"widget\" data-widget_type=\"image.default\">\n\t\t\t\t<div class=\"elementor-widget-container\">\n\t\t\t\t\t\t\t\t\t\t\t\t\t\t\t<img alt=\"\" loading=\"lazy\" decoding=\"async\" width=\"295\" height=\"381\" src=\"http:\/\/kangmaiaxle.com\/wp-content\/uploads\/2026\/05\/\u56fe\u72472.png\" class=\"attachment-full size-full wp-image-9457\" srcset=\"http:\/\/kangmaiaxle.com\/wp-content\/uploads\/2026\/05\/\u56fe\u72472.png 295w, http:\/\/kangmaiaxle.com\/wp-content\/uploads\/2026\/05\/\u56fe\u72472-232x300.png 232w, http:\/\/kangmaiaxle.com\/wp-content\/uploads\/2026\/05\/\u56fe\u72472-9x12.png 9w\" sizes=\"(max-width: 295px) 100vw, 295px\" \/>\t\t\t\t\t\t\t\t\t\t\t\t\t\t\t<\/div>\n\t\t\t\t<\/div>\n\t\t\t\t<div class=\"elementor-element elementor-element-d11299b elementor-widget elementor-widget-text-editor\" data-id=\"d11299b\" data-element_type=\"widget\" data-e-type=\"widget\" data-widget_type=\"text-editor.default\">\n\t\t\t\t<div class=\"elementor-widget-container\">\n\t\t\t\t\t\t\t\t\tModelo\uff1aCL28TAFY\nCapacidad de carga est\u00e1tica (t\/conjunto)\uff1a80(60)\nCapacidad de elevaci\u00f3n (t\/set)\uff1a28\nMarcha alta (mm\/r)\uff1a5.42\nMarcha baja (mm\/r)\uff1a0.72\nRecorrido m\u00e1ximo (mm)\uff1a480\nAltura de montaje (mm)\uff1a852\nFuerza de manivela (kg)\uff1a25\t\t\t\t\t\t\t\t<\/div>\n\t\t\t\t<\/div>\n\t\t\t\t<\/div>\n\t\t<div class=\"elementor-element elementor-element-ac39e72 e-con-full e-flex e-con e-child\" data-id=\"ac39e72\" data-element_type=\"container\" data-e-type=\"container\">\n\t\t\t\t<div class=\"elementor-element elementor-element-e745279 elementor-widget elementor-widget-image\" data-id=\"e745279\" data-element_type=\"widget\" data-e-type=\"widget\" data-widget_type=\"image.default\">\n\t\t\t\t<div class=\"elementor-widget-container\">\n\t\t\t\t\t\t\t\t\t\t\t\t\t\t\t<img alt=\"\" loading=\"lazy\" decoding=\"async\" width=\"600\" height=\"400\" src=\"http:\/\/kangmaiaxle.com\/wp-content\/uploads\/2026\/05\/cc.webp\" class=\"attachment-full size-full wp-image-9459\" srcset=\"http:\/\/kangmaiaxle.com\/wp-content\/uploads\/2026\/05\/cc.webp 600w, http:\/\/kangmaiaxle.com\/wp-content\/uploads\/2026\/05\/cc-300x200.webp 300w, http:\/\/kangmaiaxle.com\/wp-content\/uploads\/2026\/05\/cc-18x12.webp 18w\" sizes=\"(max-width: 600px) 100vw, 600px\" \/>\t\t\t\t\t\t\t\t\t\t\t\t\t\t\t<\/div>\n\t\t\t\t<\/div>\n\t\t\t\t<div class=\"elementor-element elementor-element-9513733 elementor-widget elementor-widget-text-editor\" data-id=\"9513733\" data-element_type=\"widget\" data-e-type=\"widget\" data-widget_type=\"text-editor.default\">\n\t\t\t\t<div class=\"elementor-widget-container\">\n\t\t\t\t\t\t\t\t\tModelo\uff1aCL24TVFY\nCapacidad de elevaci\u00f3n (t\/set)\uff1a24\nEngranaje alto (mm\/r)\uff1a11.25\nMarcha baja (mm\/r)\uff1a1\nRecorrido m\u00e1ximo (mm)\uff1a480\nAltura de montaje (mm)\uff1a843\nFuerza de manivela (kg)\uff1a28\t\t\t\t\t\t\t\t<\/div>\n\t\t\t\t<\/div>\n\t\t\t\t<\/div>\n\t\t\t\t<\/div>\n\t\t\t\t\t<\/div>\n\t\t\t\t<\/div>\n\t\t\t\t<\/div>\n\t\t\n<h5>Ventajas del producto\uff1a<\/h5>\n<ul>\n<li>Dise\u00f1o de gran capacidad de carga, apto para condiciones de trabajo pesadas<\/li>\n<li>F\u00e1cil de manejar, estructura de doble velocidad para una mayor eficiencia<\/li>\n<li>Gran versatilidad, compatible con los principales modelos de veh\u00edculos<\/li>\n<li>Alta relaci\u00f3n coste-rendimiento, bajo coste de mantenimiento<\/li>\n<\/ul>\n<p>&nbsp;<\/p>\n<p>&nbsp;<\/p>","protected":false},"excerpt":{"rendered":"<p>Es un dispositivo de soporte frontal de uso com\u00fan para semirremolques, que adopta un est\u00e1ndar de dise\u00f1o compatible con la corriente principal \"estructura Fuwa\", y se caracteriza por su gran capacidad de carga, alta estabilidad y excelente rentabilidad. Se utiliza ampliamente en semirremolques portacontenedores, de plataforma plana, de plataforma baja y de transporte de ingenier\u00eda, con una demanda estable en mercados como \u00c1frica, Oriente Medio y el Sudeste Asi\u00e1tico.<\/p>","protected":false},"featured_media":9403,"template":"","meta":{"_seopress_robots_primary_cat":"none","_seopress_titles_title":"Fuwa Type Landing Gear 28T for Semi Trailer | Heavy Duty Trailer Legs","_seopress_titles_desc":"Heavy duty Fuwa type landing gear 28T designed for semi trailers. Durable, high load capacity and easy operation. Ideal for logistics and transport industries.","_seopress_robots_index":"","site-sidebar-layout":"default","site-content-layout":"","ast-site-content-layout":"default","site-content-style":"default","site-sidebar-style":"default","ast-global-header-display":"","ast-banner-title-visibility":"","ast-main-header-display":"","ast-hfb-above-header-display":"","ast-hfb-below-header-display":"","ast-hfb-mobile-header-display":"","site-post-title":"","ast-breadcrumbs-content":"","ast-featured-img":"","footer-sml-layout":"","ast-disable-related-posts":"","theme-transparent-header-meta":"default","adv-header-id-meta":"","stick-header-meta":"default","header-above-stick-meta":"","header-main-stick-meta":"","header-below-stick-meta":"","astra-migrate-meta-layouts":"set","ast-page-background-enabled":"default","ast-page-background-meta":{"desktop":{"background-color":"var(--ast-global-color-4)","background-image":"","background-repeat":"repeat","background-position":"center center","background-size":"auto","background-attachment":"scroll","background-type":"","background-media":"","overlay-type":"","overlay-color":"","overlay-opacity":"","overlay-gradient":""},"tablet":{"background-color":"","background-image":"","background-repeat":"repeat","background-position":"center center","background-size":"auto","background-attachment":"scroll","background-type":"","background-media":"","overlay-type":"","overlay-color":"","overlay-opacity":"","overlay-gradient":""},"mobile":{"background-color":"","background-image":"","background-repeat":"repeat","background-position":"center center","background-size":"auto","background-attachment":"scroll","background-type":"","background-media":"","overlay-type":"","overlay-color":"","overlay-opacity":"","overlay-gradient":""}},"ast-content-background-meta":{"desktop":{"background-color":"var(--ast-global-color-5)","background-image":"","background-repeat":"repeat","background-position":"center center","background-size":"auto","background-attachment":"scroll","background-type":"","background-media":"","overlay-type":"","overlay-color":"","overlay-opacity":"","overlay-gradient":""},"tablet":{"background-color":"var(--ast-global-color-5)","background-image":"","background-repeat":"repeat","background-position":"center center","background-size":"auto","background-attachment":"scroll","background-type":"","background-media":"","overlay-type":"","overlay-color":"","overlay-opacity":"","overlay-gradient":""},"mobile":{"background-color":"var(--ast-global-color-5)","background-image":"","background-repeat":"repeat","background-position":"center center","background-size":"auto","background-attachment":"scroll","background-type":"","background-media":"","overlay-type":"","overlay-color":"","overlay-opacity":"","overlay-gradient":""}}},"product_brand":[],"product_cat":[101],"product_tag":[],"class_list":{"0":"post-9400","1":"product","2":"type-product","3":"status-publish","4":"has-post-thumbnail","6":"product_cat-landing-gear","7":"desktop-align-center","8":"tablet-align-left","9":"mobile-align-left","10":"ast-product-gallery-layout-horizontal-slider","11":"ast-product-tabs-layout-horizontal","13":"first","14":"instock","15":"shipping-taxable","16":"product-type-simple"},"_links":{"self":[{"href":"https:\/\/kangmaiaxle.com\/es\/wp-json\/wp\/v2\/product\/9400","targetHints":{"allow":["GET"]}}],"collection":[{"href":"https:\/\/kangmaiaxle.com\/es\/wp-json\/wp\/v2\/product"}],"about":[{"href":"https:\/\/kangmaiaxle.com\/es\/wp-json\/wp\/v2\/types\/product"}],"wp:featuredmedia":[{"embeddable":true,"href":"https:\/\/kangmaiaxle.com\/es\/wp-json\/wp\/v2\/media\/9403"}],"wp:attachment":[{"href":"https:\/\/kangmaiaxle.com\/es\/wp-json\/wp\/v2\/media?parent=9400"}],"wp:term":[{"taxonomy":"product_brand","embeddable":true,"href":"https:\/\/kangmaiaxle.com\/es\/wp-json\/wp\/v2\/product_brand?post=9400"},{"taxonomy":"product_cat","embeddable":true,"href":"https:\/\/kangmaiaxle.com\/es\/wp-json\/wp\/v2\/product_cat?post=9400"},{"taxonomy":"product_tag","embeddable":true,"href":"https:\/\/kangmaiaxle.com\/es\/wp-json\/wp\/v2\/product_tag?post=9400"}],"curies":[{"name":"wp","href":"https:\/\/api.w.org\/{rel}","templated":true}]}}