{"id":9375,"date":"2026-04-29T05:51:13","date_gmt":"2026-04-29T05:51:13","guid":{"rendered":"http:\/\/kangmaiaxle.com\/?post_type=product&#038;p=9375"},"modified":"2026-04-29T05:52:03","modified_gmt":"2026-04-29T05:52:03","slug":"9375","status":"publish","type":"product","link":"https:\/\/kangmaiaxle.com\/es\/producto\/9375\/","title":{"rendered":"Suspensiones neum\u00e1ticas de tipo ascendente Conjunto de brazo r\u00edgido(negativo)"},"content":{"rendered":"<h3>Especificaciones b\u00e1sicas<\/h3>\n<table>\n<tbody>\n<tr>\n<td width=\"42\">modelo de suspensi\u00f3n<\/td>\n<td width=\"77\">dimensiones b\u00e1sicas<\/p>\n<p>(mm)<\/td>\n<td width=\"56\">carga nominal por eje simple(t)<\/td>\n<td width=\"49\">tama\u00f1o de<\/p>\n<p>tubo del eje<\/p>\n<p>(mm)<\/td>\n<td width=\"34\">FH(mm)<\/td>\n<td width=\"35\">altura de ascenso (mm)<\/td>\n<td width=\"37\">gas<\/p>\n<p>inyecci\u00f3n<\/p>\n<p>pressue<\/p>\n<p>(MP)<\/td>\n<td width=\"45\">marco<\/p>\n<p>anchura<\/p>\n<p>(mm)<\/td>\n<td width=\"37\">distancia entre ejes (mm)<\/td>\n<td width=\"39\">total<\/p>\n<p>pesa<\/p>\n<p>(kg)<\/td>\n<\/tr>\n<tr>\n<td width=\"42\">QF-GFT9F<\/td>\n<td width=\"77\"><img alt=\"\" decoding=\"async\" class=\"alignnone size-full wp-image-9379\" src=\"http:\/\/kangmaiaxle.com\/wp-content\/uploads\/2026\/04\/\u56fe\u724727.png\" width=\"105\" height=\"192\" srcset=\"https:\/\/kangmaiaxle.com\/wp-content\/uploads\/2026\/04\/\u56fe\u724727.png 105w, https:\/\/kangmaiaxle.com\/wp-content\/uploads\/2026\/04\/\u56fe\u724727-7x12.png 7w\" sizes=\"(max-width: 105px) 100vw, 105px\" \/><\/td>\n<td width=\"56\">9<\/td>\n<td width=\"49\">127\/ \u25a1150<\/td>\n<td width=\"34\">500~\u00a0550<\/td>\n<td width=\"35\">100-120<\/td>\n<td width=\"37\">0,7M\u00e1x<\/td>\n<td width=\"45\">850-1200<\/td>\n<td width=\"37\">1265\u00a0~1400<\/td>\n<td width=\"39\">=285<\/td>\n<\/tr>\n<\/tbody>\n<\/table>\n<p>La suspensi\u00f3n neum\u00e1tica elevable puede levantar el eje en vac\u00edo, y la altura de elevaci\u00f3n puede personalizarse seg\u00fan las necesidades.<\/p>\n<p>&nbsp;<\/p>","protected":false},"excerpt":{"rendered":"<p>Ampliamente utilizado en: semirremolques de pared lateral, semirremolques portacontenedores planos, semirremolques de estacas, semirremolques de transporte de carb\u00f3n, semirremolques portacontenedores esquel\u00e9ticos, semirremolques de caja, semirremolques de transporte de acero fundido.<\/p>","protected":false},"featured_media":9378,"template":"","meta":{"_seopress_robots_primary_cat":"none","_seopress_titles_title":"Reverse Mounted Rigid Arm Liftable Air Suspension for Trailers","_seopress_titles_desc":"High-quality reverse mounted rigid arm suspension with liftable function. Customizable height air suspension, stable load-bearing, perfect for low-bed trailers and heavy-duty transportation, free quote available.","_seopress_robots_index":"","site-sidebar-layout":"default","site-content-layout":"","ast-site-content-layout":"default","site-content-style":"default","site-sidebar-style":"default","ast-global-header-display":"","ast-banner-title-visibility":"","ast-main-header-display":"","ast-hfb-above-header-display":"","ast-hfb-below-header-display":"","ast-hfb-mobile-header-display":"","site-post-title":"","ast-breadcrumbs-content":"","ast-featured-img":"","footer-sml-layout":"","ast-disable-related-posts":"","theme-transparent-header-meta":"default","adv-header-id-meta":"","stick-header-meta":"default","header-above-stick-meta":"","header-main-stick-meta":"","header-below-stick-meta":"","astra-migrate-meta-layouts":"set","ast-page-background-enabled":"default","ast-page-background-meta":{"desktop":{"background-color":"var(--ast-global-color-4)","background-image":"","background-repeat":"repeat","background-position":"center center","background-size":"auto","background-attachment":"scroll","background-type":"","background-media":"","overlay-type":"","overlay-color":"","overlay-opacity":"","overlay-gradient":""},"tablet":{"background-color":"","background-image":"","background-repeat":"repeat","background-position":"center center","background-size":"auto","background-attachment":"scroll","background-type":"","background-media":"","overlay-type":"","overlay-color":"","overlay-opacity":"","overlay-gradient":""},"mobile":{"background-color":"","background-image":"","background-repeat":"repeat","background-position":"center center","background-size":"auto","background-attachment":"scroll","background-type":"","background-media":"","overlay-type":"","overlay-color":"","overlay-opacity":"","overlay-gradient":""}},"ast-content-background-meta":{"desktop":{"background-color":"var(--ast-global-color-5)","background-image":"","background-repeat":"repeat","background-position":"center center","background-size":"auto","background-attachment":"scroll","background-type":"","background-media":"","overlay-type":"","overlay-color":"","overlay-opacity":"","overlay-gradient":""},"tablet":{"background-color":"var(--ast-global-color-5)","background-image":"","background-repeat":"repeat","background-position":"center center","background-size":"auto","background-attachment":"scroll","background-type":"","background-media":"","overlay-type":"","overlay-color":"","overlay-opacity":"","overlay-gradient":""},"mobile":{"background-color":"var(--ast-global-color-5)","background-image":"","background-repeat":"repeat","background-position":"center center","background-size":"auto","background-attachment":"scroll","background-type":"","background-media":"","overlay-type":"","overlay-color":"","overlay-opacity":"","overlay-gradient":""}}},"product_brand":[],"product_cat":[98],"product_tag":[],"class_list":{"0":"post-9375","1":"product","2":"type-product","3":"status-publish","4":"has-post-thumbnail","6":"product_cat-air-suspension","7":"desktop-align-center","8":"tablet-align-left","9":"mobile-align-left","10":"ast-product-gallery-layout-horizontal-slider","11":"ast-product-gallery-with-no-image","12":"ast-product-tabs-layout-horizontal","14":"first","15":"instock","16":"shipping-taxable","17":"product-type-simple"},"_links":{"self":[{"href":"https:\/\/kangmaiaxle.com\/es\/wp-json\/wp\/v2\/product\/9375","targetHints":{"allow":["GET"]}}],"collection":[{"href":"https:\/\/kangmaiaxle.com\/es\/wp-json\/wp\/v2\/product"}],"about":[{"href":"https:\/\/kangmaiaxle.com\/es\/wp-json\/wp\/v2\/types\/product"}],"wp:featuredmedia":[{"embeddable":true,"href":"https:\/\/kangmaiaxle.com\/es\/wp-json\/wp\/v2\/media\/9378"}],"wp:attachment":[{"href":"https:\/\/kangmaiaxle.com\/es\/wp-json\/wp\/v2\/media?parent=9375"}],"wp:term":[{"taxonomy":"product_brand","embeddable":true,"href":"https:\/\/kangmaiaxle.com\/es\/wp-json\/wp\/v2\/product_brand?post=9375"},{"taxonomy":"product_cat","embeddable":true,"href":"https:\/\/kangmaiaxle.com\/es\/wp-json\/wp\/v2\/product_cat?post=9375"},{"taxonomy":"product_tag","embeddable":true,"href":"https:\/\/kangmaiaxle.com\/es\/wp-json\/wp\/v2\/product_tag?post=9375"}],"curies":[{"name":"wp","href":"https:\/\/api.w.org\/{rel}","templated":true}]}}