{"id":9369,"date":"2026-04-29T05:38:49","date_gmt":"2026-04-29T05:38:49","guid":{"rendered":"http:\/\/kangmaiaxle.com\/?post_type=product&#038;p=9369"},"modified":"2026-04-29T05:38:49","modified_gmt":"2026-04-29T05:38:49","slug":"loading-type-air-suspensions-assembly-of-rigid-armnegative","status":"publish","type":"product","link":"https:\/\/kangmaiaxle.com\/es\/producto\/suspensiones-neumaticas-de-carga-montaje-de-brazo-rigidonegativo\/","title":{"rendered":"Suspensiones neum\u00e1ticas tipo carga Montaje de brazo r\u00edgido(negativo)"},"content":{"rendered":"<div data-page-id=\"YyWTdWCmEohotixXpXrcfkMlnvb\" data-lark-html-role=\"root\" data-docx-has-block-data=\"false\">\n<div class=\"ace-line ace-line old-record-id-AYd0fEwRodafTmctzrochCdunpa\">Nuestra Suspensi\u00f3n Neum\u00e1tica de Brazo R\u00edgido (Montaje Inverso) es una suspensi\u00f3n neum\u00e1tica de alto rendimiento para remolques pesados especialmente desarrollada para semirremolques y remolques completos, integrando las ventajas estructurales de los brazos r\u00edgidos y el dise\u00f1o de montaje inverso. Como una suspensi\u00f3n de remolque de alta resistencia profesional, que est\u00e1 dise\u00f1ado para resolver los puntos de dolor de la inestabilidad de soporte de carga y la mala transitabilidad de las suspensiones tradicionales, proporcionando apoyo fiable y eficiente para los escenarios de transporte de alta resistencia.<\/div>\n<\/div>\n<h3>Especificaciones b\u00e1sicas<\/h3>\n<table>\n<tbody>\n<tr>\n<td width=\"56\">suspensi\u00f3n<\/p>\n<p>modelo<\/td>\n<td width=\"91\">dimensiones b\u00e1sicas<\/p>\n<p>(mm)<\/td>\n<td width=\"57\">carga nominal por eje simple(t)<\/td>\n<td width=\"47\">talla<\/p>\n<p>del tubo del eje(mm)<\/td>\n<td width=\"32\">FH(mm)<\/td>\n<td width=\"39\">inyecci\u00f3n de gas<\/p>\n<p>presi\u00f3n(MP)<\/td>\n<td width=\"49\">Anchura del marco (mm)<\/td>\n<td width=\"41\">eje<\/p>\n<p>dispersi\u00f3n (mm)<\/td>\n<td width=\"42\">peso total (kg)<\/td>\n<\/tr>\n<tr>\n<td width=\"56\">QF-GY112F<\/td>\n<td width=\"91\">&nbsp;<\/p>\n<p><img alt=\"\" decoding=\"async\" class=\"alignnone size-full wp-image-9373\" src=\"http:\/\/kangmaiaxle.com\/wp-content\/uploads\/2026\/04\/\u56fe\u724724.png\" width=\"109\" height=\"67\" srcset=\"https:\/\/kangmaiaxle.com\/wp-content\/uploads\/2026\/04\/\u56fe\u724724.png 109w, https:\/\/kangmaiaxle.com\/wp-content\/uploads\/2026\/04\/\u56fe\u724724-18x12.png 18w\" sizes=\"(max-width: 109px) 100vw, 109px\" \/><\/td>\n<td width=\"57\">11<\/td>\n<td width=\"47\">127\/ \u25a1150<\/td>\n<td width=\"32\">165~\u00a0300<\/td>\n<td width=\"39\">0,7M\u00e1x<\/td>\n<td width=\"49\">920-1200<\/td>\n<td width=\"41\">1170\u00a0~\u00a0\u00a01400<\/td>\n<td width=\"42\">=180<\/td>\n<\/tr>\n<tr>\n<td width=\"56\">QF-GY132F<\/td>\n<td width=\"91\"><img alt=\"\" decoding=\"async\" class=\"alignnone size-full wp-image-9374\" src=\"http:\/\/kangmaiaxle.com\/wp-content\/uploads\/2026\/04\/\u56fe\u724725.png\" width=\"124\" height=\"113\" srcset=\"https:\/\/kangmaiaxle.com\/wp-content\/uploads\/2026\/04\/\u56fe\u724725.png 124w, https:\/\/kangmaiaxle.com\/wp-content\/uploads\/2026\/04\/\u56fe\u724725-13x12.png 13w\" sizes=\"(max-width: 124px) 100vw, 124px\" \/><\/td>\n<td width=\"57\">13<\/td>\n<td width=\"47\">127\/ \u25a1150<\/td>\n<td width=\"32\">165~\u00a0300<\/td>\n<td width=\"39\">0,7M\u00e1x<\/td>\n<td width=\"49\">920-1200<\/td>\n<td width=\"41\">1200\u00a0~\u00a0\u00a01400<\/td>\n<td width=\"42\">\u2248190<\/td>\n<\/tr>\n<\/tbody>\n<\/table>\n<p>Adecuado para semirremolques de 2 ejes, 3 ejes y varios ejes o remolques completos con valores FH de 165 mm a 300 mm;<\/p>\n<p>&nbsp;<\/p>","protected":false},"excerpt":{"rendered":"<p>Muy utilizado en: semirremolques de plataforma baja y remolques completos de plataforma baja.<\/p>","protected":false},"featured_media":9372,"template":"","meta":{"_seopress_robots_primary_cat":"","_seopress_titles_title":"Rigid Arm Air Suspension (Reverse Mounted) for Trailers","_seopress_titles_desc":"High-quality reverse-mounted rigid arm air suspension, stable load-bearing, suitable for 2-axle\/multi-axle trailers, customizable height, free quote available.","_seopress_robots_index":"","site-sidebar-layout":"default","site-content-layout":"","ast-site-content-layout":"default","site-content-style":"default","site-sidebar-style":"default","ast-global-header-display":"","ast-banner-title-visibility":"","ast-main-header-display":"","ast-hfb-above-header-display":"","ast-hfb-below-header-display":"","ast-hfb-mobile-header-display":"","site-post-title":"","ast-breadcrumbs-content":"","ast-featured-img":"","footer-sml-layout":"","ast-disable-related-posts":"","theme-transparent-header-meta":"default","adv-header-id-meta":"","stick-header-meta":"default","header-above-stick-meta":"","header-main-stick-meta":"","header-below-stick-meta":"","astra-migrate-meta-layouts":"set","ast-page-background-enabled":"default","ast-page-background-meta":{"desktop":{"background-color":"var(--ast-global-color-4)","background-image":"","background-repeat":"repeat","background-position":"center center","background-size":"auto","background-attachment":"scroll","background-type":"","background-media":"","overlay-type":"","overlay-color":"","overlay-opacity":"","overlay-gradient":""},"tablet":{"background-color":"","background-image":"","background-repeat":"repeat","background-position":"center center","background-size":"auto","background-attachment":"scroll","background-type":"","background-media":"","overlay-type":"","overlay-color":"","overlay-opacity":"","overlay-gradient":""},"mobile":{"background-color":"","background-image":"","background-repeat":"repeat","background-position":"center center","background-size":"auto","background-attachment":"scroll","background-type":"","background-media":"","overlay-type":"","overlay-color":"","overlay-opacity":"","overlay-gradient":""}},"ast-content-background-meta":{"desktop":{"background-color":"var(--ast-global-color-5)","background-image":"","background-repeat":"repeat","background-position":"center center","background-size":"auto","background-attachment":"scroll","background-type":"","background-media":"","overlay-type":"","overlay-color":"","overlay-opacity":"","overlay-gradient":""},"tablet":{"background-color":"var(--ast-global-color-5)","background-image":"","background-repeat":"repeat","background-position":"center center","background-size":"auto","background-attachment":"scroll","background-type":"","background-media":"","overlay-type":"","overlay-color":"","overlay-opacity":"","overlay-gradient":""},"mobile":{"background-color":"var(--ast-global-color-5)","background-image":"","background-repeat":"repeat","background-position":"center center","background-size":"auto","background-attachment":"scroll","background-type":"","background-media":"","overlay-type":"","overlay-color":"","overlay-opacity":"","overlay-gradient":""}}},"product_brand":[],"product_cat":[98],"product_tag":[],"class_list":{"0":"post-9369","1":"product","2":"type-product","3":"status-publish","4":"has-post-thumbnail","6":"product_cat-air-suspension","7":"desktop-align-center","8":"tablet-align-left","9":"mobile-align-left","10":"ast-product-gallery-layout-horizontal-slider","11":"ast-product-gallery-with-no-image","12":"ast-product-tabs-layout-horizontal","14":"first","15":"instock","16":"shipping-taxable","17":"product-type-simple"},"_links":{"self":[{"href":"https:\/\/kangmaiaxle.com\/es\/wp-json\/wp\/v2\/product\/9369","targetHints":{"allow":["GET"]}}],"collection":[{"href":"https:\/\/kangmaiaxle.com\/es\/wp-json\/wp\/v2\/product"}],"about":[{"href":"https:\/\/kangmaiaxle.com\/es\/wp-json\/wp\/v2\/types\/product"}],"wp:featuredmedia":[{"embeddable":true,"href":"https:\/\/kangmaiaxle.com\/es\/wp-json\/wp\/v2\/media\/9372"}],"wp:attachment":[{"href":"https:\/\/kangmaiaxle.com\/es\/wp-json\/wp\/v2\/media?parent=9369"}],"wp:term":[{"taxonomy":"product_brand","embeddable":true,"href":"https:\/\/kangmaiaxle.com\/es\/wp-json\/wp\/v2\/product_brand?post=9369"},{"taxonomy":"product_cat","embeddable":true,"href":"https:\/\/kangmaiaxle.com\/es\/wp-json\/wp\/v2\/product_cat?post=9369"},{"taxonomy":"product_tag","embeddable":true,"href":"https:\/\/kangmaiaxle.com\/es\/wp-json\/wp\/v2\/product_tag?post=9369"}],"curies":[{"name":"wp","href":"https:\/\/api.w.org\/{rel}","templated":true}]}}