{"id":9355,"date":"2026-04-29T03:37:51","date_gmt":"2026-04-29T03:37:51","guid":{"rendered":"http:\/\/kangmaiaxle.com\/?post_type=product&#038;p=9355"},"modified":"2026-04-29T03:37:52","modified_gmt":"2026-04-29T03:37:52","slug":"ascendable-type-air-suspensions-assembly-of-rigid-armpositive","status":"publish","type":"product","link":"https:\/\/kangmaiaxle.com\/es\/producto\/conjunto-de-suspensiones-neumaticas-ascendentes-de-brazo-rigido-positivo\/","title":{"rendered":"Suspensiones neum\u00e1ticas de tipo ascendente Conjunto de brazo r\u00edgido (positivo)"},"content":{"rendered":"<p>sta suspensi\u00f3n neum\u00e1tica elevable de brazo r\u00edgido (montaje normal) es una soluci\u00f3n de suspensi\u00f3n integrada de alta resistencia dise\u00f1ada para semirremolques y remolques completos. Al adoptar una robusta estructura de brazo gu\u00eda r\u00edgido y un dise\u00f1o de montaje regular, ofrece una rigidez estructural superior, una gran capacidad de carga y una elevada estabilidad de conducci\u00f3n. Admite la elevaci\u00f3n autom\u00e1tica del eje en vac\u00edo para reducir la fricci\u00f3n de los neum\u00e1ticos y el consumo de combustible. La altura de elevaci\u00f3n es personalizable para satisfacer diversas necesidades operativas. Con una excelente absorci\u00f3n de impactos y una larga vida \u00fatil, es ampliamente compatible con remolques de vallas, remolques de contenedores, remolques de transporte de carb\u00f3n, remolques basculantes y varios veh\u00edculos de transporte pesado.<\/p>\n<h3>Par\u00e1metros b\u00e1sicos<\/h3>\n<table>\n<tbody>\n<tr>\n<td width=\"50\">suspensi\u00f3n<\/p>\n<p>modelo<\/td>\n<td width=\"84\">b\u00e1sico<\/p>\n<p>Dimensiones (mm)<\/td>\n<td width=\"49\">eje simple<\/p>\n<p>carga nominal(t)<\/td>\n<td width=\"41\">talla<\/p>\n<p>de eje<\/p>\n<p>tubo(mm)<\/td>\n<td width=\"28\">FH(mm)<\/td>\n<td width=\"41\">altura ascendente<\/p>\n<p>(mm)<\/td>\n<td width=\"42\">inyecci\u00f3n de gas<\/p>\n<p>presi\u00f3n(MP)<\/td>\n<td width=\"40\">marco<\/p>\n<p>anchura<\/p>\n<p>(mm)<\/td>\n<td width=\"43\">eje<\/p>\n<p>difundir<\/p>\n<p>(mm)<\/td>\n<td width=\"34\">peso total (kg)<\/td>\n<\/tr>\n<tr>\n<td width=\"50\">QF-GFT111<\/td>\n<td width=\"84\"><img alt=\"\" decoding=\"async\" class=\"alignnone size-full wp-image-9359\" src=\"http:\/\/kangmaiaxle.com\/wp-content\/uploads\/2026\/04\/\u56fe\u724719.png\" width=\"110\" height=\"82\" srcset=\"https:\/\/kangmaiaxle.com\/wp-content\/uploads\/2026\/04\/\u56fe\u724719.png 110w, https:\/\/kangmaiaxle.com\/wp-content\/uploads\/2026\/04\/\u56fe\u724719-16x12.png 16w\" sizes=\"(max-width: 110px) 100vw, 110px\" \/><\/td>\n<td width=\"49\">11<\/td>\n<td width=\"41\">127\/ \u25a1150<\/td>\n<td width=\"28\">370~550<\/td>\n<td width=\"41\">100-120<\/td>\n<td width=\"42\">0,7M\u00e1x<\/td>\n<td width=\"40\">920~1200<\/td>\n<td width=\"43\">1150\u00a0~1400<\/td>\n<td width=\"34\">=245<\/td>\n<\/tr>\n<tr>\n<td width=\"50\">QF-GFT131<\/td>\n<td width=\"84\"><img alt=\"\" decoding=\"async\" class=\"alignnone size-full wp-image-9360\" src=\"http:\/\/kangmaiaxle.com\/wp-content\/uploads\/2026\/04\/\u56fe\u724720.png\" width=\"120\" height=\"105\" srcset=\"https:\/\/kangmaiaxle.com\/wp-content\/uploads\/2026\/04\/\u56fe\u724720.png 120w, https:\/\/kangmaiaxle.com\/wp-content\/uploads\/2026\/04\/\u56fe\u724720-14x12.png 14w\" sizes=\"(max-width: 120px) 100vw, 120px\" \/><\/td>\n<td width=\"49\">13<\/td>\n<td width=\"41\">127\/ \u25a1150<\/td>\n<td width=\"28\">370~550<\/td>\n<td width=\"41\">100-120<\/td>\n<td width=\"42\">0,7M\u00e1x<\/td>\n<td width=\"40\">920\u4e001200<\/td>\n<td width=\"43\">1150\u00a0~1400<\/td>\n<td width=\"34\">=255<\/td>\n<\/tr>\n<\/tbody>\n<\/table>\n<p>Esta suspensi\u00f3n neum\u00e1tica elevable puede elevar el eje en estado sin carga, y la carrera de elevaci\u00f3n puede personalizarse totalmente seg\u00fan se solicite.<\/p>\n<p>Adecuado para semirremolques de 2 ejes, 3 ejes y varios ejes o remolques completos con valores FH de 370 mm~550 mm;<\/p>","protected":false},"excerpt":{"rendered":"<p>Ampliamente utilizado en: Semirremolques de pared lateral, semirremolques portacontenedores de plataforma plana, semirremolques de estacas, semirremolques de transporte de carb\u00f3n, semirremolques portacontenedores esquel\u00e9ticos, semirremolques de caja, semirremolques de transporte de acero fundido, semirremolques basculantes.<\/p>","protected":false},"featured_media":9358,"template":"","meta":{"_seopress_robots_primary_cat":"","_seopress_titles_title":"Rigid Arm Liftable Air Suspension, Regular Mounted for Semi Trailer","_seopress_titles_desc":"Heavy duty regular mounted rigid arm liftable air suspension. No-load axle lifting, customized height, high rigidity, fit 370-550mm FH value multi-axle trailers.","_seopress_robots_index":"","site-sidebar-layout":"default","site-content-layout":"","ast-site-content-layout":"default","site-content-style":"default","site-sidebar-style":"default","ast-global-header-display":"","ast-banner-title-visibility":"","ast-main-header-display":"","ast-hfb-above-header-display":"","ast-hfb-below-header-display":"","ast-hfb-mobile-header-display":"","site-post-title":"","ast-breadcrumbs-content":"","ast-featured-img":"","footer-sml-layout":"","ast-disable-related-posts":"","theme-transparent-header-meta":"default","adv-header-id-meta":"","stick-header-meta":"default","header-above-stick-meta":"","header-main-stick-meta":"","header-below-stick-meta":"","astra-migrate-meta-layouts":"set","ast-page-background-enabled":"default","ast-page-background-meta":{"desktop":{"background-color":"var(--ast-global-color-4)","background-image":"","background-repeat":"repeat","background-position":"center center","background-size":"auto","background-attachment":"scroll","background-type":"","background-media":"","overlay-type":"","overlay-color":"","overlay-opacity":"","overlay-gradient":""},"tablet":{"background-color":"","background-image":"","background-repeat":"repeat","background-position":"center center","background-size":"auto","background-attachment":"scroll","background-type":"","background-media":"","overlay-type":"","overlay-color":"","overlay-opacity":"","overlay-gradient":""},"mobile":{"background-color":"","background-image":"","background-repeat":"repeat","background-position":"center center","background-size":"auto","background-attachment":"scroll","background-type":"","background-media":"","overlay-type":"","overlay-color":"","overlay-opacity":"","overlay-gradient":""}},"ast-content-background-meta":{"desktop":{"background-color":"var(--ast-global-color-5)","background-image":"","background-repeat":"repeat","background-position":"center center","background-size":"auto","background-attachment":"scroll","background-type":"","background-media":"","overlay-type":"","overlay-color":"","overlay-opacity":"","overlay-gradient":""},"tablet":{"background-color":"var(--ast-global-color-5)","background-image":"","background-repeat":"repeat","background-position":"center center","background-size":"auto","background-attachment":"scroll","background-type":"","background-media":"","overlay-type":"","overlay-color":"","overlay-opacity":"","overlay-gradient":""},"mobile":{"background-color":"var(--ast-global-color-5)","background-image":"","background-repeat":"repeat","background-position":"center center","background-size":"auto","background-attachment":"scroll","background-type":"","background-media":"","overlay-type":"","overlay-color":"","overlay-opacity":"","overlay-gradient":""}}},"product_brand":[],"product_cat":[98],"product_tag":[],"class_list":{"0":"post-9355","1":"product","2":"type-product","3":"status-publish","4":"has-post-thumbnail","6":"product_cat-air-suspension","7":"desktop-align-center","8":"tablet-align-left","9":"mobile-align-left","10":"ast-product-gallery-layout-horizontal-slider","11":"ast-product-gallery-with-no-image","12":"ast-product-tabs-layout-horizontal","14":"first","15":"instock","16":"shipping-taxable","17":"product-type-simple"},"_links":{"self":[{"href":"https:\/\/kangmaiaxle.com\/es\/wp-json\/wp\/v2\/product\/9355","targetHints":{"allow":["GET"]}}],"collection":[{"href":"https:\/\/kangmaiaxle.com\/es\/wp-json\/wp\/v2\/product"}],"about":[{"href":"https:\/\/kangmaiaxle.com\/es\/wp-json\/wp\/v2\/types\/product"}],"wp:featuredmedia":[{"embeddable":true,"href":"https:\/\/kangmaiaxle.com\/es\/wp-json\/wp\/v2\/media\/9358"}],"wp:attachment":[{"href":"https:\/\/kangmaiaxle.com\/es\/wp-json\/wp\/v2\/media?parent=9355"}],"wp:term":[{"taxonomy":"product_brand","embeddable":true,"href":"https:\/\/kangmaiaxle.com\/es\/wp-json\/wp\/v2\/product_brand?post=9355"},{"taxonomy":"product_cat","embeddable":true,"href":"https:\/\/kangmaiaxle.com\/es\/wp-json\/wp\/v2\/product_cat?post=9355"},{"taxonomy":"product_tag","embeddable":true,"href":"https:\/\/kangmaiaxle.com\/es\/wp-json\/wp\/v2\/product_tag?post=9355"}],"curies":[{"name":"wp","href":"https:\/\/api.w.org\/{rel}","templated":true}]}}