{"id":9338,"date":"2026-04-29T02:58:14","date_gmt":"2026-04-29T02:58:14","guid":{"rendered":"http:\/\/kangmaiaxle.com\/?post_type=product&#038;p=9338"},"modified":"2026-04-29T02:58:15","modified_gmt":"2026-04-29T02:58:15","slug":"ascendable-type-air-suspensions-assembly-of-parabolic-leaf-springnegative","status":"publish","type":"product","link":"https:\/\/kangmaiaxle.com\/es\/producto\/conjunto-de-suspensiones-neumaticas-ascendentes-de-ballesta-parabolicanegativa\/","title":{"rendered":"Suspensiones neum\u00e1ticas de tipo ascendente Conjunto de ballesta parab\u00f3lica (negativo)"},"content":{"rendered":"<p>Este producto es un sistema compuesto de suspensi\u00f3n neum\u00e1tica especialmente desarrollado para semirremolques y remolques completos. Adopta una estructura con ballestas c\u00f3nicas como brazos gu\u00eda y bolsas de aire montadas al rev\u00e9s, combinando la alta capacidad de carga de las ballestas y el excelente confort de conducci\u00f3n de la suspensi\u00f3n neum\u00e1tica. Soporta la elevaci\u00f3n del eje sin carga para reducir eficazmente el consumo de combustible y el desgaste de los neum\u00e1ticos, y es adecuado para varios modelos de remolques, como los de plataforma baja, estacas y esqueleto.<\/p>\n<h3>Par\u00e1metros b\u00e1sicos<\/h3>\n<table>\n<tbody>\n<tr>\n<td width=\"56\">\u00a0suspensi\u00f3n<\/p>\n<p>modelo<\/td>\n<td colspan=\"2\" width=\"92\">dimensiones b\u00e1sicas<\/p>\n<p>(mm)<\/td>\n<td width=\"49\">eje simple<\/p>\n<p>carga nominal<\/p>\n<p>(t)<\/td>\n<td width=\"38\">tama\u00f1o de<\/p>\n<p>tubo del eje (mm)<\/td>\n<td width=\"29\">FH(mm)<\/td>\n<td width=\"31\">altura de ascenso (mm)<\/td>\n<td width=\"43\">inyecci\u00f3n de gas<\/p>\n<p>presi\u00f3n (MP)<\/td>\n<td width=\"43\">marco<\/p>\n<p>anchura<\/p>\n<p>(mm)<\/td>\n<td width=\"42\">distancia entre ejes (mm)<\/td>\n<td width=\"32\">peso total (kg)<\/td>\n<\/tr>\n<tr>\n<td width=\"56\">&nbsp;<\/p>\n<p>QF-GYT11F<\/td>\n<td colspan=\"2\" width=\"9\"><img alt=\"\" decoding=\"async\" class=\"alignnone size-full wp-image-9342\" src=\"http:\/\/kangmaiaxle.com\/wp-content\/uploads\/2026\/04\/\u56fe\u724711.png\" width=\"117\" height=\"68\" srcset=\"https:\/\/kangmaiaxle.com\/wp-content\/uploads\/2026\/04\/\u56fe\u724711.png 117w, https:\/\/kangmaiaxle.com\/wp-content\/uploads\/2026\/04\/\u56fe\u724711-18x10.png 18w\" sizes=\"(max-width: 117px) 100vw, 117px\" \/><\/td>\n<td width=\"83\">&nbsp;<\/p>\n<p>11<\/td>\n<td width=\"49\">&nbsp;<\/p>\n<p>0127\/ \u25a1150<\/td>\n<td width=\"38\">&nbsp;<\/p>\n<p>165-300<\/td>\n<td width=\"29\">&nbsp;<\/p>\n<p>100-120<\/td>\n<td width=\"31\">&nbsp;<\/p>\n<p>0,7M\u00e1x<\/td>\n<td width=\"43\">&nbsp;<\/p>\n<p>850\u4e001200<\/td>\n<td width=\"43\">1460\u00a0~\u00a0\u00a01500<\/td>\n<td width=\"42\">=235<\/td>\n<\/tr>\n<tr>\n<td width=\"56\">&nbsp;<\/p>\n<p>QF-YT13F<\/td>\n<td colspan=\"2\" width=\"9\"><img alt=\"\" decoding=\"async\" class=\"alignnone size-full wp-image-9343\" src=\"http:\/\/kangmaiaxle.com\/wp-content\/uploads\/2026\/04\/\u56fe\u724712.png\" width=\"117\" height=\"97\" srcset=\"https:\/\/kangmaiaxle.com\/wp-content\/uploads\/2026\/04\/\u56fe\u724712.png 117w, https:\/\/kangmaiaxle.com\/wp-content\/uploads\/2026\/04\/\u56fe\u724712-14x12.png 14w\" sizes=\"(max-width: 117px) 100vw, 117px\" \/><\/td>\n<td width=\"83\">13<\/td>\n<td width=\"49\">0127\/ \u25a1150<\/td>\n<td width=\"38\">165~\u00a0300<\/td>\n<td width=\"29\">100-120<\/td>\n<td width=\"31\">0,7M\u00e1x<\/td>\n<td width=\"43\">850-1200<\/p>\n<p>&nbsp;<\/td>\n<td width=\"43\">1460-1500<\/td>\n<td width=\"42\">\u2248245<\/td>\n<\/tr>\n<\/tbody>\n<\/table>\n<p>Equipada con suspensi\u00f3n neum\u00e1tica elevable, puede levantar el eje en condiciones de vac\u00edo. La altura de elevaci\u00f3n puede personalizarse seg\u00fan los requisitos del cliente.<\/p>\n<p>Aplicable a semirremolques de 2 ejes, 3 ejes y multiejes o remolques completos con una distancia de 165mm~300mm.<\/p>","protected":false},"excerpt":{"rendered":"<p>Ampliamente aplicado a: semirremolques de plataforma baja, remolques completos de plataforma baja, semirremolques de plataforma baja c\u00f3ncavos de doble eje y semirremolques de transporte de plataforma alta y baja.<\/p>","protected":false},"featured_media":9341,"template":"","meta":{"_seopress_robots_primary_cat":"","_seopress_titles_title":"Reverse Mounted Liftable Air Suspension with Tapered Leaf Spring","_seopress_titles_desc":"High-quality reverse mounted liftable air suspension with tapered leaf spring, supports no-load axle lifting, reduces fuel consumption & tire wear, fits various semi-trailers\/full trailers. Get free quote now!","_seopress_robots_index":"","site-sidebar-layout":"default","site-content-layout":"","ast-site-content-layout":"default","site-content-style":"default","site-sidebar-style":"default","ast-global-header-display":"","ast-banner-title-visibility":"","ast-main-header-display":"","ast-hfb-above-header-display":"","ast-hfb-below-header-display":"","ast-hfb-mobile-header-display":"","site-post-title":"","ast-breadcrumbs-content":"","ast-featured-img":"","footer-sml-layout":"","ast-disable-related-posts":"","theme-transparent-header-meta":"default","adv-header-id-meta":"","stick-header-meta":"default","header-above-stick-meta":"","header-main-stick-meta":"","header-below-stick-meta":"","astra-migrate-meta-layouts":"set","ast-page-background-enabled":"default","ast-page-background-meta":{"desktop":{"background-color":"var(--ast-global-color-4)","background-image":"","background-repeat":"repeat","background-position":"center center","background-size":"auto","background-attachment":"scroll","background-type":"","background-media":"","overlay-type":"","overlay-color":"","overlay-opacity":"","overlay-gradient":""},"tablet":{"background-color":"","background-image":"","background-repeat":"repeat","background-position":"center center","background-size":"auto","background-attachment":"scroll","background-type":"","background-media":"","overlay-type":"","overlay-color":"","overlay-opacity":"","overlay-gradient":""},"mobile":{"background-color":"","background-image":"","background-repeat":"repeat","background-position":"center center","background-size":"auto","background-attachment":"scroll","background-type":"","background-media":"","overlay-type":"","overlay-color":"","overlay-opacity":"","overlay-gradient":""}},"ast-content-background-meta":{"desktop":{"background-color":"var(--ast-global-color-5)","background-image":"","background-repeat":"repeat","background-position":"center center","background-size":"auto","background-attachment":"scroll","background-type":"","background-media":"","overlay-type":"","overlay-color":"","overlay-opacity":"","overlay-gradient":""},"tablet":{"background-color":"var(--ast-global-color-5)","background-image":"","background-repeat":"repeat","background-position":"center center","background-size":"auto","background-attachment":"scroll","background-type":"","background-media":"","overlay-type":"","overlay-color":"","overlay-opacity":"","overlay-gradient":""},"mobile":{"background-color":"var(--ast-global-color-5)","background-image":"","background-repeat":"repeat","background-position":"center center","background-size":"auto","background-attachment":"scroll","background-type":"","background-media":"","overlay-type":"","overlay-color":"","overlay-opacity":"","overlay-gradient":""}}},"product_brand":[],"product_cat":[98],"product_tag":[],"class_list":{"0":"post-9338","1":"product","2":"type-product","3":"status-publish","4":"has-post-thumbnail","6":"product_cat-air-suspension","7":"desktop-align-center","8":"tablet-align-left","9":"mobile-align-left","10":"ast-product-gallery-layout-horizontal-slider","11":"ast-product-gallery-with-no-image","12":"ast-product-tabs-layout-horizontal","14":"first","15":"instock","16":"shipping-taxable","17":"product-type-simple"},"_links":{"self":[{"href":"https:\/\/kangmaiaxle.com\/es\/wp-json\/wp\/v2\/product\/9338","targetHints":{"allow":["GET"]}}],"collection":[{"href":"https:\/\/kangmaiaxle.com\/es\/wp-json\/wp\/v2\/product"}],"about":[{"href":"https:\/\/kangmaiaxle.com\/es\/wp-json\/wp\/v2\/types\/product"}],"wp:featuredmedia":[{"embeddable":true,"href":"https:\/\/kangmaiaxle.com\/es\/wp-json\/wp\/v2\/media\/9341"}],"wp:attachment":[{"href":"https:\/\/kangmaiaxle.com\/es\/wp-json\/wp\/v2\/media?parent=9338"}],"wp:term":[{"taxonomy":"product_brand","embeddable":true,"href":"https:\/\/kangmaiaxle.com\/es\/wp-json\/wp\/v2\/product_brand?post=9338"},{"taxonomy":"product_cat","embeddable":true,"href":"https:\/\/kangmaiaxle.com\/es\/wp-json\/wp\/v2\/product_cat?post=9338"},{"taxonomy":"product_tag","embeddable":true,"href":"https:\/\/kangmaiaxle.com\/es\/wp-json\/wp\/v2\/product_tag?post=9338"}],"curies":[{"name":"wp","href":"https:\/\/api.w.org\/{rel}","templated":true}]}}