{"id":9332,"date":"2026-04-29T02:42:38","date_gmt":"2026-04-29T02:42:38","guid":{"rendered":"http:\/\/kangmaiaxle.com\/?post_type=product&#038;p=9332"},"modified":"2026-04-29T02:42:38","modified_gmt":"2026-04-29T02:42:38","slug":"loading-type-air-suspensions-assembly-of-parabolic-leaf-spring-negative","status":"publish","type":"product","link":"https:\/\/kangmaiaxle.com\/es\/producto\/suspensiones-neumaticas-tipo-carga-montaje-de-ballesta-parabolica-negativa\/","title":{"rendered":"Suspensiones neum\u00e1ticas tipo carga Montaje de ballesta parab\u00f3lica (negativo)"},"content":{"rendered":"<div data-page-id=\"Obg9dgtTyoXzlyxcdbZcJ8sCnrJ\" data-lark-html-role=\"root\" data-docx-has-block-data=\"false\">\n<div class=\"ace-line ace-line old-record-id-EnSLfgVivdo3U0cxVhscD4gdnpn\">La suspensi\u00f3n neum\u00e1tica de ballesta c\u00f3nica (montaje inverso) es un sistema profesional de suspensi\u00f3n de guiado el\u00e1stico dise\u00f1ado para semirremolques y remolques completos. Adopta un dise\u00f1o de montaje inverso, integrando la gu\u00eda de ballesta c\u00f3nica y la amortiguaci\u00f3n por muelle neum\u00e1tico, que es diferente del tipo de montaje regular en la estructura de instalaci\u00f3n.<\/div>\n<\/div>\n<h3>Par\u00e1metros b\u00e1sicos<\/h3>\n<table>\n<tbody>\n<tr>\n<td width=\"60\">suspensi\u00f3n<\/p>\n<p>modelo<\/td>\n<td width=\"101\">b\u00e1sico<\/p>\n<p>dimensiones (mm)<\/td>\n<td width=\"51\">eje simple<\/p>\n<p>carga nominal (t)<\/td>\n<td width=\"41\">tama\u00f1o del eje<\/p>\n<p>tubo (mm)<\/td>\n<td width=\"32\">&nbsp;<\/p>\n<p>FH (mm)<\/td>\n<td width=\"40\">inyecci\u00f3n de gas<\/p>\n<p>presi\u00f3n (MP)<\/td>\n<td width=\"49\">\u00a0marco<\/p>\n<p>anchura (mm)<\/td>\n<td width=\"41\">eje<\/p>\n<p>dispersi\u00f3n (mm)<\/td>\n<td width=\"42\">tot<\/p>\n<p>pesar (kg)<\/td>\n<\/tr>\n<tr>\n<td width=\"60\">&nbsp;<\/p>\n<p>QF-GY11F<\/td>\n<td width=\"101\">&nbsp;<\/p>\n<p><img alt=\"\" decoding=\"async\" class=\"alignnone size-full wp-image-9336\" src=\"http:\/\/kangmaiaxle.com\/wp-content\/uploads\/2026\/04\/\u56fe\u72478.png\" width=\"119\" height=\"74\" srcset=\"https:\/\/kangmaiaxle.com\/wp-content\/uploads\/2026\/04\/\u56fe\u72478.png 119w, https:\/\/kangmaiaxle.com\/wp-content\/uploads\/2026\/04\/\u56fe\u72478-18x12.png 18w\" sizes=\"(max-width: 119px) 100vw, 119px\" \/><\/p>\n<p>&nbsp;<\/td>\n<td width=\"51\">&nbsp;<\/p>\n<p>11<\/td>\n<td width=\"41\">&nbsp;<\/p>\n<p>0127\/\u25a1150<\/td>\n<td width=\"32\">&nbsp;<\/p>\n<p>165~300<\/td>\n<td width=\"40\">&nbsp;<\/p>\n<p>0,7M\u00e1x<\/td>\n<td width=\"49\">&nbsp;<\/p>\n<p>850\u4e001200<\/td>\n<td width=\"41\">&nbsp;<\/p>\n<p>1175~\u00a0\u00a01350<\/td>\n<td width=\"42\">&nbsp;<\/p>\n<p>\u2248205<\/td>\n<\/tr>\n<tr>\n<td width=\"60\">&nbsp;<\/p>\n<p>QF-GY13F<\/td>\n<td width=\"101\"><img alt=\"\" decoding=\"async\" class=\"alignnone size-full wp-image-9337\" src=\"http:\/\/kangmaiaxle.com\/wp-content\/uploads\/2026\/04\/\u56fe\u72479.png\" width=\"126\" height=\"114\" srcset=\"https:\/\/kangmaiaxle.com\/wp-content\/uploads\/2026\/04\/\u56fe\u72479.png 126w, https:\/\/kangmaiaxle.com\/wp-content\/uploads\/2026\/04\/\u56fe\u72479-13x12.png 13w\" sizes=\"(max-width: 126px) 100vw, 126px\" \/><\/td>\n<td width=\"51\">&nbsp;<\/p>\n<p>13<\/td>\n<td width=\"41\">&nbsp;<\/p>\n<p>0127\/ \u25a1150<\/td>\n<td width=\"32\">&nbsp;<\/p>\n<p>165\u00a0~\u00a0\u00a0300<\/td>\n<td width=\"40\">&nbsp;<\/p>\n<p>0,7M\u00e1x<\/td>\n<td width=\"49\">&nbsp;<\/p>\n<p>850~1200<\/td>\n<td width=\"41\">&nbsp;<\/p>\n<p>1200\u00a0~1350<\/td>\n<td width=\"42\">&nbsp;<\/p>\n<p>=215<\/td>\n<\/tr>\n<\/tbody>\n<\/table>\n<p>Adecuado para semirremolques de 2, 3 y varios ejes o remolques completos con un valor FH comprendido entre 165 mm y 300 mm;<\/p>\n<p>&nbsp;<\/p>","protected":false},"excerpt":{"rendered":"<p>Muy utilizado en: semirremolques de plataforma baja, remolques completos de plataforma baja, semirremolques de plataforma baja c\u00f3ncava de doble eje y semirremolques de transporte de plataforma alta y baja;<\/p>","protected":false},"featured_media":9335,"template":"","meta":{"_seopress_robots_primary_cat":"","_seopress_titles_title":"Tapered Leaf Spring Air Suspension (Reverse Mount) for Semi-Trailer","_seopress_titles_desc":"Tapered Leaf Spring Air Suspension (Reverse Mount) for semi-trailers & full trailers. High load-bearing, anti-fatigue, easy installation, suitable for lowbed, concave lowbed trailers.","_seopress_robots_index":"","site-sidebar-layout":"default","site-content-layout":"","ast-site-content-layout":"default","site-content-style":"default","site-sidebar-style":"default","ast-global-header-display":"","ast-banner-title-visibility":"","ast-main-header-display":"","ast-hfb-above-header-display":"","ast-hfb-below-header-display":"","ast-hfb-mobile-header-display":"","site-post-title":"","ast-breadcrumbs-content":"","ast-featured-img":"","footer-sml-layout":"","ast-disable-related-posts":"","theme-transparent-header-meta":"default","adv-header-id-meta":"","stick-header-meta":"default","header-above-stick-meta":"","header-main-stick-meta":"","header-below-stick-meta":"","astra-migrate-meta-layouts":"set","ast-page-background-enabled":"default","ast-page-background-meta":{"desktop":{"background-color":"var(--ast-global-color-4)","background-image":"","background-repeat":"repeat","background-position":"center center","background-size":"auto","background-attachment":"scroll","background-type":"","background-media":"","overlay-type":"","overlay-color":"","overlay-opacity":"","overlay-gradient":""},"tablet":{"background-color":"","background-image":"","background-repeat":"repeat","background-position":"center center","background-size":"auto","background-attachment":"scroll","background-type":"","background-media":"","overlay-type":"","overlay-color":"","overlay-opacity":"","overlay-gradient":""},"mobile":{"background-color":"","background-image":"","background-repeat":"repeat","background-position":"center center","background-size":"auto","background-attachment":"scroll","background-type":"","background-media":"","overlay-type":"","overlay-color":"","overlay-opacity":"","overlay-gradient":""}},"ast-content-background-meta":{"desktop":{"background-color":"var(--ast-global-color-5)","background-image":"","background-repeat":"repeat","background-position":"center center","background-size":"auto","background-attachment":"scroll","background-type":"","background-media":"","overlay-type":"","overlay-color":"","overlay-opacity":"","overlay-gradient":""},"tablet":{"background-color":"var(--ast-global-color-5)","background-image":"","background-repeat":"repeat","background-position":"center center","background-size":"auto","background-attachment":"scroll","background-type":"","background-media":"","overlay-type":"","overlay-color":"","overlay-opacity":"","overlay-gradient":""},"mobile":{"background-color":"var(--ast-global-color-5)","background-image":"","background-repeat":"repeat","background-position":"center center","background-size":"auto","background-attachment":"scroll","background-type":"","background-media":"","overlay-type":"","overlay-color":"","overlay-opacity":"","overlay-gradient":""}}},"product_brand":[],"product_cat":[98],"product_tag":[],"class_list":{"0":"post-9332","1":"product","2":"type-product","3":"status-publish","4":"has-post-thumbnail","6":"product_cat-air-suspension","7":"desktop-align-center","8":"tablet-align-left","9":"mobile-align-left","10":"ast-product-gallery-layout-horizontal-slider","11":"ast-product-gallery-with-no-image","12":"ast-product-tabs-layout-horizontal","14":"first","15":"instock","16":"shipping-taxable","17":"product-type-simple"},"_links":{"self":[{"href":"https:\/\/kangmaiaxle.com\/es\/wp-json\/wp\/v2\/product\/9332","targetHints":{"allow":["GET"]}}],"collection":[{"href":"https:\/\/kangmaiaxle.com\/es\/wp-json\/wp\/v2\/product"}],"about":[{"href":"https:\/\/kangmaiaxle.com\/es\/wp-json\/wp\/v2\/types\/product"}],"wp:featuredmedia":[{"embeddable":true,"href":"https:\/\/kangmaiaxle.com\/es\/wp-json\/wp\/v2\/media\/9335"}],"wp:attachment":[{"href":"https:\/\/kangmaiaxle.com\/es\/wp-json\/wp\/v2\/media?parent=9332"}],"wp:term":[{"taxonomy":"product_brand","embeddable":true,"href":"https:\/\/kangmaiaxle.com\/es\/wp-json\/wp\/v2\/product_brand?post=9332"},{"taxonomy":"product_cat","embeddable":true,"href":"https:\/\/kangmaiaxle.com\/es\/wp-json\/wp\/v2\/product_cat?post=9332"},{"taxonomy":"product_tag","embeddable":true,"href":"https:\/\/kangmaiaxle.com\/es\/wp-json\/wp\/v2\/product_tag?post=9332"}],"curies":[{"name":"wp","href":"https:\/\/api.w.org\/{rel}","templated":true}]}}