{"id":9327,"date":"2026-04-29T02:33:55","date_gmt":"2026-04-29T02:33:55","guid":{"rendered":"http:\/\/kangmaiaxle.com\/?post_type=product&#038;p=9327"},"modified":"2026-04-29T02:33:55","modified_gmt":"2026-04-29T02:33:55","slug":"ascendable-type-air-suspensions-assembly-of-parabolic-leaf-springpositive","status":"publish","type":"product","link":"https:\/\/kangmaiaxle.com\/es\/producto\/conjunto-de-suspensiones-neumaticas-ascendentes-de-ballesta-parabolica-positiva\/","title":{"rendered":"Suspensiones neum\u00e1ticas de tipo ascendente Conjunto de ballesta parab\u00f3lica (positiva)"},"content":{"rendered":"<p>La suspensi\u00f3n neum\u00e1tica de elevaci\u00f3n de ballesta c\u00f3nica (montaje regular) es un sistema compuesto de suspensi\u00f3n de guiado el\u00e1stico especialmente dise\u00f1ado para semirremolques, incluidos semirremolques de plataforma, de contenedor de plataforma, de estacas, de contenedor esqueleto y de caja. Integra tres dise\u00f1os principales: guiado por ballesta c\u00f3nica, elevaci\u00f3n por muelle neum\u00e1tico y disposici\u00f3n de montaje regular. Equilibra la capacidad de carga, la comodidad de absorci\u00f3n de impactos y la facilidad de instalaci\u00f3n y mantenimiento, y es perfectamente adecuado para el transporte pesado, de alta velocidad y en condiciones de carretera complejas en el transporte log\u00edstico de alta frecuencia.<\/p>\n<h3>Par\u00e1metros b\u00e1sicos<\/h3>\n<table style=\"font-size: 16px; font-style: normal;\">\n<tbody>\n<tr>\n<td width=\"51\">suspensi\u00f3n<\/p>\n<p>modelo<\/td>\n<td width=\"93\">dimensiones b\u00e1sicas (mm)<\/td>\n<td width=\"50\">carga nominal por eje simple (t)<\/td>\n<td width=\"43\">tama\u00f1o del eje<\/p>\n<p>tubo (mm)<\/td>\n<td width=\"25\">&nbsp;<\/p>\n<p>FH (mm )<\/td>\n<td width=\"30\">altura ascendente<\/p>\n<p>t (mm)<\/td>\n<td width=\"45\">inyecci\u00f3n de gas<\/p>\n<p>presi\u00f3n (MP)<\/td>\n<td width=\"43\">\u00a0marco<\/p>\n<p>anchura<\/p>\n<p>(mm)<\/td>\n<td width=\"35\">distancia entre ejes (mm)<\/td>\n<td width=\"35\">peso total (kg)<\/td>\n<\/tr>\n<tr>\n<td width=\"51\">&nbsp;<\/p>\n<p>QF-GFT11<\/td>\n<td rowspan=\"2\" width=\"93\"><img alt=\"\" decoding=\"async\" class=\"alignnone size-full wp-image-9330\" src=\"http:\/\/kangmaiaxle.com\/wp-content\/uploads\/2026\/04\/\u56fe\u72475.png\" width=\"134\" height=\"192\" srcset=\"https:\/\/kangmaiaxle.com\/wp-content\/uploads\/2026\/04\/\u56fe\u72475.png 134w, https:\/\/kangmaiaxle.com\/wp-content\/uploads\/2026\/04\/\u56fe\u72475-8x12.png 8w\" sizes=\"(max-width: 134px) 100vw, 134px\" \/><\/td>\n<td width=\"50\">&nbsp;<\/p>\n<p>11<\/td>\n<td width=\"43\">&nbsp;<\/p>\n<p>Q127\/\u25a1150<\/td>\n<td width=\"25\">370\/550<\/td>\n<td width=\"30\">&nbsp;<\/p>\n<p>100-20<\/td>\n<td width=\"45\">&nbsp;<\/p>\n<p>0,7M\u00e1x<\/td>\n<td width=\"43\">850~1200<\/td>\n<td width=\"35\">1270\u00a0~\u00a0\u00a01400<\/td>\n<td width=\"35\">&nbsp;<\/p>\n<p>=240<\/td>\n<\/tr>\n<tr>\n<td width=\"51\">&nbsp;<\/p>\n<p>QF-GFT13<\/td>\n<td width=\"93\">13<\/td>\n<td width=\"50\">&nbsp;<\/p>\n<p>0127\/\u25a1150<\/td>\n<td width=\"43\">&nbsp;<\/p>\n<p>370\/550<\/td>\n<td width=\"25\">100-20<\/td>\n<td width=\"30\">&nbsp;<\/p>\n<p>0,7M\u00e1x<\/td>\n<td width=\"45\">&nbsp;<\/p>\n<p>850\/1200<\/td>\n<td width=\"43\">1300\u00a0~\u00a0\u00a01400<\/td>\n<td width=\"35\">=255<\/td>\n<\/tr>\n<\/tbody>\n<\/table>\n<p>La suspensi\u00f3n neum\u00e1tica de tipo ascendente puede levantar el eje cuando est\u00e1 vac\u00edo, la altura de elevaci\u00f3n se puede personalizar seg\u00fan los requisitos del cliente;<\/p>\n<p>Es suitablefor FH 370m~550m 2-axis,3-axis,multi-axis semirremolque o remolque;<\/p>\n<p>&nbsp;<\/p>\n<p>&nbsp;<\/p>","protected":false},"excerpt":{"rendered":"<p>Ampliamente aplicado a: semirremolques de plataforma, semirremolques portacontenedores de plataforma, semirremolques de estacas, semirremolques portacontenedores de esqueleto, semirremolques de caja y otros modelos.<\/p>","protected":false},"featured_media":9331,"template":"","meta":{"_seopress_robots_primary_cat":"","_seopress_titles_title":"Tapered Leaf Spring Lifting Air Suspension (Regular Mount) for Semi-Trailer","_seopress_titles_desc":"Tapered Leaf Spring Lifting Air Suspension (Regular Mount) designed for semi-trailers (flatbed, container, stake). Integrates tapered leaf spring guidance, air spring lifting & regular mount, with high load-bearing, comfortable shock absorption and easy installation. Suitable for heavy-duty, high-frequency logistics.","_seopress_robots_index":"","site-sidebar-layout":"default","site-content-layout":"","ast-site-content-layout":"default","site-content-style":"default","site-sidebar-style":"default","ast-global-header-display":"","ast-banner-title-visibility":"","ast-main-header-display":"","ast-hfb-above-header-display":"","ast-hfb-below-header-display":"","ast-hfb-mobile-header-display":"","site-post-title":"","ast-breadcrumbs-content":"","ast-featured-img":"","footer-sml-layout":"","ast-disable-related-posts":"","theme-transparent-header-meta":"default","adv-header-id-meta":"","stick-header-meta":"default","header-above-stick-meta":"","header-main-stick-meta":"","header-below-stick-meta":"","astra-migrate-meta-layouts":"set","ast-page-background-enabled":"default","ast-page-background-meta":{"desktop":{"background-color":"var(--ast-global-color-4)","background-image":"","background-repeat":"repeat","background-position":"center center","background-size":"auto","background-attachment":"scroll","background-type":"","background-media":"","overlay-type":"","overlay-color":"","overlay-opacity":"","overlay-gradient":""},"tablet":{"background-color":"","background-image":"","background-repeat":"repeat","background-position":"center center","background-size":"auto","background-attachment":"scroll","background-type":"","background-media":"","overlay-type":"","overlay-color":"","overlay-opacity":"","overlay-gradient":""},"mobile":{"background-color":"","background-image":"","background-repeat":"repeat","background-position":"center center","background-size":"auto","background-attachment":"scroll","background-type":"","background-media":"","overlay-type":"","overlay-color":"","overlay-opacity":"","overlay-gradient":""}},"ast-content-background-meta":{"desktop":{"background-color":"var(--ast-global-color-5)","background-image":"","background-repeat":"repeat","background-position":"center center","background-size":"auto","background-attachment":"scroll","background-type":"","background-media":"","overlay-type":"","overlay-color":"","overlay-opacity":"","overlay-gradient":""},"tablet":{"background-color":"var(--ast-global-color-5)","background-image":"","background-repeat":"repeat","background-position":"center center","background-size":"auto","background-attachment":"scroll","background-type":"","background-media":"","overlay-type":"","overlay-color":"","overlay-opacity":"","overlay-gradient":""},"mobile":{"background-color":"var(--ast-global-color-5)","background-image":"","background-repeat":"repeat","background-position":"center center","background-size":"auto","background-attachment":"scroll","background-type":"","background-media":"","overlay-type":"","overlay-color":"","overlay-opacity":"","overlay-gradient":""}}},"product_brand":[],"product_cat":[98],"product_tag":[],"class_list":{"0":"post-9327","1":"product","2":"type-product","3":"status-publish","4":"has-post-thumbnail","6":"product_cat-air-suspension","7":"desktop-align-center","8":"tablet-align-left","9":"mobile-align-left","10":"ast-product-gallery-layout-horizontal-slider","11":"ast-product-gallery-with-no-image","12":"ast-product-tabs-layout-horizontal","14":"first","15":"instock","16":"shipping-taxable","17":"product-type-simple"},"_links":{"self":[{"href":"https:\/\/kangmaiaxle.com\/es\/wp-json\/wp\/v2\/product\/9327","targetHints":{"allow":["GET"]}}],"collection":[{"href":"https:\/\/kangmaiaxle.com\/es\/wp-json\/wp\/v2\/product"}],"about":[{"href":"https:\/\/kangmaiaxle.com\/es\/wp-json\/wp\/v2\/types\/product"}],"wp:featuredmedia":[{"embeddable":true,"href":"https:\/\/kangmaiaxle.com\/es\/wp-json\/wp\/v2\/media\/9331"}],"wp:attachment":[{"href":"https:\/\/kangmaiaxle.com\/es\/wp-json\/wp\/v2\/media?parent=9327"}],"wp:term":[{"taxonomy":"product_brand","embeddable":true,"href":"https:\/\/kangmaiaxle.com\/es\/wp-json\/wp\/v2\/product_brand?post=9327"},{"taxonomy":"product_cat","embeddable":true,"href":"https:\/\/kangmaiaxle.com\/es\/wp-json\/wp\/v2\/product_cat?post=9327"},{"taxonomy":"product_tag","embeddable":true,"href":"https:\/\/kangmaiaxle.com\/es\/wp-json\/wp\/v2\/product_tag?post=9327"}],"curies":[{"name":"wp","href":"https:\/\/api.w.org\/{rel}","templated":true}]}}