{"id":9302,"date":"2026-04-27T09:16:57","date_gmt":"2026-04-27T09:16:57","guid":{"rendered":"http:\/\/kangmaiaxle.com\/?post_type=product&#038;p=9302"},"modified":"2026-04-29T01:41:58","modified_gmt":"2026-04-29T01:41:58","slug":"light-air-suspension","status":"publish","type":"product","link":"https:\/\/kangmaiaxle.com\/es\/producto\/suspension-neumatica-ligera\/","title":{"rendered":"Suspensi\u00f3n neum\u00e1tica ligera"},"content":{"rendered":"<p>Es un sistema de suspensi\u00f3n neum\u00e1tica utilizado en veh\u00edculos comerciales ligeros, remolques y veh\u00edculos especiales. Sustituye a las ballestas tradicionales por muelles neum\u00e1ticos para lograr una mejor amortiguaci\u00f3n, adaptabilidad a la carga y confort de marcha.<\/p>\n<h3>Par\u00e1metros t\u00e9cnicos<\/h3>\n<table>\n<tbody>\n<tr>\n<td width=\"70\">CAPACIDAD(T)<\/td>\n<td width=\"41\">TIPO<\/td>\n<td width=\"83\">INSTALACI\u00d3N<\/p>\n<p>ALTURA FH<\/td>\n<td width=\"109\">ALTURA DE SOPORTE ST(mm)<\/td>\n<td width=\"82\">MODELO DE FRENO<\/td>\n<td width=\"65\">FRENO DE DISCO<\/td>\n<td width=\"111\">DISTANC<u>E <\/u>DE LA C\u00c1MARA DE FRENADO L4<\/td>\n<td width=\"59\">TRAC<u>K <\/u>L2(mm)<\/td>\n<\/tr>\n<tr>\n<td width=\"70\">9T<\/td>\n<td width=\"41\">Ropa formal<\/td>\n<td width=\"83\">340-500<\/td>\n<td width=\"109\">200-340<\/td>\n<td width=\"82\">\u00d8420\u00d7180<\/td>\n<td width=\"65\">Frenos de disco<\/td>\n<td width=\"111\"><\/td>\n<td width=\"59\">1840<\/td>\n<\/tr>\n<\/tbody>\n<\/table>\n<p><img alt=\"\" fetchpriority=\"high\" decoding=\"async\" class=\"size-full wp-image-9305 aligncenter\" src=\"http:\/\/kangmaiaxle.com\/wp-content\/uploads\/2026\/04\/3-2.png\" width=\"850\" height=\"543\" srcset=\"https:\/\/kangmaiaxle.com\/wp-content\/uploads\/2026\/04\/3-2.png 850w, https:\/\/kangmaiaxle.com\/wp-content\/uploads\/2026\/04\/3-2-300x192.png 300w, https:\/\/kangmaiaxle.com\/wp-content\/uploads\/2026\/04\/3-2-768x491.png 768w, https:\/\/kangmaiaxle.com\/wp-content\/uploads\/2026\/04\/3-2-18x12.png 18w, https:\/\/kangmaiaxle.com\/wp-content\/uploads\/2026\/04\/3-2-600x383.png 600w\" sizes=\"(max-width: 850px) 100vw, 850px\" \/><\/p>\n<p><img alt=\"\" decoding=\"async\" class=\"size-full wp-image-9307 aligncenter\" src=\"http:\/\/kangmaiaxle.com\/wp-content\/uploads\/2026\/04\/1-4.png\" width=\"614\" height=\"307\" srcset=\"https:\/\/kangmaiaxle.com\/wp-content\/uploads\/2026\/04\/1-4.png 614w, https:\/\/kangmaiaxle.com\/wp-content\/uploads\/2026\/04\/1-4-300x150.png 300w, https:\/\/kangmaiaxle.com\/wp-content\/uploads\/2026\/04\/1-4-18x9.png 18w, https:\/\/kangmaiaxle.com\/wp-content\/uploads\/2026\/04\/1-4-600x300.png 600w\" sizes=\"(max-width: 614px) 100vw, 614px\" \/><\/p>\n<p>1. No utilice agua para refrigerar los discos de freno; la unidad tractora debe estar equipada con un ralentizador hidr\u00e1ulico.<br \/>\n2. Los ejes con freno de disco son adecuados para su uso en carreteras de alta velocidad, pero no se recomienda su uso en carreteras ordinarias, caminos de grava o carreteras bacheadas.<\/p>\n<p>&nbsp;<\/p>","protected":false},"excerpt":{"rendered":"<p>El dise\u00f1o estructural de alta resistencia garantiza una capacidad de carga estable.<br \/>\nEl tratamiento anticorrosi\u00f3n le permite adaptarse a entornos complejos.<br \/>\nF\u00e1cil instalaci\u00f3n y compatibilidad con varios modelos de veh\u00edculos.<br \/>\nBajos costes de mantenimiento y larga vida \u00fatil.<\/p>","protected":false},"featured_media":9308,"template":"","meta":{"_seopress_robots_primary_cat":"none","_seopress_titles_title":"Light Air Suspension for Trucks & Trailers | Durable Air Spring Suspension System","_seopress_titles_desc":"Light air suspension system for trucks and trailers, featuring air springs, shock absorbers, and durable components. Improve ride comfort, load stability, and vehicle performance.","_seopress_robots_index":"","site-sidebar-layout":"default","site-content-layout":"","ast-site-content-layout":"default","site-content-style":"default","site-sidebar-style":"default","ast-global-header-display":"","ast-banner-title-visibility":"","ast-main-header-display":"","ast-hfb-above-header-display":"","ast-hfb-below-header-display":"","ast-hfb-mobile-header-display":"","site-post-title":"","ast-breadcrumbs-content":"","ast-featured-img":"","footer-sml-layout":"","ast-disable-related-posts":"","theme-transparent-header-meta":"default","adv-header-id-meta":"","stick-header-meta":"default","header-above-stick-meta":"","header-main-stick-meta":"","header-below-stick-meta":"","astra-migrate-meta-layouts":"set","ast-page-background-enabled":"default","ast-page-background-meta":{"desktop":{"background-color":"var(--ast-global-color-4)","background-image":"","background-repeat":"repeat","background-position":"center center","background-size":"auto","background-attachment":"scroll","background-type":"","background-media":"","overlay-type":"","overlay-color":"","overlay-opacity":"","overlay-gradient":""},"tablet":{"background-color":"","background-image":"","background-repeat":"repeat","background-position":"center center","background-size":"auto","background-attachment":"scroll","background-type":"","background-media":"","overlay-type":"","overlay-color":"","overlay-opacity":"","overlay-gradient":""},"mobile":{"background-color":"","background-image":"","background-repeat":"repeat","background-position":"center center","background-size":"auto","background-attachment":"scroll","background-type":"","background-media":"","overlay-type":"","overlay-color":"","overlay-opacity":"","overlay-gradient":""}},"ast-content-background-meta":{"desktop":{"background-color":"var(--ast-global-color-5)","background-image":"","background-repeat":"repeat","background-position":"center center","background-size":"auto","background-attachment":"scroll","background-type":"","background-media":"","overlay-type":"","overlay-color":"","overlay-opacity":"","overlay-gradient":""},"tablet":{"background-color":"var(--ast-global-color-5)","background-image":"","background-repeat":"repeat","background-position":"center center","background-size":"auto","background-attachment":"scroll","background-type":"","background-media":"","overlay-type":"","overlay-color":"","overlay-opacity":"","overlay-gradient":""},"mobile":{"background-color":"var(--ast-global-color-5)","background-image":"","background-repeat":"repeat","background-position":"center center","background-size":"auto","background-attachment":"scroll","background-type":"","background-media":"","overlay-type":"","overlay-color":"","overlay-opacity":"","overlay-gradient":""}}},"product_brand":[],"product_cat":[105],"product_tag":[],"class_list":{"0":"post-9302","1":"product","2":"type-product","3":"status-publish","4":"has-post-thumbnail","6":"product_cat-air-suspension-lifting-type","7":"desktop-align-center","8":"tablet-align-left","9":"mobile-align-left","10":"ast-product-gallery-layout-horizontal-slider","11":"ast-product-tabs-layout-horizontal","13":"first","14":"instock","15":"shipping-taxable","16":"product-type-simple"},"_links":{"self":[{"href":"https:\/\/kangmaiaxle.com\/es\/wp-json\/wp\/v2\/product\/9302","targetHints":{"allow":["GET"]}}],"collection":[{"href":"https:\/\/kangmaiaxle.com\/es\/wp-json\/wp\/v2\/product"}],"about":[{"href":"https:\/\/kangmaiaxle.com\/es\/wp-json\/wp\/v2\/types\/product"}],"wp:featuredmedia":[{"embeddable":true,"href":"https:\/\/kangmaiaxle.com\/es\/wp-json\/wp\/v2\/media\/9308"}],"wp:attachment":[{"href":"https:\/\/kangmaiaxle.com\/es\/wp-json\/wp\/v2\/media?parent=9302"}],"wp:term":[{"taxonomy":"product_brand","embeddable":true,"href":"https:\/\/kangmaiaxle.com\/es\/wp-json\/wp\/v2\/product_brand?post=9302"},{"taxonomy":"product_cat","embeddable":true,"href":"https:\/\/kangmaiaxle.com\/es\/wp-json\/wp\/v2\/product_cat?post=9302"},{"taxonomy":"product_tag","embeddable":true,"href":"https:\/\/kangmaiaxle.com\/es\/wp-json\/wp\/v2\/product_tag?post=9302"}],"curies":[{"name":"wp","href":"https:\/\/api.w.org\/{rel}","templated":true}]}}