{"id":7355,"date":"2025-10-17T05:56:18","date_gmt":"2025-10-17T05:56:18","guid":{"rendered":"http:\/\/hk.sdwailian.com\/?page_id=7355"},"modified":"2026-05-08T07:19:47","modified_gmt":"2026-05-08T07:19:47","slug":"service","status":"publish","type":"page","link":"https:\/\/kangmaiaxle.com\/es\/servicio\/","title":{"rendered":"Servicio"},"content":{"rendered":"<div data-elementor-type=\"wp-page\" data-elementor-id=\"7355\" class=\"elementor elementor-7355\" data-elementor-post-type=\"page\">\n\t\t\t\t<div class=\"elementor-element elementor-element-58966a4 e-con-full e-flex e-con e-parent\" data-id=\"58966a4\" data-element_type=\"container\" data-e-type=\"container\" data-settings=\"{&quot;background_background&quot;:&quot;classic&quot;}\">\n\t\t<div class=\"elementor-element elementor-element-7bd608a e-flex e-con-boxed e-con e-child\" data-id=\"7bd608a\" data-element_type=\"container\" data-e-type=\"container\">\n\t\t\t\t\t<div class=\"e-con-inner\">\n\t\t\t\t<div class=\"elementor-element elementor-element-70551cb elementor-widget elementor-widget-heading\" data-id=\"70551cb\" data-element_type=\"widget\" data-e-type=\"widget\" data-widget_type=\"heading.default\">\n\t\t\t\t<div class=\"elementor-widget-container\">\n\t\t\t\t\t<h2 class=\"elementor-heading-title elementor-size-default\">MERCADOS ATENDIDOS<\/h2>\t\t\t\t<\/div>\n\t\t\t\t<\/div>\n\t\t\t\t<div class=\"elementor-element elementor-element-bf6b058 elementor-widget-divider--view-line elementor-widget elementor-widget-divider\" data-id=\"bf6b058\" data-element_type=\"widget\" data-e-type=\"widget\" data-widget_type=\"divider.default\">\n\t\t\t\t<div class=\"elementor-widget-container\">\n\t\t\t\t\t\t\t<div class=\"elementor-divider\">\n\t\t\t<span class=\"elementor-divider-separator\">\n\t\t\t\t\t\t<\/span>\n\t\t<\/div>\n\t\t\t\t\t\t<\/div>\n\t\t\t\t<\/div>\n\t\t\t\t<div class=\"elementor-element elementor-element-7d6019d elementor-widget__width-initial elementor-widget elementor-widget-text-editor\" data-id=\"7d6019d\" data-element_type=\"widget\" data-e-type=\"widget\" data-widget_type=\"text-editor.default\">\n\t\t\t\t<div class=\"elementor-widget-container\">\n\t\t\t\t\t\t\t\t\t<p>Shandong Kangmai Axle se adhiere a \"Producci\u00f3n precisa, b\u00fasqueda de la excelencia, la calidad es lo primero\", comprometida con productos de primera calidad y servicios profesionales.<\/p>\t\t\t\t\t\t\t\t<\/div>\n\t\t\t\t<\/div>\n\t\t\t\t\t<\/div>\n\t\t\t\t<\/div>\n\t\t\t\t<\/div>\n\t\t<div class=\"elementor-element elementor-element-4a13605 e-flex e-con-boxed e-con e-parent\" data-id=\"4a13605\" data-element_type=\"container\" data-e-type=\"container\">\n\t\t\t\t\t<div class=\"e-con-inner\">\n\t\t<div class=\"elementor-element elementor-element-a567bb7 e-grid e-con-full e-con e-child\" data-id=\"a567bb7\" data-element_type=\"container\" data-e-type=\"container\">\n\t\t\t\t<div class=\"elementor-element elementor-element-7f3d48b elementor-widget__width-initial elementor-widget elementor-widget-heading\" data-id=\"7f3d48b\" data-element_type=\"widget\" data-e-type=\"widget\" data-widget_type=\"heading.default\">\n\t\t\t\t<div class=\"elementor-widget-container\">\n\t\t\t\t\t<h2 class=\"elementor-heading-title elementor-size-default\">SHANDONG KANGMAI AXLE CO., LTD es un fabricante profesional de ejes de tipo europeo, ejes de tipo americano, ejes de freno de disco\/tambor, suspensiones neum\u00e1ticas, suspensiones mec\u00e1nicas, bogies, accesorios y todas las piezas para semirremolques con la m\u00e1xima calidad. <\/h2>\t\t\t\t<\/div>\n\t\t\t\t<\/div>\n\t\t\t\t<div class=\"elementor-element elementor-element-7cf3e9c elementor-widget elementor-widget-text-editor\" data-id=\"7cf3e9c\" data-element_type=\"widget\" data-e-type=\"widget\" data-widget_type=\"text-editor.default\">\n\t\t\t\t<div class=\"elementor-widget-container\">\n\t\t\t\t\t\t\t\t\t<p>La empresa se centra en el desarrollo y la promoci\u00f3n de ejes de alta tecnolog\u00eda para veh\u00edculos, abarcando una serie de ejes para remolques pesados y medianos. En la actualidad, la empresa cuenta con una l\u00ednea de pulverizaci\u00f3n y una l\u00ednea de montaje de ejes, y est\u00e1 equipada con precisos equipos de prueba e inspecci\u00f3n. La misi\u00f3n de la empresa es convertirse en un \"eje sin mantenimiento de primera clase\" y se adhiere a la estrategia de desarrollo empresarial de \"adherirse al liderazgo tecnol\u00f3gico y esforzarse por convertirse en una empresa nacional de primera clase\". SHANDONG KANGMAI AXLE CO., LTD contin\u00faa adhiri\u00e9ndose al concepto de calidad de \"producci\u00f3n de precisi\u00f3n, b\u00fasqueda de la excelencia y la calidad primero\", y se dedica a proporcionar productos de alta calidad a nuestros clientes.<\/p>\t\t\t\t\t\t\t\t<\/div>\n\t\t\t\t<\/div>\n\t\t\t\t<\/div>\n\t\t\t\t\t<\/div>\n\t\t\t\t<\/div>\n\t\t<div class=\"elementor-element elementor-element-9353b4b e-flex e-con-boxed e-con e-parent\" data-id=\"9353b4b\" data-element_type=\"container\" data-e-type=\"container\">\n\t\t\t\t\t<div class=\"e-con-inner\">\n\t\t<div class=\"elementor-element elementor-element-381bf4f e-grid e-con-full e-con e-child\" data-id=\"381bf4f\" data-element_type=\"container\" data-e-type=\"container\">\n\t\t\t\t<div class=\"elementor-element elementor-element-4882759 elementor-position-top elementor-widget elementor-widget-image-box\" data-id=\"4882759\" data-element_type=\"widget\" data-e-type=\"widget\" data-widget_type=\"image-box.default\">\n\t\t\t\t<div class=\"elementor-widget-container\">\n\t\t\t\t\t<div class=\"elementor-image-box-wrapper\"><figure class=\"elementor-image-box-img\"><img alt=\"\" fetchpriority=\"high\" decoding=\"async\" width=\"470\" height=\"289\" src=\"https:\/\/kangmaiaxle.com\/wp-content\/uploads\/2026\/04\/1-1.jpg\" class=\"attachment-full size-full wp-image-9071\" srcset=\"https:\/\/kangmaiaxle.com\/wp-content\/uploads\/2026\/04\/1-1.jpg 470w, https:\/\/kangmaiaxle.com\/wp-content\/uploads\/2026\/04\/1-1-300x184.jpg 300w, https:\/\/kangmaiaxle.com\/wp-content\/uploads\/2026\/04\/1-1-18x12.jpg 18w\" sizes=\"(max-width: 470px) 100vw, 470px\" \/><\/figure><div class=\"elementor-image-box-content\"><h3 class=\"elementor-image-box-title\">Camiones pesados<\/h3><\/div><\/div>\t\t\t\t<\/div>\n\t\t\t\t<\/div>\n\t\t\t\t<div class=\"elementor-element elementor-element-1aa9447 elementor-position-top elementor-widget elementor-widget-image-box\" data-id=\"1aa9447\" data-element_type=\"widget\" data-e-type=\"widget\" data-widget_type=\"image-box.default\">\n\t\t\t\t<div class=\"elementor-widget-container\">\n\t\t\t\t\t<div class=\"elementor-image-box-wrapper\"><figure class=\"elementor-image-box-img\"><img alt=\"\" decoding=\"async\" width=\"470\" height=\"289\" src=\"https:\/\/kangmaiaxle.com\/wp-content\/uploads\/2026\/04\/02-1.jpg\" class=\"attachment-full size-full wp-image-9072\" srcset=\"https:\/\/kangmaiaxle.com\/wp-content\/uploads\/2026\/04\/02-1.jpg 470w, https:\/\/kangmaiaxle.com\/wp-content\/uploads\/2026\/04\/02-1-300x184.jpg 300w, https:\/\/kangmaiaxle.com\/wp-content\/uploads\/2026\/04\/02-1-18x12.jpg 18w\" sizes=\"(max-width: 470px) 100vw, 470px\" \/><\/figure><div class=\"elementor-image-box-content\"><h3 class=\"elementor-image-box-title\">Maquinaria de ingenier\u00eda<\/h3><\/div><\/div>\t\t\t\t<\/div>\n\t\t\t\t<\/div>\n\t\t\t\t<div class=\"elementor-element elementor-element-008b335 elementor-position-top elementor-widget elementor-widget-image-box\" data-id=\"008b335\" data-element_type=\"widget\" data-e-type=\"widget\" data-widget_type=\"image-box.default\">\n\t\t\t\t<div class=\"elementor-widget-container\">\n\t\t\t\t\t<div class=\"elementor-image-box-wrapper\"><figure class=\"elementor-image-box-img\"><img alt=\"\" decoding=\"async\" width=\"470\" height=\"289\" src=\"https:\/\/kangmaiaxle.com\/wp-content\/uploads\/2026\/04\/03-1.jpg\" class=\"attachment-full size-full wp-image-9073\" srcset=\"https:\/\/kangmaiaxle.com\/wp-content\/uploads\/2026\/04\/03-1.jpg 470w, https:\/\/kangmaiaxle.com\/wp-content\/uploads\/2026\/04\/03-1-300x184.jpg 300w, https:\/\/kangmaiaxle.com\/wp-content\/uploads\/2026\/04\/03-1-18x12.jpg 18w\" sizes=\"(max-width: 470px) 100vw, 470px\" \/><\/figure><div class=\"elementor-image-box-content\"><h3 class=\"elementor-image-box-title\">Maquinaria agr\u00edcola<\/h3><\/div><\/div>\t\t\t\t<\/div>\n\t\t\t\t<\/div>\n\t\t\t\t<div class=\"elementor-element elementor-element-e584f74 elementor-position-top elementor-widget elementor-widget-image-box\" data-id=\"e584f74\" data-element_type=\"widget\" data-e-type=\"widget\" data-widget_type=\"image-box.default\">\n\t\t\t\t<div class=\"elementor-widget-container\">\n\t\t\t\t\t<div class=\"elementor-image-box-wrapper\"><figure class=\"elementor-image-box-img\"><img alt=\"\" loading=\"lazy\" decoding=\"async\" width=\"470\" height=\"289\" src=\"https:\/\/kangmaiaxle.com\/wp-content\/uploads\/2026\/04\/04-1.jpg\" class=\"attachment-full size-full wp-image-9077\" srcset=\"https:\/\/kangmaiaxle.com\/wp-content\/uploads\/2026\/04\/04-1.jpg 470w, https:\/\/kangmaiaxle.com\/wp-content\/uploads\/2026\/04\/04-1-300x184.jpg 300w, https:\/\/kangmaiaxle.com\/wp-content\/uploads\/2026\/04\/04-1-18x12.jpg 18w\" sizes=\"(max-width: 470px) 100vw, 470px\" \/><\/figure><div class=\"elementor-image-box-content\"><h3 class=\"elementor-image-box-title\">Sociedad instrumental<\/h3><\/div><\/div>\t\t\t\t<\/div>\n\t\t\t\t<\/div>\n\t\t\t\t<div class=\"elementor-element elementor-element-b0001a0 elementor-position-top elementor-widget elementor-widget-image-box\" data-id=\"b0001a0\" data-element_type=\"widget\" data-e-type=\"widget\" data-widget_type=\"image-box.default\">\n\t\t\t\t<div class=\"elementor-widget-container\">\n\t\t\t\t\t<div class=\"elementor-image-box-wrapper\"><figure class=\"elementor-image-box-img\"><img alt=\"\" loading=\"lazy\" decoding=\"async\" width=\"470\" height=\"289\" src=\"https:\/\/kangmaiaxle.com\/wp-content\/uploads\/2026\/04\/05-1.jpg\" class=\"attachment-full size-full wp-image-9078\" srcset=\"https:\/\/kangmaiaxle.com\/wp-content\/uploads\/2026\/04\/05-1.jpg 470w, https:\/\/kangmaiaxle.com\/wp-content\/uploads\/2026\/04\/05-1-300x184.jpg 300w, https:\/\/kangmaiaxle.com\/wp-content\/uploads\/2026\/04\/05-1-18x12.jpg 18w\" sizes=\"(max-width: 470px) 100vw, 470px\" \/><\/figure><div class=\"elementor-image-box-content\"><h3 class=\"elementor-image-box-title\">Veh\u00edculo de nueva energ\u00eda<\/h3><\/div><\/div>\t\t\t\t<\/div>\n\t\t\t\t<\/div>\n\t\t\t\t<div class=\"elementor-element elementor-element-a4786de elementor-position-top elementor-widget elementor-widget-image-box\" data-id=\"a4786de\" data-element_type=\"widget\" data-e-type=\"widget\" data-widget_type=\"image-box.default\">\n\t\t\t\t<div class=\"elementor-widget-container\">\n\t\t\t\t\t<div class=\"elementor-image-box-wrapper\"><figure class=\"elementor-image-box-img\"><img alt=\"\" loading=\"lazy\" decoding=\"async\" width=\"470\" height=\"289\" src=\"https:\/\/kangmaiaxle.com\/wp-content\/uploads\/2026\/04\/06-1.jpg\" class=\"attachment-full size-full wp-image-9079\" srcset=\"https:\/\/kangmaiaxle.com\/wp-content\/uploads\/2026\/04\/06-1.jpg 470w, https:\/\/kangmaiaxle.com\/wp-content\/uploads\/2026\/04\/06-1-300x184.jpg 300w, https:\/\/kangmaiaxle.com\/wp-content\/uploads\/2026\/04\/06-1-18x12.jpg 18w\" sizes=\"(max-width: 470px) 100vw, 470px\" \/><\/figure><div class=\"elementor-image-box-content\"><h3 class=\"elementor-image-box-title\">Saneamiento<\/h3><\/div><\/div>\t\t\t\t<\/div>\n\t\t\t\t<\/div>\n\t\t\t\t<\/div>\n\t\t\t\t\t<\/div>\n\t\t\t\t<\/div>\n\t\t<div class=\"elementor-element elementor-element-db6ae63 e-flex e-con-boxed e-con e-parent\" data-id=\"db6ae63\" data-element_type=\"container\" data-e-type=\"container\" data-settings=\"{&quot;background_background&quot;:&quot;classic&quot;}\">\n\t\t\t\t\t<div class=\"e-con-inner\">\n\t\t<div class=\"elementor-element elementor-element-49f6b49 e-grid e-con-full e-con e-child\" data-id=\"49f6b49\" data-element_type=\"container\" data-e-type=\"container\">\n\t\t<div class=\"elementor-element elementor-element-1f98320 e-con-full e-flex e-con e-child\" data-id=\"1f98320\" data-element_type=\"container\" data-e-type=\"container\">\n\t\t\t\t<div class=\"elementor-element elementor-element-e73263b elementor-position-left elementor-vertical-align-middle elementor-vertical-align-top elementor-widget elementor-widget-image-box\" data-id=\"e73263b\" data-element_type=\"widget\" data-e-type=\"widget\" data-widget_type=\"image-box.default\">\n\t\t\t\t<div class=\"elementor-widget-container\">\n\t\t\t\t\t<div class=\"elementor-image-box-wrapper\"><figure class=\"elementor-image-box-img\"><img alt=\"\" loading=\"lazy\" decoding=\"async\" width=\"159\" height=\"85\" src=\"https:\/\/kangmaiaxle.com\/wp-content\/uploads\/2026\/04\/dex__about-us-icon.png\" class=\"attachment-full size-full wp-image-9087\" srcset=\"https:\/\/kangmaiaxle.com\/wp-content\/uploads\/2026\/04\/dex__about-us-icon.png 159w, https:\/\/kangmaiaxle.com\/wp-content\/uploads\/2026\/04\/dex__about-us-icon-18x10.png 18w\" sizes=\"(max-width: 159px) 100vw, 159px\" \/><\/figure><div class=\"elementor-image-box-content\"><h3 class=\"elementor-image-box-title\">Qui\u00e9nes somos<\/h3><\/div><\/div>\t\t\t\t<\/div>\n\t\t\t\t<\/div>\n\t\t\t\t<\/div>\n\t\t\t\t<div class=\"elementor-element elementor-element-58c6d01 elementor-widget elementor-widget-text-editor\" data-id=\"58c6d01\" data-element_type=\"widget\" data-e-type=\"widget\" data-widget_type=\"text-editor.default\">\n\t\t\t\t<div class=\"elementor-widget-container\">\n\t\t\t\t\t\t\t\t\t<p>La empresa se centra en el desarrollo y la promoci\u00f3n de ejes de alta tecnolog\u00eda para veh\u00edculos, abarcando una serie de ejes para remolques pesados y medianos.<\/p>\t\t\t\t\t\t\t\t<\/div>\n\t\t\t\t<\/div>\n\t\t\t\t<div class=\"elementor-element elementor-element-4b0a890 elementor-align-center elementor-widget elementor-widget-button\" data-id=\"4b0a890\" data-element_type=\"widget\" data-e-type=\"widget\" data-widget_type=\"button.default\">\n\t\t\t\t<div class=\"elementor-widget-container\">\n\t\t\t\t\t\t\t\t\t<div class=\"elementor-button-wrapper\">\n\t\t\t\t\t<a class=\"elementor-button elementor-button-link elementor-size-sm\" href=\"\/contact\/\">\n\t\t\t\t\t\t<span class=\"elementor-button-content-wrapper\">\n\t\t\t\t\t\t\t\t\t<span class=\"elementor-button-text\">Explorar ahora<\/span>\n\t\t\t\t\t<\/span>\n\t\t\t\t\t<\/a>\n\t\t\t\t<\/div>\n\t\t\t\t\t\t\t\t<\/div>\n\t\t\t\t<\/div>\n\t\t\t\t<\/div>\n\t\t\t\t\t<\/div>\n\t\t\t\t<\/div>\n\t\t<div class=\"elementor-element elementor-element-a230b70 e-con-full e-flex e-con e-parent\" data-id=\"a230b70\" data-element_type=\"container\" data-e-type=\"container\" data-settings=\"{&quot;background_background&quot;:&quot;classic&quot;}\">\n\t\t<div class=\"elementor-element elementor-element-ecb6d6e e-flex e-con-boxed e-con e-child\" data-id=\"ecb6d6e\" data-element_type=\"container\" data-e-type=\"container\">\n\t\t\t\t\t<div class=\"e-con-inner\">\n\t\t\t\t<div class=\"elementor-element elementor-element-4bd2762 elementor-widget elementor-widget-heading\" data-id=\"4bd2762\" data-element_type=\"widget\" data-e-type=\"widget\" data-widget_type=\"heading.default\">\n\t\t\t\t<div class=\"elementor-widget-container\">\n\t\t\t\t\t<h2 class=\"elementor-heading-title elementor-size-default\">Servicio<\/h2>\t\t\t\t<\/div>\n\t\t\t\t<\/div>\n\t\t<div class=\"elementor-element elementor-element-9bbbd62 e-grid e-con-full e-con e-child\" data-id=\"9bbbd62\" data-element_type=\"container\" data-e-type=\"container\">\n\t\t<div class=\"elementor-element elementor-element-e2189dc e-con-full e-flex e-con e-child\" data-id=\"e2189dc\" data-element_type=\"container\" data-e-type=\"container\" data-settings=\"{&quot;background_background&quot;:&quot;classic&quot;}\">\n\t\t\t\t<div class=\"elementor-element elementor-element-dfa01da elementor-position-top elementor-widget elementor-widget-image-box\" data-id=\"dfa01da\" data-element_type=\"widget\" data-e-type=\"widget\" data-widget_type=\"image-box.default\">\n\t\t\t\t<div class=\"elementor-widget-container\">\n\t\t\t\t\t<div class=\"elementor-image-box-wrapper\"><figure class=\"elementor-image-box-img\"><img alt=\"\" loading=\"lazy\" decoding=\"async\" width=\"94\" height=\"70\" src=\"https:\/\/kangmaiaxle.com\/wp-content\/uploads\/2026\/04\/1-2.png\" class=\"attachment-full size-full wp-image-9111\" srcset=\"https:\/\/kangmaiaxle.com\/wp-content\/uploads\/2026\/04\/1-2.png 94w, https:\/\/kangmaiaxle.com\/wp-content\/uploads\/2026\/04\/1-2-16x12.png 16w\" sizes=\"(max-width: 94px) 100vw, 94px\" \/><\/figure><div class=\"elementor-image-box-content\"><h3 class=\"elementor-image-box-title\">Servicio de producci\u00f3n a medida<\/h3><p class=\"elementor-image-box-description\">Especializada en la fabricaci\u00f3n de ejes con freno de disco\/tambor de tipo europeo\/americano, incluidos ejes ligeros, especiales y otros modelos de gama alta, con una producci\u00f3n anual de 150.000 unidades, que cubre toda la gama de necesidades de ejes para remolques ligeros, medianos y pesados.<\/p><\/div><\/div>\t\t\t\t<\/div>\n\t\t\t\t<\/div>\n\t\t\t\t<\/div>\n\t\t<div class=\"elementor-element elementor-element-c2885a1 e-con-full e-flex e-con e-child\" data-id=\"c2885a1\" data-element_type=\"container\" data-e-type=\"container\" data-settings=\"{&quot;background_background&quot;:&quot;classic&quot;}\">\n\t\t\t\t<div class=\"elementor-element elementor-element-cb9c369 elementor-position-top elementor-widget elementor-widget-image-box\" data-id=\"cb9c369\" data-element_type=\"widget\" data-e-type=\"widget\" data-widget_type=\"image-box.default\">\n\t\t\t\t<div class=\"elementor-widget-container\">\n\t\t\t\t\t<div class=\"elementor-image-box-wrapper\"><figure class=\"elementor-image-box-img\"><img alt=\"\" loading=\"lazy\" decoding=\"async\" width=\"94\" height=\"70\" src=\"https:\/\/kangmaiaxle.com\/wp-content\/uploads\/2026\/04\/2-2.png\" class=\"attachment-full size-full wp-image-9127\" srcset=\"https:\/\/kangmaiaxle.com\/wp-content\/uploads\/2026\/04\/2-2.png 94w, https:\/\/kangmaiaxle.com\/wp-content\/uploads\/2026\/04\/2-2-16x12.png 16w\" sizes=\"(max-width: 94px) 100vw, 94px\" \/><\/figure><div class=\"elementor-image-box-content\"><h3 class=\"elementor-image-box-title\">Servicio de I+D y fabricaci\u00f3n<\/h3><p class=\"elementor-image-box-description\">I + D y producci\u00f3n de toda la gama de accesorios, incluyendo suspensiones neum\u00e1ticas, suspensiones mec\u00e1nicas, bogies de remolque y barras de acoplamiento, con una producci\u00f3n anual de 100.000 juegos de suspensi\u00f3n y 300.000 juegos de barras de acoplamiento, y el lanzamiento de productos innovadores tales como ejes de freno de disco sin mantenimiento como apoyo.<\/p><\/div><\/div>\t\t\t\t<\/div>\n\t\t\t\t<\/div>\n\t\t\t\t<\/div>\n\t\t<div class=\"elementor-element elementor-element-d3d5f61 e-con-full e-flex e-con e-child\" data-id=\"d3d5f61\" data-element_type=\"container\" data-e-type=\"container\" data-settings=\"{&quot;background_background&quot;:&quot;classic&quot;}\">\n\t\t\t\t<div class=\"elementor-element elementor-element-2bf1c7e elementor-position-top elementor-widget elementor-widget-image-box\" data-id=\"2bf1c7e\" data-element_type=\"widget\" data-e-type=\"widget\" data-widget_type=\"image-box.default\">\n\t\t\t\t<div class=\"elementor-widget-container\">\n\t\t\t\t\t<div class=\"elementor-image-box-wrapper\"><figure class=\"elementor-image-box-img\"><img alt=\"\" loading=\"lazy\" decoding=\"async\" width=\"94\" height=\"70\" src=\"https:\/\/kangmaiaxle.com\/wp-content\/uploads\/2026\/04\/3-1.png\" class=\"attachment-full size-full wp-image-9128\" srcset=\"https:\/\/kangmaiaxle.com\/wp-content\/uploads\/2026\/04\/3-1.png 94w, https:\/\/kangmaiaxle.com\/wp-content\/uploads\/2026\/04\/3-1-16x12.png 16w\" sizes=\"(max-width: 94px) 100vw, 94px\" \/><\/figure><div class=\"elementor-image-box-content\"><h3 class=\"elementor-image-box-title\">Servicio de inspecci\u00f3n y control de calidad<\/h3><p class=\"elementor-image-box-description\">Equipado con l\u00edneas de pulverizaci\u00f3n profesionales, l\u00edneas de montaje de ejes y equipos de pruebas de precisi\u00f3n, adhiri\u00e9ndose al concepto de \"producci\u00f3n de precisi\u00f3n, calidad ante todo\", y proporcionando una garant\u00eda de inspecci\u00f3n precisa de todo el proceso para ejes y suspensiones autoproducidos y personalizados.<\/p><\/div><\/div>\t\t\t\t<\/div>\n\t\t\t\t<\/div>\n\t\t\t\t<\/div>\n\t\t\t\t<\/div>\n\t\t\t\t\t<\/div>\n\t\t\t\t<\/div>\n\t\t\t\t<\/div>\n\t\t\t\t<\/div>","protected":false},"excerpt":{"rendered":"<p>MERCADOS SERVIDOS Shandong Kangmai Axle se adhiere a \"Producci\u00f3n precisa, b\u00fasqueda de la excelencia, la calidad es lo primero\", comprometida con productos de primera calidad y servicios profesionales. SHANDONG KANGMAI AXLE CO., LTD es un fabricante profesional de ejes de tipo europeo, ejes de tipo americano, ejes de freno de disco\/tambor, suspensiones neum\u00e1ticas, suspensiones mec\u00e1nicas, bogies, accesorios y todas las piezas para semirremolques con la m\u00e1xima calidad. La [...]<\/p>","protected":false},"author":1,"featured_media":0,"parent":0,"menu_order":0,"comment_status":"closed","ping_status":"closed","template":"","meta":{"_seopress_robots_primary_cat":"","_seopress_titles_title":"","_seopress_titles_desc":"","_seopress_robots_index":"","site-sidebar-layout":"no-sidebar","site-content-layout":"page-builder","ast-site-content-layout":"full-width-container","site-content-style":"default","site-sidebar-style":"default","ast-global-header-display":"","ast-banner-title-visibility":"","ast-main-header-display":"","ast-hfb-above-header-display":"","ast-hfb-below-header-display":"","ast-hfb-mobile-header-display":"","site-post-title":"disabled","ast-breadcrumbs-content":"","ast-featured-img":"disabled","footer-sml-layout":"","ast-disable-related-posts":"","theme-transparent-header-meta":"","adv-header-id-meta":"","stick-header-meta":"","header-above-stick-meta":"","header-main-stick-meta":"","header-below-stick-meta":"","astra-migrate-meta-layouts":"set","ast-page-background-enabled":"default","ast-page-background-meta":{"desktop":{"background-color":"var(--ast-global-color-4)","background-image":"","background-repeat":"repeat","background-position":"center center","background-size":"auto","background-attachment":"scroll","background-type":"","background-media":"","overlay-type":"","overlay-color":"","overlay-opacity":"","overlay-gradient":""},"tablet":{"background-color":"","background-image":"","background-repeat":"repeat","background-position":"center center","background-size":"auto","background-attachment":"scroll","background-type":"","background-media":"","overlay-type":"","overlay-color":"","overlay-opacity":"","overlay-gradient":""},"mobile":{"background-color":"","background-image":"","background-repeat":"repeat","background-position":"center center","background-size":"auto","background-attachment":"scroll","background-type":"","background-media":"","overlay-type":"","overlay-color":"","overlay-opacity":"","overlay-gradient":""}},"ast-content-background-meta":{"desktop":{"background-color":"var(--ast-global-color-5)","background-image":"","background-repeat":"repeat","background-position":"center center","background-size":"auto","background-attachment":"scroll","background-type":"","background-media":"","overlay-type":"","overlay-color":"","overlay-opacity":"","overlay-gradient":""},"tablet":{"background-color":"var(--ast-global-color-5)","background-image":"","background-repeat":"repeat","background-position":"center center","background-size":"auto","background-attachment":"scroll","background-type":"","background-media":"","overlay-type":"","overlay-color":"","overlay-opacity":"","overlay-gradient":""},"mobile":{"background-color":"var(--ast-global-color-5)","background-image":"","background-repeat":"repeat","background-position":"center center","background-size":"auto","background-attachment":"scroll","background-type":"","background-media":"","overlay-type":"","overlay-color":"","overlay-opacity":"","overlay-gradient":""}},"footnotes":""},"class_list":["post-7355","page","type-page","status-publish","hentry"],"_links":{"self":[{"href":"https:\/\/kangmaiaxle.com\/es\/wp-json\/wp\/v2\/pages\/7355","targetHints":{"allow":["GET"]}}],"collection":[{"href":"https:\/\/kangmaiaxle.com\/es\/wp-json\/wp\/v2\/pages"}],"about":[{"href":"https:\/\/kangmaiaxle.com\/es\/wp-json\/wp\/v2\/types\/page"}],"author":[{"embeddable":true,"href":"https:\/\/kangmaiaxle.com\/es\/wp-json\/wp\/v2\/users\/1"}],"replies":[{"embeddable":true,"href":"https:\/\/kangmaiaxle.com\/es\/wp-json\/wp\/v2\/comments?post=7355"}],"version-history":[{"count":113,"href":"https:\/\/kangmaiaxle.com\/es\/wp-json\/wp\/v2\/pages\/7355\/revisions"}],"predecessor-version":[{"id":9798,"href":"https:\/\/kangmaiaxle.com\/es\/wp-json\/wp\/v2\/pages\/7355\/revisions\/9798"}],"wp:attachment":[{"href":"https:\/\/kangmaiaxle.com\/es\/wp-json\/wp\/v2\/media?parent=7355"}],"curies":[{"name":"wp","href":"https:\/\/api.w.org\/{rel}","templated":true}]}}